{"id":181,"date":"2014-07-16T11:48:49","date_gmt":"2014-07-16T14:48:49","guid":{"rendered":"https:\/\/centros.uepb.edu.br\/ccj\/?page_id=181"},"modified":"2025-02-12T11:13:08","modified_gmt":"2025-02-12T14:13:08","slug":"documentos","status":"publish","type":"page","link":"https:\/\/centros.uepb.edu.br\/ccj\/documentos\/","title":{"rendered":"Arquivos para Download"},"content":{"rendered":"<div class=\"wpb-content-wrapper\"><p>[vc_row gap=&#8221;30&#8243;][vc_column width=&#8221;1\/2&#8243;][vc_column_text css=&#8221;&#8221;]<strong>Monitoria<\/strong><\/p>\n<ul>\n<li><a href=\"https:\/\/uepb.edu.br\/prograd\/estagio-e-programas\/monitoria\/\">Documentos Monitoria &#8211; atualizado<\/a><\/li>\n<li><a href=\"https:\/\/centros.uepb.edu.br\/ccj\/download\/edital-monitoria-2025-1\/\">Vagas Monitoria 2025.1<\/a><\/li>\n<li><a href=\"https:\/\/centros.uepb.edu.br\/ccj\/download\/orientacao-prograd\/\">Orienta\u00e7\u00e3o &#8211; PROGRAD<\/a><\/li>\n<\/ul>\n<p><strong>Projetos pedag\u00f3gicos em vigor<\/strong><\/p>\n<ul>\n<li><a href=\"https:\/\/centros.uepb.edu.br\/ccj\/download\/ppp-2012\/?wpdmdl=1694&amp;masterkey\">Projeto pedag\u00f3gico de 2012<\/a><\/li>\n<li><a href=\"https:\/\/sistemas.uepb.edu.br\/carelatorios\/RelatorioPPC?id=68&amp;rl=RelatorioPPC\">Projeto pedag\u00f3gico de 2016<\/a><\/li>\n<\/ul>\n<p><strong>Est\u00e1gio N\u00e3o Obrigat\u00f3rio (documentos obrigat\u00f3rios)<\/strong><\/p>\n<ul>\n<li><a href=\"https:\/\/uepb.edu.br\/prograd\/estagio-e-programas\/estagio-supervisionado\/\">Plano de Est\u00e1gio<\/a><\/li>\n<li>Declara\u00e7\u00e3o de Aceite<\/li>\n<li>Termo de compromisso<\/li>\n<\/ul>\n<p>[\/vc_column_text][\/vc_column][vc_column width=&#8221;1\/2&#8243;][vc_column_text css=&#8221;&#8221;]<\/p>\n<ul>\n<li><a href=\"https:\/\/docs.google.com\/document\/d\/1ni1BdtuiQEm5MnpHXgiMUP9B0NhVUsyL\/edit?usp=sharing&amp;ouid=114949573946106789812&amp;rtpof=true&amp;sd=true\">Requerimento para trancamento de per\u00edodo\/disciplina<\/a><\/li>\n<li><a href=\"https:\/\/centros.uepb.edu.br\/ccj\/download\/formulario-reposicao-de-aulas\/?wpdmdl=1919&amp;masterkey=TrZXN5DAPsTyPyd102aSnALkhdRNRL_5E_6sxVOHvNDOqO3LW8wfesNw9woz-SsenCxfP6ivEZsGm2gnFTViNHdD0IL1puaGboNi3vJfKhQ\">Formul\u00e1rio Reposi\u00e7\u00e3o de aulas<\/a><\/li>\n<li><a href=\"https:\/\/uepb.edu.br\/prograd\/calendario-academico\/\" target=\"_blank\" rel=\"noopener\">Calend\u00e1rio Acad\u00eamico UEPB<\/a><\/li>\n<\/ul>\n<p><strong>Links \u00fateis<\/strong><\/p>\n<ul>\n<li><a href=\"https:\/\/uepb.edu.br\/prograd\/estagio-e-programas\/estagio-supervisionado\/\" target=\"_blank\" rel=\"noopener\">Informa\u00e7\u00f5es relativas aos\u00a0EST\u00c1GIOS<\/a> (obrigat\u00f3rio e n\u00e3o obrigat\u00f3rio)<\/li>\n<li><a href=\"https:\/\/uepb.edu.br\/prograd\/estagio-e-programas\/monitoria\/\" target=\"_blank\" rel=\"noopener\">Informa\u00e7\u00f5es relativas a MONITORIA<\/a><\/li>\n<li>Pr\u00f3-Reitoria de P\u00f3s-Gradua\u00e7\u00e3o e Pesquisa \u2013 (<a href=\"https:\/\/proreitorias.uepb.edu.br\/prpgp\/\" target=\"_blank\" rel=\"noopener\">PRPGP<\/a>) \u2013 PIBIC\/PIVIC .<\/li>\n<li>Pr\u00f3-Reitoria de EXTENS\u00c3O (<a href=\"https:\/\/uepb.edu.br\/proex\/\" target=\"_blank\" rel=\"noopener\">PROEX<\/a>)<\/li>\n<li>Pr\u00f3-Reitoria Estudantil (<a href=\"https:\/\/uepb.edu.br\/proest\/\" target=\"_blank\" rel=\"noopener\">PROEST<\/a>)<\/li>\n<li>Pr\u00f3-Reitoria de Gradua\u00e7\u00e3o (<a href=\"https:\/\/uepb.edu.br\/prograd\/\" target=\"_blank\" rel=\"noopener\">PROGRAD<\/a>)<\/li>\n<li><a href=\"https:\/\/uepb.edu.br\/prograd\/ensino\/regimento-dos-cursos-de-graduacao-da-uepb\/\" target=\"_blank\" rel=\"noopener\">Procedimentos acad\u00eamico e formul\u00e1rios<\/a><\/li>\n<\/ul>\n<p>[\/vc_column_text][\/vc_column][\/vc_row]<\/p>\n<\/div>","protected":false},"excerpt":{"rendered":"<p>[vc_row gap=&#8221;30&#8243;][vc_column width=&#8221;1\/2&#8243;][vc_column_text css=&#8221;&#8221;]Monitoria Documentos Monitoria &#8211; atualizado Vagas Monitoria 2025.1 Orienta\u00e7\u00e3o &#8211; PROGRAD Projetos pedag\u00f3gicos em vigor Projeto pedag\u00f3gico de 2012 Projeto pedag\u00f3gico de 2016 Est\u00e1gio N\u00e3o Obrigat\u00f3rio (documentos obrigat\u00f3rios) Plano de Est\u00e1gio Declara\u00e7\u00e3o de Aceite Termo de compromisso [\/vc_column_text][\/vc_column][vc_column width=&#8221;1\/2&#8243;][vc_column_text css=&#8221;&#8221;] Requerimento para trancamento de per\u00edodo\/disciplina Formul\u00e1rio Reposi\u00e7\u00e3o de aulas Calend\u00e1rio Acad\u00eamico UEPB <a class=\"leiamais\" href=\"https:\/\/centros.uepb.edu.br\/ccj\/documentos\/\">Leia Mais&#8230;<\/a><\/p>\n","protected":false},"author":26,"featured_media":0,"parent":0,"menu_order":16,"comment_status":"open","ping_status":"open","template":"","meta":{"jetpack_post_was_ever_published":false,"footnotes":""},"class_list":["post-181","page","type-page","status-publish","hentry"],"jetpack_sharing_enabled":true,"jetpack_shortlink":"https:\/\/wp.me\/P7WTDo-2V","_links":{"self":[{"href":"https:\/\/centros.uepb.edu.br\/ccj\/wp-json\/wp\/v2\/pages\/181","targetHints":{"allow":["GET"]}}],"collection":[{"href":"https:\/\/centros.uepb.edu.br\/ccj\/wp-json\/wp\/v2\/pages"}],"about":[{"href":"https:\/\/centros.uepb.edu.br\/ccj\/wp-json\/wp\/v2\/types\/page"}],"author":[{"embeddable":true,"href":"https:\/\/centros.uepb.edu.br\/ccj\/wp-json\/wp\/v2\/users\/26"}],"replies":[{"embeddable":true,"href":"https:\/\/centros.uepb.edu.br\/ccj\/wp-json\/wp\/v2\/comments?post=181"}],"version-history":[{"count":0,"href":"https:\/\/centros.uepb.edu.br\/ccj\/wp-json\/wp\/v2\/pages\/181\/revisions"}],"wp:attachment":[{"href":"https:\/\/centros.uepb.edu.br\/ccj\/wp-json\/wp\/v2\/media?parent=181"}],"curies":[{"name":"wp","href":"https:\/\/api.w.org\/{rel}","templated":true}]}}