{"id":809,"date":"2012-09-27T10:34:16","date_gmt":"2012-09-27T13:34:16","guid":{"rendered":"http:\/\/centros.ascom.uepb.edu.br\/cche\/?page_id=809"},"modified":"2025-04-10T21:08:02","modified_gmt":"2025-04-11T00:08:02","slug":"estagio","status":"publish","type":"page","link":"https:\/\/centros.uepb.edu.br\/cche\/extensao\/estagio\/","title":{"rendered":"Est\u00e1gio"},"content":{"rendered":"<div class=\"wpb-content-wrapper\"><p>[vc_row][vc_column][vc_row_inner gap=&#8221;30&#8243;][vc_column_inner width=&#8221;1\/2&#8243;][vc_column_text]Est\u00e1gio \u00e9 definido pela\u00a0<a href=\"http:\/\/www.planalto.gov.br\/ccivil_03\/_ato2007-2010\/2008\/lei\/l11788.htm\" target=\"_blank\" rel=\"noopener\">Lei n\u00ba. 11.788, de 25 de setembro de 2008<\/a>, como o ato educativo escolar supervisionado,desenvolvido no ambiente de trabalho,que visa a prepara\u00e7\u00e3o para o trabalho produtivo do estudante.O est\u00e1gio integra o itiner\u00e1rio formativo do educando e faz parte do projeto pedag\u00f3gico do curso.<\/p>\n<p>O est\u00e1gio pode ser\u00a0<strong>obrigat\u00f3rio<\/strong>\u00a0ou\u00a0<strong>n\u00e3o obrigat\u00f3rio:<\/strong>[\/vc_column_text][\/vc_column_inner][vc_column_inner width=&#8221;1\/2&#8243;][vc_text_separator title=&#8221;COORDENADORES&#8221; title_align=&#8221;separator_align_left&#8221; css=&#8221;&#8221;][vc_column_text css=&#8221;&#8221;]<strong>Curso de Letras<\/strong><\/p>\n<p><b><a href=\"http:\/\/buscatextual.cnpq.br\/buscatextual\/visualizacv.do?id=K4437083U3\" target=\"_blank\" rel=\"noopener\">Me. BRUNO ALVES PEREIRA<\/a><\/b><br \/>\n<b>E-mail:<\/b> brunoalvespereira@servidor.uepb.edu.br<\/p>\n<p><strong>Curso de Ci\u00eancias Cont\u00e1beis\u00a0<\/strong><\/p>\n<p><b><a href=\"http:\/\/buscatextual.cnpq.br\/buscatextual\/visualizacv.do?id=K4437083U3\" target=\"_blank\" rel=\"noopener\">Me. ALLISSON SILVA DOS SANTOS<\/a><\/b><br \/>\n<b>E-mail:<\/b> allisson.santos@servidor.uepb.edu.br[\/vc_column_text][\/vc_column_inner][\/vc_row_inner][vc_row_inner gap=&#8221;30&#8243;][vc_column_inner width=&#8221;1\/2&#8243;][vc_text_separator title=&#8221;Est\u00e1gio Obrigat\u00f3rio&#8221; title_align=&#8221;separator_align_left&#8221;][vc_column_text]<strong>Est\u00e1gio Obrigat\u00f3rio<\/strong>\u00a0\u00e9 aquele definido como tal no projeto do curso, cuja carga hor\u00e1ria \u00e9 requisito para aprova\u00e7\u00e3o e obten\u00e7\u00e3o do diploma.<\/p>\n<p>No caso de estagio obrigat\u00f3rio a concedente n\u00e3o \u00e9 obrigada a arcar com pagamento de benef\u00edcios. Neste caso a UEPB arca com as despesas de Seguro[\/vc_column_text][\/vc_column_inner][vc_column_inner width=&#8221;1\/2&#8243;][vc_text_separator title=&#8221;Est\u00e1gio n\u00e3o obrigat\u00f3rio&#8221; title_align=&#8221;separator_align_left&#8221;][vc_column_text]<strong>Est\u00e1gio n\u00e3o obrigat\u00f3rio<\/strong>\u00a0ou eletivo \u00e9 aquele desenvolvido como atividade opcional, acrescida \u00e0 carga hor\u00e1ria regular e obrigat\u00f3ria.<\/p>\n<p>A concedente \u00e9 obrigada a pagar benef\u00edcios(bolsa,aux\u00edlio transporte,seguro contra acidentes de trabalho e f\u00e9rias proporcionais remuneradas ao estagi\u00e1rio.[\/vc_column_text][vc_btn title=&#8221;Mais informa\u00e7\u00f5es&#8221; style=&#8221;classic&#8221; shape=&#8221;square&#8221; color=&#8221;primary&#8221; link=&#8221;url:https%3A%2F%2Fuepb.edu.br%2Fprograd%2Festagio-e-programas%2Festagio-supervisionado%2F|target:_blank&#8221;][\/vc_column_inner][\/vc_row_inner][\/vc_column][\/vc_row]<\/p>\n<\/div>","protected":false},"excerpt":{"rendered":"<p>[vc_row][vc_column][vc_row_inner gap=&#8221;30&#8243;][vc_column_inner width=&#8221;1\/2&#8243;][vc_column_text]Est\u00e1gio \u00e9 definido pela\u00a0Lei n\u00ba. 11.788, de 25 de setembro de 2008, como o ato educativo escolar supervisionado,desenvolvido no ambiente de trabalho,que visa a prepara\u00e7\u00e3o para o trabalho produtivo do estudante.O est\u00e1gio integra o itiner\u00e1rio formativo do educando e faz parte do projeto pedag\u00f3gico do curso. O est\u00e1gio pode ser\u00a0obrigat\u00f3rio\u00a0ou\u00a0n\u00e3o obrigat\u00f3rio:[\/vc_column_text][\/vc_column_inner][vc_column_inner width=&#8221;1\/2&#8243;][vc_text_separator title=&#8221;COORDENADORES&#8221; <a class=\"leiamais\" href=\"https:\/\/centros.uepb.edu.br\/cche\/extensao\/estagio\/\">Leia Mais&#8230;<\/a><\/p>\n","protected":false},"author":58,"featured_media":0,"parent":30,"menu_order":0,"comment_status":"open","ping_status":"closed","template":"","meta":{"jetpack_post_was_ever_published":false,"footnotes":""},"class_list":["post-809","page","type-page","status-publish","hentry"],"jetpack_sharing_enabled":true,"jetpack_shortlink":"https:\/\/wp.me\/P7WTCj-d3","_links":{"self":[{"href":"https:\/\/centros.uepb.edu.br\/cche\/wp-json\/wp\/v2\/pages\/809","targetHints":{"allow":["GET"]}}],"collection":[{"href":"https:\/\/centros.uepb.edu.br\/cche\/wp-json\/wp\/v2\/pages"}],"about":[{"href":"https:\/\/centros.uepb.edu.br\/cche\/wp-json\/wp\/v2\/types\/page"}],"author":[{"embeddable":true,"href":"https:\/\/centros.uepb.edu.br\/cche\/wp-json\/wp\/v2\/users\/58"}],"replies":[{"embeddable":true,"href":"https:\/\/centros.uepb.edu.br\/cche\/wp-json\/wp\/v2\/comments?post=809"}],"version-history":[{"count":0,"href":"https:\/\/centros.uepb.edu.br\/cche\/wp-json\/wp\/v2\/pages\/809\/revisions"}],"up":[{"embeddable":true,"href":"https:\/\/centros.uepb.edu.br\/cche\/wp-json\/wp\/v2\/pages\/30"}],"wp:attachment":[{"href":"https:\/\/centros.uepb.edu.br\/cche\/wp-json\/wp\/v2\/media?parent=809"}],"curies":[{"name":"wp","href":"https:\/\/api.w.org\/{rel}","templated":true}]}}