{"id":3138,"date":"2021-03-22T14:48:20","date_gmt":"2021-03-22T17:48:20","guid":{"rendered":"https:\/\/centros.uepb.edu.br\/cche\/?page_id=3138"},"modified":"2021-07-16T12:19:22","modified_gmt":"2021-07-16T15:19:22","slug":"eleicoes-para-coordenacoes-de-curso-e-direcao-do-cche","status":"publish","type":"page","link":"https:\/\/centros.uepb.edu.br\/cche\/eleicoes-para-coordenacoes-de-curso-e-direcao-do-cche\/","title":{"rendered":"Elei\u00e7\u00f5es para Coordena\u00e7\u00f5es  de curso e Dire\u00e7\u00e3o do CCHE &#8211; 2021"},"content":{"rendered":"<p>Nesta p\u00e1gina voc\u00ea pode consultar as informa\u00e7\u00f5es disponibilizadas pela Comiss\u00e3o Eleitoral do Centro de Ci\u00eancias Humanas e Exatas &#8211; CCHE da Universidade Estadual da Para\u00edba &#8211; UEPB, atendendo ao disposto no Art. 2\u00ba da RESOLU\u00c7\u00c3O\/UEPB\/CONSUNI\/0342\/2020, que autoriza a realiza\u00e7\u00e3o de elei\u00e7\u00f5es online para cargos de Diretor(a) de Centro e Escolas T\u00e9cnicas, Chefe de Departamento, Coordenador(a) de Curso, com seus respectivos adjuntos, e demais cargos eletivos correlatos.<\/p>\n<p><strong>Clique nos respectivos links para mais detalhes:<\/strong><\/p>\n<p>16\/07\/2021 &#8211;\u00a0<a href=\"https:\/\/centros.uepb.edu.br\/cche\/comissao-eleitoral-divulga-resultado-final-eleicoes-online-para-escolha-de-coordenador-e-coordenador-adjunto-do-curso-de-ciencias-contabeis\/\">https:\/\/centros.uepb.edu.br\/cche\/comissao-eleitoral-divulga-resultado-final-eleicoes-online-para-escolha-de-coordenador-e-coordenador-adjunto-do-curso-de-ciencias-contabeis\/<\/a><\/p>\n<p>31\/05\/2021 &#8211; <a href=\"https:\/\/centros.uepb.edu.br\/cche\/files\/2021\/05\/HOMOLOGACAO-Edital-002.2021-RETIFICADO-direcao-centro-e-coordenacao-ciencias-contabeis-e-representante-e-suplente-consuni.pdf.pdf\" target=\"_blank\" rel=\"noopener\">Edital 002 &#8211; <strong>Homologa\u00e7\u00e3o<\/strong> das inscri\u00e7\u00f5es para elei\u00e7\u00e3o do CCHE\u00a0 para Diretor(a) e Diretor(a) Adjunto (a) de Centro, Coordenadores (as) e Coordenadores (as) Adjuntos de Ci\u00eancias Cont\u00e1beis e Representantes Titular e Suplente do CONSUNI &#8211; Campus VI &#8211; Monteiro<\/a><\/p>\n<p>19\/05\/2021 &#8211; <a href=\"https:\/\/centros.uepb.edu.br\/cche\/files\/2021\/05\/Edital-002.2021-RETIFICADO-direcao-centro-e-coordenacao-ciencias-contabeis-e-representante-e-suplente-consuni.pdf\" target=\"_blank\" rel=\"noopener\">Edital 002 [<strong>RETIFICA\u00c7\u00c3O<\/strong>] &#8211; Edital de convoca\u00e7\u00e3o para escolha de Diretor(a) e Diretor(a) Adjunto (a) de Centro, Coordenadores (as) e Coordenadores (as) Adjuntos de Ci\u00eancias Cont\u00e1beis e Representantes Titular e Suplente do CONSUNI <\/a><\/p>\n<p>12\/05\/2021 &#8211; <a href=\"https:\/\/centros.uepb.edu.br\/cche\/files\/2021\/05\/Edital-002.2021_Para-Direcao-de-Centro-e-Ciencias-Contabeis.pdf\" target=\"_blank\" rel=\"noopener\">Edital 002 &#8211; Edital de convoca\u00e7\u00e3o para escolha de Diretor(a) e Diretor(a) Adjunto (a) de Centro, Coordenadores (as) e Coordenadores (as) Adjuntos de Ci\u00eancias Cont\u00e1beis<\/a><\/p>\n<p>22\/03\/2021 &#8211; <a href=\"https:\/\/centros.uepb.edu.br\/cche\/files\/2021\/03\/Homologacao_Inscricoes_eleicao_de_centro_CCHE-Monteiro.pdf\" target=\"_blank\" rel=\"noopener\">Edital 001 &#8211; Homologa\u00e7\u00e3o das inscri\u00e7\u00f5es para elei\u00e7\u00e3o do CCHE \u2013 Campus VI &#8211; Monteiro<\/a><\/p>\n<p>&nbsp;<\/p>\n","protected":false},"excerpt":{"rendered":"<p>Nesta p\u00e1gina voc\u00ea pode consultar as informa\u00e7\u00f5es disponibilizadas pela Comiss\u00e3o Eleitoral do Centro de Ci\u00eancias Humanas e Exatas &#8211; CCHE da Universidade Estadual da Para\u00edba &#8211; UEPB, atendendo ao disposto no Art. 2\u00ba da RESOLU\u00c7\u00c3O\/UEPB\/CONSUNI\/0342\/2020, que autoriza a realiza\u00e7\u00e3o de elei\u00e7\u00f5es online para cargos de Diretor(a) de Centro e Escolas T\u00e9cnicas, Chefe de Departamento, Coordenador(a) <a class=\"leiamais\" href=\"https:\/\/centros.uepb.edu.br\/cche\/eleicoes-para-coordenacoes-de-curso-e-direcao-do-cche\/\">Leia Mais&#8230;<\/a><\/p>\n","protected":false},"author":2,"featured_media":0,"parent":0,"menu_order":0,"comment_status":"closed","ping_status":"closed","template":"","meta":{"footnotes":""},"class_list":["post-3138","page","type-page","status-publish","hentry"],"jetpack_sharing_enabled":true,"jetpack_shortlink":"https:\/\/wp.me\/P7WTCj-OC","_links":{"self":[{"href":"https:\/\/centros.uepb.edu.br\/cche\/wp-json\/wp\/v2\/pages\/3138","targetHints":{"allow":["GET"]}}],"collection":[{"href":"https:\/\/centros.uepb.edu.br\/cche\/wp-json\/wp\/v2\/pages"}],"about":[{"href":"https:\/\/centros.uepb.edu.br\/cche\/wp-json\/wp\/v2\/types\/page"}],"author":[{"embeddable":true,"href":"https:\/\/centros.uepb.edu.br\/cche\/wp-json\/wp\/v2\/users\/2"}],"replies":[{"embeddable":true,"href":"https:\/\/centros.uepb.edu.br\/cche\/wp-json\/wp\/v2\/comments?post=3138"}],"version-history":[{"count":0,"href":"https:\/\/centros.uepb.edu.br\/cche\/wp-json\/wp\/v2\/pages\/3138\/revisions"}],"wp:attachment":[{"href":"https:\/\/centros.uepb.edu.br\/cche\/wp-json\/wp\/v2\/media?parent=3138"}],"curies":[{"name":"wp","href":"https:\/\/api.w.org\/{rel}","templated":true}]}}