{"id":30,"date":"2011-08-15T18:55:23","date_gmt":"2011-08-15T18:55:23","guid":{"rendered":"http:\/\/centros.ascom.uepb.edu.br\/cche\/?page_id=30"},"modified":"2024-03-06T18:50:19","modified_gmt":"2024-03-06T21:50:19","slug":"extensao","status":"publish","type":"page","link":"https:\/\/centros.uepb.edu.br\/cche\/extensao\/","title":{"rendered":"Extens\u00e3o"},"content":{"rendered":"<div class=\"wpb-content-wrapper\"><p>[vc_row][vc_column][vc_column_text]Coordenadora: Prof\u00aa. Ana Em\u00edlia Victor Barbosa Coutinho<br \/>\ne-mail: anaemiliabarbosa@gmail.com<\/p>\n<p>Mais informa\u00e7\u00f5es:\u00a0<a href=\"http:\/\/proreitorias.uepb.edu.br\/proex\/\">http:\/\/proreitorias.uepb.edu.br\/proex\/<\/a>[\/vc_column_text][\/vc_column][\/vc_row][vc_row css=&#8221;.vc_custom_1657044155419{margin-top: 30px !important;}&#8221;][vc_column width=&#8221;1\/2&#8243;][vc_btn title=&#8221;Monitoria&#8221; style=&#8221;classic&#8221; shape=&#8221;square&#8221; color=&#8221;default&#8221; size=&#8221;lg&#8221; align=&#8221;center&#8221; button_block=&#8221;true&#8221; link=&#8221;url:https%3A%2F%2Fcentros.uepb.edu.br%2Fcche%2Fextensao%2Fmonitoria%2F|title:Monitoria&#8221;][\/vc_column][vc_column width=&#8221;1\/2&#8243;][vc_btn title=&#8221;Est\u00e1gio&#8221; style=&#8221;classic&#8221; shape=&#8221;square&#8221; color=&#8221;default&#8221; size=&#8221;lg&#8221; align=&#8221;center&#8221; button_block=&#8221;true&#8221; link=&#8221;url:https%3A%2F%2Fcentros.uepb.edu.br%2Fcche%2Fextensao%2Festagio%2F|title:Est%C3%A1gio&#8221;][\/vc_column][\/vc_row]<\/p>\n<\/div>","protected":false},"excerpt":{"rendered":"<p>[vc_row][vc_column][vc_column_text]Coordenadora: Prof\u00aa. Ana Em\u00edlia Victor Barbosa Coutinho e-mail: anaemiliabarbosa@gmail.com Mais informa\u00e7\u00f5es:\u00a0http:\/\/proreitorias.uepb.edu.br\/proex\/[\/vc_column_text][\/vc_column][\/vc_row][vc_row css=&#8221;.vc_custom_1657044155419{margin-top: 30px !important;}&#8221;][vc_column width=&#8221;1\/2&#8243;][vc_btn title=&#8221;Monitoria&#8221; style=&#8221;classic&#8221; shape=&#8221;square&#8221; color=&#8221;default&#8221; size=&#8221;lg&#8221; align=&#8221;center&#8221; button_block=&#8221;true&#8221; link=&#8221;url:https%3A%2F%2Fcentros.uepb.edu.br%2Fcche%2Fextensao%2Fmonitoria%2F|title:Monitoria&#8221;][\/vc_column][vc_column width=&#8221;1\/2&#8243;][vc_btn title=&#8221;Est\u00e1gio&#8221; style=&#8221;classic&#8221; shape=&#8221;square&#8221; color=&#8221;default&#8221; size=&#8221;lg&#8221; align=&#8221;center&#8221; button_block=&#8221;true&#8221; link=&#8221;url:https%3A%2F%2Fcentros.uepb.edu.br%2Fcche%2Fextensao%2Festagio%2F|title:Est%C3%A1gio&#8221;][\/vc_column][\/vc_row]<\/p>\n","protected":false},"author":2,"featured_media":0,"parent":0,"menu_order":0,"comment_status":"open","ping_status":"open","template":"","meta":{"jetpack_post_was_ever_published":false,"footnotes":""},"class_list":["post-30","page","type-page","status-publish","hentry"],"jetpack_sharing_enabled":true,"jetpack_shortlink":"https:\/\/wp.me\/P7WTCj-u","_links":{"self":[{"href":"https:\/\/centros.uepb.edu.br\/cche\/wp-json\/wp\/v2\/pages\/30","targetHints":{"allow":["GET"]}}],"collection":[{"href":"https:\/\/centros.uepb.edu.br\/cche\/wp-json\/wp\/v2\/pages"}],"about":[{"href":"https:\/\/centros.uepb.edu.br\/cche\/wp-json\/wp\/v2\/types\/page"}],"author":[{"embeddable":true,"href":"https:\/\/centros.uepb.edu.br\/cche\/wp-json\/wp\/v2\/users\/2"}],"replies":[{"embeddable":true,"href":"https:\/\/centros.uepb.edu.br\/cche\/wp-json\/wp\/v2\/comments?post=30"}],"version-history":[{"count":0,"href":"https:\/\/centros.uepb.edu.br\/cche\/wp-json\/wp\/v2\/pages\/30\/revisions"}],"wp:attachment":[{"href":"https:\/\/centros.uepb.edu.br\/cche\/wp-json\/wp\/v2\/media?parent=30"}],"curies":[{"name":"wp","href":"https:\/\/api.w.org\/{rel}","templated":true}]}}