{"id":277,"date":"2011-09-23T16:28:27","date_gmt":"2011-09-23T19:28:27","guid":{"rendered":"http:\/\/centros.ascom.uepb.edu.br\/cche\/?page_id=277"},"modified":"2025-04-10T21:10:20","modified_gmt":"2025-04-11T00:10:20","slug":"monitoria","status":"publish","type":"page","link":"https:\/\/centros.uepb.edu.br\/cche\/extensao\/monitoria\/","title":{"rendered":"Monitoria"},"content":{"rendered":"<div class=\"wpb-content-wrapper\"><p>[vc_row][vc_column width=&#8221;2\/3&#8243;][vc_column_text]<strong>O que \u00e9 monitoria?<\/strong><\/p>\n<p>\u00c9 uma experi\u00eancia, oferecida ao aluno, regularmente matriculado no curso de gradua\u00e7\u00e3o, compreendendo atribui\u00e7\u00f5es auxiliares relativas \u00e0 atividade acad\u00eamica, sob a supervis\u00e3o de um professor.<\/p>\n<p><strong>Objetivos<\/strong><\/p>\n<ul>\n<li>Despertar no estudante, o interesse pela doc\u00eancia.<\/li>\n<li>Promover a coopera\u00e7\u00e3o entre os corpos docente e discente, em benef\u00edcio da qualidade do ensino, ministrado pela Institui\u00e7\u00e3o.<\/li>\n<\/ul>\n<p>[\/vc_column_text][\/vc_column][vc_column width=&#8221;1\/3&#8243;][vc_text_separator title=&#8221;COORDENADORES&#8221; title_align=&#8221;separator_align_left&#8221; css=&#8221;&#8221;][vc_column_text css=&#8221;&#8221;]<strong>Curso de Licenciatura em Letras<\/strong><\/p>\n<p>Prof. Gustavo Enrique Castell\u00f3n Agudelo<br \/>\n<b>E-mail:<\/b> gecastellon@servidor.uepb.edu.br<\/p>\n<p><strong>Curso de Bacharelado em Ci\u00eancias Cont\u00e1beis<\/strong><\/p>\n<p>Me. Jocykleber Meireles de Souza<br \/>\n<b>E-mail:<\/b> jocykleber.meireles@servidor.uepb.edu.br[\/vc_column_text][vc_btn title=&#8221;Mais Informa\u00e7\u00f5es &#8211; Programa de Monitoria&#8221; style=&#8221;classic&#8221; shape=&#8221;square&#8221; color=&#8221;primary&#8221; align=&#8221;left&#8221; css=&#8221;.vc_custom_1656528429342{margin-top: 20px !important;}&#8221; link=&#8221;url:https%3A%2F%2Fuepb.edu.br%2Fprograd%2Festagio-e-programas%2Fmonitoria%2F|title:PROGRAD%20-%20MONITORIA|target:_blank&#8221;][\/vc_column][\/vc_row][vc_row][vc_column][vc_column_text]<strong>Modalidades<\/strong><\/p>\n<ul>\n<li>Monitoria Remunerada<\/li>\n<li>Monitoria N\u00e3o Remunerada<\/li>\n<li>As duas modalidades atendem aos mesmos objetivos, condi\u00e7\u00f5es de participa\u00e7\u00e3o e exig\u00eancias do programa.<\/li>\n<\/ul>\n<p><strong>Como funciona?<\/strong><\/p>\n<p>O Programa de Monitoria est\u00e1 regulamentado pela RESOLU\u00c7\u00c3O UEPB\/CONSEPE020\/2007 e, condicionada a publica\u00e7\u00e3o de Edital de Convoca\u00e7\u00e3o.<\/p>\n<p><strong>Tempo de dedica\u00e7\u00e3o<\/strong><\/p>\n<p>As atividades desenvolvidas na Monitoria dever\u00e3o totalizar 12 horas semanais.<\/p>\n<p><strong>Per\u00edodo de exerc\u00edcio<\/strong><\/p>\n<p>Ser\u00e1 desenvolvida ao longo de um per\u00edodo letivo para os cursos anuais e dois per\u00edodos letivos para os cursos semestrais, n\u00e3o sendo permitida sua prorroga\u00e7\u00e3o.<\/p>\n<p><strong>Certificado<\/strong><\/p>\n<p>No final do exerc\u00edcio da monitoria, o estudante, far\u00e1 jus a um certificado, emitido pela Pr\u00f3-Reitoria de Ensino de Gradua\u00e7\u00e3o \u2013 PROEG.[\/vc_column_text][\/vc_column][\/vc_row]<\/p>\n<\/div>","protected":false},"excerpt":{"rendered":"<p>[vc_row][vc_column width=&#8221;2\/3&#8243;][vc_column_text]O que \u00e9 monitoria? \u00c9 uma experi\u00eancia, oferecida ao aluno, regularmente matriculado no curso de gradua\u00e7\u00e3o, compreendendo atribui\u00e7\u00f5es auxiliares relativas \u00e0 atividade acad\u00eamica, sob a supervis\u00e3o de um professor. Objetivos Despertar no estudante, o interesse pela doc\u00eancia. Promover a coopera\u00e7\u00e3o entre os corpos docente e discente, em benef\u00edcio da qualidade do ensino, ministrado pela <a class=\"leiamais\" href=\"https:\/\/centros.uepb.edu.br\/cche\/extensao\/monitoria\/\">Leia Mais&#8230;<\/a><\/p>\n","protected":false},"author":58,"featured_media":0,"parent":30,"menu_order":0,"comment_status":"open","ping_status":"closed","template":"","meta":{"jetpack_post_was_ever_published":false,"footnotes":""},"class_list":["post-277","page","type-page","status-publish","hentry"],"jetpack_sharing_enabled":true,"jetpack_shortlink":"https:\/\/wp.me\/P7WTCj-4t","_links":{"self":[{"href":"https:\/\/centros.uepb.edu.br\/cche\/wp-json\/wp\/v2\/pages\/277","targetHints":{"allow":["GET"]}}],"collection":[{"href":"https:\/\/centros.uepb.edu.br\/cche\/wp-json\/wp\/v2\/pages"}],"about":[{"href":"https:\/\/centros.uepb.edu.br\/cche\/wp-json\/wp\/v2\/types\/page"}],"author":[{"embeddable":true,"href":"https:\/\/centros.uepb.edu.br\/cche\/wp-json\/wp\/v2\/users\/58"}],"replies":[{"embeddable":true,"href":"https:\/\/centros.uepb.edu.br\/cche\/wp-json\/wp\/v2\/comments?post=277"}],"version-history":[{"count":0,"href":"https:\/\/centros.uepb.edu.br\/cche\/wp-json\/wp\/v2\/pages\/277\/revisions"}],"up":[{"embeddable":true,"href":"https:\/\/centros.uepb.edu.br\/cche\/wp-json\/wp\/v2\/pages\/30"}],"wp:attachment":[{"href":"https:\/\/centros.uepb.edu.br\/cche\/wp-json\/wp\/v2\/media?parent=277"}],"curies":[{"name":"wp","href":"https:\/\/api.w.org\/{rel}","templated":true}]}}