{"id":1985,"date":"2017-11-14T17:02:23","date_gmt":"2017-11-14T20:02:23","guid":{"rendered":"https:\/\/centros.uepb.edu.br\/cche\/?page_id=1985"},"modified":"2026-05-08T01:21:32","modified_gmt":"2026-05-08T04:21:32","slug":"biblioteca","status":"publish","type":"page","link":"https:\/\/centros.uepb.edu.br\/cche\/biblioteca\/","title":{"rendered":"Biblioteca Setorial Professor Jos\u00e9 Rafael de Menezes"},"content":{"rendered":"<div class=\"wpb-content-wrapper\"><p>[vc_row][vc_column][vc_row_inner][vc_column_inner][vc_column_text css=&#8221;&#8221;]<\/p>\n<h3>BIBLIOTEC\u00c1RIOS<\/h3>\n<p><b><a target=\"_blank\" rel=\"noopener\">SUZANA QUEIROGA DA COSTA<br \/>\n<\/a><\/b><strong><a target=\"_blank\" rel=\"noopener\">E-mail: <\/a><\/strong><a target=\"_blank\" rel=\"noopener\">suzanaqueiroga@servidor.uepb.edu.br<\/a><\/p>\n<h3>AUXILIARES<\/h3>\n<p><b><a target=\"_blank\" rel=\"noopener\">ALEXSANDRO DEODATO VALERIO DE SOUSA<\/a><\/b><br \/>\n<b><a target=\"_blank\" rel=\"noopener\">JOS\u00c9 MARCOS FIRMINO OLIVEIRA<\/a><\/b><br \/>\n<b><a target=\"_blank\" rel=\"noopener\">LUCINDO JOSE DE LIMA<\/a><\/b><br \/>\n<b><a target=\"_blank\" rel=\"noopener\">PAULO HENRIQUE FREITAS SILVA<br \/>\n<\/a><\/b><b><a target=\"_blank\" rel=\"noopener\"><br \/>\n<\/a><\/b>[\/vc_column_text][vc_empty_space][\/vc_column_inner][\/vc_row_inner][vc_row_inner][vc_column_inner width=&#8221;1\/2&#8243;][vc_text_separator title=&#8221;BIBLIOTECA CENTRO&#8221; title_align=&#8221;separator_align_left&#8221;][vc_column_text css=&#8221;&#8221;]<b><a target=\"_blank\" rel=\"noopener\">JOS\u00c9 MARCOS FIRMINO OLIVEIRA<\/a><\/b><br \/>\n<b>E-mail:<\/b> marcosjunio@servidor.uepb.edu.br<\/p>\n<p><b><a target=\"_blank\" rel=\"noopener\">PAULO HENRIQUE FREITAS SILVA<\/a><\/b><br \/>\n<b>E-mail:<\/b> paulohenrique@cche.uepb.edu.br<\/p>\n<p><b><a target=\"_blank\" rel=\"noopener\">ALEXSANDRO DEODATO VALERIO DE SOUSA<\/a><\/b><br \/>\n<b>E-mail:<\/b> alexdeodato@servidor.uepb.edu.br[\/vc_column_text][\/vc_column_inner][vc_column_inner width=&#8221;1\/2&#8243;][vc_text_separator title=&#8221;BIBLIOTECA ALTIPLANO&#8221; title_align=&#8221;separator_align_left&#8221;][vc_column_text css=&#8221;&#8221;]<b><a target=\"_blank\" rel=\"noopener\">ALEXSANDRO DEODATO VALERIO DE SOUSA<\/a><\/b><br \/>\n<b>E-mail:<\/b> alexdeodato@servidor.uepb.edu.br<\/p>\n<p><b><a target=\"_blank\" rel=\"noopener\">JOS\u00c9 MARCOS FIRMINO OLIVEIRA<\/a><\/b><br \/>\n<b>E-mail:<\/b> marcosjunio@servidor.uepb.edu.br<\/p>\n<p><b><a target=\"_blank\" rel=\"noopener\">LUCINDO JOSE DE LIMA<\/a><\/b><br \/>\n<b>E-mail:<\/b> lucindo2020.josedelima@servidor.uepb.br[\/vc_column_text][\/vc_column_inner][\/vc_row_inner][vc_row_inner][vc_column_inner][vc_column_text]<strong><em>Turno(s) de Funcionamento<\/em><\/strong>: <span dir=\"ltr\" role=\"presentation\">07h \u00e0s 22h<\/span>[\/vc_column_text][vc_text_separator title=&#8221;ENDERE\u00c7O&#8221; title_align=&#8221;separator_align_left&#8221; css=&#8221;.vc_custom_1657193377905{margin-top: 30px !important;}&#8221;][\/vc_column_inner][\/vc_row_inner][vc_row_inner gap=&#8221;30&#8243;][vc_column_inner width=&#8221;1\/2&#8243;][vc_text_separator title=&#8221;SEDE CENTRO&#8221; title_align=&#8221;separator_align_left&#8221;][vc_column_text]Rua Abelardo Pereira dos Santos, 131, Centro &#8211; Monteiro\/PB &#8211; 58500-000<br \/>\nPonto de refer\u00eancia: Pr\u00f3ximo \u00e0 prefeitura municipal e f\u00f3rum<br \/>\nTelefone: (83) 3351-2348[\/vc_column_text][\/vc_column_inner][vc_column_inner width=&#8221;1\/2&#8243;][vc_text_separator title=&#8221;SEDE ALTIPLANO&#8221; title_align=&#8221;separator_align_left&#8221;][vc_column_text]Rua Universit\u00e1ria, S\/N, Altiplano &#8211; Monteiro\/PB &#8211; 58500-000<br \/>\nPonto de refer\u00eancia: Pr\u00f3ximo \u00e0 UPA<br \/>\nTelefone: (83) 3351-2970 ou (83) 3351-1886[\/vc_column_text][\/vc_column_inner][\/vc_row_inner][vc_row_inner][vc_column_inner][vc_separator][vc_column_text]<a href=\"https:\/\/centros.uepb.edu.br\/cche\/download\/lista-das-revistas-impressas-disponiveis-na-biblioteca-do-campus-vi\/?wpdmdl=3766&amp;masterkey=8K1Fm5j5sk89VvqywDK_RI9ZMn10fvWJ1Wv8jFuP01RlUrVOcfE8kReNINnhmxkSzCxwU9bsNU6F8ft3y8-WaorQQCctyWILfLgFjUsuWVQ\">Lista das revistas impressas dispon\u00edveis na biblioteca do Campus VI<\/a><\/p>\n<p>A lista \u00e9 composta pelos t\u00edtulos (nome da revista, n\u00famero, volume e ano) dos exemplares. A elabora\u00e7\u00e3o foi feita pelos servidores Lucindo, Stanley e Suzana.[\/vc_column_text][\/vc_column_inner][\/vc_row_inner][vc_row_inner][vc_column_inner][vc_text_separator title=&#8221;Servi\u00e7os Online&#8221; title_align=&#8221;separator_align_left&#8221; css=&#8221;.vc_custom_1657046036623{margin-top: 30px !important;}&#8221;][vc_column_text css=&#8221;&#8221;]<strong>Os servi\u00e7os online disponibilizados incluem:<\/strong><\/p>\n<p>&nbsp;<\/p>\n<ul>\n<li>Confec\u00e7\u00e3o da ficha catalogr\u00e1fica \u2013 deve ser solicitada diretamente pelo sistema SUAP, com prazo de atendimento de at\u00e9 72 horas.<\/li>\n<li>Emiss\u00e3o do documento de Nada Consta \u2013 deve ser solicitada via SUAP e est\u00e1 dispon\u00edvel para alunos que n\u00e3o possuem livros emprestados nem pend\u00eancias de multas.<\/li>\n<li>Orienta\u00e7\u00f5es sobre procedimentos em casos de extravio ou dano de livros.<\/li>\n<li>Orienta\u00e7\u00f5es sobre o pagamento de multas.<\/li>\n<li>Orienta\u00e7\u00f5es relacionadas \u00e0 doa\u00e7\u00e3o de materiais.<\/li>\n<li>Orienta\u00e7\u00f5es sobre os servi\u00e7os de empr\u00e9stimo, devolu\u00e7\u00e3o e renova\u00e7\u00e3o de itens do acervo.<\/li>\n<\/ul>\n<p><strong>Empr\u00e9stimo entre Bibliotecas da UEPB<\/strong><\/p>\n<p>O servi\u00e7o de Empr\u00e9stimo entre Bibliotecas estar\u00e1 dispon\u00edvel a qualquer usu\u00e1rio. Para isso, o usu\u00e1rio dever\u00e1 procurar um funcion\u00e1rio da biblioteca da do CCHE, para que seja efetuada a transfer\u00eancia tempor\u00e1ria do material bibliogr\u00e1fico e posteriormente o empr\u00e9stimo.<\/p>\n<h2><strong>Em caso de d\u00favidas, fale conosco!<\/strong><\/h2>\n<p>[\/vc_column_text][vc_message message_box_color=&#8221;alert-warning&#8221; icon_fontawesome=&#8221;far fa-envelope&#8221;]E-mail para atendimento geral: <strong>biblioteca.campus6@setor.uepb.edu.br<\/strong>[\/vc_message][\/vc_column_inner][\/vc_row_inner][vc_row_inner][vc_column_inner][vc_text_separator title=&#8221;&#8221; title_align=&#8221;separator_align_left&#8221; css=&#8221;.vc_custom_1778213817797{margin-top: 30px !important;}&#8221;][\/vc_column_inner][\/vc_row_inner][vc_row_inner][vc_column_inner][vc_column_text css=&#8221;&#8221;][\/vc_column_text][\/vc_column_inner][\/vc_row_inner][vc_row_inner][vc_column_inner][vc_text_separator title=&#8221;Procedimentos para dep\u00f3sito de Trabalhos de Conclus\u00e3o de Curso (TCC)&#8221; title_align=&#8221;separator_align_left&#8221; css=&#8221;.vc_custom_1657046708937{margin-top: 30px !important;}&#8221;][vc_column_text css=&#8221;&#8221;]<\/p>\n<h2>Procedimentos para dep\u00f3sito de Trabalhos de Conclus\u00e3o de Curso (TCC)<\/h2>\n<ul>\n<li>\u00a0(O Trabalho de Conclus\u00e3o de Curso (TCC) \u00e9 uma etapa essencial da forma\u00e7\u00e3o acad\u00eamica, na qual o estudante desenvolve e apresenta uma pesquisa orientada, consolidando os conhecimentos adquiridos ao longo do curso. Nesta aba, voc\u00ea pode acessar orienta\u00e7\u00f5es, documentos, prazos e demais informa\u00e7\u00f5es importantes para o desenvolvimento do seu TCC.)<\/li>\n<li><a href=\"https:\/\/centros.uepb.edu.br\/cche\/download\/termo-de-autorizacao-de-entrega-e-disponibilizacao-do-tcc-no-repositorio-da-uepb\/?wpdmdl=3762&amp;masterkey=h-6FD10Ln_upyHz3GzeFAJHvJYBbMz0RiGlPPrRicT83oIMnMALzBSL7RuGelMxPBSFO_DpT5xcQ1uci6RAKLpW3CaId9Bp1bEYFNnH5HzM\">Termo de autoriza\u00e7\u00e3o de entrega e disponibiliza\u00e7\u00e3o do TCC no reposit\u00f3rio da UEPB<\/a><\/li>\n<li><a href=\"https:\/\/centros.uepb.edu.br\/cche\/download\/manual-dspace-aluno\/?wpdmdl=4500?masterkey=IGBoCtWIA5KF2kq7nkWdta9wtk5Fl7hhBIWK2ydtSHnHgzbDFMF7CNjTZNoctYXMD3Wzr_QBIsXyG1jZXAw1QiJFiRvWzRYvd1vb5leMM-S\" target=\"_blank\" rel=\"noopener\">Manual para dep\u00f3sito de TCC<\/a><\/li>\n<li><a href=\"https:\/\/biblioteca.uepb.edu.br\/regras-para-o-deposito-dos-trabalhos-academicos\/\" target=\"_blank\" rel=\"noopener\">Como depositar o TCC &#8211; Tutorial.<\/a><\/li>\n<li>OBS: Em at\u00e9 48h \u00fateis seu trabalho ser\u00e1\u00a0<strong>aprovado ou rejeitado.<\/strong><\/li>\n<\/ul>\n<p>[\/vc_column_text][\/vc_column_inner][\/vc_row_inner][vc_row_inner][vc_column_inner][vc_column_text]<em>OBS: o material contido nos links abaixo n\u00e3o \u00e9 de responsabilidade do CCHE e foi produzido por terceiros. Pedimos que informe pelas nossas redes sociais (Facebook ou Instagram) se o material n\u00e3o est\u00e1 mais dispon\u00edvel no link indicado. Isso pode acontecer se o autor removeu a publica\u00e7\u00e3o da fonte original.<\/em>[\/vc_column_text][\/vc_column_inner][\/vc_row_inner][\/vc_column][\/vc_row][vc_row gap=&#8221;30&#8243;][vc_column][vc_column_text css=&#8221;&#8221;]O Trabalho de Conclus\u00e3o de Curso (TCC) \u00e9 uma etapa essencial da forma\u00e7\u00e3o acad\u00eamica, na qual o estudante desenvolve e apresenta uma pesquisa orientada, consolidando os conhecimentos adquiridos ao longo do curso. Nesta aba, voc\u00ea pode acessar orienta\u00e7\u00f5es, documentos, prazos e demais informa\u00e7\u00f5es importantes para o desenvolvimento do seu TCC.<\/p>\n<p><strong>Descomplica TC<\/strong>C &#8211; nos acompanhe no instagram e fique por dentro de tudo!<br \/>\n<strong><a href=\"https:\/\/www.instagram.com\/descomplicatcc_ufpb?igsh=MXFiZGtneGFnbXE1\">CLIQUE AQUI<\/a><\/strong><\/p>\n<p class=\"title\"><strong>Manual de Dep\u00f3sito do Orbis Reposit\u00f3rio Institucional \u2013 Gradua\u00e7\u00f5es\/Especializa\u00e7\u00f5es <a href=\"https:\/\/biblioteca.uepb.edu.br\/manual-deposito-monogafia\/\">CLIQUE AQUI<\/a><\/strong><\/p>\n<p class=\"title\"><strong>Reposit\u00f3rio Institucional da Universidade Estadual da Para\u00edba &#8211;\u00a0<a href=\"https:\/\/repositorio.uepb.edu.br\/home\">CLIQUE AQUI<\/a><\/strong><\/p>\n<p class=\"display-5\"><strong>ABNT: guia de normaliza\u00e7\u00e3o &#8211; <a href=\"https:\/\/biblioteca.uepb.edu.br\/abnt-guia-de-normalizacao\/#modelos\">CLIQUE AQUI<\/a><\/strong><\/p>\n<div class=\"mdl-cell mdl-cell--12-col\">\n<p class=\"title\"><strong>Dep\u00f3sito dos Trabalhos Acad\u00eamicos &#8211; <\/strong><strong><a href=\"https:\/\/biblioteca.uepb.edu.br\/regras-para-o-deposito-dos-trabalhos-academicos\/\">CLIQUE AQUI<\/a><\/strong><\/p>\n<\/div>\n<p>[\/vc_column_text][\/vc_column][\/vc_row]<\/p>\n<\/div>","protected":false},"excerpt":{"rendered":"<p>[vc_row][vc_column][vc_row_inner][vc_column_inner][vc_column_text css=&#8221;&#8221;] BIBLIOTEC\u00c1RIOS SUZANA QUEIROGA DA COSTA E-mail: suzanaqueiroga@servidor.uepb.edu.br AUXILIARES ALEXSANDRO DEODATO VALERIO DE SOUSA JOS\u00c9 MARCOS FIRMINO OLIVEIRA LUCINDO JOSE DE LIMA PAULO HENRIQUE FREITAS SILVA [\/vc_column_text][vc_empty_space][\/vc_column_inner][\/vc_row_inner][vc_row_inner][vc_column_inner width=&#8221;1\/2&#8243;][vc_text_separator title=&#8221;BIBLIOTECA CENTRO&#8221; title_align=&#8221;separator_align_left&#8221;][vc_column_text css=&#8221;&#8221;]JOS\u00c9 MARCOS FIRMINO OLIVEIRA E-mail: marcosjunio@servidor.uepb.edu.br PAULO HENRIQUE FREITAS SILVA E-mail: paulohenrique@cche.uepb.edu.br ALEXSANDRO DEODATO VALERIO DE SOUSA E-mail: alexdeodato@servidor.uepb.edu.br[\/vc_column_text][\/vc_column_inner][vc_column_inner width=&#8221;1\/2&#8243;][vc_text_separator title=&#8221;BIBLIOTECA ALTIPLANO&#8221; title_align=&#8221;separator_align_left&#8221;][vc_column_text <a class=\"leiamais\" href=\"https:\/\/centros.uepb.edu.br\/cche\/biblioteca\/\">Leia Mais&#8230;<\/a><\/p>\n","protected":false},"author":58,"featured_media":557,"parent":0,"menu_order":11,"comment_status":"closed","ping_status":"closed","template":"","meta":{"footnotes":""},"class_list":["post-1985","page","type-page","status-publish","has-post-thumbnail","hentry"],"jetpack_sharing_enabled":false,"jetpack_shortlink":"https:\/\/wp.me\/P7WTCj-w1","_links":{"self":[{"href":"https:\/\/centros.uepb.edu.br\/cche\/wp-json\/wp\/v2\/pages\/1985","targetHints":{"allow":["GET"]}}],"collection":[{"href":"https:\/\/centros.uepb.edu.br\/cche\/wp-json\/wp\/v2\/pages"}],"about":[{"href":"https:\/\/centros.uepb.edu.br\/cche\/wp-json\/wp\/v2\/types\/page"}],"author":[{"embeddable":true,"href":"https:\/\/centros.uepb.edu.br\/cche\/wp-json\/wp\/v2\/users\/58"}],"replies":[{"embeddable":true,"href":"https:\/\/centros.uepb.edu.br\/cche\/wp-json\/wp\/v2\/comments?post=1985"}],"version-history":[{"count":8,"href":"https:\/\/centros.uepb.edu.br\/cche\/wp-json\/wp\/v2\/pages\/1985\/revisions"}],"predecessor-version":[{"id":5103,"href":"https:\/\/centros.uepb.edu.br\/cche\/wp-json\/wp\/v2\/pages\/1985\/revisions\/5103"}],"wp:featuredmedia":[{"embeddable":true,"href":"https:\/\/centros.uepb.edu.br\/cche\/wp-json\/wp\/v2\/media\/557"}],"wp:attachment":[{"href":"https:\/\/centros.uepb.edu.br\/cche\/wp-json\/wp\/v2\/media?parent=1985"}],"curies":[{"name":"wp","href":"https:\/\/api.w.org\/{rel}","templated":true}]}}