{"id":13,"date":"2011-08-15T18:37:32","date_gmt":"2011-08-15T18:37:32","guid":{"rendered":"http:\/\/centros.ascom.uepb.edu.br\/cche\/?page_id=13"},"modified":"2026-04-10T16:18:59","modified_gmt":"2026-04-10T19:18:59","slug":"ciencias-contabeis-bach","status":"publish","type":"page","link":"https:\/\/centros.uepb.edu.br\/cche\/cursos\/ciencias-contabeis-bach\/","title":{"rendered":"Bacharelado em Ci\u00eancias Cont\u00e1beis"},"content":{"rendered":"<div class=\"wpb-content-wrapper\"><p>[vc_row][vc_column][vc_column_text]<b>Nome do curso:<\/b> Bacharelado em Ci\u00eancias Cont\u00e1beis<\/p>\n<p><b>Modalidade:<\/b> Bacharelado<\/p>\n<p><b>Cria\u00e7\u00e3o:<\/b> Criado em 29 de mar\u00e7o de 2006 atrav\u00e9s da RESOLU\u00c7\u00c3O\/UEPB\/CONSUNI\/14\/2006 (Publicada no D.O.E em 12\/05\/2006) e reconhecido pelo Conselho Estadual de Educa\u00e7\u00e3o da Para\u00edba em 09 de setembro<br \/>\nde 2010, atrav\u00e9s da RESOLU\u00c7\u00c3O No 211\/2010.<\/p>\n<p><b>Regime Escolar:<\/b> Seriado semestral com duas entradas<\/p>\n<p><b>Carga Hor\u00e1ria<\/b> (h\/a*): 3.120 h\/a<\/p>\n<p><b>Turno(s) de Funcionamento:<\/b> Diurno e Noturno<\/p>\n<p><b>Dura\u00e7\u00e3o do Curso:<\/b> Tempo m\u00ednimo de 8 semestres e m\u00e1ximo de 15 semestres para os turnos diurno e noturno<\/p>\n<p><b>Endere\u00e7o:<\/b>: Rua Universit\u00e1ria, S\/N \u2013 Altiplano \u2013 Monteiro\/PB \u2013 CEP: 58500-000 &#8211; Ponto de refer\u00eancia: Pr\u00f3ximo \u00e0 UPA<\/p>\n<p><b>Telefone:<\/b> (83) 3351-2970 ou (83) 3351-1886<\/p>\n<p><b>E-mail:<\/b> coord.contabeis.cche@setor.uepb.edu.br[\/vc_column_text][vc_btn title=&#8221;Projeto Pedag\u00f3gico de Curso \u2013 PPC&#8221; shape=&#8221;square&#8221; color=&#8221;primary&#8221; align=&#8221;left&#8221; link=&#8221;url:https%3A%2F%2Fcentros.uepb.edu.br%2Fcche%2Fdownload%2Fppc-ciencias-contabeis_bacharelado_cche%2F%3Fwpdmdl%3D3619%26masterkey%3DlRK-B6V6N_PHybOYKr94cbW9tYnxY7e_GqEPPzldjNE3TbRDfSQ9c75DbnEmru8dDuBbhGal8SIhQngmm_u3A_7M9ffkX3_PL-fgttYkZE8|title:PPC%20Ci%C3%AAncias%20Cont%C3%A1beis%20%E2%80%93%20Bacharelado&#8221;][\/vc_column][\/vc_row][vc_row gap=&#8221;30&#8243; css=&#8221;.vc_custom_1656510190052{margin-top: 30px !important;}&#8221;][vc_column width=&#8221;1\/2&#8243;][vc_text_separator title=&#8221;COORDENA\u00c7\u00c3O DE CURSO&#8221; title_align=&#8221;separator_align_left&#8221;][vc_column_text css=&#8221;&#8221;]<\/p>\n<h3>COORDENADOR<\/h3>\n<p><b><a target=\"_blank\" rel=\"noopener\">Me. ALLISSON SILVA DOS SANTOS<\/a><\/b><br \/>\n<b>E-mail:<\/b> allisson.santos@servidor.uepb.edu.br<\/p>\n<h3>COORDENADOR ADJUNTO<\/h3>\n<p><b><a target=\"_blank\" rel=\"noopener\">Me. JOCYKEBER MEIRES DE SOUZA<br \/>\n<b>E-mail:<\/b><\/a><\/b><a target=\"_blank\" rel=\"noopener\"> j<\/a><a target=\"_blank\" rel=\"noopener\">ocykleber.meireles@servidor.uepb.edu.br<\/a><\/p>\n<h3>SECRET\u00c1RIO<\/h3>\n<p><b><a target=\"_blank\" rel=\"noopener\">ESIO REINALDO MONTEIRO<\/a><\/b><br \/>\n<b>E-mail:<\/b> esioreinaldo@servidor.uepb.edu.br[\/vc_column_text][\/vc_column][vc_column width=&#8221;1\/2&#8243;][vc_text_separator title=&#8221;CAMPO DE ATUA\u00c7\u00c3O PROFISSIONAL&#8221; title_align=&#8221;separator_align_left&#8221;][vc_column_text]O egresso do curso de Ci\u00eancias Cont\u00e1beis ter\u00e1 um vasto campo de atua\u00e7\u00e3o em entidades privadas, p\u00fablicas, como aut\u00f4nomo ou em atividades acad\u00eamicas. No \u00e2mbito privado o profissional pode atuar como contador, diretor ou analista financeiro, auditor interno e externo, contador de custos, contador gerencial, controller e perito.<\/p>\n<p>No \u00e2mbito p\u00fablico pode atuar como contador p\u00fablico, auditor do setor p\u00fablico, analista de finan\u00e7as e controle p\u00fablico. Como profissional aut\u00f4nomo pode atuar como contador geral, auditor, perito, consultor e empres\u00e1rio cont\u00e1bil. Por fim, em atividades acad\u00eamicas (ensino, pesquisa e extens\u00e3o) pode atuar como professor, pesquisador, escritor, conferencista e parecerista.[\/vc_column_text][\/vc_column][\/vc_row][vc_row css=&#8221;.vc_custom_1656513703735{margin-top: 30px !important;}&#8221;][vc_column][vc_text_separator title=&#8221;DOCENTES EFETIVOS&#8221; title_align=&#8221;separator_align_left&#8221;][vc_row_inner][vc_column_inner width=&#8221;1\/2&#8243;][vc_column_text css=&#8221;&#8221;]<b><a target=\"_blank\" rel=\"noopener\">Ma. \u00c1DRIA TAYLLO ALVES OLIVEIRA<\/a><\/b><br \/>\n<b>E-mail:<\/b> adriatayllo@servidor.uepb.edu.br<\/p>\n<p><b><a target=\"_blank\" rel=\"noopener\">Me. ALLISSON SILVA DOS SANTOS<\/a><\/b><br \/>\n<b>E-mail:<\/b> allisson.santos@servidor.uepb.edu.br<\/p>\n<p><b><a target=\"_blank\" rel=\"noopener\">Me. GILBERTO FRANCO DE LIMA J\u00daNIOR<\/a><\/b><br \/>\n<b>E-mail:<\/b> gilbertofranco@servidor.uepb.edu.br<\/p>\n<p><b><a target=\"_blank\" rel=\"noopener\">Me. GUTHEMBERG CARDOSO AGRA DE CASTRO<\/a><\/b><br \/>\n<b>E-mail:<\/b> guthemberg@servidor.uepb.edu.br<\/p>\n<p><b><a target=\"_blank\" rel=\"noopener\">Ma. ILCLEIDENE PEREIRA DE FREITAS<\/a><\/b><br \/>\n<b>E-mail:<\/b> ilcleidene@servidor.uepb.edu.br<\/p>\n<p><b><a target=\"_blank\" rel=\"noopener\">Me. JOCYKLEBER MEIRELES DE SOUZA<\/a><\/b><br \/>\n<b>E-mail:<\/b> jocykleber.meireles@servidor.uepb.edu.br[\/vc_column_text][\/vc_column_inner][vc_column_inner width=&#8221;1\/2&#8243;][vc_column_text css=&#8221;&#8221;]<b><a target=\"_blank\" rel=\"noopener\">Ma. ISABELLA CHRISTINA DANTAS VALENTIM<\/a><\/b><br \/>\n<b>E-mail:<\/b> isabellacdantas@servidor.uepb.edu.br<\/p>\n<p><b><a href=\"http:\/\/buscatextual.cnpq.br\/buscatextual\/visualizacv.do?id=K4138930A3\" target=\"_blank\" rel=\"noopener\">Me. ISMAEL GOMES BARRETO<\/a><\/b><br \/>\n<b>E-mail:<\/b> ismaeligb@servidor.uepb.edu.br<\/p>\n<p><b><a target=\"_blank\" rel=\"noopener\">Me. JOS\u00c9 HILTON SANTOS AGUIAR<\/a><\/b><br \/>\n<b>E-mail:<\/b> hilton@servidor.uepb.edu.br<\/p>\n<p><b><a href=\"http:\/\/buscatextual.cnpq.br\/buscatextual\/visualizacv.do?id=K4137860D8\" target=\"_blank\" rel=\"noopener\">Me. JOS\u00c9 HUMBERTO DO NASCIMENTO CRUZ<\/a><\/b><br \/>\n<b>E-mail:<\/b> humbertocruz@servidor.uepb.edu.br<\/p>\n<p><b><a href=\"http:\/\/buscatextual.cnpq.br\/buscatextual\/visualizacv.do?id=K4221191J6\" target=\"_blank\" rel=\"noopener\">Me. JOSIMAR FARIAS CORDEIRO<\/a><\/b><br \/>\n<b>E-mail:<\/b> josimar.cordeiro@servidor.uepb.edu.br[\/vc_column_text][\/vc_column_inner][\/vc_row_inner][vc_row_inner][vc_column_inner][vc_empty_space][vc_text_separator title=&#8221;DOCENTES CONTRATADOS&#8221; title_align=&#8221;separator_align_left&#8221;][vc_column_text css=&#8221;&#8221;]<b><a target=\"_blank\" rel=\"noopener\">Ma. MAURIC\u00c9IA DOS SANTOS CARVALHO<\/a><\/b><br \/>\n<b>E-mail:<\/b> mauriceia@servidor.uepb.edu.br[\/vc_column_text][\/vc_column_inner][\/vc_row_inner][\/vc_column][\/vc_row]<\/p>\n<\/div>","protected":false},"excerpt":{"rendered":"<p>[vc_row][vc_column][vc_column_text]Nome do curso: Bacharelado em Ci\u00eancias Cont\u00e1beis Modalidade: Bacharelado Cria\u00e7\u00e3o: Criado em 29 de mar\u00e7o de 2006 atrav\u00e9s da RESOLU\u00c7\u00c3O\/UEPB\/CONSUNI\/14\/2006 (Publicada no D.O.E em 12\/05\/2006) e reconhecido pelo Conselho Estadual de Educa\u00e7\u00e3o da Para\u00edba em 09 de setembro de 2010, atrav\u00e9s da RESOLU\u00c7\u00c3O No 211\/2010. Regime Escolar: Seriado semestral com duas entradas Carga Hor\u00e1ria (h\/a*): <a class=\"leiamais\" href=\"https:\/\/centros.uepb.edu.br\/cche\/cursos\/ciencias-contabeis-bach\/\">Leia Mais&#8230;<\/a><\/p>\n","protected":false},"author":2,"featured_media":0,"parent":6,"menu_order":0,"comment_status":"open","ping_status":"open","template":"","meta":{"jetpack_post_was_ever_published":false,"footnotes":""},"class_list":["post-13","page","type-page","status-publish","hentry"],"jetpack_sharing_enabled":true,"jetpack_shortlink":"https:\/\/wp.me\/P7WTCj-d","_links":{"self":[{"href":"https:\/\/centros.uepb.edu.br\/cche\/wp-json\/wp\/v2\/pages\/13","targetHints":{"allow":["GET"]}}],"collection":[{"href":"https:\/\/centros.uepb.edu.br\/cche\/wp-json\/wp\/v2\/pages"}],"about":[{"href":"https:\/\/centros.uepb.edu.br\/cche\/wp-json\/wp\/v2\/types\/page"}],"author":[{"embeddable":true,"href":"https:\/\/centros.uepb.edu.br\/cche\/wp-json\/wp\/v2\/users\/2"}],"replies":[{"embeddable":true,"href":"https:\/\/centros.uepb.edu.br\/cche\/wp-json\/wp\/v2\/comments?post=13"}],"version-history":[{"count":3,"href":"https:\/\/centros.uepb.edu.br\/cche\/wp-json\/wp\/v2\/pages\/13\/revisions"}],"predecessor-version":[{"id":5071,"href":"https:\/\/centros.uepb.edu.br\/cche\/wp-json\/wp\/v2\/pages\/13\/revisions\/5071"}],"up":[{"embeddable":true,"href":"https:\/\/centros.uepb.edu.br\/cche\/wp-json\/wp\/v2\/pages\/6"}],"wp:attachment":[{"href":"https:\/\/centros.uepb.edu.br\/cche\/wp-json\/wp\/v2\/media?parent=13"}],"curies":[{"name":"wp","href":"https:\/\/api.w.org\/{rel}","templated":true}]}}