{"id":71,"date":"2014-04-09T14:00:27","date_gmt":"2014-04-09T14:00:27","guid":{"rendered":"\/ccha\/?page_id=71"},"modified":"2025-06-27T13:07:47","modified_gmt":"2025-06-27T13:07:47","slug":"direcao","status":"publish","type":"page","link":"https:\/\/centros.uepb.edu.br\/ccha\/direcao\/","title":{"rendered":"Dire\u00e7\u00e3o"},"content":{"rendered":"<p><strong>Diretora do CCHA<\/strong><br \/>\nProfa. Dra. Keila Lairiny C\u00e2mara Xavier &#8211; Matr\u00edcula 431232-5<br \/>\nE-mail: keila_lairiny@servidor.uepb.edu.br<\/p>\n<p><strong>Diretora Adjunta do CCHA<\/strong><br \/>\nProfa. Dra. Maria do Socorro de Caldas Pinto &#8211; Matr\u00edcula 425241-9<br \/>\nE-mail: socorro1975@servidor.uepb.edu.br<\/p>\n<p><strong>Secret\u00e1ria do CCHA<\/strong><\/p>\n<p>Doralice Fernandes da Silva &#8211; Matr\u00edcula 406854-8<br \/>\nE-mail: dorauepb@gmail.com<\/p>\n","protected":false},"excerpt":{"rendered":"<p>Diretora do CCHA Profa. Dra. Keila Lairiny C\u00e2mara Xavier &#8211; Matr\u00edcula 431232-5 E-mail: keila_lairiny@servidor.uepb.edu.br Diretora Adjunta do CCHA Profa. Dra. Maria do Socorro de Caldas Pinto &#8211; Matr\u00edcula 425241-9 E-mail: socorro1975@servidor.uepb.edu.br Secret\u00e1ria do CCHA Doralice Fernandes da Silva &#8211; Matr\u00edcula 406854-8 E-mail: dorauepb@gmail.com<\/p>\n","protected":false},"author":16,"featured_media":0,"parent":0,"menu_order":0,"comment_status":"open","ping_status":"open","template":"","meta":{"jetpack_post_was_ever_published":false,"footnotes":""},"class_list":["post-71","page","type-page","status-publish","hentry"],"jetpack_sharing_enabled":true,"jetpack_shortlink":"https:\/\/wp.me\/P7QIsS-19","_links":{"self":[{"href":"https:\/\/centros.uepb.edu.br\/ccha\/wp-json\/wp\/v2\/pages\/71","targetHints":{"allow":["GET"]}}],"collection":[{"href":"https:\/\/centros.uepb.edu.br\/ccha\/wp-json\/wp\/v2\/pages"}],"about":[{"href":"https:\/\/centros.uepb.edu.br\/ccha\/wp-json\/wp\/v2\/types\/page"}],"author":[{"embeddable":true,"href":"https:\/\/centros.uepb.edu.br\/ccha\/wp-json\/wp\/v2\/users\/16"}],"replies":[{"embeddable":true,"href":"https:\/\/centros.uepb.edu.br\/ccha\/wp-json\/wp\/v2\/comments?post=71"}],"version-history":[{"count":0,"href":"https:\/\/centros.uepb.edu.br\/ccha\/wp-json\/wp\/v2\/pages\/71\/revisions"}],"wp:attachment":[{"href":"https:\/\/centros.uepb.edu.br\/ccha\/wp-json\/wp\/v2\/media?parent=71"}],"curies":[{"name":"wp","href":"https:\/\/api.w.org\/{rel}","templated":true}]}}