{"id":26,"date":"2014-03-20T19:20:13","date_gmt":"2014-03-20T19:20:13","guid":{"rendered":"\/ccha\/?page_id=26"},"modified":"2022-11-28T12:44:30","modified_gmt":"2022-11-28T12:44:30","slug":"extensao","status":"publish","type":"page","link":"https:\/\/centros.uepb.edu.br\/ccha\/extensao\/","title":{"rendered":"Extens\u00e3o"},"content":{"rendered":"<div class=\"wpb-content-wrapper\"><p>[vc_row][vc_column][vc_text_separator title=&#8221;Confira abaixo os projetos e programas de extens\u00e3o que est\u00e3o sendo desenvolvidos no CCHA&#8221; i_icon_fontawesome=&#8221;fas fa-tasks&#8221; i_color=&#8221;custom&#8221; title_align=&#8221;separator_align_left&#8221; add_icon=&#8221;true&#8221; i_custom_color=&#8221;#cc0000&#8243;][vc_tta_tabs][vc_tta_section title=&#8221;\u00c1REA 2: CULTURA&#8221; tab_id=&#8221;1655466523362-3de8e22a-fff6&#8243;][vc_column_text]- Cinema nacional na escola: Mem\u00f3rias e narrativas compartilhadas na cidade de Paulista-PB (Orientador: Jairo Bezerra Silva);[\/vc_column_text][\/vc_tta_section][vc_tta_section title=&#8221;\u00c1REA 4: EDUCA\u00c7\u00c3O&#8221; tab_id=&#8221;1655466523375-c63e5865-cbef&#8221;][vc_column_text]- Programa de Apoio ao Empreendedorismo e a Inova\u00e7\u00e3o Tecnol\u00f3gica da UEPB \u2013 PAETEC (Orientador: Josemir Moura Maia);<\/p>\n<p>&#8211; A a\u00e7\u00e3o da leitura nas escolas municipais de Riacho dos Cavalos-PB: inovando, integrando e incentivando sonhos (Orientador: Jairo Bezerra Silva);<\/p>\n<p>&#8211; A pr\u00e1tica pedag\u00f3gica relacionada ao tr\u00e2nsito no munic\u00edpio de Pombal-PB: Limites e possibilidades (Orientadora: Vaneide Lima Silva);[\/vc_column_text][\/vc_tta_section][vc_tta_section title=&#8221;\u00c1REA 5: MEIO AMBIENTE&#8221; tab_id=&#8221;1655466550048-6cf08575-b292&#8243;][vc_column_text]- Programa solo na escola\/UEPB\/Campus IV (Orientador: Evandro Franklin de Mesquita);<\/p>\n<p>&#8211; Jardim did\u00e1tico &#8211; Socializando os conhecimentos acad\u00eamicos e tradicionais- Ano III (Orientadora: Elaine Gon\u00e7alves Rech);<\/p>\n<p>&#8211; Sociabiliza\u00e7\u00e3o da evapotranspira\u00e7\u00e3o e da pluviosidade oriunda da esta\u00e7\u00e3o meteorol\u00f3gica de Catol\u00e9 da Rocha, PB \u00e0 sustentabilidade da irriga\u00e7\u00e3o na agricultura familiar do munic\u00edpio (Orientador: Evandro Franklin de Mesquita);<\/p>\n<p>&#8211; Produ\u00e7\u00e3o de h\u00famus de minhoca vermelha da Calif\u00f3rnia: Fortalecimento da agricultura familiar local (Orientador: Genaldo Bertoldo Fernandes);<\/p>\n<p>&#8211; Recupera\u00e7\u00e3o da mata ciliar do Riacho Agon nos limites do Campus IV (Orientador: Irton Miranda dos Anjos);<\/p>\n<p>&#8211; Multiplicando pitayas gerando oportunidades (Orientadora: Elaine Gon\u00e7alves Rech);<\/p>\n<p>&#8211; Perfil do consumidor e tipifica\u00e7\u00e3o do consumo de frango no munic\u00edpio de Boa Ventura-PB (Orientadora: Maria do Socorro de Caldas Pinto);<\/p>\n<p>&#8211; Produ\u00e7\u00e3o e distribui\u00e7\u00e3o de mudas vegetais pelos estudantes da Escola Agrot\u00e9cnica do Cajueiro, Catol\u00e9 do Rocha-PB (Orientador: Edivan Silva Nunes Junior);<\/p>\n<p>&#8211; Monitoramento e difus\u00e3o da qualidade da \u00e1gua para irriga\u00e7\u00e3o na Escola Agrot\u00e9cnica do Cajueiro (Orientador: Franciso Ademilton Vieira Damaceno);<\/p>\n<p>&#8211; Sustentabilidade ambiental aplicada aos jovens das comunidades rurais do munic\u00edpio de Catol\u00e9 do Rocha PB (Orientador: Edivan Silva Nunes Junior);[\/vc_column_text][\/vc_tta_section][vc_tta_section title=&#8221;\u00c1REA 7: TECNOLOGIA E PRODU\u00c7\u00c3O&#8221; tab_id=&#8221;1655466568815-9fe2cc8b-8f2d&#8221;][vc_column_text]- Difus\u00e3o da alimenta\u00e7\u00e3o artificial para abelhas na comunidade Cajueiro, Catol\u00e9 do Rocha-PB (Orientadora: Maria do Socorro de Caldas Pinto);<\/p>\n<p>&#8211; Plantio de mudas de Cajueiro, Videira e Cajaraneira em quintais produtivos de munic\u00edpios da microrregi\u00e3o de Catol\u00e9 do Rocha (Orientador: Jos\u00e9 Geraldo Rodrigues dos Santos);<\/p>\n<p>&#8211; Mapeamento de avicultores do munic\u00edpio de Catol\u00e9 do Rocha e orienta\u00e7\u00f5es sobre alimenta\u00e7\u00e3o alternativa para o semi\u00e1rido paraibano (Orientador: Genaldo Bertoldo Fernandes);[\/vc_column_text][\/vc_tta_section][\/vc_tta_tabs][\/vc_column][\/vc_row]<\/p>\n<\/div>","protected":false},"excerpt":{"rendered":"<p>[vc_row][vc_column][vc_text_separator title=&#8221;Confira abaixo os projetos e programas de extens\u00e3o que est\u00e3o sendo desenvolvidos no CCHA&#8221; i_icon_fontawesome=&#8221;fas fa-tasks&#8221; i_color=&#8221;custom&#8221; title_align=&#8221;separator_align_left&#8221; add_icon=&#8221;true&#8221; i_custom_color=&#8221;#cc0000&#8243;][vc_tta_tabs][vc_tta_section title=&#8221;\u00c1REA 2: CULTURA&#8221; tab_id=&#8221;1655466523362-3de8e22a-fff6&#8243;][vc_column_text]- Cinema nacional na escola: Mem\u00f3rias e narrativas compartilhadas na cidade de Paulista-PB (Orientador: Jairo Bezerra Silva);[\/vc_column_text][\/vc_tta_section][vc_tta_section title=&#8221;\u00c1REA 4: EDUCA\u00c7\u00c3O&#8221; tab_id=&#8221;1655466523375-c63e5865-cbef&#8221;][vc_column_text]- Programa de Apoio ao Empreendedorismo e a Inova\u00e7\u00e3o Tecnol\u00f3gica da <a class=\"leiamais\" href=\"https:\/\/centros.uepb.edu.br\/ccha\/extensao\/\">Leia Mais&#8230;<\/a><\/p>\n","protected":false},"author":16,"featured_media":0,"parent":0,"menu_order":0,"comment_status":"open","ping_status":"open","template":"","meta":{"jetpack_post_was_ever_published":false,"footnotes":""},"class_list":["post-26","page","type-page","status-publish","hentry"],"jetpack_sharing_enabled":true,"jetpack_shortlink":"https:\/\/wp.me\/P7QIsS-q","_links":{"self":[{"href":"https:\/\/centros.uepb.edu.br\/ccha\/wp-json\/wp\/v2\/pages\/26","targetHints":{"allow":["GET"]}}],"collection":[{"href":"https:\/\/centros.uepb.edu.br\/ccha\/wp-json\/wp\/v2\/pages"}],"about":[{"href":"https:\/\/centros.uepb.edu.br\/ccha\/wp-json\/wp\/v2\/types\/page"}],"author":[{"embeddable":true,"href":"https:\/\/centros.uepb.edu.br\/ccha\/wp-json\/wp\/v2\/users\/16"}],"replies":[{"embeddable":true,"href":"https:\/\/centros.uepb.edu.br\/ccha\/wp-json\/wp\/v2\/comments?post=26"}],"version-history":[{"count":0,"href":"https:\/\/centros.uepb.edu.br\/ccha\/wp-json\/wp\/v2\/pages\/26\/revisions"}],"wp:attachment":[{"href":"https:\/\/centros.uepb.edu.br\/ccha\/wp-json\/wp\/v2\/media?parent=26"}],"curies":[{"name":"wp","href":"https:\/\/api.w.org\/{rel}","templated":true}]}}