{"id":18,"date":"2014-03-20T19:16:32","date_gmt":"2014-03-20T19:16:32","guid":{"rendered":"\/ccha\/?page_id=18"},"modified":"2022-06-15T11:19:31","modified_gmt":"2022-06-15T11:19:31","slug":"historico","status":"publish","type":"page","link":"https:\/\/centros.uepb.edu.br\/ccha\/historico\/","title":{"rendered":"Hist\u00f3rico"},"content":{"rendered":"<div class=\"wpb-content-wrapper\"><p>[vc_row][vc_column][vc_column_text]<a href=\"https:\/\/i0.wp.com\/centros.uepb.edu.br\/ccha\/files\/2022\/05\/Entrada-Cajueiro.jpg?ssl=1\"><img data-recalc-dims=\"1\" loading=\"lazy\" decoding=\"async\" data-attachment-id=\"1239\" data-permalink=\"https:\/\/centros.uepb.edu.br\/ccha\/historico\/entrada-cajueiro\/\" data-orig-file=\"https:\/\/i0.wp.com\/centros.uepb.edu.br\/ccha\/files\/2022\/05\/Entrada-Cajueiro.jpg?fit=833%2C625&amp;ssl=1\" data-orig-size=\"833,625\" data-comments-opened=\"0\" data-image-meta=\"{&quot;aperture&quot;:&quot;0&quot;,&quot;credit&quot;:&quot;&quot;,&quot;camera&quot;:&quot;&quot;,&quot;caption&quot;:&quot;&quot;,&quot;created_timestamp&quot;:&quot;0&quot;,&quot;copyright&quot;:&quot;&quot;,&quot;focal_length&quot;:&quot;0&quot;,&quot;iso&quot;:&quot;0&quot;,&quot;shutter_speed&quot;:&quot;0&quot;,&quot;title&quot;:&quot;&quot;,&quot;orientation&quot;:&quot;0&quot;}\" data-image-title=\"Entrada Cajueiro\" data-image-description=\"\" data-image-caption=\"\" data-large-file=\"https:\/\/i0.wp.com\/centros.uepb.edu.br\/ccha\/files\/2022\/05\/Entrada-Cajueiro.jpg?fit=833%2C625&amp;ssl=1\" class=\"alignright wp-image-1239 img-responsive\" src=\"https:\/\/i0.wp.com\/centros.uepb.edu.br\/ccha\/files\/2022\/05\/Entrada-Cajueiro.jpg?resize=400%2C300&#038;ssl=1\" alt=\"\" width=\"400\" height=\"300\" srcset=\"https:\/\/i0.wp.com\/centros.uepb.edu.br\/ccha\/files\/2022\/05\/Entrada-Cajueiro.jpg?resize=300%2C225&amp;ssl=1 300w, https:\/\/i0.wp.com\/centros.uepb.edu.br\/ccha\/files\/2022\/05\/Entrada-Cajueiro.jpg?resize=768%2C576&amp;ssl=1 768w, https:\/\/i0.wp.com\/centros.uepb.edu.br\/ccha\/files\/2022\/05\/Entrada-Cajueiro.jpg?resize=370%2C278&amp;ssl=1 370w, https:\/\/i0.wp.com\/centros.uepb.edu.br\/ccha\/files\/2022\/05\/Entrada-Cajueiro.jpg?w=833&amp;ssl=1 833w\" sizes=\"auto, (max-width: 400px) 100vw, 400px\" \/><\/a>Com mais de 55 anos de exist\u00eancia, a Escola Agrot\u00e9cnica do Cajueiro, Campus IV, localiza-se na Comunidade do Cajueiro, regi\u00e3o do Semi\u00e1rido paraibano, Mesorregi\u00e3o do Sert\u00e3o Paraibano, distante 427 km da capital do estado, possui uma \u00e1rea total de aproximadamente 93 hectares.<\/p>\n<p>Funcionou de inicio quando fundada em 1952 como Col\u00e9gio Agr\u00edcola de Catol\u00e9 do Rocha, administrado pelo Governo Federal. Em 1979, atrav\u00e9s da Lei 4.126 de 27 de dezembro, ap\u00f3s 10 anos sem funcionamento foi reaberta como Escola Estadual Agrot\u00e9cnica do Cajueiro, vinculada a Secretaria de Educa\u00e7\u00e3o do Estado e incorporada posteriormente pela Universidade Estadual da Para\u00edba em 1989 de acordo com o Decreto Estadual 1.133 de maio de 1989.\u00a0Em 2004 foi criado o Centro de Ci\u00eancias Humanas e Agr\u00e1rias\/Campus IV\/Catol\u00e9 do Rocha.<\/p>\n<p>A Escola anteriormente oferecia o Curso T\u00e9cnico em Agropecu\u00e1ria (sistema tradicional) aos alunos concluintes de 1\u00aa s\u00e9rie do Ensino M\u00e9dio ou oriundo de outras escolas agr\u00edcolas. Atualmente s\u00e3o oferecidos no C\u00e2mpus IV os Cursos de Licenciatura em Ci\u00eancias Agr\u00e1rias, Licenciatura em Letras (Modalidade Presencial), os curso de Bacharelado em Geografia e Bacharelado em Administra\u00e7\u00e3o P\u00fablica (Modalidade \u00e0 dist\u00e2ncia),\u00a0e tamb\u00e9m o PARFOR e Especializa\u00e7\u00e3o em Educa\u00e7\u00e3o.<\/p>\n<p>De acordo com a nova concep\u00e7\u00e3o de Educa\u00e7\u00e3o B\u00e1sica e atendendo ao processo de implanta\u00e7\u00e3o do Ensino Profissional, com base na Lei de Diretrizes e Base \u2013 LDB, 9.394, publicada no Di\u00e1rio Oficial de Uni\u00e3o em 20 de dezembro de 1996, regulamentada pelo Decreto 2.208 de 17 de abril de 1997 e Portaria no 646 de 14 de maio de 1997, e a resolu\u00e7\u00e3o 04\/99, a Escola Agrot\u00e9cnica do Cajueiro &#8211; UEPB atendendo as exig\u00eancias da referida Lei e atrav\u00e9s de averigua\u00e7\u00e3o da tend\u00eancia regional, cria o Curso T\u00e9cnico em Agropecu\u00e1ria de N\u00edvel M\u00e9dio.<\/p>\n<p>Dessa forma, de acordo com a concep\u00e7\u00e3o de Educa\u00e7\u00e3o B\u00e1sica, passou a atender a exig\u00eancia da lei, integrando o Ensino M\u00e9dio e o Ensino T\u00e9cnico em Agropecu\u00e1ria atendendo \u00e0s exig\u00eancias do mercado de trabalho na \u00e1rea de abrang\u00eancia da escola, buscando a melhoria do n\u00edvel tecnol\u00f3gico praticado na explora\u00e7\u00e3o agropecu\u00e1ria regional, maior produtividade e consequentemente melhoria do n\u00edvel de qualidade de vida da popula\u00e7\u00e3o, respeitando as normas relativas \u00e0 dura\u00e7\u00e3o m\u00ednima da Educa\u00e7\u00e3o B\u00e1sica de N\u00edvel M\u00e9dio, que inclui a forma\u00e7\u00e3o geral e a prepara\u00e7\u00e3o para o trabalho. E assim suas a\u00e7\u00f5es no atendimento \u00e0s exig\u00eancias que s\u00e3o pr\u00f3prias do seu tempo. Tempo este marcado pela competi\u00e7\u00e3o e a excel\u00eancia, em que progressos cient\u00edficos e avan\u00e7os tecnol\u00f3gicos definem par\u00e2metros para \u00e0queles que ingressar\u00e3o no mundo do trabalho.<\/p>\n<p>Diante de todas as dificuldades de adapta\u00e7\u00e3o a cada novo fato ocorrido, o Centro de Ci\u00eancias Humanas e Agr\u00e1rias e a Escola Agrot\u00e9cnica do Cajueiro vem vencendo os obst\u00e1culos, cumprindo seu papel e avan\u00e7ando na constru\u00e7\u00e3o da hist\u00f3ria da educa\u00e7\u00e3o interiorana.[\/vc_column_text][\/vc_column][\/vc_row]<\/p>\n<\/div>","protected":false},"excerpt":{"rendered":"<p>[vc_row][vc_column][vc_column_text]Com mais de 55 anos de exist\u00eancia, a Escola Agrot\u00e9cnica do Cajueiro, Campus IV, localiza-se na Comunidade do Cajueiro, regi\u00e3o do Semi\u00e1rido paraibano, Mesorregi\u00e3o do Sert\u00e3o Paraibano, distante 427 km da capital do estado, possui uma \u00e1rea total de aproximadamente 93 hectares. Funcionou de inicio quando fundada em 1952 como Col\u00e9gio Agr\u00edcola de Catol\u00e9 do <a class=\"leiamais\" href=\"https:\/\/centros.uepb.edu.br\/ccha\/historico\/\">Leia Mais&#8230;<\/a><\/p>\n","protected":false},"author":16,"featured_media":0,"parent":0,"menu_order":0,"comment_status":"open","ping_status":"open","template":"","meta":{"jetpack_post_was_ever_published":false,"footnotes":""},"class_list":["post-18","page","type-page","status-publish","hentry"],"jetpack_sharing_enabled":true,"jetpack_shortlink":"https:\/\/wp.me\/P7QIsS-i","_links":{"self":[{"href":"https:\/\/centros.uepb.edu.br\/ccha\/wp-json\/wp\/v2\/pages\/18","targetHints":{"allow":["GET"]}}],"collection":[{"href":"https:\/\/centros.uepb.edu.br\/ccha\/wp-json\/wp\/v2\/pages"}],"about":[{"href":"https:\/\/centros.uepb.edu.br\/ccha\/wp-json\/wp\/v2\/types\/page"}],"author":[{"embeddable":true,"href":"https:\/\/centros.uepb.edu.br\/ccha\/wp-json\/wp\/v2\/users\/16"}],"replies":[{"embeddable":true,"href":"https:\/\/centros.uepb.edu.br\/ccha\/wp-json\/wp\/v2\/comments?post=18"}],"version-history":[{"count":0,"href":"https:\/\/centros.uepb.edu.br\/ccha\/wp-json\/wp\/v2\/pages\/18\/revisions"}],"wp:attachment":[{"href":"https:\/\/centros.uepb.edu.br\/ccha\/wp-json\/wp\/v2\/media?parent=18"}],"curies":[{"name":"wp","href":"https:\/\/api.w.org\/{rel}","templated":true}]}}