{"id":1053,"date":"2021-05-08T00:15:16","date_gmt":"2021-05-08T00:15:16","guid":{"rendered":"https:\/\/centros.uepb.edu.br\/ccha\/?page_id=1053"},"modified":"2021-05-08T00:15:16","modified_gmt":"2021-05-08T00:15:16","slug":"editais","status":"publish","type":"page","link":"https:\/\/centros.uepb.edu.br\/ccha\/editais\/","title":{"rendered":"Editais"},"content":{"rendered":"\n    <script>\n        jQuery(function($){\n\n            var __dt = $('#wpdmmydls-273470d7cc39f7249fa434e52d987e50').dataTable({\n                \"dom\": '<\"wpdmdt-toolbar\"lfrB>t<\"wpdmdt-toolbarb\"ip>',\n                responsive: true,\n                \"order\": [[ 0, \"desc\" ]],\n                \"language\": {\n                    \"lengthMenu\": \"Exibir _MENU_ arquivos por p\u00e1gina\",\n                    \"zeroRecords\": \"Nenhum arquivo encontrado\",\n                    \"info\": \"Exibindo _START_ at\u00e9 _END_ de _TOTAL_ arquivos\",\n                    \"infoEmpty\": \"Nenhum arquivo dispon\u00edvel\",\n                    \"infoFiltered\": \"(filtrar de  _MAX_ arquivos)\",\n                    \"emptyTable\":     \"Nenhum dado dispon\u00edvel na tabela\",\n                    \"infoPostFix\":    \"\",\n                    \"thousands\":      \",\",\n                    \"loadingRecords\": \"Carregando...\",\n                    \"processing\":     \"Processando...\",\n                    \"search\":         \"Procurar:\",\n                    \"paginate\": {\n                        \"first\":      \"Primeiro\",\n                        \"last\":       \"\u00daltimo\",\n                        \"next\":       \"Pr\u00f3ximo\",\n                        \"previous\":   \"Anterior\"\n                    },\n                    \"aria\": {\n                        \"sortAscending\":  \" : ordenar coluna na ascendente\",\n                        \"sortDescending\": \": ordenar coluna na descendente\"\n                    }\n                },\n                \"iDisplayLength\": 20,\n                \"aLengthMenu\": [[20, 10, 25, 50, -1], [20, 10, 25, 50, \"Todos\"]]\n            });\n\n                    });\n    <\/script>\n<style>\n    .wpdmdt-toolbar {\n        padding: 10px;\n    }\n    .wpdmdt-toolbarb {\n        padding: 5px 10px 10px;\n    }\n    .wpdmdt-toolbar > div {\n        display: inline-block;\n    }\n    table,td,th{\n        border: 0;\n    }\n    #wpdm-all-packages .card{\n        overflow: hidden;\n    }\n    .dataTables_wrapper .table{\n        margin: 0;\n    }\n    #wpdmmydls-273470d7cc39f7249fa434e52d987e50{\n        border-bottom: 1px solid #dddddd;\n        border-top: 1px solid #dddddd;\n        font-size: 10pt;\n        min-width: 100%;\n    }\n    #wpdmmydls-273470d7cc39f7249fa434e52d987e50 .wpdm-download-link img{\n        box-shadow: none !important;\n        max-width: 100%;\n    }\n    .w3eden .pagination{\n        margin: 0 !important;\n    }\n    #wpdmmydls-273470d7cc39f7249fa434e52d987e50 td:not(:first-child){\n        vertical-align: middle !important;\n    }\n    #wpdmmydls-273470d7cc39f7249fa434e52d987e50 td.__dt_col_download_link .btn{\n        display: flex;\n        width: 100%;\n    }\n    #wpdmmydls-273470d7cc39f7249fa434e52d987e50 td.__dt_col_download_link,\n    #wpdmmydls-273470d7cc39f7249fa434e52d987e50 th#download_link{\n        max-width: 155px !important;\n        width: 155px;\n\n    }\n    #wpdmmydls-273470d7cc39f7249fa434e52d987e50 th{\n        background-color: rgba(0,0,0,0.04);\n        border-bottom: 1px solid rgba(0,0,0,0.025);\n    }\n    #wpdmmydls-273470d7cc39f7249fa434e52d987e50_length label,\n    #wpdmmydls-273470d7cc39f7249fa434e52d987e50_filter label{\n        font-weight: 400;\n    }\n    #wpdmmydls-273470d7cc39f7249fa434e52d987e50_filter input[type=search]{\n        display: inline-block;\n        width: 200px;\n    }\n    #wpdmmydls-273470d7cc39f7249fa434e52d987e50_length select{\n        display: inline-block;\n        width: 60px;\n    }\n\n    #wpdmmydls-273470d7cc39f7249fa434e52d987e50 .package-title{\n        color:#36597C;\n        font-size: 11pt;\n        font-weight: 700;\n    }\n    #wpdmmydls-273470d7cc39f7249fa434e52d987e50 .small-txt{\n        margin-right: 7px;\n    }\n    #wpdmmydls-273470d7cc39f7249fa434e52d987e50 td{\n        min-width: 150px;\n    }\n\n    #wpdmmydls-273470d7cc39f7249fa434e52d987e50 td.__dt_col_categories{\n        max-width: 300px;\n    }\n\n    #wpdmmydls-273470d7cc39f7249fa434e52d987e50 .small-txt,\n    #wpdmmydls-273470d7cc39f7249fa434e52d987e50 small{\n        font-size: 9pt;\n    }\n    .w3eden .table-striped tbody tr:nth-of-type(2n+1) {\n        background-color: rgba(0,0,0,0.015);\n    }\n    .dataTables_wrapper .dataTables_paginate .paginate_button:active,\n    .dataTables_wrapper .dataTables_paginate .paginate_button:focus,\n    .dataTables_wrapper .dataTables_paginate .paginate_button:hover,\n    .dataTables_wrapper .dataTables_paginate .paginate_button{\n        margin: 0 !important;\n        padding: 0 !important;\n        border: 0 !important;\n        background: transparent !important;\n    }\n\n\n    @media (max-width: 799px) {\n        #wpdmmydls-273470d7cc39f7249fa434e52d987e50 tr {\n            display: block;\n            border: 3px solid rgba(0,0,0,0.3) !important;\n            margin-bottom: 10px !important;\n            position: relative;\n        }\n        #wpdmmydls-273470d7cc39f7249fa434e52d987e50 thead{\n            display: none;\n        }\n        #wpdmmydls-273470d7cc39f7249fa434e52d987e50,\n        #wpdmmydls-273470d7cc39f7249fa434e52d987e50 td:first-child {\n            border: 0 !important;\n        }\n        #wpdmmydls-273470d7cc39f7249fa434e52d987e50 td {\n            display: block;\n        }\n        #wpdmmydls-273470d7cc39f7249fa434e52d987e50 td.__dt_col_download_link {\n            display: block;\n            max-width: 100% !important;\n            width: auto !important;\n\n        }\n    }\n\n\n<\/style>\n<div class=\"w3eden\">\n    <div id=\"wpdm-all-packages\">\n        <table id=\"wpdmmydls-273470d7cc39f7249fa434e52d987e50\" class=\"table table-striped wpdm-all-packages-table\">\n            <thead>\n            <tr>\n                                <th style=\"\"  id=\"title\" class=\"\">T\u00edtulo<\/th>\n                                <th style=\"\"  id=\"downloadlink\" class=\"hidden-sm hidden-xs\">Download<\/th>\n                \n            <\/tr>\n            <\/thead>\n            <tbody>\n            \n                    <tr class=\"__dt_row\">\n                                                <td  class=\"__dt_col_0 __dt_col __dt_col_title\" style=\"background-image: url('https:\/\/centros.uepb.edu.br\/ccha\/wp-content\/plugins\/download-manager\/assets\/file-type-icons\/pdf.svg');background-size: 36px;background-position: 5px 8px;background-repeat:  no-repeat;padding-left: 52px;line-height: normal;\">\n                            <strong>Edital para o programa de restaurante universit\u00e1rio 2022.2<\/strong><br\/><div class=\"hidden-md hidden-lg td-mobile\"><\/div>\n\n                        <\/td>\n                                                <td  class=\"__dt_col_1 __dt_col __dt_col_download_link\" >\n                            <a class='wpdm-download-link download-on-click btn btn-primary ' rel='nofollow' href='#' data-downloadurl=\"https:\/\/centros.uepb.edu.br\/ccha\/download\/edital-para-o-programa-de-restaurante-universitario-2022-2\/?wpdmdl=1730&refresh=69f40f56e89001777602390\">Download<\/a>\n\n                        <\/td>\n                        \n                    <\/tr>\n                \n                    <tr class=\"__dt_row\">\n                                                <td  class=\"__dt_col_0 __dt_col __dt_col_title\" style=\"background-image: url('https:\/\/centros.uepb.edu.br\/ccha\/wp-content\/plugins\/download-manager\/assets\/file-type-icons\/pdf.svg');background-size: 36px;background-position: 5px 8px;background-repeat:  no-repeat;padding-left: 52px;line-height: normal;\">\n                            <strong>Edital de inscri\u00e7\u00f5es de docentes para composi\u00e7\u00e3o do n\u00facleo docente estruturante (NDE) \u2013 01\/2021<\/strong><br\/><div class=\"hidden-md hidden-lg td-mobile\"><\/div>\n\n                        <\/td>\n                                                <td  class=\"__dt_col_1 __dt_col __dt_col_download_link\" >\n                            <a class='wpdm-download-link download-on-click btn btn-primary ' rel='nofollow' href='#' data-downloadurl=\"https:\/\/centros.uepb.edu.br\/ccha\/download\/edital-de-inscricoes-de-docentes-para-composicao-do-nucleo-docente-estruturante-nde-01-2021\/?wpdmdl=1052&refresh=69f40f56ea3a01777602390\">Download<\/a>\n\n                        <\/td>\n                        \n                    <\/tr>\n                \n                    <tr class=\"__dt_row\">\n                                                <td  class=\"__dt_col_0 __dt_col __dt_col_title\" style=\"background-image: url('https:\/\/centros.uepb.edu.br\/ccha\/wp-content\/plugins\/download-manager\/assets\/file-type-icons\/pdf.svg');background-size: 36px;background-position: 5px 8px;background-repeat:  no-repeat;padding-left: 52px;line-height: normal;\">\n                            <strong>Edital 001\/2022 &#8211; Sele\u00e7\u00e3o para o Programa Restaurante Universit\u00e1rio<\/strong><br\/><div class=\"hidden-md hidden-lg td-mobile\"><\/div>\n\n                        <\/td>\n                                                <td  class=\"__dt_col_1 __dt_col __dt_col_download_link\" >\n                            <a class='wpdm-download-link download-on-click btn btn-primary ' rel='nofollow' href='#' data-downloadurl=\"https:\/\/centros.uepb.edu.br\/ccha\/download\/edital-001-2022-selecao-para-o-programa-restaurante-universitario\/?wpdmdl=1225&refresh=69f40f56eba391777602390\">Download<\/a>\n\n                        <\/td>\n                        \n                    <\/tr>\n                \n                    <tr class=\"__dt_row\">\n                                                <td  class=\"__dt_col_0 __dt_col __dt_col_title\" style=\"background-image: url('https:\/\/centros.uepb.edu.br\/ccha\/wp-content\/plugins\/download-manager\/assets\/file-type-icons\/pdf.svg');background-size: 36px;background-position: 5px 8px;background-repeat:  no-repeat;padding-left: 52px;line-height: normal;\">\n                            <strong>Edital &#8211; Restaurante Universit\u00e1rio CCHA &#8211; 2025.1<\/strong><br\/><div class=\"hidden-md hidden-lg td-mobile\"><\/div>\n\n                        <\/td>\n                                                <td  class=\"__dt_col_1 __dt_col __dt_col_download_link\" >\n                            <a class='wpdm-download-link download-on-click btn btn-primary ' rel='nofollow' href='#' data-downloadurl=\"https:\/\/centros.uepb.edu.br\/ccha\/download\/edital-restaurante-universitario-ccha-2025-1\/?wpdmdl=1988&refresh=69f40f56ed0cc1777602390\">Download<\/a>\n\n                        <\/td>\n                        \n                    <\/tr>\n                                        <\/tbody>\n        <\/table>\n\n        <div class='text-center'><ul class='pagination wpdm-pagination pagination-centered text-center'><\/ul><\/div>\n    <\/div>\n<\/div>\n\n","protected":false},"excerpt":{"rendered":"","protected":false},"author":29,"featured_media":0,"parent":0,"menu_order":0,"comment_status":"closed","ping_status":"closed","template":"","meta":{"jetpack_post_was_ever_published":false,"footnotes":""},"class_list":["post-1053","page","type-page","status-publish","hentry"],"jetpack_sharing_enabled":true,"jetpack_shortlink":"https:\/\/wp.me\/P7QIsS-gZ","_links":{"self":[{"href":"https:\/\/centros.uepb.edu.br\/ccha\/wp-json\/wp\/v2\/pages\/1053","targetHints":{"allow":["GET"]}}],"collection":[{"href":"https:\/\/centros.uepb.edu.br\/ccha\/wp-json\/wp\/v2\/pages"}],"about":[{"href":"https:\/\/centros.uepb.edu.br\/ccha\/wp-json\/wp\/v2\/types\/page"}],"author":[{"embeddable":true,"href":"https:\/\/centros.uepb.edu.br\/ccha\/wp-json\/wp\/v2\/users\/29"}],"replies":[{"embeddable":true,"href":"https:\/\/centros.uepb.edu.br\/ccha\/wp-json\/wp\/v2\/comments?post=1053"}],"version-history":[{"count":0,"href":"https:\/\/centros.uepb.edu.br\/ccha\/wp-json\/wp\/v2\/pages\/1053\/revisions"}],"wp:attachment":[{"href":"https:\/\/centros.uepb.edu.br\/ccha\/wp-json\/wp\/v2\/media?parent=1053"}],"curies":[{"name":"wp","href":"https:\/\/api.w.org\/{rel}","templated":true}]}}