{"id":8,"date":"2014-09-22T18:22:55","date_gmt":"2014-09-22T18:22:55","guid":{"rendered":"https:\/\/centros.uepb.edu.br\/ccea\/?page_id=8"},"modified":"2016-02-04T21:07:19","modified_gmt":"2016-02-04T21:07:19","slug":"pesquisa","status":"publish","type":"page","link":"https:\/\/centros.uepb.edu.br\/ccea\/pesquisa\/","title":{"rendered":"Pesquisa"},"content":{"rendered":"<p><strong>Coordena\u00e7\u00e3o de Pesquisa\u00a0do CCEA<\/strong><\/p>\n<p>Coordenador: Profa. Dra.\u00a0<span>Sibele Thaise Viana Guimar\u00e3es<\/span><\/p>\n<p>Secret\u00e1rio: Thalisson Rodrigo Fernandes Dantas<\/p>\n<p>Fone: (83) 3421-1475 &#8211; ramal 202<\/p>\n<p>Email: pesquisa@ccea.uepb.edu.br<\/p>\n<p>Sala 701 \u2013 Setor Administrativo<\/p>\n","protected":false},"excerpt":{"rendered":"<p>Coordena\u00e7\u00e3o de Pesquisa\u00a0do CCEA Coordenador: Profa. Dra.\u00a0Sibele Thaise Viana Guimar\u00e3es Secret\u00e1rio: Thalisson Rodrigo Fernandes Dantas Fone: (83) 3421-1475 &#8211; ramal 202 Email: pesquisa@ccea.uepb.edu.br Sala 701 \u2013 Setor Administrativo<\/p>\n","protected":false},"author":1,"featured_media":0,"parent":0,"menu_order":21,"comment_status":"open","ping_status":"open","template":"","meta":{"jetpack_post_was_ever_published":false,"footnotes":""},"class_list":["post-8","page","type-page","status-publish","hentry"],"jetpack_sharing_enabled":true,"jetpack_shortlink":"https:\/\/wp.me\/P7WTGX-8","jetpack_likes_enabled":true,"jetpack-related-posts":[{"id":49,"url":"https:\/\/centros.uepb.edu.br\/ccea\/grupos-de-pesquisa\/","url_meta":{"origin":8,"position":0},"title":"Grupos de Pesquisa","author":"direcao","date":"23 de setembro de 2014","format":false,"excerpt":"[vc_row gap=\"30\"][vc_column width=\"1\/3\"][vc_text_separator title=\"GEMCA\" title_align=\"separator_align_left\"][vc_column_text]Grupo de Eletromagnetismo e Matem\u00e1tica Computacional Aplicado Coordena\u00e7\u00e3o geral: Prof\u00ba. Dr. Elder Eldevitch Carneiro de Oliveira Prof\u00ba. Dr. Pedro Carlos de Assis J\u00fanior Sala 401 - Setor B \u00a0 O Grupo de Eletromagnetismo e Matem\u00e1tica Computacional Aplicado (GEMCA) apresenta uma natureza multidisciplinar, contando com pesquisadores de\u2026","rel":"","context":"Post similar","block_context":{"text":"Post similar","link":""},"img":{"alt_text":"","src":"","width":0,"height":0},"classes":[]},{"id":56,"url":"https:\/\/centros.uepb.edu.br\/ccea\/projetos-de-pesquisa-2\/","url_meta":{"origin":8,"position":1},"title":"Projetos de Pesquisa","author":"direcao","date":"23 de setembro de 2014","format":false,"excerpt":"[vc_row][vc_column][vc_text_separator title=\"PIBIC Cota 2014\/2015\" title_align=\"separator_align_left\" css=\".vc_custom_1659033049703{margin-top: 20px !important;margin-bottom: 30px !important;}\"][vc_tta_accordion style=\"modern\" shape=\"square\" c_icon=\"triangle\" active_section=\"\" collapsible_all=\"true\"][vc_tta_section title=\"Redes de pol\u00edticas: uma an\u00e1lise das pol\u00edticas p\u00fablicas de educa\u00e7\u00e3o superior no estado da Para\u00edba\" tab_id=\"1659011561197-627765ce-d4a0\"][vc_column_text]Professor: Ayalla C\u00e2ndido Freire \u00c1rea: Administra\u00e7\u00e3o[\/vc_column_text][\/vc_tta_section][vc_tta_section title=\"Estrat\u00e9gias de Diferencia\u00e7\u00e3o de Mercado: Um Estudo de Caso com Redes Supermercadistas do Interior\u2026","rel":"","context":"Post similar","block_context":{"text":"Post similar","link":""},"img":{"alt_text":"","src":"","width":0,"height":0},"classes":[]},{"id":23,"url":"https:\/\/centros.uepb.edu.br\/ccea\/graduacao\/","url_meta":{"origin":8,"position":2},"title":"Gradua\u00e7\u00e3o","author":"arnaud","date":"15 de setembro de 2017","format":false,"excerpt":"[vc_row][vc_column][vc_tta_accordion shape=\"square\" c_icon=\"triangle\" active_section=\"\" collapsible_all=\"true\"][vc_tta_section title=\"Bacharelado em Administra\u00e7\u00e3o\" tab_id=\"1659097522759-cbf74554-77e2\"][vc_column_text]Turno: Diurno\/ Noturno Dura\u00e7\u00e3o: Diurno \u2013 M\u00ednimo: 8 semestres \/ M\u00e1ximo: 12 semestres Noturno \u2013 M\u00ednimo: 9 semestres \/ M\u00e1ximo: 14 semestres C\u00f3digo do Curso:\u00a0114756 Coordenador: Odilon Avelino da Cunha Coordenadora adjunta: Simone Costa Silva Secret\u00e1ria: Fl\u00e1via Bertoldo Ferreira Endere\u00e7o: Rua Alfredo\u2026","rel":"","context":"Post similar","block_context":{"text":"Post similar","link":""},"img":{"alt_text":"","src":"","width":0,"height":0},"classes":[]},{"id":78,"url":"https:\/\/centros.uepb.edu.br\/ccea\/contatos\/","url_meta":{"origin":8,"position":3},"title":"Contatos","author":"arnaud","date":"15 de setembro de 2017","format":false,"excerpt":"[vc_row][vc_column][vc_tta_tabs][vc_tta_section title=\"Telefones e Emails\" tab_id=\"1659114018337-80f5407e-3b27\"][vc_row_inner gap=\"30\"][vc_column_inner width=\"1\/2\"][vc_column_text css=\"\"] Dire\u00e7\u00e3o do CCEA Diretor: Jos\u00e9 Ginaldo de Souza Farias Diretor adjunto: Ant\u00f4nio Jos\u00e9 Gomes Pedrosa Telefones: (83) 3421 1475\/ 3421 1447 \u2013 Ramal 200\/ 9.9371-2221 E-mails: ccea@setor.uepb.edu.br ginaldo@servidor.uepb.edu.br pedrosa@servidor.uepb.edu.br Coordena\u00e7\u00e3o do Curso de Administra\u00e7\u00e3o Coordenador: Odilon Avelino da Cunha Coordenadora adjunta: Simone\u2026","rel":"","context":"Post similar","block_context":{"text":"Post similar","link":""},"img":{"alt_text":"","src":"https:\/\/i0.wp.com\/centros.uepb.edu.br\/ccea\/files\/2014\/09\/LocalizacaoUEPBCCEA2.jpg?resize=350%2C200&ssl=1","width":350,"height":200,"srcset":"https:\/\/i0.wp.com\/centros.uepb.edu.br\/ccea\/files\/2014\/09\/LocalizacaoUEPBCCEA2.jpg?resize=350%2C200&ssl=1 1x, https:\/\/i0.wp.com\/centros.uepb.edu.br\/ccea\/files\/2014\/09\/LocalizacaoUEPBCCEA2.jpg?resize=525%2C300&ssl=1 1.5x, https:\/\/i0.wp.com\/centros.uepb.edu.br\/ccea\/files\/2014\/09\/LocalizacaoUEPBCCEA2.jpg?resize=700%2C400&ssl=1 2x"},"classes":[]},{"id":1845,"url":"https:\/\/centros.uepb.edu.br\/ccea\/biblioteca\/sobre\/","url_meta":{"origin":8,"position":4},"title":"Sobre","author":"thales","date":"28 de julho de 2022","format":false,"excerpt":"[vc_row][vc_column][vc_column_text]Apresenta\u00e7\u00e3o A Biblioteca Setorial Professor Virg\u00edlio Trindade, localizada no Campus VII, na cidade de Patos\/PB, faz parte do Sistema Integrado de Biblioteca (SIB) da UEPB, e tem por objetivo difundir e estimular o acesso \u00e0 informa\u00e7\u00e3o, por meio de seu acervo voltado principalmente, para estudantes universit\u00e1rios, docentes e t\u00e9cnico-administrativos. Inaugurada\u2026","rel":"","context":"Post similar","block_context":{"text":"Post similar","link":""},"img":{"alt_text":"","src":"","width":0,"height":0},"classes":[]},{"id":1831,"url":"https:\/\/centros.uepb.edu.br\/ccea\/biblioteca\/servicos-oferecidos\/","url_meta":{"origin":8,"position":5},"title":"Servi\u00e7os Oferecidos","author":"thales","date":"28 de julho de 2022","format":false,"excerpt":"[vc_row][vc_column][vc_tta_tour active_section=\"1\"][vc_tta_section title=\"Ficha Catalogr\u00e1fica online\" tab_id=\"1659014938507-22d52d5c-9eb0\"][vc_column_text]A ficha catalogr\u00e1fica \u00e9 um documento que cont\u00e9m as informa\u00e7\u00f5es bibliogr\u00e1ficas necess\u00e1rias para identificar e localizar um livro ou outro documento no acervo de uma biblioteca. Todos os trabalhos de conclus\u00e3o de curso da Universidade Estadual da Para\u00edba devem conter a ficha catalogr\u00e1fica. As solicita\u00e7\u00f5es\u2026","rel":"","context":"Post similar","block_context":{"text":"Post similar","link":""},"img":{"alt_text":"","src":"","width":0,"height":0},"classes":[]}],"_links":{"self":[{"href":"https:\/\/centros.uepb.edu.br\/ccea\/wp-json\/wp\/v2\/pages\/8","targetHints":{"allow":["GET"]}}],"collection":[{"href":"https:\/\/centros.uepb.edu.br\/ccea\/wp-json\/wp\/v2\/pages"}],"about":[{"href":"https:\/\/centros.uepb.edu.br\/ccea\/wp-json\/wp\/v2\/types\/page"}],"author":[{"embeddable":true,"href":"https:\/\/centros.uepb.edu.br\/ccea\/wp-json\/wp\/v2\/users\/1"}],"replies":[{"embeddable":true,"href":"https:\/\/centros.uepb.edu.br\/ccea\/wp-json\/wp\/v2\/comments?post=8"}],"version-history":[{"count":0,"href":"https:\/\/centros.uepb.edu.br\/ccea\/wp-json\/wp\/v2\/pages\/8\/revisions"}],"wp:attachment":[{"href":"https:\/\/centros.uepb.edu.br\/ccea\/wp-json\/wp\/v2\/media?parent=8"}],"curies":[{"name":"wp","href":"https:\/\/api.w.org\/{rel}","templated":true}]}}