{"id":56,"date":"2014-09-23T17:35:56","date_gmt":"2014-09-23T17:35:56","guid":{"rendered":"https:\/\/centros.uepb.edu.br\/ccea\/?page_id=56"},"modified":"2022-07-28T18:30:52","modified_gmt":"2022-07-28T18:30:52","slug":"projetos-de-pesquisa-2","status":"publish","type":"page","link":"https:\/\/centros.uepb.edu.br\/ccea\/projetos-de-pesquisa-2\/","title":{"rendered":"Projetos de Pesquisa"},"content":{"rendered":"<div class=\"wpb-content-wrapper\"><p>[vc_row][vc_column][vc_text_separator title=&#8221;PIBIC Cota 2014\/2015&#8243; title_align=&#8221;separator_align_left&#8221; css=&#8221;.vc_custom_1659033049703{margin-top: 20px !important;margin-bottom: 30px !important;}&#8221;][vc_tta_accordion style=&#8221;modern&#8221; shape=&#8221;square&#8221; c_icon=&#8221;triangle&#8221; active_section=&#8221;&#8221; collapsible_all=&#8221;true&#8221;][vc_tta_section title=&#8221;Redes de pol\u00edticas: uma an\u00e1lise das pol\u00edticas p\u00fablicas de educa\u00e7\u00e3o superior no estado da Para\u00edba&#8221; tab_id=&#8221;1659011561197-627765ce-d4a0&#8243;][vc_column_text]Professor: Ayalla C\u00e2ndido Freire<\/p>\n<p>\u00c1rea: Administra\u00e7\u00e3o[\/vc_column_text][\/vc_tta_section][vc_tta_section title=&#8221;Estrat\u00e9gias de Diferencia\u00e7\u00e3o de Mercado: Um Estudo de Caso com Redes Supermercadistas do Interior Paraibano&#8221; tab_id=&#8221;1659011561209-f9ecc815-0cd9&#8243;][vc_column_text]Professor: Debora Barbosa G. de Oliveira Vila\u00e7a<\/p>\n<p>\u00c1rea: Administra\u00e7\u00e3o[\/vc_column_text][\/vc_tta_section][vc_tta_section title=&#8221;Estudo param\u00e9trico de antenas patches de microfita com fendas duplas paralelas para aplica\u00e7\u00f5es em sistemas de comunica\u00e7\u00e3o sem fio (IEEE 802.11b\/g\/n)&#8221; tab_id=&#8221;1659011637811-3946f2f5-ae58&#8243;][vc_column_text]Professor: Elder Eldervitch Carneiro de Oliveira<\/p>\n<p>\u00c1rea: Computa\u00e7\u00e3o[\/vc_column_text][\/vc_tta_section][vc_tta_section title=&#8221;Um estudo sobre a teoria da informa\u00e7\u00e3o qu\u00e2ntica em estruturas de grafeno&#8221; tab_id=&#8221;1659011688231-ba2a4e39-9604&#8243;][vc_column_text]Professor: Everton Cavalcante<\/p>\n<p>\u00c1rea: F\u00edsica[\/vc_column_text][\/vc_tta_section][vc_tta_section title=&#8221;Pr\u00e1ticas pedag\u00f3gicas para o ensino de laborat\u00f3rio de qu\u00edmica e an\u00e1lise do perfil do egresso do curso de licenciatura em ci\u00eancias exatas com habilita\u00e7\u00e3o em qu\u00edmica&#8221; tab_id=&#8221;1659011689610-58d99915-4a08&#8243;][vc_column_text]Professor: Ilauro de Souza Lima<\/p>\n<p>\u00c1rea: Educa\u00e7\u00e3o\/Qu\u00edmica[\/vc_column_text][\/vc_tta_section][vc_tta_section title=&#8221;Gera\u00e7\u00e3o autom\u00e1tica de aut\u00f4matos temporizados para especifica\u00e7\u00f5es de sistemas instrumentados de seguran\u00e7a&#8221; tab_id=&#8221;1659011690342-d584749f-570d&#8221;][vc_column_text]Professor: K\u00e9zia de Vasconcelos O. Dantas<\/p>\n<p>\u00c1rea: Computa\u00e7\u00e3o[\/vc_column_text][\/vc_tta_section][vc_tta_section title=&#8221;Impactos do IDEB na percep\u00e7\u00e3o de professores de patos e contribui\u00e7\u00f5es de softwares para o monitoramento educacional&#8221; tab_id=&#8221;1659011690907-806cb869-31b5&#8243;][vc_column_text]<\/p>\n<div id=\"ui-id-7\" class=\"wp-tab-content ui-accordion-content ui-corner-bottom ui-helper-reset ui-widget-content ui-accordion-content-active\" role=\"tabpanel\" aria-labelledby=\"Impactos do IDEB na percep\u00e7\u00e3o de professores de patos e contribui\u00e7\u00f5es de softwares para o monitoramento educacional\" aria-hidden=\"false\">\n<div class=\"wp-tab-content-wrapper\">\n<p>Professor: Lidiane Rodrigues Campelo da Silva<\/p>\n<p>\u00c1rea: Educa\u00e7\u00e3o\/Computa\u00e7\u00e3o<\/p>\n<\/div>\n<\/div>\n<p>[\/vc_column_text][\/vc_tta_section][vc_tta_section title=&#8221;Implementa\u00e7\u00e3o do M\u00e9todo das Diferen\u00e7as Finitas no Dom\u00ednio do Tempo no Espalhamento de Ondas Eletromagn\u00e9ticas em Antenas Patches de Microfita&#8221; tab_id=&#8221;1659011697569-9325548b-d316&#8243;][vc_column_text]Professor: Marcelo da Silva Vieira<\/p>\n<p>\u00c1rea: F\u00edsica[\/vc_column_text][\/vc_tta_section][vc_tta_section title=&#8221;An\u00e1lise Num\u00e9rica e Experimental de um Filtro de Microfita com Linhas Ressoadoras Acopladas&#8221; tab_id=&#8221;1659011698409-3bf77175-ee8e&#8221;][vc_column_text]Professor: Pedro Carlos de Assis Junior<\/p>\n<p>\u00c1rea: F\u00edsica[\/vc_column_text][\/vc_tta_section][vc_tta_section title=&#8221;Pesquisa e Implementa\u00e7\u00e3o de um Prot\u00f3tipo de Software Educacional para Auxiliar no Processo de Alfabetiza\u00e7\u00e3o de Crian\u00e7as com Dislexia&#8221; tab_id=&#8221;1659011699111-afc4eb18-4db4&#8243;][vc_column_text]Professor: Rodrigo Alves Costa<\/p>\n<p>\u00c1rea: Computa\u00e7\u00e3o[\/vc_column_text][\/vc_tta_section][vc_tta_section title=&#8221;Refletindo sobre a imers\u00e3o das escolas p\u00fablicas de Patos-PB no universo da cibercultura&#8221; tab_id=&#8221;1659011699935-02b92039-353a&#8221;][vc_column_text]Professor: Rosangela de Ara\u00fajo Medeiros<\/p>\n<p>\u00c1rea: Educa\u00e7\u00e3o\/Computa\u00e7\u00e3o[\/vc_column_text][\/vc_tta_section][vc_tta_section title=&#8221;Transfer\u00eancia de tecnologia universidade-empresa (u-e): um estudo sobre o conhecimento gerado pela uepb\/campus vii e repassado \u00e0s empresas de Patos\/PB&#8221; tab_id=&#8221;1659011904464-f6ea4645-d122&#8243;][vc_column_text]Professor: Simone Costa Silva<\/p>\n<p>\u00c1rea: Administra\u00e7\u00e3o[\/vc_column_text][\/vc_tta_section][\/vc_tta_accordion][\/vc_column][\/vc_row]<\/p>\n<\/div>","protected":false},"excerpt":{"rendered":"<p>[vc_row][vc_column][vc_text_separator title=&#8221;PIBIC Cota 2014\/2015&#8243; title_align=&#8221;separator_align_left&#8221; css=&#8221;.vc_custom_1659033049703{margin-top: 20px !important;margin-bottom: 30px !important;}&#8221;][vc_tta_accordion style=&#8221;modern&#8221; shape=&#8221;square&#8221; c_icon=&#8221;triangle&#8221; active_section=&#8221;&#8221; collapsible_all=&#8221;true&#8221;][vc_tta_section title=&#8221;Redes de pol\u00edticas: uma an\u00e1lise das pol\u00edticas p\u00fablicas de educa\u00e7\u00e3o superior no estado da Para\u00edba&#8221; tab_id=&#8221;1659011561197-627765ce-d4a0&#8243;][vc_column_text]Professor: Ayalla C\u00e2ndido Freire \u00c1rea: Administra\u00e7\u00e3o[\/vc_column_text][\/vc_tta_section][vc_tta_section title=&#8221;Estrat\u00e9gias de Diferencia\u00e7\u00e3o de Mercado: Um Estudo de Caso com Redes Supermercadistas do Interior Paraibano&#8221; tab_id=&#8221;1659011561209-f9ecc815-0cd9&#8243;][vc_column_text]Professor: Debora Barbosa G. <a class=\"leiamais\" href=\"https:\/\/centros.uepb.edu.br\/ccea\/projetos-de-pesquisa-2\/\">Leia Mais&#8230;<\/a><\/p>\n","protected":false},"author":23,"featured_media":0,"parent":0,"menu_order":12,"comment_status":"open","ping_status":"open","template":"","meta":{"jetpack_post_was_ever_published":false,"footnotes":""},"class_list":["post-56","page","type-page","status-publish","hentry"],"jetpack_sharing_enabled":true,"jetpack_shortlink":"https:\/\/wp.me\/P7WTGX-U","jetpack_likes_enabled":true,"jetpack-related-posts":[{"id":245,"url":"https:\/\/centros.uepb.edu.br\/ccea\/projetos-de-extensao\/","url_meta":{"origin":56,"position":0},"title":"Projetos de Extens\u00e3o","author":"direcao","date":"20 de setembro de 2017","format":false,"excerpt":"[vc_row][vc_column][vc_text_separator title=\"PROBEX Cota 2016\/ 2017\" title_align=\"separator_align_left\" css=\".vc_custom_1659031743968{margin-top: 10px !important;margin-bottom: 30px !important;}\"][vc_tta_accordion shape=\"square\" c_icon=\"triangle\" active_section=\"\" collapsible_all=\"true\"][vc_tta_section title=\"IPC-P (\u00cdndice de Pre\u00e7o ao Consumidor Patoense)\" tab_id=\"1659027830891-8d6666ff-c4df\"][vc_column_text]N\u00famero de cadastro:1.49.14.16\/17 Professor: Odilon Avelino da Cunha[\/vc_column_text][\/vc_tta_section][vc_tta_section title=\"Construindo Pr\u00e1ticas de Bem Viver em Vilas Produtivas Rurais do Projeto de Integra\u00e7\u00e3o do Rio S\u00e3o Francisco\" tab_id=\"1659027855762-9ffde2ff-0004\"][vc_column_text]N\u00famero de cadastro:\u2026","rel":"","context":"Post similar","block_context":{"text":"Post similar","link":""},"img":{"alt_text":"","src":"","width":0,"height":0},"classes":[]},{"id":14,"url":"https:\/\/centros.uepb.edu.br\/ccea\/estudante\/","url_meta":{"origin":56,"position":1},"title":"Estudante","author":"arnaud","date":"22 de setembro de 2014","format":false,"excerpt":"[vc_row][vc_column][vc_tta_tabs][vc_tta_section title=\"DCE\" tab_id=\"1659113316263-71414aef-bd57\"][vc_column_text]Diret\u00f3rio Central dos Estudantes (DCE) Gest\u00e3o Todos Temos Voz! \u00a0Bi\u00eanio 2015-2016 Atendimento: Sala 109 Integrantes[\/vc_column_text][vc_row_inner gap=\"30\"][vc_column_inner width=\"1\/3\"][vc_text_separator title=\"Coordenadores de Campus\" title_align=\"separator_align_left\"][vc_column_text]Janayna de Assis Antunes (Administra\u00e7\u00e3o \u2013 2\u00ba P. Noite) Email: janayna.antunes.ja@gmail.com Telefone: TIM-9910-2267 Pablo Henrique Rodrigues Jaruzo (Computa\u00e7\u00e3o \u2013 7\u00ba P. Noite) Email: pablojaruzo@gmail.com Telefone: TIM-9607-6436[\/vc_column_text][\/vc_column_inner][vc_column_inner width=\"1\/3\"][vc_text_separator title=\"Secretaria\"\u2026","rel":"","context":"Post similar","block_context":{"text":"Post similar","link":""},"img":{"alt_text":"","src":"","width":0,"height":0},"classes":[]},{"id":78,"url":"https:\/\/centros.uepb.edu.br\/ccea\/contatos\/","url_meta":{"origin":56,"position":2},"title":"Contatos","author":"arnaud","date":"15 de setembro de 2017","format":false,"excerpt":"[vc_row][vc_column][vc_tta_tabs][vc_tta_section title=\"Telefones e Emails\" tab_id=\"1659114018337-80f5407e-3b27\"][vc_row_inner gap=\"30\"][vc_column_inner width=\"1\/2\"][vc_column_text css=\"\"] Dire\u00e7\u00e3o do CCEA Diretor: Jos\u00e9 Ginaldo de Souza Farias Diretor adjunto: Ant\u00f4nio Jos\u00e9 Gomes Pedrosa Telefones: (83) 3421 1475\/ 3421 1447 \u2013 Ramal 200\/ 9.9371-2221 E-mails: ccea@setor.uepb.edu.br ginaldo@servidor.uepb.edu.br pedrosa@servidor.uepb.edu.br Coordena\u00e7\u00e3o do Curso de Administra\u00e7\u00e3o Coordenador: Odilon Avelino da Cunha Coordenadora adjunta: Simone\u2026","rel":"","context":"Post similar","block_context":{"text":"Post similar","link":""},"img":{"alt_text":"","src":"https:\/\/i0.wp.com\/centros.uepb.edu.br\/ccea\/files\/2014\/09\/LocalizacaoUEPBCCEA2.jpg?resize=350%2C200&ssl=1","width":350,"height":200,"srcset":"https:\/\/i0.wp.com\/centros.uepb.edu.br\/ccea\/files\/2014\/09\/LocalizacaoUEPBCCEA2.jpg?resize=350%2C200&ssl=1 1x, https:\/\/i0.wp.com\/centros.uepb.edu.br\/ccea\/files\/2014\/09\/LocalizacaoUEPBCCEA2.jpg?resize=525%2C300&ssl=1 1.5x, https:\/\/i0.wp.com\/centros.uepb.edu.br\/ccea\/files\/2014\/09\/LocalizacaoUEPBCCEA2.jpg?resize=700%2C400&ssl=1 2x"},"classes":[]},{"id":1831,"url":"https:\/\/centros.uepb.edu.br\/ccea\/biblioteca\/servicos-oferecidos\/","url_meta":{"origin":56,"position":3},"title":"Servi\u00e7os Oferecidos","author":"thales","date":"28 de julho de 2022","format":false,"excerpt":"[vc_row][vc_column][vc_tta_tour active_section=\"1\"][vc_tta_section title=\"Ficha Catalogr\u00e1fica online\" tab_id=\"1659014938507-22d52d5c-9eb0\"][vc_column_text]A ficha catalogr\u00e1fica \u00e9 um documento que cont\u00e9m as informa\u00e7\u00f5es bibliogr\u00e1ficas necess\u00e1rias para identificar e localizar um livro ou outro documento no acervo de uma biblioteca. Todos os trabalhos de conclus\u00e3o de curso da Universidade Estadual da Para\u00edba devem conter a ficha catalogr\u00e1fica. As solicita\u00e7\u00f5es\u2026","rel":"","context":"Post similar","block_context":{"text":"Post similar","link":""},"img":{"alt_text":"","src":"","width":0,"height":0},"classes":[]},{"id":111,"url":"https:\/\/centros.uepb.edu.br\/ccea\/laboratorios\/","url_meta":{"origin":56,"position":4},"title":"Laborat\u00f3rios","author":"direcao","date":"24 de setembro de 2014","format":false,"excerpt":"[vc_row gap=\"30\"][vc_column width=\"1\/2\"][vc_text_separator title=\"Multiusu\u00e1rio\" title_align=\"separator_align_left\"][vc_column_text]Laborat\u00f3rio de Inform\u00e1tica O Laborat\u00f3rio de Inform\u00e1tica atende aos diversos cursos do Campus VII, estando acess\u00edvel a todos os alunos, professores e funcion\u00e1rios que necessitem do suporte tecnol\u00f3gico para suas atividades. O laborat\u00f3rio tamb\u00e9m \u00e9 utilizado nas aulas pr\u00e1ticas do curso de Computa\u00e7\u00e3o. Sala 408 \u2013\u2026","rel":"","context":"Post similar","block_context":{"text":"Post similar","link":""},"img":{"alt_text":"","src":"","width":0,"height":0},"classes":[]},{"id":23,"url":"https:\/\/centros.uepb.edu.br\/ccea\/graduacao\/","url_meta":{"origin":56,"position":5},"title":"Gradua\u00e7\u00e3o","author":"arnaud","date":"15 de setembro de 2017","format":false,"excerpt":"[vc_row][vc_column][vc_tta_accordion shape=\"square\" c_icon=\"triangle\" active_section=\"\" collapsible_all=\"true\"][vc_tta_section title=\"Bacharelado em Administra\u00e7\u00e3o\" tab_id=\"1659097522759-cbf74554-77e2\"][vc_column_text]Turno: Diurno\/ Noturno Dura\u00e7\u00e3o: Diurno \u2013 M\u00ednimo: 8 semestres \/ M\u00e1ximo: 12 semestres Noturno \u2013 M\u00ednimo: 9 semestres \/ M\u00e1ximo: 14 semestres C\u00f3digo do Curso:\u00a0114756 Coordenador: Odilon Avelino da Cunha Coordenadora adjunta: Simone Costa Silva Secret\u00e1ria: Fl\u00e1via Bertoldo Ferreira Endere\u00e7o: Rua Alfredo\u2026","rel":"","context":"Post similar","block_context":{"text":"Post similar","link":""},"img":{"alt_text":"","src":"","width":0,"height":0},"classes":[]}],"_links":{"self":[{"href":"https:\/\/centros.uepb.edu.br\/ccea\/wp-json\/wp\/v2\/pages\/56","targetHints":{"allow":["GET"]}}],"collection":[{"href":"https:\/\/centros.uepb.edu.br\/ccea\/wp-json\/wp\/v2\/pages"}],"about":[{"href":"https:\/\/centros.uepb.edu.br\/ccea\/wp-json\/wp\/v2\/types\/page"}],"author":[{"embeddable":true,"href":"https:\/\/centros.uepb.edu.br\/ccea\/wp-json\/wp\/v2\/users\/23"}],"replies":[{"embeddable":true,"href":"https:\/\/centros.uepb.edu.br\/ccea\/wp-json\/wp\/v2\/comments?post=56"}],"version-history":[{"count":0,"href":"https:\/\/centros.uepb.edu.br\/ccea\/wp-json\/wp\/v2\/pages\/56\/revisions"}],"wp:attachment":[{"href":"https:\/\/centros.uepb.edu.br\/ccea\/wp-json\/wp\/v2\/media?parent=56"}],"curies":[{"name":"wp","href":"https:\/\/api.w.org\/{rel}","templated":true}]}}