{"id":49,"date":"2014-09-23T17:29:37","date_gmt":"2014-09-23T17:29:37","guid":{"rendered":"https:\/\/centros.uepb.edu.br\/ccea\/?page_id=49"},"modified":"2023-04-04T22:46:29","modified_gmt":"2023-04-04T22:46:29","slug":"grupos-de-pesquisa","status":"publish","type":"page","link":"https:\/\/centros.uepb.edu.br\/ccea\/grupos-de-pesquisa\/","title":{"rendered":"Grupos de Pesquisa"},"content":{"rendered":"<div class=\"wpb-content-wrapper\"><p>[vc_row gap=&#8221;30&#8243;][vc_column width=&#8221;1\/3&#8243;][vc_text_separator title=&#8221;GEMCA&#8221; title_align=&#8221;separator_align_left&#8221;][vc_column_text]<strong>Grupo de Eletromagnetismo e Matem\u00e1tica Computacional Aplicado<\/strong><\/p>\n<p>Coordena\u00e7\u00e3o geral:<br \/>\nProf\u00ba. Dr. Elder Eldevitch Carneiro de Oliveira<\/p>\n<p>Prof\u00ba. Dr. Pedro Carlos de Assis J\u00fanior<\/p>\n<p>Sala 401 &#8211; Setor B<\/p>\n<p>&nbsp;<\/p>\n<p><em>O Grupo de Eletromagnetismo e Matem\u00e1tica Computacional Aplicado (GEMCA) apresenta uma natureza multidisciplinar, contando com pesquisadores de diferentes \u00e1reas do conhecimento, por\u00e9m interligadas entre si, tais como: F\u00edsica, Engenharia El\u00e9trica, Matem\u00e1tica, Telecomunica\u00e7\u00f5es, Computa\u00e7\u00e3o e Tecnologia da Informa\u00e7\u00e3o, em que as pesquisas realizadas pelo grupo s\u00e3o de grande relev\u00e2ncia para a comunidade cient\u00edfica, convergindo \u00e1reas at\u00e9 ent\u00e3o independentes entre si. O grupo ainda conta com parcerias com outros grupos de pesquisa pelo pa\u00eds, de certa forma unindo pesquisadores de diferentes institui\u00e7\u00f5es que fazem pesquisas relacionadas \u00e0 grande \u00e1rea do eletromagnetismo aplicado.<\/em>[\/vc_column_text][vc_btn title=&#8221;Site&#8221; shape=&#8221;square&#8221; color=&#8221;primary&#8221; link=&#8221;url:http%3A%2F%2Fgemca.webnode.com%2F|target:_blank&#8221; css=&#8221;.vc_custom_1659006634454{margin-right: 3px !important;}&#8221;][vc_btn title=&#8221;Cadastro CNPQ&#8221; shape=&#8221;square&#8221; color=&#8221;primary&#8221; link=&#8221;url:http%3A%2F%2Fdgp.cnpq.br%2Fdgp%2Fespelhogrupo%2F6800231194305921|title:Cadastro%20CNPQ|target:_blank&#8221;][\/vc_column][vc_column width=&#8221;1\/3&#8243;][vc_text_separator title=&#8221;LAIA&#8221; title_align=&#8221;separator_align_left&#8221;][vc_column_text]<strong>Laborat\u00f3rio de Aplica\u00e7\u00f5es em Intelig\u00eancia Artificial<\/strong><\/p>\n<p>Coordenador geral<br \/>\nProf\u00ba. Dr. Ricardo Santos de Oliveira<\/p>\n<p>Sala 00 \u2013 Setor 00<\/p>\n<p>&nbsp;<\/p>\n<p><em>O Laborat\u00f3rio de Aplica\u00e7\u00f5es em Intelig\u00eancia Artificial (LAIA) foi criado na Universidade Estadual da Para\u00edba, no CCEA C\u00e2mpus VII, em 2021. O grupo tem o prop\u00f3sito de promover investiga\u00e7\u00f5es cient\u00edficas bem como possibilitar a realiza\u00e7\u00e3o de pesquisas na \u00e1rea de Intelig\u00eancia Artificial no campus VII da UEPB, visto que a pesquisa \u00e9 parte do trip\u00e9 que define a educa\u00e7\u00e3o superior, al\u00e9m de fomentar o desenvolvimento conjunto de projetos com outros C\u00e2mpus da institui\u00e7\u00e3o. Os projetos de pesquisa desenvolvidos abrangem diversos segmentos relacionados a Intelig\u00eancia Artificial, visto que \u00e9 uma \u00e1rea de pesquisa em constante expans\u00e3o. Deste modo, o LAIA desenvolve projetos voltados para aplica\u00e7\u00f5es em redes Neurais, Processamento de Linguagem Natural, Aprendizagem de M\u00e1quina, Ci\u00eancia dos Dados, Tecnologias Assistivas.<\/em>[\/vc_column_text][vc_btn title=&#8221;Cadastro CNPQ&#8221; shape=&#8221;square&#8221; color=&#8221;primary&#8221; link=&#8221;url:http%3A%2F%2Fdgp.cnpq.br%2Fdgp%2Fespelhogrupo%2F0972264398303480|title:Cadastro%20CNPQ|target:_blank&#8221;][\/vc_column][vc_column width=&#8221;1\/3&#8243;][vc_text_separator title=&#8221;ATLAS&#8221; title_align=&#8221;separator_align_left&#8221;][vc_column_text]<strong>A\u00e7\u00e3o das Tecnologias na Aprendizagem Significativa<\/strong><\/p>\n<p>Coordena\u00e7\u00e3o geral:<br \/>\nProf\u00ba. Dr. Rodrigo Alves Costa<\/p>\n<p>Prof\u00ba. Ms. Pablo Roberto Fernandes de Oliveira<\/p>\n<p>Sala 00 \u2013 Setor 00<\/p>\n<p>&nbsp;<\/p>\n<p><em>Crian\u00e7as com dificuldade de aprendizagem em salas de aulas convencionais, no tocante ao processo de aprendizagem, enfrentam uma s\u00e9rie de desafios. Um dos problemas mais significativos nesse processo \u00e9 a dificuldade de leitura. Muitas vezes todo o processo \u00e9 prejudicado pelo ensino tradicional. Diante disso, \u00e9 necess\u00e1rio instigar e desenvolver atividades que estimulem a percep\u00e7\u00e3o e a mem\u00f3ria auditiva, visando a diminui\u00e7\u00e3o desse impacto nesses alunos. Isso pode ser feito com a utiliza\u00e7\u00e3o de ferramentas escolhidas e desenvolvidas para se adequar \u00e0s necessidades de cada um. Algumas dessas s\u00e3o ferramentas terap\u00eauticas que facilitam o processo de aprendizagem por meio do desenvolvimento de habilidades s\u00f3cio\u00admotoras. Neste sentido, este grupo de pesquisa objetiva consolidar o ensino e mostrar a alunos e professores possibilidades de uma ci\u00eancia geradora de um trabalho capaz de criar um ambiente que favore\u00e7a a forma\u00e7\u00e3o significativa: um cidad\u00e3o cr\u00edtico, respons\u00e1vel e aut\u00f4nomo.<\/em>[\/vc_column_text][vc_btn title=&#8221;Cadastro CNPQ&#8221; shape=&#8221;square&#8221; color=&#8221;primary&#8221; link=&#8221;url:http%3A%2F%2Fdgp.cnpq.br%2Fdgp%2Fespelhogrupo%2F3792362384971532|title:Cadastro%20CNPQ|target:_blank&#8221;][\/vc_column][\/vc_row][vc_row][vc_column width=&#8221;1\/3&#8243;][vc_column_text]<strong>A Experimenta\u00e7\u00e3o e o Ensino de F\u00edsica<\/strong><\/p>\n<p>Coordenador geral:<\/p>\n<p>Prof\u00ba. Dr. Valdeci Mestre da Silva J\u00fanior<\/p>\n<p>Sala 00 &#8211; Setor 00<\/p>\n<p>[\/vc_column_text][vc_btn title=&#8221;Cadastro CNPQ&#8221; shape=&#8221;square&#8221; color=&#8221;primary&#8221; link=&#8221;url:http%3A%2F%2Fdgp.cnpq.br%2Fdgp%2Fespelhogrupo%2F7122460188051636|title:Cadastro%20CNPQ|target:_blank&#8221;][\/vc_column][vc_column width=&#8221;1\/3&#8243;][vc_column_text]<strong>\u00d3ptica e F\u00edsica M\u00e9dica<\/strong><\/p>\n<p>Coordenador geral:<\/p>\n<p>Prof\u00ba. Dr. Valdeci Mestre da Silva J\u00fanior<\/p>\n<p>Sala 00 &#8211; Setor 00[\/vc_column_text][vc_btn title=&#8221;Cadastro CNPQ&#8221; shape=&#8221;square&#8221; color=&#8221;primary&#8221; link=&#8221;url:http%3A%2F%2Fdgp.cnpq.br%2Fdgp%2Fespelhogrupo%2F0823373145551694|title:Cadastro%20CNPQ|target:_blank&#8221;][\/vc_column][vc_column width=&#8221;1\/3&#8243;][\/vc_column][\/vc_row]<\/p>\n<\/div>","protected":false},"excerpt":{"rendered":"<p>[vc_row gap=&#8221;30&#8243;][vc_column width=&#8221;1\/3&#8243;][vc_text_separator title=&#8221;GEMCA&#8221; title_align=&#8221;separator_align_left&#8221;][vc_column_text]Grupo de Eletromagnetismo e Matem\u00e1tica Computacional Aplicado Coordena\u00e7\u00e3o geral: Prof\u00ba. Dr. Elder Eldevitch Carneiro de Oliveira Prof\u00ba. Dr. Pedro Carlos de Assis J\u00fanior Sala 401 &#8211; Setor B &nbsp; O Grupo de Eletromagnetismo e Matem\u00e1tica Computacional Aplicado (GEMCA) apresenta uma natureza multidisciplinar, contando com pesquisadores de diferentes \u00e1reas do conhecimento, por\u00e9m <a class=\"leiamais\" href=\"https:\/\/centros.uepb.edu.br\/ccea\/grupos-de-pesquisa\/\">Leia Mais&#8230;<\/a><\/p>\n","protected":false},"author":23,"featured_media":0,"parent":0,"menu_order":13,"comment_status":"open","ping_status":"open","template":"","meta":{"jetpack_post_was_ever_published":false,"footnotes":""},"class_list":["post-49","page","type-page","status-publish","hentry"],"jetpack_sharing_enabled":true,"jetpack_shortlink":"https:\/\/wp.me\/P7WTGX-N","jetpack_likes_enabled":true,"jetpack-related-posts":[{"id":23,"url":"https:\/\/centros.uepb.edu.br\/ccea\/graduacao\/","url_meta":{"origin":49,"position":0},"title":"Gradua\u00e7\u00e3o","author":"arnaud","date":"15 de setembro de 2017","format":false,"excerpt":"[vc_row][vc_column][vc_tta_accordion shape=\"square\" c_icon=\"triangle\" active_section=\"\" collapsible_all=\"true\"][vc_tta_section title=\"Bacharelado em Administra\u00e7\u00e3o\" tab_id=\"1659097522759-cbf74554-77e2\"][vc_column_text]Turno: Diurno\/ Noturno Dura\u00e7\u00e3o: Diurno \u2013 M\u00ednimo: 8 semestres \/ M\u00e1ximo: 12 semestres Noturno \u2013 M\u00ednimo: 9 semestres \/ M\u00e1ximo: 14 semestres C\u00f3digo do Curso:\u00a0114756 Coordenador: Odilon Avelino da Cunha Coordenadora adjunta: Simone Costa Silva Secret\u00e1ria: Fl\u00e1via Bertoldo Ferreira Endere\u00e7o: Rua Alfredo\u2026","rel":"","context":"Post similar","block_context":{"text":"Post similar","link":""},"img":{"alt_text":"","src":"","width":0,"height":0},"classes":[]},{"id":1839,"url":"https:\/\/centros.uepb.edu.br\/ccea\/biblioteca\/infraestrutura\/","url_meta":{"origin":49,"position":1},"title":"Infraestrutura","author":"thales","date":"28 de julho de 2022","format":false,"excerpt":"[vc_row gap=\"30\"][vc_column width=\"1\/2\"][vc_column_text] Guarda-volumes com 30 nichos; Oito cabines de estudo individuais; Seis mesas para estudo em grupo; Cat\u00e1logo online de consulta de livro por meios dos campos: autor, assunto e t\u00edtulo; Setor de Processos T\u00e9cnicos; Acervo especializado nas \u00e1reas de Administra\u00e7\u00e3o, Matem\u00e1tica, F\u00edsica, Qu\u00edmica e Biologia. Bibliotec\u00e1rios Edson Marques\u2026","rel":"","context":"Post similar","block_context":{"text":"Post similar","link":""},"img":{"alt_text":"","src":"","width":0,"height":0},"classes":[]},{"id":111,"url":"https:\/\/centros.uepb.edu.br\/ccea\/laboratorios\/","url_meta":{"origin":49,"position":2},"title":"Laborat\u00f3rios","author":"direcao","date":"24 de setembro de 2014","format":false,"excerpt":"[vc_row gap=\"30\"][vc_column width=\"1\/2\"][vc_text_separator title=\"Multiusu\u00e1rio\" title_align=\"separator_align_left\"][vc_column_text]Laborat\u00f3rio de Inform\u00e1tica O Laborat\u00f3rio de Inform\u00e1tica atende aos diversos cursos do Campus VII, estando acess\u00edvel a todos os alunos, professores e funcion\u00e1rios que necessitem do suporte tecnol\u00f3gico para suas atividades. O laborat\u00f3rio tamb\u00e9m \u00e9 utilizado nas aulas pr\u00e1ticas do curso de Computa\u00e7\u00e3o. Sala 408 \u2013\u2026","rel":"","context":"Post similar","block_context":{"text":"Post similar","link":""},"img":{"alt_text":"","src":"","width":0,"height":0},"classes":[]},{"id":1805,"url":"https:\/\/centros.uepb.edu.br\/ccea\/historico\/","url_meta":{"origin":49,"position":3},"title":"Hist\u00f3rico","author":"thales","date":"27 de julho de 2022","format":false,"excerpt":"[vc_row][vc_column][vc_column_text css=\"\"] Centro de Ci\u00eancias Exatas e Sociais Aplicadas \u2013 CCEA Hist\u00f3ria, Avan\u00e7os e Perspectivas A instala\u00e7\u00e3o da Universidade Estadual da Para\u00edba (UEPB) na Cidade de Patos-PB se deu atrav\u00e9s da Cria\u00e7\u00e3o do Campus VII \u2013 Governador Ant\u00f4nio Mariz \u2013 e do Centro de Ci\u00eancias Exatas e Sociais Aplicadas \u2013\u2026","rel":"","context":"Post similar","block_context":{"text":"Post similar","link":""},"img":{"alt_text":"","src":"https:\/\/i0.wp.com\/centros.uepb.edu.br\/ccea\/files\/2025\/08\/logo_ccea_25anos_12-300x300.png?resize=350%2C200&ssl=1","width":350,"height":200},"classes":[]},{"id":78,"url":"https:\/\/centros.uepb.edu.br\/ccea\/contatos\/","url_meta":{"origin":49,"position":4},"title":"Contatos","author":"arnaud","date":"15 de setembro de 2017","format":false,"excerpt":"[vc_row][vc_column][vc_tta_tabs][vc_tta_section title=\"Telefones e Emails\" tab_id=\"1659114018337-80f5407e-3b27\"][vc_row_inner gap=\"30\"][vc_column_inner width=\"1\/2\"][vc_column_text css=\"\"] Dire\u00e7\u00e3o do CCEA Diretor: Jos\u00e9 Ginaldo de Souza Farias Diretor adjunto: Ant\u00f4nio Jos\u00e9 Gomes Pedrosa Telefones: (83) 3421 1475\/ 3421 1447 \u2013 Ramal 200\/ 9.9371-2221 E-mails: ccea@setor.uepb.edu.br ginaldo@servidor.uepb.edu.br pedrosa@servidor.uepb.edu.br Coordena\u00e7\u00e3o do Curso de Administra\u00e7\u00e3o Coordenador: Odilon Avelino da Cunha Coordenadora adjunta: Simone\u2026","rel":"","context":"Post similar","block_context":{"text":"Post similar","link":""},"img":{"alt_text":"","src":"https:\/\/i0.wp.com\/centros.uepb.edu.br\/ccea\/files\/2014\/09\/LocalizacaoUEPBCCEA2.jpg?resize=350%2C200&ssl=1","width":350,"height":200,"srcset":"https:\/\/i0.wp.com\/centros.uepb.edu.br\/ccea\/files\/2014\/09\/LocalizacaoUEPBCCEA2.jpg?resize=350%2C200&ssl=1 1x, https:\/\/i0.wp.com\/centros.uepb.edu.br\/ccea\/files\/2014\/09\/LocalizacaoUEPBCCEA2.jpg?resize=525%2C300&ssl=1 1.5x, https:\/\/i0.wp.com\/centros.uepb.edu.br\/ccea\/files\/2014\/09\/LocalizacaoUEPBCCEA2.jpg?resize=700%2C400&ssl=1 2x"},"classes":[]},{"id":4,"url":"https:\/\/centros.uepb.edu.br\/ccea\/o-ccea\/","url_meta":{"origin":49,"position":5},"title":"O CCEA","author":"arnaud","date":"15 de setembro de 2017","format":false,"excerpt":"[wptabs] [wptabtitle]Equipe[\/wptabtitle] [wptabcontent] Diretores Diretora: Carolina Coeli Rodrigues Batista de Ara\u00fajo Diretor Adjunto: Jos\u00e9 Ginaldo de Souza Farias Secret\u00e1rias Dinaihara Torres Fernandes de Araujo Val\u00e9ria Andrade Calado Dantas Contatos Telefones (83) 3421 1475\/ 3421 3251\/ 3421 1447 - Ramal 200 E-mails Dire\u00e7\u00e3o: ccea@setor.uepb.edu.br Diretora: carolinacoeli@servidor.uepb.edu.br Diretor Adjunto: ginaldo@servidor.uepb.edu.br Secret\u00e1ria:dinaihara@servidor.uepb.edu.br Secret\u00e1ria:\u2026","rel":"","context":"Post similar","block_context":{"text":"Post similar","link":""},"img":{"alt_text":"","src":"https:\/\/i0.wp.com\/centros.uepb.edu.br\/ccea\/files\/2021\/08\/arte_logo_final1-2-300x300.png?resize=350%2C200&ssl=1","width":350,"height":200},"classes":[]}],"_links":{"self":[{"href":"https:\/\/centros.uepb.edu.br\/ccea\/wp-json\/wp\/v2\/pages\/49","targetHints":{"allow":["GET"]}}],"collection":[{"href":"https:\/\/centros.uepb.edu.br\/ccea\/wp-json\/wp\/v2\/pages"}],"about":[{"href":"https:\/\/centros.uepb.edu.br\/ccea\/wp-json\/wp\/v2\/types\/page"}],"author":[{"embeddable":true,"href":"https:\/\/centros.uepb.edu.br\/ccea\/wp-json\/wp\/v2\/users\/23"}],"replies":[{"embeddable":true,"href":"https:\/\/centros.uepb.edu.br\/ccea\/wp-json\/wp\/v2\/comments?post=49"}],"version-history":[{"count":0,"href":"https:\/\/centros.uepb.edu.br\/ccea\/wp-json\/wp\/v2\/pages\/49\/revisions"}],"wp:attachment":[{"href":"https:\/\/centros.uepb.edu.br\/ccea\/wp-json\/wp\/v2\/media?parent=49"}],"curies":[{"name":"wp","href":"https:\/\/api.w.org\/{rel}","templated":true}]}}