{"id":245,"date":"2017-09-20T17:00:06","date_gmt":"2017-09-20T17:00:06","guid":{"rendered":"https:\/\/centros.uepb.edu.br\/ccea\/?page_id=245"},"modified":"2022-07-28T18:09:07","modified_gmt":"2022-07-28T18:09:07","slug":"projetos-de-extensao","status":"publish","type":"page","link":"https:\/\/centros.uepb.edu.br\/ccea\/projetos-de-extensao\/","title":{"rendered":"Projetos de Extens\u00e3o"},"content":{"rendered":"<div class=\"wpb-content-wrapper\"><p>[vc_row][vc_column][vc_text_separator title=&#8221;PROBEX Cota 2016\/ 2017&#8243; title_align=&#8221;separator_align_left&#8221; css=&#8221;.vc_custom_1659031743968{margin-top: 10px !important;margin-bottom: 30px !important;}&#8221;][vc_tta_accordion shape=&#8221;square&#8221; c_icon=&#8221;triangle&#8221; active_section=&#8221;&#8221; collapsible_all=&#8221;true&#8221;][vc_tta_section title=&#8221;IPC-P (\u00cdndice de Pre\u00e7o ao Consumidor Patoense)&#8221; tab_id=&#8221;1659027830891-8d6666ff-c4df&#8221;][vc_column_text]N\u00famero de cadastro:1.49.14.16\/17<\/p>\n<p>Professor: Odilon Avelino da Cunha[\/vc_column_text][\/vc_tta_section][vc_tta_section title=&#8221;Construindo Pr\u00e1ticas de Bem Viver em Vilas Produtivas Rurais do Projeto de Integra\u00e7\u00e3o do Rio S\u00e3o Francisco&#8221; tab_id=&#8221;1659027855762-9ffde2ff-0004&#8243;][vc_column_text]N\u00famero de cadastro: 2.36.16.16\/17<\/p>\n<p>Professor: Ayalla C\u00e2ndido Freire[\/vc_column_text][\/vc_tta_section][vc_tta_section title=&#8221;Prepara\u00e7\u00e3o para Olimp\u00edadas Brasileira de Matem\u00e1tica Nas Escolas P\u00fablicas de Patos-PB&#8221; tab_id=&#8221;1659027855509-9be0ba87-ce2c&#8221;][vc_column_text]N\u00famero de cadastro: 4.50.73.16\/17<\/p>\n<p>Professor: Jos\u00e9 Ginaldo de Souza Farias[\/vc_column_text][\/vc_tta_section][vc_tta_section title=&#8221;Prepara\u00e7\u00e3o para Olimp\u00edadas Brasleira de F\u00edsica nas Escolas P\u00fablicas do Munic\u00edpio de Patos \u2013 PB e Regi\u00e3o&#8221; tab_id=&#8221;1659027855200-475b00d0-ee4b&#8221;][vc_column_text]N\u00famero de cadastro: 4.50.74.16\/17<\/p>\n<p>Professor: Valdeci Mestre da Silva J\u00fanior[\/vc_column_text][\/vc_tta_section][vc_tta_section title=&#8221;Educa\u00e7\u00e3o e Sa\u00fade no Contexto da Tr\u00edpice Epidemia (Dengue, Zika E Chikungunya) no Semi\u00e1rido Paraibano&#8221; tab_id=&#8221;1659027855028-bf6ed8f9-62ca&#8221;][vc_column_text]N\u00famero de cadastro: 4.16.75.16\/17<\/p>\n<p>Professor: Cidoval Morais de Sousa[\/vc_column_text][\/vc_tta_section][vc_tta_section title=&#8221;PROLUDI: Utiliza\u00e7\u00e3o do L\u00fadico no Ensino de Programa\u00e7\u00e3o&#8221; tab_id=&#8221;1659027854728-708f1f8b-7fbb&#8221;][vc_column_text]N\u00famero de cadastro: 4.28.76.16\/17<\/p>\n<p>Professor: Wellington Candeia de Ara\u00fajo[\/vc_column_text][\/vc_tta_section][vc_tta_section title=&#8221;Brincar de Aprender: Aplica\u00e7\u00e3o de Jogos Eductivos no Ensino de Crian\u00e7as Especiais&#8221; tab_id=&#8221;1659027854577-e9bc66ce-58c4&#8243;][vc_column_text]N\u00famero de cadastro: 4.38.77.16\/17<\/p>\n<p>Professor: Jannayna Domingues Barros Filgueira[\/vc_column_text][\/vc_tta_section][vc_tta_section title=&#8221;Literatura, arte e Cultura Favorecendo o Ensino da F\u00edsica&#8221; tab_id=&#8221;1659027854405-7341640e-dcf6&#8243;][vc_column_text]N\u00famero de cadastro: 4.50.78.16\/17<\/p>\n<p>Professor: Kalinka Walderea Almeida Meira[\/vc_column_text][\/vc_tta_section][vc_tta_section title=&#8221;Rob\u00f3tica Educativa: Integra\u00e7\u00e3o Universidade \u2013 Escola&#8221; tab_id=&#8221;1659027853636-274193c9-b921&#8243;][vc_column_text]N\u00famero de cadastro: 4.28.79.16\/17<\/p>\n<p>Professor: K\u00e9zia de Vasconcelos Oliveira Dantas[\/vc_column_text][\/vc_tta_section][vc_tta_section title=&#8221;HERMES: Pr\u00e1tica Pedag\u00f3gica para a Forma\u00e7\u00e3o Cont\u00ednua do Futuro Profissional em Computa\u00e7\u00e3o e para Divulga\u00e7\u00e3o do Curso de Bacharelado e Ci\u00eancias da Computa\u00e7\u00e3o&#8221; tab_id=&#8221;1659027853460-06bf3bdd-e77a&#8221;][vc_column_text]N\u00famero de cadastro: 4.13.80.16\/17<\/p>\n<p>Professor: Pablo Ribeiro Su\u00e1rez<\/p>\n<p>[\/vc_column_text][\/vc_tta_section][vc_tta_section title=&#8221;UNIVERSIDADE CIDAD\u00c3: Saber, Forma\u00e7\u00e3o e Solidarieade&#8221; tab_id=&#8221;1659027853288-57e1b1c3-58ca&#8221;][vc_column_text]N\u00famero de cadastro: 4.46.81.16\/17<\/p>\n<p>Professor: Carolina Coeli Rodrigues B. de Ara\u00fajo[\/vc_column_text][\/vc_tta_section][vc_tta_section title=&#8221;UNIVER-CIDADE: Estrat\u00e9gias e A\u00e7\u00f5es para o Desenvolvimento de Pequenas Cidades no Semi\u00e1rido Paraibano&#8221; tab_id=&#8221;1659027853026-8bb91834-c874&#8243;][vc_column_text]N\u00famero de cadastro: 4.25.82.16\/17<\/p>\n<p>Professor: Cidoval Morais de Sousa<\/p>\n<p>[\/vc_column_text][\/vc_tta_section][vc_tta_section title=&#8221;UNIVERSIDADE CIDAD\u00c3 \u2013 Inclus\u00e3o Digital para a Terceira Idade&#8221; tab_id=&#8221;1659027851427-cfaff0d6-4553&#8243;][vc_column_text]N\u00famero de cadastro: 4.49.104.16\/17<\/p>\n<p>Professor: JANNAYNA DOMINGUES BARROS<\/p>\n<p>[\/vc_column_text][\/vc_tta_section][vc_tta_section title=&#8221;UEPB Document\u00e1rio Cient\u00edfico&#8221; tab_id=&#8221;1659028164676-c8d001d3-c5a6&#8243;][vc_column_text]N\u00famero de cadastro: 4.34.103.16\/17<\/p>\n<p>Professor: Elias Dias Coelho Neto<\/p>\n<p>[\/vc_column_text][\/vc_tta_section][vc_tta_section title=&#8221;Brincando com a f\u00edsica&#8221; tab_id=&#8221;1659028168762-bd38a031-5dc3&#8243;][vc_column_text]N\u00famero de cadastro: 4.50.96.16\/17<\/p>\n<p>Professor: Pedro Carlos de Assis J\u00fanior<\/p>\n<p>[\/vc_column_text][\/vc_tta_section][vc_tta_section title=&#8221;Inclus\u00e3o Digital e Inform\u00e1tica Educativa no Ensino Fundamental da Rede P\u00fablica&#8221; tab_id=&#8221;1659028169614-13232da7-fc44&#8243;][vc_column_text]N\u00famero de cadastro: 4.49.84.16\/17<\/p>\n<p>Professor: Wellington Candeia de Ara\u00fajo<\/p>\n<p>[\/vc_column_text][\/vc_tta_section][vc_tta_section title=&#8221;Os Textos de Jean-Jacques na Sala de Aula&#8221; tab_id=&#8221;1659028170390-f3ec465a-d605&#8243;][vc_column_text]N\u00famero de cadastro: 4.50.83.16\/17<\/p>\n<p>Professor: Gustavo Cunha Bezerra<\/p>\n<p>[\/vc_column_text][\/vc_tta_section][vc_tta_section title=&#8221;Literatura de Cordel e o Ensino da F\u00edsica&#8221; tab_id=&#8221;1659028164464-18e0f86e-df76&#8243;][vc_column_text]N\u00famero de cadastro: 4.32.107.16\/17<\/p>\n<p>Professor: Kalinka Walderea Almeida Meira<\/p>\n<p>[\/vc_column_text][\/vc_tta_section][vc_tta_section title=&#8221;Utiliza\u00e7\u00e3o da Energia Solar para Dessaliniza\u00e7\u00e3o da \u00c1gua no Munic\u00edpio de Patos-PB e Regi\u00e3o&#8221; tab_id=&#8221;1659028164108-a1e9907e-ff91&#8243;][vc_column_text]N\u00famero de cadastro: 5.41.44.16\/17<\/p>\n<p>Professor: Valdeci Mestre da Silva J\u00fanior<\/p>\n<p>[\/vc_column_text][\/vc_tta_section][vc_tta_section title=&#8221;Efetiva\u00e7\u00e3o da Empresa J\u00fanior do Curso de Computa\u00e7\u00e3o da Universidade Estadual da Para\u00edba \u2013 C\u00e2mpus VII \u2013 KNEX&#8221; tab_id=&#8221;1659028163864-a880e291-a22d&#8221;][vc_column_text]N\u00famero de cadastro: 8.14.13.16\/17<\/p>\n<p>Professor: Rodrigo Alves Costa<\/p>\n<p>[\/vc_column_text][\/vc_tta_section][vc_tta_section title=&#8221;Utiliza\u00e7\u00e3o do Karate como Instrumento de Inclus\u00e3o e Integra\u00e7\u00e3o Social&#8221; tab_id=&#8221;1659027830902-bc7034cc-56d4&#8243;][vc_column_text]N\u00famero de cadastro: 4.50.260.13\/14<\/p>\n<p>Professor: Odilon Avelino da Cunha<\/p>\n<p>[\/vc_column_text][\/vc_tta_section][\/vc_tta_accordion][vc_column_text]PROBEX Cota 2016\/ 2017<\/p>\n<p>[wptabs mode=&#8221;horizontal&#8221; type=&#8221;accordion&#8221;][wptabtitle]IPC-P (\u00cdndice de Pre\u00e7o ao Consumidor Patoense)[\/wptabtitle]<br \/>\n[wptabcontent]<\/p>\n<p>N\u00famero de cadastro:1.49.14.16\/17<\/p>\n<p>Professor: Odilon Avelino da Cunha<\/p>\n<p>[\/wptabcontent]<\/p>\n<p>[wptabtitle]Construindo Pr\u00e1ticas de Bem Viver em Vilas Produtivas Rurais do Projeto de Integra\u00e7\u00e3o do Rio S\u00e3o Francisco[\/wptabtitle]<br \/>\n[wptabcontent]<\/p>\n<p>N\u00famero de cadastro: 2.36.16.16\/17<\/p>\n<p>Professor: Ayalla C\u00e2ndido Freire<\/p>\n<p>[\/wptabcontent]<\/p>\n<p>[wptabtitle]Prepara\u00e7\u00e3o para Olimp\u00edadas Brasileira de Matem\u00e1tica Nas Escolas P\u00fablicas de Patos-PB[\/wptabtitle]<br \/>\n[wptabcontent]<\/p>\n<p>N\u00famero de cadastro: 4.50.73.16\/17<\/p>\n<p>Professor: Jos\u00e9 Ginaldo de Souza Farias<\/p>\n<p>[\/wptabcontent]<\/p>\n<p>[wptabtitle]Prepara\u00e7\u00e3o para Olimp\u00edadas Brasleira de F\u00edsica nas Escolas P\u00fablicas do Munic\u00edpio de Patos \u2013 PB e Regi\u00e3o[\/wptabtitle]<br \/>\n[wptabcontent]<\/p>\n<p>N\u00famero de cadastro: 4.50.74.16\/17<\/p>\n<p>Professor: Valdeci Mestre da Silva J\u00fanior<\/p>\n<p>[\/wptabcontent]<\/p>\n<p>[wptabtitle]Educa\u00e7\u00e3o e Sa\u00fade no Contexto da Tr\u00edpice Epidemia (Dengue, Zika E Chikungunya) no Semi\u00e1rido Paraibano[\/wptabtitle]<br \/>\n[wptabcontent]<\/p>\n<p>N\u00famero de cadastro: 4.16.75.16\/17<\/p>\n<p>Professor: Cidoval Morais de Sousa<\/p>\n<p>[\/wptabcontent]<\/p>\n<p>[wptabtitle]PROLUDI: Utiliza\u00e7\u00e3o do L\u00fadico no Ensino de Programa\u00e7\u00e3o[\/wptabtitle]<br \/>\n[wptabcontent]<\/p>\n<p>N\u00famero de cadastro: 4.28.76.16\/17<\/p>\n<p>Professor: Wellington Candeia de Ara\u00fajo<\/p>\n<p>[\/wptabcontent]<\/p>\n<p>[wptabtitle]Brincar de Aprender: Aplica\u00e7\u00e3o de Jogos Eductivos no Ensino de Crian\u00e7as Especiais[\/wptabtitle]<br \/>\n[wptabcontent]<\/p>\n<p>N\u00famero de cadastro: 4.38.77.16\/17<\/p>\n<p>Professor: Jannayna Domingues Barros Filgueira<\/p>\n<p>[\/wptabcontent]<\/p>\n<p>[wptabtitle]Literatura, arte e Cultura Favorecendo o Ensino da F\u00edsica[\/wptabtitle]<br \/>\n[wptabcontent]<\/p>\n<p>N\u00famero de cadastro: 4.50.78.16\/17<\/p>\n<p>Professor: Kalinka Walderea Almeida Meira<\/p>\n<p>[\/wptabcontent]<\/p>\n<p>[wptabtitle]Rob\u00f3tica Educativa: Integra\u00e7\u00e3o Universidade &#8211; Escola[\/wptabtitle]<br \/>\n[wptabcontent]<\/p>\n<p>N\u00famero de cadastro: 4.28.79.16\/17<\/p>\n<p>Professor: K\u00e9zia de Vasconcelos Oliveira Dantas<\/p>\n<p>[\/wptabcontent]<\/p>\n<p>[wptabtitle]HERMES: Pr\u00e1tica Pedag\u00f3gica para a Forma\u00e7\u00e3o Cont\u00ednua do Futuro Profissional em Computa\u00e7\u00e3o e para Divulga\u00e7\u00e3o do Curso de Bacharelado e Ci\u00eancias da Computa\u00e7\u00e3o[\/wptabtitle]<br \/>\n[wptabcontent]<\/p>\n<p>N\u00famero de cadastro: 4.13.80.16\/17<\/p>\n<p>Professor: Pablo Ribeiro Su\u00e1rez<\/p>\n<p>[\/wptabcontent]<\/p>\n<p>[wptabtitle]UNIVERSIDADE CIDAD\u00c3: Saber, Forma\u00e7\u00e3o e Solidarieade[\/wptabtitle]<br \/>\n[wptabcontent]<\/p>\n<p>N\u00famero de cadastro: 4.46.81.16\/17<\/p>\n<p>Professor: Carolina Coeli Rodrigues B. de Ara\u00fajo<\/p>\n<p>[\/wptabcontent]<\/p>\n<p>[wptabtitle]UNIVER-CIDADE: Estrat\u00e9gias e A\u00e7\u00f5es para o Desenvolvimento de Pequenas Cidades no Semi\u00e1rido Paraibano[\/wptabtitle]<br \/>\n[wptabcontent]<\/p>\n<p>N\u00famero de cadastro: 4.25.82.16\/17<\/p>\n<p>Professor: Cidoval Morais de Sousa<\/p>\n<p>[\/wptabcontent]<\/p>\n<p>[wptabtitle]Os Textos de Jean-Jacques na Sala de Aula[\/wptabtitle]<br \/>\n[wptabcontent]<\/p>\n<p>N\u00famero de cadastro: 4.50.83.16\/17<\/p>\n<p>Professor: Gustavo Cunha Bezerra<\/p>\n<p>[\/wptabcontent]<\/p>\n<p>[wptabtitle]Inclus\u00e3o Digital e Inform\u00e1tica Educativa no Ensino Fundamental da Rede P\u00fablica[\/wptabtitle]<br \/>\n[wptabcontent]<\/p>\n<p>N\u00famero de cadastro: 4.49.84.16\/17<\/p>\n<p>Professor: Wellington Candeia de Ara\u00fajo<\/p>\n<p>[\/wptabcontent]<\/p>\n<p>[wptabtitle]Brincando com a f\u00edsica[\/wptabtitle]<br \/>\n[wptabcontent]<\/p>\n<p>N\u00famero de cadastro: 4.50.96.16\/17<\/p>\n<p>Professor: Pedro Carlos de Assis J\u00fanior<\/p>\n<p>[\/wptabcontent]<\/p>\n<p>[wptabtitle]UEPB Document\u00e1rio Cient\u00edfico[\/wptabtitle]<br \/>\n[wptabcontent]<\/p>\n<p>N\u00famero de cadastro: 4.34.103.16\/17<\/p>\n<p>Professor: Elias Dias Coelho Neto<\/p>\n<p>[\/wptabcontent]<\/p>\n<p>[wptabtitle]UNIVERSIDADE CIDAD\u00c3 &#8211; Inclus\u00e3o Digital para a Terceira Idade[\/wptabtitle]<br \/>\n[wptabcontent]<\/p>\n<p>N\u00famero de cadastro: 4.49.104.16\/17<\/p>\n<p>Professor: JANNAYNA DOMINGUES BARROS<\/p>\n<p>[\/wptabcontent]<\/p>\n<p>[wptabtitle]Literatura de Cordel e o Ensino da F\u00edsica[\/wptabtitle]<br \/>\n[wptabcontent]<\/p>\n<p>N\u00famero de cadastro: 4.32.107.16\/17<\/p>\n<p>Professor: Kalinka Walderea Almeida Meira<\/p>\n<p>[\/wptabcontent]<\/p>\n<p>[wptabtitle]Utiliza\u00e7\u00e3o da Energia Solar para Dessaliniza\u00e7\u00e3o da \u00c1gua no Munic\u00edpio de Patos-PB e Regi\u00e3o[\/wptabtitle]<br \/>\n[wptabcontent]<\/p>\n<p>N\u00famero de cadastro: 5.41.44.16\/17<\/p>\n<p>Professor: Valdeci Mestre da Silva J\u00fanior<\/p>\n<p>[\/wptabcontent]<\/p>\n<p>[wptabtitle]Efetiva\u00e7\u00e3o da Empresa J\u00fanior do Curso de Computa\u00e7\u00e3o da Universidade Estadual da Para\u00edba &#8211; C\u00e2mpus VII &#8211; KNEX[\/wptabtitle]<br \/>\n[wptabcontent]<\/p>\n<p>N\u00famero de cadastro: 8.14.13.16\/17<\/p>\n<p>Professor: Rodrigo Alves Costa<\/p>\n<p>[\/wptabcontent]<\/p>\n<p>[wptabtitle]Utiliza\u00e7\u00e3o do Karate como Instrumento de Inclus\u00e3o e Integra\u00e7\u00e3o Social[\/wptabtitle]<br \/>\n[wptabcontent]<\/p>\n<p>N\u00famero de cadastro: 4.50.260.13\/14<\/p>\n<p>Professor: Odilon Avelino da Cunha<\/p>\n<p>[\/wptabcontent]<\/p>\n<p>[\/wptabs][\/vc_column_text][\/vc_column][\/vc_row]<\/p>\n<\/div>","protected":false},"excerpt":{"rendered":"<p>[vc_row][vc_column][vc_text_separator title=&#8221;PROBEX Cota 2016\/ 2017&#8243; title_align=&#8221;separator_align_left&#8221; css=&#8221;.vc_custom_1659031743968{margin-top: 10px !important;margin-bottom: 30px !important;}&#8221;][vc_tta_accordion shape=&#8221;square&#8221; c_icon=&#8221;triangle&#8221; active_section=&#8221;&#8221; collapsible_all=&#8221;true&#8221;][vc_tta_section title=&#8221;IPC-P (\u00cdndice de Pre\u00e7o ao Consumidor Patoense)&#8221; tab_id=&#8221;1659027830891-8d6666ff-c4df&#8221;][vc_column_text]N\u00famero de cadastro:1.49.14.16\/17 Professor: Odilon Avelino da Cunha[\/vc_column_text][\/vc_tta_section][vc_tta_section title=&#8221;Construindo Pr\u00e1ticas de Bem Viver em Vilas Produtivas Rurais do Projeto de Integra\u00e7\u00e3o do Rio S\u00e3o Francisco&#8221; tab_id=&#8221;1659027855762-9ffde2ff-0004&#8243;][vc_column_text]N\u00famero de cadastro: 2.36.16.16\/17 Professor: Ayalla C\u00e2ndido Freire[\/vc_column_text][\/vc_tta_section][vc_tta_section <a class=\"leiamais\" href=\"https:\/\/centros.uepb.edu.br\/ccea\/projetos-de-extensao\/\">Leia Mais&#8230;<\/a><\/p>\n","protected":false},"author":23,"featured_media":0,"parent":0,"menu_order":1,"comment_status":"open","ping_status":"open","template":"","meta":{"jetpack_post_was_ever_published":false,"footnotes":""},"class_list":["post-245","page","type-page","status-publish","hentry"],"jetpack_sharing_enabled":true,"jetpack_shortlink":"https:\/\/wp.me\/P7WTGX-3X","jetpack_likes_enabled":true,"jetpack-related-posts":[{"id":56,"url":"https:\/\/centros.uepb.edu.br\/ccea\/projetos-de-pesquisa-2\/","url_meta":{"origin":245,"position":0},"title":"Projetos de Pesquisa","author":"direcao","date":"23 de setembro de 2014","format":false,"excerpt":"[vc_row][vc_column][vc_text_separator title=\"PIBIC Cota 2014\/2015\" title_align=\"separator_align_left\" css=\".vc_custom_1659033049703{margin-top: 20px !important;margin-bottom: 30px !important;}\"][vc_tta_accordion style=\"modern\" shape=\"square\" c_icon=\"triangle\" active_section=\"\" collapsible_all=\"true\"][vc_tta_section title=\"Redes de pol\u00edticas: uma an\u00e1lise das pol\u00edticas p\u00fablicas de educa\u00e7\u00e3o superior no estado da Para\u00edba\" tab_id=\"1659011561197-627765ce-d4a0\"][vc_column_text]Professor: Ayalla C\u00e2ndido Freire \u00c1rea: Administra\u00e7\u00e3o[\/vc_column_text][\/vc_tta_section][vc_tta_section title=\"Estrat\u00e9gias de Diferencia\u00e7\u00e3o de Mercado: Um Estudo de Caso com Redes Supermercadistas do Interior\u2026","rel":"","context":"Post similar","block_context":{"text":"Post similar","link":""},"img":{"alt_text":"","src":"","width":0,"height":0},"classes":[]},{"id":1831,"url":"https:\/\/centros.uepb.edu.br\/ccea\/biblioteca\/servicos-oferecidos\/","url_meta":{"origin":245,"position":1},"title":"Servi\u00e7os Oferecidos","author":"thales","date":"28 de julho de 2022","format":false,"excerpt":"[vc_row][vc_column][vc_tta_tour active_section=\"1\"][vc_tta_section title=\"Ficha Catalogr\u00e1fica online\" tab_id=\"1659014938507-22d52d5c-9eb0\"][vc_column_text]A ficha catalogr\u00e1fica \u00e9 um documento que cont\u00e9m as informa\u00e7\u00f5es bibliogr\u00e1ficas necess\u00e1rias para identificar e localizar um livro ou outro documento no acervo de uma biblioteca. Todos os trabalhos de conclus\u00e3o de curso da Universidade Estadual da Para\u00edba devem conter a ficha catalogr\u00e1fica. As solicita\u00e7\u00f5es\u2026","rel":"","context":"Post similar","block_context":{"text":"Post similar","link":""},"img":{"alt_text":"","src":"","width":0,"height":0},"classes":[]},{"id":111,"url":"https:\/\/centros.uepb.edu.br\/ccea\/laboratorios\/","url_meta":{"origin":245,"position":2},"title":"Laborat\u00f3rios","author":"direcao","date":"24 de setembro de 2014","format":false,"excerpt":"[vc_row gap=\"30\"][vc_column width=\"1\/2\"][vc_text_separator title=\"Multiusu\u00e1rio\" title_align=\"separator_align_left\"][vc_column_text]Laborat\u00f3rio de Inform\u00e1tica O Laborat\u00f3rio de Inform\u00e1tica atende aos diversos cursos do Campus VII, estando acess\u00edvel a todos os alunos, professores e funcion\u00e1rios que necessitem do suporte tecnol\u00f3gico para suas atividades. O laborat\u00f3rio tamb\u00e9m \u00e9 utilizado nas aulas pr\u00e1ticas do curso de Computa\u00e7\u00e3o. Sala 408 \u2013\u2026","rel":"","context":"Post similar","block_context":{"text":"Post similar","link":""},"img":{"alt_text":"","src":"","width":0,"height":0},"classes":[]},{"id":78,"url":"https:\/\/centros.uepb.edu.br\/ccea\/contatos\/","url_meta":{"origin":245,"position":3},"title":"Contatos","author":"arnaud","date":"15 de setembro de 2017","format":false,"excerpt":"[vc_row][vc_column][vc_tta_tabs][vc_tta_section title=\"Telefones e Emails\" tab_id=\"1659114018337-80f5407e-3b27\"][vc_row_inner gap=\"30\"][vc_column_inner width=\"1\/2\"][vc_column_text css=\"\"] Dire\u00e7\u00e3o do CCEA Diretor: Jos\u00e9 Ginaldo de Souza Farias Diretor adjunto: Ant\u00f4nio Jos\u00e9 Gomes Pedrosa Telefones: (83) 3421 1475\/ 3421 1447 \u2013 Ramal 200\/ 9.9371-2221 E-mails: ccea@setor.uepb.edu.br ginaldo@servidor.uepb.edu.br pedrosa@servidor.uepb.edu.br Coordena\u00e7\u00e3o do Curso de Administra\u00e7\u00e3o Coordenador: Odilon Avelino da Cunha Coordenadora adjunta: Simone\u2026","rel":"","context":"Post similar","block_context":{"text":"Post similar","link":""},"img":{"alt_text":"","src":"https:\/\/i0.wp.com\/centros.uepb.edu.br\/ccea\/files\/2014\/09\/LocalizacaoUEPBCCEA2.jpg?resize=350%2C200&ssl=1","width":350,"height":200,"srcset":"https:\/\/i0.wp.com\/centros.uepb.edu.br\/ccea\/files\/2014\/09\/LocalizacaoUEPBCCEA2.jpg?resize=350%2C200&ssl=1 1x, https:\/\/i0.wp.com\/centros.uepb.edu.br\/ccea\/files\/2014\/09\/LocalizacaoUEPBCCEA2.jpg?resize=525%2C300&ssl=1 1.5x, https:\/\/i0.wp.com\/centros.uepb.edu.br\/ccea\/files\/2014\/09\/LocalizacaoUEPBCCEA2.jpg?resize=700%2C400&ssl=1 2x"},"classes":[]},{"id":14,"url":"https:\/\/centros.uepb.edu.br\/ccea\/estudante\/","url_meta":{"origin":245,"position":4},"title":"Estudante","author":"arnaud","date":"22 de setembro de 2014","format":false,"excerpt":"[vc_row][vc_column][vc_tta_tabs][vc_tta_section title=\"DCE\" tab_id=\"1659113316263-71414aef-bd57\"][vc_column_text]Diret\u00f3rio Central dos Estudantes (DCE) Gest\u00e3o Todos Temos Voz! \u00a0Bi\u00eanio 2015-2016 Atendimento: Sala 109 Integrantes[\/vc_column_text][vc_row_inner gap=\"30\"][vc_column_inner width=\"1\/3\"][vc_text_separator title=\"Coordenadores de Campus\" title_align=\"separator_align_left\"][vc_column_text]Janayna de Assis Antunes (Administra\u00e7\u00e3o \u2013 2\u00ba P. Noite) Email: janayna.antunes.ja@gmail.com Telefone: TIM-9910-2267 Pablo Henrique Rodrigues Jaruzo (Computa\u00e7\u00e3o \u2013 7\u00ba P. Noite) Email: pablojaruzo@gmail.com Telefone: TIM-9607-6436[\/vc_column_text][\/vc_column_inner][vc_column_inner width=\"1\/3\"][vc_text_separator title=\"Secretaria\"\u2026","rel":"","context":"Post similar","block_context":{"text":"Post similar","link":""},"img":{"alt_text":"","src":"","width":0,"height":0},"classes":[]},{"id":23,"url":"https:\/\/centros.uepb.edu.br\/ccea\/graduacao\/","url_meta":{"origin":245,"position":5},"title":"Gradua\u00e7\u00e3o","author":"arnaud","date":"15 de setembro de 2017","format":false,"excerpt":"[vc_row][vc_column][vc_tta_accordion shape=\"square\" c_icon=\"triangle\" active_section=\"\" collapsible_all=\"true\"][vc_tta_section title=\"Bacharelado em Administra\u00e7\u00e3o\" tab_id=\"1659097522759-cbf74554-77e2\"][vc_column_text]Turno: Diurno\/ Noturno Dura\u00e7\u00e3o: Diurno \u2013 M\u00ednimo: 8 semestres \/ M\u00e1ximo: 12 semestres Noturno \u2013 M\u00ednimo: 9 semestres \/ M\u00e1ximo: 14 semestres C\u00f3digo do Curso:\u00a0114756 Coordenador: Odilon Avelino da Cunha Coordenadora adjunta: Simone Costa Silva Secret\u00e1ria: Fl\u00e1via Bertoldo Ferreira Endere\u00e7o: Rua Alfredo\u2026","rel":"","context":"Post similar","block_context":{"text":"Post similar","link":""},"img":{"alt_text":"","src":"","width":0,"height":0},"classes":[]}],"_links":{"self":[{"href":"https:\/\/centros.uepb.edu.br\/ccea\/wp-json\/wp\/v2\/pages\/245","targetHints":{"allow":["GET"]}}],"collection":[{"href":"https:\/\/centros.uepb.edu.br\/ccea\/wp-json\/wp\/v2\/pages"}],"about":[{"href":"https:\/\/centros.uepb.edu.br\/ccea\/wp-json\/wp\/v2\/types\/page"}],"author":[{"embeddable":true,"href":"https:\/\/centros.uepb.edu.br\/ccea\/wp-json\/wp\/v2\/users\/23"}],"replies":[{"embeddable":true,"href":"https:\/\/centros.uepb.edu.br\/ccea\/wp-json\/wp\/v2\/comments?post=245"}],"version-history":[{"count":0,"href":"https:\/\/centros.uepb.edu.br\/ccea\/wp-json\/wp\/v2\/pages\/245\/revisions"}],"wp:attachment":[{"href":"https:\/\/centros.uepb.edu.br\/ccea\/wp-json\/wp\/v2\/media?parent=245"}],"curies":[{"name":"wp","href":"https:\/\/api.w.org\/{rel}","templated":true}]}}