{"id":1839,"date":"2022-07-28T13:46:56","date_gmt":"2022-07-28T13:46:56","guid":{"rendered":"https:\/\/centros.uepb.edu.br\/ccea\/?page_id=1839"},"modified":"2022-07-28T18:35:20","modified_gmt":"2022-07-28T18:35:20","slug":"infraestrutura","status":"publish","type":"page","link":"https:\/\/centros.uepb.edu.br\/ccea\/biblioteca\/infraestrutura\/","title":{"rendered":"Infraestrutura"},"content":{"rendered":"<div class=\"wpb-content-wrapper\"><p>[vc_row gap=&#8221;30&#8243;][vc_column width=&#8221;1\/2&#8243;][vc_column_text]<\/p>\n<ul>\n<li>Guarda-volumes com 30 nichos;<\/li>\n<li>Oito cabines de estudo individuais;<\/li>\n<li>Seis mesas para estudo em grupo;<\/li>\n<li>Cat\u00e1logo online de consulta de livro por meios dos campos: autor, assunto e t\u00edtulo;<\/li>\n<li>Setor de Processos T\u00e9cnicos;<\/li>\n<li>Acervo especializado nas \u00e1reas de Administra\u00e7\u00e3o, Matem\u00e1tica, F\u00edsica, Qu\u00edmica e Biologia.<\/li>\n<\/ul>\n<p><strong>Bibliotec\u00e1rios<\/strong><\/p>\n<ul>\n<li>Edson Marques Almeida<\/li>\n<li>Esdras Renan Farias Dantas<\/li>\n<\/ul>\n<p><strong>Auxiliares de Biblioteca<\/strong><\/p>\n<ul>\n<li>Ant\u00f4nio Wlisses Alves Ben\u00edcio<\/li>\n<li>Lucas Guedes de Sousa<\/li>\n<li>Luis Felipe de Medeiros Brito<\/li>\n<li>Adeilton F\u00e9lix da Silva<\/li>\n<li>Assistente Administrativo<\/li>\n<li>Diego Fernandes de Ara\u00fajo<\/li>\n<\/ul>\n<p>[\/vc_column_text][\/vc_column][vc_column width=&#8221;1\/2&#8243;][vc_text_separator title=&#8221;Contatos&#8221; title_align=&#8221;separator_align_left&#8221;][vc_column_text]<\/p>\n<ul>\n<li>Telefone: 83 3421 1475 \u2013 Ramal 208\/ 214<\/li>\n<li>Whatsapp: 83 9.9116-5674<\/li>\n<li>E-mail: biblioteca.campus7@setor.uepb.edu.br<\/li>\n<\/ul>\n<p>[\/vc_column_text][vc_text_separator title=&#8221;Endere\u00e7o&#8221; title_align=&#8221;separator_align_left&#8221; css=&#8221;.vc_custom_1659033201095{margin-top: 30px !important;}&#8221;][vc_column_text]<\/p>\n<ul>\n<li>Rua Alfredo Lustosa Cabral, S\/N, Bairro Salgadinho, Patos\/PB<\/li>\n<li>CEP: 58.706-560<\/li>\n<\/ul>\n<p>[\/vc_column_text][vc_text_separator title=&#8221;Atendimento ao p\u00fablico&#8221; title_align=&#8221;separator_align_left&#8221; css=&#8221;.vc_custom_1659033283866{margin-top: 30px !important;}&#8221;][vc_column_text]<\/p>\n<ul>\n<li>Segunda \u00e0 sexta: 7h \u00e0s 21h30<\/li>\n<\/ul>\n<p>[\/vc_column_text][\/vc_column][\/vc_row]<\/p>\n<\/div>","protected":false},"excerpt":{"rendered":"<p>[vc_row gap=&#8221;30&#8243;][vc_column width=&#8221;1\/2&#8243;][vc_column_text] Guarda-volumes com 30 nichos; Oito cabines de estudo individuais; Seis mesas para estudo em grupo; Cat\u00e1logo online de consulta de livro por meios dos campos: autor, assunto e t\u00edtulo; Setor de Processos T\u00e9cnicos; Acervo especializado nas \u00e1reas de Administra\u00e7\u00e3o, Matem\u00e1tica, F\u00edsica, Qu\u00edmica e Biologia. Bibliotec\u00e1rios Edson Marques Almeida Esdras Renan Farias Dantas <a class=\"leiamais\" href=\"https:\/\/centros.uepb.edu.br\/ccea\/biblioteca\/infraestrutura\/\">Leia Mais&#8230;<\/a><\/p>\n","protected":false},"author":29,"featured_media":0,"parent":12,"menu_order":0,"comment_status":"closed","ping_status":"closed","template":"","meta":{"jetpack_post_was_ever_published":false,"footnotes":""},"class_list":["post-1839","page","type-page","status-publish","hentry"],"jetpack_sharing_enabled":true,"jetpack_shortlink":"https:\/\/wp.me\/P7WTGX-tF","jetpack_likes_enabled":true,"jetpack-related-posts":[{"id":56,"url":"https:\/\/centros.uepb.edu.br\/ccea\/projetos-de-pesquisa-2\/","url_meta":{"origin":1839,"position":0},"title":"Projetos de Pesquisa","author":"direcao","date":"23 de setembro de 2014","format":false,"excerpt":"[vc_row][vc_column][vc_text_separator title=\"PIBIC Cota 2014\/2015\" title_align=\"separator_align_left\" css=\".vc_custom_1659033049703{margin-top: 20px !important;margin-bottom: 30px !important;}\"][vc_tta_accordion style=\"modern\" shape=\"square\" c_icon=\"triangle\" active_section=\"\" collapsible_all=\"true\"][vc_tta_section title=\"Redes de pol\u00edticas: uma an\u00e1lise das pol\u00edticas p\u00fablicas de educa\u00e7\u00e3o superior no estado da Para\u00edba\" tab_id=\"1659011561197-627765ce-d4a0\"][vc_column_text]Professor: Ayalla C\u00e2ndido Freire \u00c1rea: Administra\u00e7\u00e3o[\/vc_column_text][\/vc_tta_section][vc_tta_section title=\"Estrat\u00e9gias de Diferencia\u00e7\u00e3o de Mercado: Um Estudo de Caso com Redes Supermercadistas do Interior\u2026","rel":"","context":"Post similar","block_context":{"text":"Post similar","link":""},"img":{"alt_text":"","src":"","width":0,"height":0},"classes":[]},{"id":23,"url":"https:\/\/centros.uepb.edu.br\/ccea\/graduacao\/","url_meta":{"origin":1839,"position":1},"title":"Gradua\u00e7\u00e3o","author":"arnaud","date":"15 de setembro de 2017","format":false,"excerpt":"[vc_row][vc_column][vc_tta_accordion shape=\"square\" c_icon=\"triangle\" active_section=\"\" collapsible_all=\"true\"][vc_tta_section title=\"Bacharelado em Administra\u00e7\u00e3o\" tab_id=\"1659097522759-cbf74554-77e2\"][vc_column_text]Turno: Diurno\/ Noturno Dura\u00e7\u00e3o: Diurno \u2013 M\u00ednimo: 8 semestres \/ M\u00e1ximo: 12 semestres Noturno \u2013 M\u00ednimo: 9 semestres \/ M\u00e1ximo: 14 semestres C\u00f3digo do Curso:\u00a0114756 Coordenador: Odilon Avelino da Cunha Coordenadora adjunta: Simone Costa Silva Secret\u00e1ria: Fl\u00e1via Bertoldo Ferreira Endere\u00e7o: Rua Alfredo\u2026","rel":"","context":"Post similar","block_context":{"text":"Post similar","link":""},"img":{"alt_text":"","src":"","width":0,"height":0},"classes":[]},{"id":78,"url":"https:\/\/centros.uepb.edu.br\/ccea\/contatos\/","url_meta":{"origin":1839,"position":2},"title":"Contatos","author":"arnaud","date":"15 de setembro de 2017","format":false,"excerpt":"[vc_row][vc_column][vc_tta_tabs][vc_tta_section title=\"Telefones e Emails\" tab_id=\"1659114018337-80f5407e-3b27\"][vc_row_inner gap=\"30\"][vc_column_inner width=\"1\/2\"][vc_column_text css=\"\"] Dire\u00e7\u00e3o do CCEA Diretor: Jos\u00e9 Ginaldo de Souza Farias Diretor adjunto: Ant\u00f4nio Jos\u00e9 Gomes Pedrosa Telefones: (83) 3421 1475\/ 3421 1447 \u2013 Ramal 200\/ 9.9371-2221 E-mails: ccea@setor.uepb.edu.br ginaldo@servidor.uepb.edu.br pedrosa@servidor.uepb.edu.br Coordena\u00e7\u00e3o do Curso de Administra\u00e7\u00e3o Coordenador: Odilon Avelino da Cunha Coordenadora adjunta: Simone\u2026","rel":"","context":"Post similar","block_context":{"text":"Post similar","link":""},"img":{"alt_text":"","src":"https:\/\/i0.wp.com\/centros.uepb.edu.br\/ccea\/files\/2014\/09\/LocalizacaoUEPBCCEA2.jpg?resize=350%2C200&ssl=1","width":350,"height":200,"srcset":"https:\/\/i0.wp.com\/centros.uepb.edu.br\/ccea\/files\/2014\/09\/LocalizacaoUEPBCCEA2.jpg?resize=350%2C200&ssl=1 1x, https:\/\/i0.wp.com\/centros.uepb.edu.br\/ccea\/files\/2014\/09\/LocalizacaoUEPBCCEA2.jpg?resize=525%2C300&ssl=1 1.5x, https:\/\/i0.wp.com\/centros.uepb.edu.br\/ccea\/files\/2014\/09\/LocalizacaoUEPBCCEA2.jpg?resize=700%2C400&ssl=1 2x"},"classes":[]},{"id":1788,"url":"https:\/\/centros.uepb.edu.br\/ccea\/equipe\/","url_meta":{"origin":1839,"position":3},"title":"Equipe","author":"thales","date":"27 de julho de 2022","format":false,"excerpt":"[vc_row gap=\"30\"][vc_column width=\"1\/3\"][vc_text_separator title=\"Diretores\" title_align=\"separator_align_left\"][vc_column_text css=\"\"]Diretor Jos\u00e9 Ginaldo de Souza Farias ginaldo@servidor.uepb.edu.br Diretor Adjunto Ant\u00f4nio Jos\u00e9 Gomes Pedrosa pedrosa@servidor.uepb.edu.br[\/vc_column_text][\/vc_column][vc_column width=\"1\/3\"][vc_text_separator title=\"Secret\u00e1rias\" title_align=\"separator_align_left\"][vc_column_text]Dinaihara Torres Fernandes de Araujo dinaihara@servidor.uepb.edu.br Val\u00e9ria Andrade Calado Dantas valeriacalado@servidor.uepb.edu.br[\/vc_column_text][\/vc_column][vc_column width=\"1\/3\"][vc_text_separator title=\"Contatos\" title_align=\"separator_align_left\"][vc_column_text css=\"\"](83) 3421 - 1475 (83) 3421 - 1447 - Ramal 200 (83) 9.9371-2221 - WhatsApp[\/vc_column_text][vc_column_text]Facebook:\u00a0Dire\u00e7\u00e3o\u2026","rel":"","context":"Post similar","block_context":{"text":"Post similar","link":""},"img":{"alt_text":"","src":"","width":0,"height":0},"classes":[]},{"id":8,"url":"https:\/\/centros.uepb.edu.br\/ccea\/pesquisa\/","url_meta":{"origin":1839,"position":4},"title":"Pesquisa","author":"","date":"22 de setembro de 2014","format":false,"excerpt":"Coordena\u00e7\u00e3o de Pesquisa\u00a0do CCEA Coordenador: Profa. Dra.\u00a0Sibele Thaise Viana Guimar\u00e3es Secret\u00e1rio: Thalisson Rodrigo Fernandes Dantas Fone: (83) 3421-1475 - ramal 202 Email: pesquisa@ccea.uepb.edu.br Sala 701 \u2013 Setor Administrativo","rel":"","context":"Post similar","block_context":{"text":"Post similar","link":""},"img":{"alt_text":"","src":"","width":0,"height":0},"classes":[]},{"id":10,"url":"https:\/\/centros.uepb.edu.br\/ccea\/extensao\/","url_meta":{"origin":1839,"position":5},"title":"Extens\u00e3o","author":"","date":"22 de setembro de 2014","format":false,"excerpt":"Coordena\u00e7\u00e3o de Extens\u00e3o do CCEA Coordenador: Prof. Dr. Ilauro de Souza Lima Secret\u00e1rio: Thalisson Rodrigo Fernandes Dantas Fone: (83) 3421-1475 - ramal 202 Email: extensao@ccea.uepb.edu.br Sala 701 \u2013 Setor Administrativo \u00a0 Avalia\u00e7\u00e3o da Coordena\u00e7\u00e3o Carregando...","rel":"","context":"Post similar","block_context":{"text":"Post similar","link":""},"img":{"alt_text":"","src":"","width":0,"height":0},"classes":[]}],"_links":{"self":[{"href":"https:\/\/centros.uepb.edu.br\/ccea\/wp-json\/wp\/v2\/pages\/1839","targetHints":{"allow":["GET"]}}],"collection":[{"href":"https:\/\/centros.uepb.edu.br\/ccea\/wp-json\/wp\/v2\/pages"}],"about":[{"href":"https:\/\/centros.uepb.edu.br\/ccea\/wp-json\/wp\/v2\/types\/page"}],"author":[{"embeddable":true,"href":"https:\/\/centros.uepb.edu.br\/ccea\/wp-json\/wp\/v2\/users\/29"}],"replies":[{"embeddable":true,"href":"https:\/\/centros.uepb.edu.br\/ccea\/wp-json\/wp\/v2\/comments?post=1839"}],"version-history":[{"count":0,"href":"https:\/\/centros.uepb.edu.br\/ccea\/wp-json\/wp\/v2\/pages\/1839\/revisions"}],"up":[{"embeddable":true,"href":"https:\/\/centros.uepb.edu.br\/ccea\/wp-json\/wp\/v2\/pages\/12"}],"wp:attachment":[{"href":"https:\/\/centros.uepb.edu.br\/ccea\/wp-json\/wp\/v2\/media?parent=1839"}],"curies":[{"name":"wp","href":"https:\/\/api.w.org\/{rel}","templated":true}]}}