{"id":1831,"date":"2022-07-28T13:30:01","date_gmt":"2022-07-28T13:30:01","guid":{"rendered":"https:\/\/centros.uepb.edu.br\/ccea\/?page_id=1831"},"modified":"2022-07-28T14:15:25","modified_gmt":"2022-07-28T14:15:25","slug":"servicos-oferecidos","status":"publish","type":"page","link":"https:\/\/centros.uepb.edu.br\/ccea\/biblioteca\/servicos-oferecidos\/","title":{"rendered":"Servi\u00e7os Oferecidos"},"content":{"rendered":"<div class=\"wpb-content-wrapper\"><p>[vc_row][vc_column][vc_tta_tour active_section=&#8221;1&#8243;][vc_tta_section title=&#8221;Ficha Catalogr\u00e1fica online&#8221; tab_id=&#8221;1659014938507-22d52d5c-9eb0&#8243;][vc_column_text]A ficha catalogr\u00e1fica \u00e9 um documento que cont\u00e9m as informa\u00e7\u00f5es bibliogr\u00e1ficas necess\u00e1rias para identificar e localizar um livro ou outro documento no acervo de uma biblioteca.<\/p>\n<p>Todos os trabalhos de conclus\u00e3o de curso da Universidade Estadual da Para\u00edba devem conter a ficha catalogr\u00e1fica.<\/p>\n<p>As solicita\u00e7\u00f5es devem ser feitas exclusivamente atrav\u00e9s do SISCOBIB.\u00a0O documento recebido deve ser impresso no verso da folha de rosto (para trabalhos impressos \u2013 consulte sua coordena\u00e7\u00e3o) e inserido ap\u00f3s a folha de rosto na vers\u00e3o digital.<\/p>\n<p>Trata-se de um documento de car\u00e1ter obrigat\u00f3rio nos Trabalhos de Conclus\u00e3o de Curso da UEPB.\u00a0O prazo m\u00e1ximo para atendimento da Ficha Catalogr\u00e1fica \u00e9 48 horas.[\/vc_column_text][\/vc_tta_section][vc_tta_section title=&#8221;Comuta\u00e7\u00e3o de material informacional&#8221; tab_id=&#8221;1659014938515-f16ebee4-c59c&#8221;][vc_column_text]Atrav\u00e9s da comuta\u00e7\u00e3o bibliogr\u00e1fica nossos usu\u00e1rios tem acesso a obten\u00e7\u00e3o de c\u00f3pias de documentos t\u00e9cnico-cient\u00edficos dispon\u00edveis nos acervos das principais bibliotecas brasileiras e em servi\u00e7os de informa\u00e7\u00e3o internacionais. Entre os documentos acess\u00edveis encontram-se: peri\u00f3dicos t\u00e9cnico-cient\u00edficos; teses e disserta\u00e7\u00f5es; anais de congressos nacionais e internacionais; relat\u00f3rios t\u00e9cnicos; partes de documentos (cap\u00edtulos de livros), desde que sejam autorizados pela Lei de Direitos Autorais. Para ter acesso a Comuta\u00e7\u00e3o, basta procurar uma de nossas bibliotecas e procurar o setor respons\u00e1vel.[\/vc_column_text][\/vc_tta_section][vc_tta_section title=&#8221;Auxilio na normaliza\u00e7\u00e3o, de acordo com a ABNT, dos trabalhos dos usu\u00e1rios da UEPB&#8221; tab_id=&#8221;1659014982460-9c4cb41a-ca5a&#8221;][vc_column_text]Como forma de garantir a qualidade da produ\u00e7\u00e3o discente e docente, as bibliotecas do SIB, por meio de seus bibliotec\u00e1rios, est\u00e3o aptos a oferecerem o servi\u00e7o de orienta\u00e7\u00e3o normativa dos TCC\u2019s, monografias, disserta\u00e7\u00f5es e teses, de acordo com a Associa\u00e7\u00e3o Brasileira de Normas T\u00e9cnicas [ABNT]. Clique aqui e tenha acesso a lista atualizada das Normas Brasileiras Registradas [NBRs] que est\u00e3o dispon\u00edveis para os bibliotec\u00e1rios e para os usu\u00e1rios nas bibliotecas do SIB.[\/vc_column_text][\/vc_tta_section][vc_tta_section title=&#8221;Reposit\u00f3rio Institucional&#8221; tab_id=&#8221;1659015032775-4f42175a-8a3d&#8221;][vc_column_text]A Universidade Estadual da Para\u00edba encontra-se inserida no atual movimento de Acesso Livre e cria\u00e7\u00e3o de Reposit\u00f3rios Institucionais, possibilitando a divulga\u00e7\u00e3o e publiciza\u00e7\u00e3o dos trabalhos de conclus\u00e3o de curso de nossos graduandos. Por meio do Reposit\u00f3rio Institucional \u00e9 poss\u00edvel acessar os mais diversos assuntos estudados em nossa Institui\u00e7\u00e3o.[\/vc_column_text][\/vc_tta_section][vc_tta_section title=&#8221;Empr\u00e9stimo\/Devolu\u00e7\u00e3o&#8221; tab_id=&#8221;1659015057305-05b657e8-e6ce&#8221;][vc_column_text]O empr\u00e9stimo \u00e9 permitido aos estudantes regularmente matriculados, professores e t\u00e9cnicos administrativos da UEPB que possuam cadastro na Biblioteca. Apenas os livros dispon\u00edveis no acervo geral est\u00e3o dispon\u00edveis para empr\u00e9stimo. O prazo de empr\u00e9stimo \u00e9 de 20 (vinte) dias, os materiais podem ser renovados pelo mesmo prazo at\u00e9 02 (duas) vezes, desde que n\u00e3o possua reserva.<\/p>\n<p>* Ao utilizar desse servi\u00e7o, os usu\u00e1rios s\u00e3o automaticamente respons\u00e1veis pela reposi\u00e7\u00e3o de um exemplar novo em casos de extravio ou de dano sobre as obras que estiverem sob sua guarda.<\/p>\n<p>** Para que o usu\u00e1rio possa utilizar o servi\u00e7o de empr\u00e9stimo, deve manter sua situa\u00e7\u00e3o regularizada nas bibliotecas, ou seja, n\u00e3o estar em d\u00e9bito e com o cadastro atualizado.\u00a0Para cadastrar-se na Biblioteca Prof. Virg\u00edlio Trindade Monteiro, os tr\u00eas segmentos da comunidade universit\u00e1ria devem observas o seguinte:<\/p>\n<p><strong>Usu\u00e1rios estudantes<\/strong><\/p>\n<ul>\n<li>Hor\u00e1rio individual (RDM), devidamente assinado pelo coordenador do curso;<\/li>\n<li>Documento de identidade \u2013 original;<\/li>\n<li>Comprovante de resid\u00eancia \u2013 original;<\/li>\n<\/ul>\n<p><strong>Usu\u00e1rios Professores<\/strong><\/p>\n<ul>\n<li>EfetivosContra-cheque;<\/li>\n<li>Documento de identidade \u2013 original;<\/li>\n<li>Comprovante de resid\u00eancia \u2013 original;<\/li>\n<li>SubstitutosContrato de trabalho;<\/li>\n<li>Documento de identidade \u2013 original;<\/li>\n<li>Comprovante de resid\u00eancia \u2013 original;<\/li>\n<\/ul>\n<p><strong>Usu\u00e1rios T\u00e9cnicos-administrativos<\/strong><\/p>\n<ul>\n<li>Contra-cheque;<\/li>\n<li>Documento de identidade \u2013 original;<\/li>\n<li>Comprovante de resid\u00eancia \u2013 original;<\/li>\n<li>Os documentos acima citados ser\u00e3o apresentados no momento do cadastro e devolvidos imediatamente.<\/li>\n<\/ul>\n<p>[\/vc_column_text][\/vc_tta_section][vc_tta_section title=&#8221;Cat\u00e1logo On-line para consulta do acervo da Biblioteca&#8221; tab_id=&#8221;1659015225230-ad9cd895-9af6&#8243;][vc_column_text]Instrumento que serve ao usu\u00e1rio na busca da informa\u00e7\u00e3o no \u00e2mbito das bibliotecas. Disp\u00f5e de buscas por v\u00e1rios campos, principalmente por autor, t\u00edtulo e assunto. O usu\u00e1rio deve ser orientado por um funcion\u00e1rio do setor para os devidos esclarecimentos de funcionamento e ordena\u00e7\u00e3o do mesmo.<\/p>\n<p>Os bibliotec\u00e1rios e auxiliares est\u00e3o orientados a prestar atendimento aos usu\u00e1rios no acesso \u00e0 informa\u00e7\u00e3o acad\u00eamico-cient\u00edfica via online, bem como no uso das bibliotecas e do acervo. Clique <a href=\"http:\/\/200.129.73.138\/Telas\/w_busca_rapida.php\" target=\"_blank\" rel=\"noopener\">aqui<\/a> para acessar cat\u00e1logo online.[\/vc_column_text][\/vc_tta_section][vc_tta_section title=&#8221;Renova\u00e7\u00e3o&#8221; tab_id=&#8221;1659015271816-1e09af3d-0c33&#8243;][vc_column_text]A renova\u00e7\u00e3o pode ser feita presencialmente no balc\u00e3o de empr\u00e9stimo ou diretamente pelo sistema, clicando em\u00a0<a href=\"http:\/\/200.129.73.138\/Telas\/w_busca_rapida.php\" target=\"_blank\" rel=\"noopener noreferrer\">Acervo On-line<\/a>\u00a0e entrando com o n\u00famero da matr\u00edcula e a senha da biblioteca. O usu\u00e1rio tem ainda a op\u00e7\u00e3o de realizar a renova\u00e7\u00e3o atrav\u00e9s de seu celular atrav\u00e9s da vers\u00e3o\u00a0<a href=\"http:\/\/200.129.73.138\/mobile\/mobile.php\" target=\"_blank\" rel=\"noopener noreferrer\">SIABI Mobile<\/a>.[\/vc_column_text][\/vc_tta_section][vc_tta_section title=&#8221;Reserva&#8221; tab_id=&#8221;1659015298078-b698fffc-513a&#8221;][vc_column_text]A reserva pode ser feita presencialmente ou atrav\u00e9s do sistema clicando em Acervo On-line, entrando com o n\u00famero da matr\u00edcula e\u00a0 senha, ap\u00f3s acessar o sistema o usu\u00e1rio deve fazer a busca do material desejado, a reserva s\u00f3 poder\u00e1 ser efetuada se obedecer aos seguintes crit\u00e9rios:<\/p>\n<ul>\n<li>Quando todos os exemplares da obra desejada estiverem emprestados;<\/li>\n<li>A reserva obedecer\u00e1 \u00e0 ordem cronol\u00f3gica dos pedidos;<\/li>\n<li>A obra ficar\u00e1 \u00e0 disposi\u00e7\u00e3o do usu\u00e1rio, no m\u00e1ximo, por 48 (quarenta e oito) horas ap\u00f3s sua devolu\u00e7\u00e3o. Se no fim deste per\u00edodo n\u00e3o for procurada ser\u00e1 emprestada ao pr\u00f3ximo da lista de reserva.<\/li>\n<\/ul>\n<p>[\/vc_column_text][\/vc_tta_section][vc_tta_section title=&#8221;Guarda-volumes&#8221; tab_id=&#8221;1659015354366-8beb308c-9a3f&#8221;][vc_column_text]Os guarda-volumes s\u00e3o de uso exclusivo dos usu\u00e1rios da biblioteca e destinam-se \u00e0 guarda de mochilas, bolsas, pastas fechadas, lanches ou similares antes de ter acesso f\u00edsico \u00e0 sala de estudo e acervo da biblioteca, somente enquanto o usu\u00e1rio estiver na biblioteca.<\/p>\n<p>Confira o regulamento de utiliza\u00e7\u00e3o do guarda-volume:<\/p>\n<ul>\n<li>Ao entrar na Biblioteca, todos os usu\u00e1rios dever\u00e3o guardar seus pertences como pastas, sacolas, bolsas, mochilas e similares;<\/li>\n<li>O guarda-volumes destina-se exclusivamente para guardar pertences dos usu\u00e1rios durante a perman\u00eancia deste na Biblioteca;<\/li>\n<li>O usu\u00e1rio dever\u00e1 solicitar as chaves dos guarda-volumes ao funcion\u00e1rio, assinar o formul\u00e1rio de controle de chave, guardar seus pertences no guarda volumes e, ao sair da Biblioteca, retirar todo seu material e devolver a chave;<\/li>\n<li>A chave do escaninho \u00e9 de responsabilidade do usu\u00e1rio, ficando em sua posse durante a perman\u00eancia na biblioteca, n\u00e3o sendo a Biblioteca respons\u00e1vel por valores ou objetos l\u00e1 deixados;<\/li>\n<li>A utiliza\u00e7\u00e3o indevida do guarda-volumes tais como o uso pessoal para outra finalidade sem que seja na biblioteca, pode acarretar em pagamento de multa no valor de R$5,00 (por dia);<\/li>\n<li>Pelo extravio ou quebra da chave \/ chaveiro do guarda-volumes, o usu\u00e1rio se responsabilizar\u00e1 quanto aos servi\u00e7os de chaveiro ou pagamento de multa no valor de R$5,00 para que seja feito a reposi\u00e7\u00e3o do material;<\/li>\n<li>O usu\u00e1rio que sair da Biblioteca, por qualquer motivo, dever\u00e1 retirar seu material do guarda-volumes e devolver as chaves na recep\u00e7\u00e3o.<\/li>\n<\/ul>\n<p>[\/vc_column_text][\/vc_tta_section][vc_tta_section title=&#8221;Cole\u00e7\u00e3o de Refer\u00eancia&#8221; tab_id=&#8221;1659015377384-0f460757-65b1&#8243;][vc_column_text]Cole\u00e7\u00e3o que visa a dar suporte aos usu\u00e1rios no tocante ao uso de obras de refer\u00eancias, nas quais se destacam: dicion\u00e1rios, enciclop\u00e9dias, guias, anu\u00e1rios, repert\u00f3rios bibliogr\u00e1ficos, cat\u00e1logos, bibliografias e almanaques. As obras t\u00eam um \u201cR\u201d acima do n\u00famero de chamada para melhor identific\u00e1-las. Essas obras t\u00eam localiza\u00e7\u00e3o f\u00edsica especial e n\u00e3o podem ser emprestadas, s\u00f3 consultadas no recinto da biblioteca.[\/vc_column_text][\/vc_tta_section][vc_tta_section title=&#8221;Cole\u00e7\u00e3o reserva&#8221; tab_id=&#8221;1659015399435-4895c79a-f6bb&#8221;][vc_column_text]Cole\u00e7\u00e3o composta por um exemplar de cada t\u00edtulo de grande procura no acervo das bibliotecas. A circula\u00e7\u00e3o desse material fica restrita e controlada, no \u00e2mbito das bibliotecas. Os livros pertencentes a essa cole\u00e7\u00e3o est\u00e3o sinalizados com adesivos nas cores vermelho e amarelo e est\u00e3o dispostas em um local distinto das outras cole\u00e7\u00f5es.[\/vc_column_text][\/vc_tta_section][vc_tta_section title=&#8221;Visita dirigida&#8221; tab_id=&#8221;1659015444395-43a4cfb2-f18e&#8221;][vc_column_text]Disponibilizamos visitas dirigidas como uma salutar possibilidade de intera\u00e7\u00e3o entre os que formam os tr\u00eas segmentos da UEPB e a biblioteca, em especial, os nossos alunos, no sentido de esclarecer o papel dessa unidade de informa\u00e7\u00e3o na constru\u00e7\u00e3o do conhecimento. Para solicitar esse servi\u00e7o, qualquer pessoa vinculada a UEPB encaminhar\u00e1 uma solicita\u00e7\u00e3o \u00e0 biblioteca, atrav\u00e9s do seguinte e-mail: biblioteca.campus7@uepb.edu.br.[\/vc_column_text][\/vc_tta_section][vc_tta_section title=&#8221;Cole\u00e7\u00e3o de peri\u00f3dicos nacionais e estrangeiros (gerais e especializados)&#8221; tab_id=&#8221;1659015485894-468bf9d6-8caa&#8221;][vc_column_text]Contamos com um acervo de peri\u00f3dicos nacionais e estrangeiros que compreendem principalmente as \u00e1reas de Administra\u00e7\u00e3o, F\u00edsica, Qu\u00edmica e Matem\u00e1tica. Dispomos de alguns t\u00edtulos com conte\u00fados em v\u00e1rias \u00e1reas do conhecimento. Os peri\u00f3dicos est\u00e3o disponibilizados para consulta local, ou para retirada por um curto espa\u00e7o de tempo para fotoc\u00f3pias, bastando a apresenta\u00e7\u00e3o de documento com foto at\u00e9 a devolu\u00e7\u00e3o do material.[\/vc_column_text][\/vc_tta_section][vc_tta_section title=&#8221;Monografias e trabalhos acad\u00eamicos orientados (TAOs)&#8221; tab_id=&#8221;1659015506938-62f87469-f3ef&#8221;][vc_column_text]O nosso acervo conta com o Setor de Cole\u00e7\u00f5es Especiais, que abrigam os Trabalhos de Conclus\u00e3o de Curso [TCC], e relat\u00f3rios de pesquisa defendidos no \u00e2mbito do Campus VII da UEPB, seja na Gradua\u00e7\u00e3o com na P\u00f3s-Gradua\u00e7\u00e3o, produ\u00e7\u00e3o intelectual que vem contribuindo para o desenvolvimento do ensino, pesquisa e extens\u00e3o da UEPB. Al\u00e9m de contar com materiais em suporte f\u00edsico, a Biblioteca do Campus VII, disponibiliza os TCC para a comunidade acad\u00eamica e a quem interessar por meio de Reposit\u00f3rio Institucional (DSpace), que pode ser acessado atrav\u00e9s do link\u00a0<a href=\"http:\/\/dspace.bc.uepb.edu.br\/\" target=\"_blank\" rel=\"noopener noreferrer\">http:\/\/dspace.bc.uepb.edu.br\/<\/a>.[\/vc_column_text][\/vc_tta_section][\/vc_tta_tour][\/vc_column][\/vc_row]<\/p>\n<\/div>","protected":false},"excerpt":{"rendered":"<p>[vc_row][vc_column][vc_tta_tour active_section=&#8221;1&#8243;][vc_tta_section title=&#8221;Ficha Catalogr\u00e1fica online&#8221; tab_id=&#8221;1659014938507-22d52d5c-9eb0&#8243;][vc_column_text]A ficha catalogr\u00e1fica \u00e9 um documento que cont\u00e9m as informa\u00e7\u00f5es bibliogr\u00e1ficas necess\u00e1rias para identificar e localizar um livro ou outro documento no acervo de uma biblioteca. Todos os trabalhos de conclus\u00e3o de curso da Universidade Estadual da Para\u00edba devem conter a ficha catalogr\u00e1fica. As solicita\u00e7\u00f5es devem ser feitas exclusivamente atrav\u00e9s <a class=\"leiamais\" href=\"https:\/\/centros.uepb.edu.br\/ccea\/biblioteca\/servicos-oferecidos\/\">Leia Mais&#8230;<\/a><\/p>\n","protected":false},"author":29,"featured_media":0,"parent":12,"menu_order":0,"comment_status":"closed","ping_status":"closed","template":"","meta":{"footnotes":""},"class_list":["post-1831","page","type-page","status-publish","hentry"],"jetpack_sharing_enabled":true,"jetpack_shortlink":"https:\/\/wp.me\/P7WTGX-tx","jetpack_likes_enabled":true,"jetpack-related-posts":[{"id":56,"url":"https:\/\/centros.uepb.edu.br\/ccea\/projetos-de-pesquisa-2\/","url_meta":{"origin":1831,"position":0},"title":"Projetos de Pesquisa","author":"direcao","date":"23 de setembro de 2014","format":false,"excerpt":"[vc_row][vc_column][vc_text_separator title=\"PIBIC Cota 2014\/2015\" title_align=\"separator_align_left\" css=\".vc_custom_1659033049703{margin-top: 20px !important;margin-bottom: 30px !important;}\"][vc_tta_accordion style=\"modern\" shape=\"square\" c_icon=\"triangle\" active_section=\"\" collapsible_all=\"true\"][vc_tta_section title=\"Redes de pol\u00edticas: uma an\u00e1lise das pol\u00edticas p\u00fablicas de educa\u00e7\u00e3o superior no estado da Para\u00edba\" tab_id=\"1659011561197-627765ce-d4a0\"][vc_column_text]Professor: Ayalla C\u00e2ndido Freire \u00c1rea: Administra\u00e7\u00e3o[\/vc_column_text][\/vc_tta_section][vc_tta_section title=\"Estrat\u00e9gias de Diferencia\u00e7\u00e3o de Mercado: Um Estudo de Caso com Redes Supermercadistas do Interior\u2026","rel":"","context":"Post similar","block_context":{"text":"Post similar","link":""},"img":{"alt_text":"","src":"","width":0,"height":0},"classes":[]},{"id":111,"url":"https:\/\/centros.uepb.edu.br\/ccea\/laboratorios\/","url_meta":{"origin":1831,"position":1},"title":"Laborat\u00f3rios","author":"direcao","date":"24 de setembro de 2014","format":false,"excerpt":"[vc_row gap=\"30\"][vc_column width=\"1\/2\"][vc_text_separator title=\"Multiusu\u00e1rio\" title_align=\"separator_align_left\"][vc_column_text]Laborat\u00f3rio de Inform\u00e1tica O Laborat\u00f3rio de Inform\u00e1tica atende aos diversos cursos do Campus VII, estando acess\u00edvel a todos os alunos, professores e funcion\u00e1rios que necessitem do suporte tecnol\u00f3gico para suas atividades. O laborat\u00f3rio tamb\u00e9m \u00e9 utilizado nas aulas pr\u00e1ticas do curso de Computa\u00e7\u00e3o. Sala 408 \u2013\u2026","rel":"","context":"Post similar","block_context":{"text":"Post similar","link":""},"img":{"alt_text":"","src":"","width":0,"height":0},"classes":[]},{"id":78,"url":"https:\/\/centros.uepb.edu.br\/ccea\/contatos\/","url_meta":{"origin":1831,"position":2},"title":"Contatos","author":"arnaud","date":"15 de setembro de 2017","format":false,"excerpt":"[vc_row][vc_column][vc_tta_tabs][vc_tta_section title=\"Telefones e Emails\" tab_id=\"1659114018337-80f5407e-3b27\"][vc_row_inner gap=\"30\"][vc_column_inner width=\"1\/2\"][vc_column_text css=\"\"] Dire\u00e7\u00e3o do CCEA Diretor: Jos\u00e9 Ginaldo de Souza Farias Diretor adjunto: Ant\u00f4nio Jos\u00e9 Gomes Pedrosa Telefones: (83) 3421 1475\/ 3421 1447 \u2013 Ramal 200\/ 9.9371-2221 E-mails: ccea@setor.uepb.edu.br ginaldo@servidor.uepb.edu.br pedrosa@servidor.uepb.edu.br Coordena\u00e7\u00e3o do Curso de Administra\u00e7\u00e3o Coordenadora: Simone Costa Silva Coordenadora adjunta: Cl\u00e9ssia Fernandes\u2026","rel":"","context":"Post similar","block_context":{"text":"Post similar","link":""},"img":{"alt_text":"","src":"https:\/\/i0.wp.com\/centros.uepb.edu.br\/ccea\/files\/2014\/09\/LocalizacaoUEPBCCEA2.jpg?resize=350%2C200&ssl=1","width":350,"height":200,"srcset":"https:\/\/i0.wp.com\/centros.uepb.edu.br\/ccea\/files\/2014\/09\/LocalizacaoUEPBCCEA2.jpg?resize=350%2C200&ssl=1 1x, https:\/\/i0.wp.com\/centros.uepb.edu.br\/ccea\/files\/2014\/09\/LocalizacaoUEPBCCEA2.jpg?resize=525%2C300&ssl=1 1.5x, https:\/\/i0.wp.com\/centros.uepb.edu.br\/ccea\/files\/2014\/09\/LocalizacaoUEPBCCEA2.jpg?resize=700%2C400&ssl=1 2x"},"classes":[]},{"id":245,"url":"https:\/\/centros.uepb.edu.br\/ccea\/projetos-de-extensao\/","url_meta":{"origin":1831,"position":3},"title":"Projetos de Extens\u00e3o","author":"direcao","date":"20 de setembro de 2017","format":false,"excerpt":"[vc_row][vc_column][vc_text_separator title=\"PROBEX Cota 2016\/ 2017\" title_align=\"separator_align_left\" css=\".vc_custom_1659031743968{margin-top: 10px !important;margin-bottom: 30px !important;}\"][vc_tta_accordion shape=\"square\" c_icon=\"triangle\" active_section=\"\" collapsible_all=\"true\"][vc_tta_section title=\"IPC-P (\u00cdndice de Pre\u00e7o ao Consumidor Patoense)\" tab_id=\"1659027830891-8d6666ff-c4df\"][vc_column_text]N\u00famero de cadastro:1.49.14.16\/17 Professor: Odilon Avelino da Cunha[\/vc_column_text][\/vc_tta_section][vc_tta_section title=\"Construindo Pr\u00e1ticas de Bem Viver em Vilas Produtivas Rurais do Projeto de Integra\u00e7\u00e3o do Rio S\u00e3o Francisco\" tab_id=\"1659027855762-9ffde2ff-0004\"][vc_column_text]N\u00famero de cadastro:\u2026","rel":"","context":"Post similar","block_context":{"text":"Post similar","link":""},"img":{"alt_text":"","src":"","width":0,"height":0},"classes":[]},{"id":23,"url":"https:\/\/centros.uepb.edu.br\/ccea\/graduacao\/","url_meta":{"origin":1831,"position":4},"title":"Gradua\u00e7\u00e3o","author":"arnaud","date":"15 de setembro de 2017","format":false,"excerpt":"[vc_row][vc_column][vc_tta_accordion shape=\"square\" c_icon=\"triangle\" active_section=\"\" collapsible_all=\"true\"][vc_tta_section title=\"Bacharelado em Administra\u00e7\u00e3o\" tab_id=\"1659097522759-cbf74554-77e2\"][vc_column_text css=\"\"]Turno: Diurno\/ Noturno Dura\u00e7\u00e3o: Diurno \u2013 M\u00ednimo: 8 semestres \/ M\u00e1ximo: 12 semestres Noturno \u2013 M\u00ednimo: 9 semestres \/ M\u00e1ximo: 14 semestres C\u00f3digo do Curso:\u00a0114756 Coordenadora: Simone Costa Silva Coordenadora adjunta: Cl\u00e9ssia Fernandes de Brito Santiago Secret\u00e1ria: Fl\u00e1via Bertoldo Ferreira Endere\u00e7o:\u2026","rel":"","context":"Post similar","block_context":{"text":"Post similar","link":""},"img":{"alt_text":"","src":"","width":0,"height":0},"classes":[]},{"id":14,"url":"https:\/\/centros.uepb.edu.br\/ccea\/estudante\/","url_meta":{"origin":1831,"position":5},"title":"Estudante","author":"arnaud","date":"22 de setembro de 2014","format":false,"excerpt":"[vc_row][vc_column][vc_tta_tabs][vc_tta_section title=\"DCE\" tab_id=\"1659113316263-71414aef-bd57\"][vc_column_text]Diret\u00f3rio Central dos Estudantes (DCE) Gest\u00e3o Todos Temos Voz! \u00a0Bi\u00eanio 2015-2016 Atendimento: Sala 109 Integrantes[\/vc_column_text][vc_row_inner gap=\"30\"][vc_column_inner width=\"1\/3\"][vc_text_separator title=\"Coordenadores de Campus\" title_align=\"separator_align_left\"][vc_column_text]Janayna de Assis Antunes (Administra\u00e7\u00e3o \u2013 2\u00ba P. Noite) Email: janayna.antunes.ja@gmail.com Telefone: TIM-9910-2267 Pablo Henrique Rodrigues Jaruzo (Computa\u00e7\u00e3o \u2013 7\u00ba P. Noite) Email: pablojaruzo@gmail.com Telefone: TIM-9607-6436[\/vc_column_text][\/vc_column_inner][vc_column_inner width=\"1\/3\"][vc_text_separator title=\"Secretaria\"\u2026","rel":"","context":"Post similar","block_context":{"text":"Post similar","link":""},"img":{"alt_text":"","src":"","width":0,"height":0},"classes":[]}],"_links":{"self":[{"href":"https:\/\/centros.uepb.edu.br\/ccea\/wp-json\/wp\/v2\/pages\/1831","targetHints":{"allow":["GET"]}}],"collection":[{"href":"https:\/\/centros.uepb.edu.br\/ccea\/wp-json\/wp\/v2\/pages"}],"about":[{"href":"https:\/\/centros.uepb.edu.br\/ccea\/wp-json\/wp\/v2\/types\/page"}],"author":[{"embeddable":true,"href":"https:\/\/centros.uepb.edu.br\/ccea\/wp-json\/wp\/v2\/users\/29"}],"replies":[{"embeddable":true,"href":"https:\/\/centros.uepb.edu.br\/ccea\/wp-json\/wp\/v2\/comments?post=1831"}],"version-history":[{"count":0,"href":"https:\/\/centros.uepb.edu.br\/ccea\/wp-json\/wp\/v2\/pages\/1831\/revisions"}],"up":[{"embeddable":true,"href":"https:\/\/centros.uepb.edu.br\/ccea\/wp-json\/wp\/v2\/pages\/12"}],"wp:attachment":[{"href":"https:\/\/centros.uepb.edu.br\/ccea\/wp-json\/wp\/v2\/media?parent=1831"}],"curies":[{"name":"wp","href":"https:\/\/api.w.org\/{rel}","templated":true}]}}