{"id":1805,"date":"2022-07-27T19:50:00","date_gmt":"2022-07-27T19:50:00","guid":{"rendered":"https:\/\/centros.uepb.edu.br\/ccea\/?page_id=1805"},"modified":"2025-08-28T21:40:55","modified_gmt":"2025-08-28T21:40:55","slug":"historico","status":"publish","type":"page","link":"https:\/\/centros.uepb.edu.br\/ccea\/historico\/","title":{"rendered":"Hist\u00f3rico"},"content":{"rendered":"<div class=\"wpb-content-wrapper\"><p>[vc_row][vc_column][vc_column_text css=&#8221;&#8221;]<\/p>\n<p style=\"text-align: center\"><strong><img loading=\"lazy\" decoding=\"async\" class=\"size-medium wp-image-2531 aligncenter img-responsive\" src=\"https:\/\/centros.uepb.edu.br\/ccea\/files\/2025\/08\/logo_ccea_25anos_12-300x300.png\" alt=\"\" width=\"300\" height=\"300\" srcset=\"https:\/\/centros.uepb.edu.br\/ccea\/files\/2025\/08\/logo_ccea_25anos_12-300x300.png 300w, https:\/\/centros.uepb.edu.br\/ccea\/files\/2025\/08\/logo_ccea_25anos_12-1536x1536.png 1536w, https:\/\/centros.uepb.edu.br\/ccea\/files\/2025\/08\/logo_ccea_25anos_12-2048x2048.png 2048w, https:\/\/centros.uepb.edu.br\/ccea\/files\/2025\/08\/logo_ccea_25anos_12-796x796.png 796w\" sizes=\"auto, (max-width: 300px) 100vw, 300px\" \/><\/strong><\/p>\n<p style=\"text-align: center\"><strong>Centro de Ci\u00eancias Exatas e Sociais Aplicadas \u2013 CCEA<\/strong><\/p>\n<p style=\"text-align: center\"><strong>Hist\u00f3ria, Avan\u00e7os e Perspectivas<\/strong><\/p>\n<p>A instala\u00e7\u00e3o da Universidade Estadual da Para\u00edba (UEPB) na Cidade de Patos-PB se deu atrav\u00e9s da Cria\u00e7\u00e3o do Campus VII \u2013 Governador Ant\u00f4nio Mariz \u2013 e do Centro de Ci\u00eancias Exatas e Sociais Aplicadas \u2013 CCEA, que ocorreu durante o Reitorado da Professora Marlene Alves Luna e foi parte da pol\u00edtica de expans\u00e3o universit\u00e1ria conquistada a partir da autonomia financeira da institui\u00e7\u00e3o.<\/p>\n<p>Oficialmente inaugurado no\u00a0dia <strong>28 de agosto de 2006<\/strong>, o Campus VII \u2013 Governador Ant\u00f4nio Mariz \u2013 constitu\u00eddo pelo Centro de Ci\u00eancias Exatas e Sociais Aplicadas \u2013 CCEA \u2013 da Universidade Estadual da Para\u00edba \u2013 UEPB, completa, neste ano de 2025, 19 (dezenove) anos de exist\u00eancia. No in\u00edcio das suas atividades, o CCEA ocupava as instala\u00e7\u00f5es da antiga Escola Profissional Ministro Ernani S\u00e1tyro, localizada na Rua 5 de Agosto, no Bairro do Belo Horizonte, Patos-PB, onde, na \u00e9poca funcionava a Sexta Ger\u00eancia Regional de Ensino. Neste local, o Campus VII funcionou at\u00e9 dezembro de 2008, momento em que, atrav\u00e9s de uma permuta com a Escola Normal Dom Expedito Eduardo de Oliveira e a Escola Capit\u00e3o Manoel Gomes, passou a ocupar, at\u00e9 o presente, o pr\u00e9dio localizado \u00e0 Rua Alfredo Lustosa Cabral, s\/n, no bairro do Salgadinho, espa\u00e7o antes ocupado por estas mesmas escolas. Entre agosto de 2006 e setembro de 2010, per\u00edodo capital \u00e0 consolida\u00e7\u00e3o da instala\u00e7\u00e3o do Campus, a sua dire\u00e7\u00e3o ficou a cargo da Professora Rochane Villarim de Almeida, respons\u00e1vel, \u00e0 \u00e9poca, pela instala\u00e7\u00e3o da UEPB na cidade.<\/p>\n<p>A implanta\u00e7\u00e3o do Centro de Ci\u00eancias Exatas e Sociais Aplicadas \u2013 CCEA trouxe para o sert\u00e3o do Estado cursos que, naquele momento, objetivavam atender \u00e0 demanda da regi\u00e3o: por um lado, a forma\u00e7\u00e3o de administradores privados e gestores p\u00fablicos, a partir do Curso de Bacharelado em Administra\u00e7\u00e3o e, por outro, a forma\u00e7\u00e3o de professores da Educa\u00e7\u00e3o B\u00e1sica, a partir dos cursos de Licenciatura em Ci\u00eancias Exatas e Licenciatura em Computa\u00e7\u00e3o.<\/p>\n<p>Sob a dire\u00e7\u00e3o da professora Rochane Villarim de Almeida, entre 2006 e 2010, a estrutura do Campus VII da Universidade Estadual da Para\u00edba se consolidou com uma estrutura composta por 14 salas de aulas, laborat\u00f3rios de Qu\u00edmica e Computa\u00e7\u00e3o, al\u00e9m do projeto de cria\u00e7\u00e3o da Biblioteca Setorial que traria, em sua homenagem, o nome do jornalista Virg\u00edlio Trindade. Durante esse per\u00edodo o Campus VII contou com um quadro t\u00e9cnico constitu\u00eddo por 37 professores, 18 t\u00e9cnicos administrativos e cerca de 1.100 alunos, matriculados nos Cursos de Licenciatura em Ci\u00eancias Exatas, Bacharelado em Administra\u00e7\u00e3o e Licenciatura em Computa\u00e7\u00e3o.<\/p>\n<p>O Curso de Ci\u00eancias Exatas funcionou, at\u00e9 2011, na modalidade de Licenciatura Plena, com habilita\u00e7\u00e3o em Qu\u00edmica, F\u00edsica e Matem\u00e1tica. O curso foi criado pela\u00a0<strong>RESOLU\u00c7\u00c3O\/UEPB\/CONSUNI\/016\/2006<\/strong>, justificado, \u00e0 \u00e9poca, pela car\u00eancia de professores formados nessa \u00e1rea de conhecimento, objetivando, dessa forma minimizar a multiplica\u00e7\u00e3o de leigos em escolas p\u00fablicas e particulares.<\/p>\n<p>O Curso de Bacharelado em Administra\u00e7\u00e3o foi criado pela\u00a0<strong>RESOLU\u00c7\u00c3O\/UEPB\/CONSUNI\/015\/2006<\/strong>\u00a0com a proposta de forma\u00e7\u00e3o profissional para as diferentes fun\u00e7\u00f5es de gerenciamento, an\u00e1lise e planejamento das atividades empresariais, especialmente nas \u00e1reas de Finan\u00e7as, Marketing, Recursos Humanos, Inform\u00e1tica e Gest\u00e3o.<\/p>\n<p>O Curso de Licenciatura em Computa\u00e7\u00e3o foi criado atrav\u00e9s da\u00a0<strong>RESOLU\u00c7\u00c3O\/UEPB\/CONSUNI\/017\/2006<\/strong>. A cria\u00e7\u00e3o do curso foi baseada nas diretrizes curriculares estabelecidas pelo Minist\u00e9rio da Educa\u00e7\u00e3o e o perfil profissional foi \u00e0quele sugerido pela Sociedade Brasileira de Inform\u00e1tica, consubstanciado no dom\u00ednio de t\u00e9cnicas e na forma\u00e7\u00e3o profissional did\u00e1tico-pedag\u00f3gica.<\/p>\n<p>Em 2011, agora com 05 anos de exist\u00eancia e sob a dire\u00e7\u00e3o dos Professores Odilon Avelino da Cunha e Ilauro Souza de Lima, como Diretor e Diretor Adjunto, respectivamente, o CCEA\/Campus VII inaugurou a Biblioteca Setorial Professor Virg\u00edlio Trindade. Durante a gest\u00e3o dos professores Odilon Avelino e Ilauro Souza, todas as salas de aula do Campus foram climatizadas, houve significativas melhorias no mobili\u00e1rio do Campus com a aquisi\u00e7\u00e3o de novos equipamentos escolares, al\u00e9m da expans\u00e3o do quadro de professores e funcion\u00e1rios e a redefini\u00e7\u00e3o de espa\u00e7os internos na perspectiva de otimizar e dinamizar o ambiente acad\u00eamico do Campus. Em 2012, ainda sob a gest\u00e3o dos professores Odilon Avelino e Ilauro Souza e objetivando a adequa\u00e7\u00e3o do Campus e dos Cursos \u00e0s necessidades de forma\u00e7\u00e3o profissional prevalecentes naquele contexto, houve o desmembramento do Curso Licenciatura de Ci\u00eancias Exatas, nos cursos de Licenciatura em F\u00edsica e Licenciatura em Matem\u00e1tica. Esse desmembramento resultou da\u00a0<strong>RESOLU\u00c7\u00c3O\/UEPB\/CONSUNI\/035\/2011<\/strong>, que criou os Cursos de Licenciatura em F\u00edsica e Licenciatura em Matem\u00e1tica.<\/p>\n<p>Em 2013, agora j\u00e1 no segundo mandato do Professor Odilon Avelino da Cunha como Diretor e tendo como Diretora Adjunta a Professora Cheyenne Ribeiro Guedes Isidro Abilio, o Curso de Licenciatura em Computa\u00e7\u00e3o foi transformado no Curso de Bacharelado em Ci\u00eancia da Computa\u00e7\u00e3o, atendendo \u00e0s exig\u00eancias, \u00e0 \u00e9poca, da nova configura\u00e7\u00e3o do mercado profissional da \u00e1rea. No in\u00edcio de 2014, objetivando atenuar os problemas de espa\u00e7o f\u00edsico, em fun\u00e7\u00e3o falta de salas de aulas suficientes para o desenvolvimento das atividades dos diversos cursos em funcionamento, foi estabelecido o entre a UEPB e o Governo do Estado o Termo de Cess\u00e3o de Uso Gratuito de Bem Im\u00f3vel onde, a partir deste, o Campus VII passou a utilizar 05 salas de aula da Escola Estadual Dr. Dion\u00edsio da Costa (PREMEM), localizada ao lado do pr\u00e9dio onde, atualmente, se desenvolvem as aulas e atividades gerais de gradua\u00e7\u00e3o do CCEA. Entre os anos de 2013 e 2014 houve um importante conjunto de melhorias entre as quais destaca-se: a instala\u00e7\u00e3o de aparelhos de datashow, novos quadros de vidro nas salas de aula, implanta\u00e7\u00e3o de grupos de pesquisa, reorganiza\u00e7\u00e3o de espa\u00e7os e rotinas administrativas, etc., todos objetivando visando \u00e0 melhoria das a\u00e7\u00f5es desenvolvidas no Campus.<\/p>\n<p>Entre 2015 e 2016, sob a gest\u00e3o da\u00a0Professora Cheyenne Ribeiro Guedes Isidro Abilio como Diretora e da Professora Lidiane Rodrigues Camp\u00ealo da Silva, como Diretora Adjunta,\u00a0foi\u00a0realizado um conjunto de a\u00e7\u00f5es que resultaram na organiza\u00e7\u00e3o do estacionamento, no plantio de \u00e1rvores, objetivando uma melhor arboriza\u00e7\u00e3o do Campus, na climatiza\u00e7\u00e3o das salas cedidas temporariamente pela Escola Estadual Dr. Dion\u00edsio da Costa (PREMEM), propiciando um maior conforto t\u00e9rmico aos Professores, Alunos e Funcion\u00e1rios. Ainda durante a gest\u00e3o das Professoras Cheyenne Ribeiro e Lidiane Camp\u00ealo, houve a constru\u00e7\u00e3o do novo Centro de Viv\u00eancias do Campus, um espa\u00e7o equipado com ambientes para fotocopiadoras e lanchonetes, al\u00e9m do Espa\u00e7o (pra\u00e7a) de Viv\u00eancia dos estudantes.<\/p>\n<p>Entre agosto de 2016 e agosto de 2018 o Campus VII esteve sob a gest\u00e3o dos Professores Adriano Homero Vital Pereira e Odilon Avelino da Cunha, Diretor e Diretor Adjunto, respectivamente. Durante esta gest\u00e3o, uma s\u00e9rie de atividades foi realizada com o objetivo fundamental de resolver os problemas de espa\u00e7o f\u00edsico e infraestrutura do Campus entre as quais destacam-se: a constru\u00e7\u00e3o de 05 (cinco) salas de aulas, cada uma delas com capacidade para 35 lugares; a constru\u00e7\u00e3o do Audit\u00f3rio Celso Furtado, com capacidade para 250 lugares, representando, hoje, o segundo maior Audit\u00f3rio existente na Cidade de Patos-PB; constru\u00e7\u00e3o do Quiosque Universit\u00e1rio, mais um novo Espa\u00e7o de Viv\u00eancia para os Estudantes, equipado com mobili\u00e1rio e ponto de acesso \u00e0 Rede; Reforma estrutural da Secretaria da Dire\u00e7\u00e3o do Centro; Melhorias na infraestrutura da Coordenadoria Setorial da Tecnologia da Informa\u00e7\u00e3o \u2013 CTIC\/Setorial Campus VII; Climatiza\u00e7\u00e3o do ambiente de recep\u00e7\u00e3o do Campus; Instala\u00e7\u00e3o de Quadros de Vidro nos laborat\u00f3rios do Campus; Melhorias na infraestruturas das Salas\u00a0 de Aula de Aula; Melhorias no Sistema de Climatiza\u00e7\u00e3o do Campus (troca e substitui\u00e7\u00e3o de equipamentos); Constru\u00e7\u00e3o da nova Biblioteca Setorial Campus VII Professor Virg\u00edlio Trindade; Amplia\u00e7\u00e3o da Rede de Baixa Tens\u00e3o do Campus VII a partir da instala\u00e7\u00e3o da Subesta\u00e7\u00e3o de 300 KVA; Instala\u00e7\u00e3o de uma serralharia para conserto de equipamentos e mobili\u00e1rios; Aquisi\u00e7\u00e3o de 01 (uma) Betoneira; Instala\u00e7\u00e3o f\u00edsica do Laborat\u00f3rio de \u00d3tica do Curso de Licenciatura em F\u00edsica; Contrata\u00e7\u00e3o de 01 (um) T\u00e9cnico em Laborat\u00f3rio de F\u00edsica, demanda hist\u00f3rica do Campus e do Curso de Licenciatura em F\u00edsica desde a sua institui\u00e7\u00e3o; Aquisi\u00e7\u00e3o de 01 (uma) Motocicleta 160 Cilindradas; Institui\u00e7\u00e3o do N\u00facleo de Arte e Cultura do Campus VII; Aquisi\u00e7\u00e3o de 10 (dez) viol\u00f5es para o N\u00facleo de Arte e Cultura; Constru\u00e7\u00e3o da Pra\u00e7a do Quiosque; Constru\u00e7\u00e3o da Pra\u00e7a da Biblioteca; Realiza\u00e7\u00e3o do I Encontro de Sanfoneiros e Tocadores de Fole de 8 Baixos da Para\u00edba; Realiza\u00e7\u00e3o do Curso de Inicia\u00e7\u00e3o \u00e0 Dan\u00e7a de Sal\u00e3o e Dan\u00e7as Populares; Realiza\u00e7\u00e3o de diversos eventos de natureza acad\u00eamica e cultural entre os quais se destaca o Semin\u00e1rio Interinstitucional de Diversidade \u2013 SEMID, O F\u00f3rum de Economia Solid\u00e1ria e a Feria de Economia Solid\u00e1ria; Reforma estrutural do espa\u00e7o onde funcionava a Biblioteca, para a instala\u00e7\u00e3o de 02 (duas) novas Salas de Aula, cada uma com capacidade para abrigar 40 alunos; Constru\u00e7\u00e3o em andamento de um novo Bloco de edifica\u00e7\u00e3o que abrigar\u00e1 a nova os novos Laborat\u00f3rios de F\u00edsica (01), Matem\u00e1tica (01) e Computa\u00e7\u00e3o (02); Aquisi\u00e7\u00e3o (em andamento) de novos equipamento para os Laborat\u00f3rios de F\u00edsica, Matem\u00e1tica e Computa\u00e7\u00e3o; Fabrica\u00e7\u00e3o (pr\u00f3pria e em andamento) de 60 mil tijolos intertravados para pavimenta\u00e7\u00e3o do P\u00e1tio (estacionamento) do Campus.<\/p>\n<p>Entre agosto de 2018 e dezembro de 2020 o CCEA se manteve sob a gest\u00e3o dos professores Adriano Homero Vital Pereira e Odilon Avelino da Cunha, Diretor e Diretor Adjunto, respectivamente. (Em constru\u00e7\u00e3o\u2026).<\/p>\n<p>Entre janeiro e abril de 2021 a gest\u00e3o do Campus VII passou a ser realizada pelos professores Odilon Avelino da Cunha e Jos\u00e9 Ginaldo de Souza Farias, Diretor e Diretor Adjunto, respectivamente. (Em constru\u00e7\u00e3o\u2026).[\/vc_column_text][\/vc_column][\/vc_row]<\/p>\n<\/div>","protected":false},"excerpt":{"rendered":"<p>[vc_row][vc_column][vc_column_text css=&#8221;&#8221;] Centro de Ci\u00eancias Exatas e Sociais Aplicadas \u2013 CCEA Hist\u00f3ria, Avan\u00e7os e Perspectivas A instala\u00e7\u00e3o da Universidade Estadual da Para\u00edba (UEPB) na Cidade de Patos-PB se deu atrav\u00e9s da Cria\u00e7\u00e3o do Campus VII \u2013 Governador Ant\u00f4nio Mariz \u2013 e do Centro de Ci\u00eancias Exatas e Sociais Aplicadas \u2013 CCEA, que ocorreu durante o <a class=\"leiamais\" href=\"https:\/\/centros.uepb.edu.br\/ccea\/historico\/\">Leia Mais&#8230;<\/a><\/p>\n","protected":false},"author":29,"featured_media":0,"parent":0,"menu_order":0,"comment_status":"closed","ping_status":"closed","template":"","meta":{"jetpack_post_was_ever_published":false,"footnotes":""},"class_list":["post-1805","page","type-page","status-publish","hentry"],"jetpack_sharing_enabled":true,"jetpack_shortlink":"https:\/\/wp.me\/P7WTGX-t7","jetpack_likes_enabled":true,"jetpack-related-posts":[{"id":4,"url":"https:\/\/centros.uepb.edu.br\/ccea\/o-ccea\/","url_meta":{"origin":1805,"position":0},"title":"O CCEA","author":"arnaud","date":"15 de setembro de 2017","format":false,"excerpt":"[wptabs] [wptabtitle]Equipe[\/wptabtitle] [wptabcontent] Diretores Diretora: Carolina Coeli Rodrigues Batista de Ara\u00fajo Diretor Adjunto: Jos\u00e9 Ginaldo de Souza Farias Secret\u00e1rias Dinaihara Torres Fernandes de Araujo Val\u00e9ria Andrade Calado Dantas Contatos Telefones (83) 3421 1475\/ 3421 3251\/ 3421 1447 - Ramal 200 E-mails Dire\u00e7\u00e3o: ccea@setor.uepb.edu.br Diretora: carolinacoeli@servidor.uepb.edu.br Diretor Adjunto: ginaldo@servidor.uepb.edu.br Secret\u00e1ria:dinaihara@servidor.uepb.edu.br Secret\u00e1ria:\u2026","rel":"","context":"Post similar","block_context":{"text":"Post similar","link":""},"img":{"alt_text":"","src":"https:\/\/i0.wp.com\/centros.uepb.edu.br\/ccea\/files\/2021\/08\/arte_logo_final1-2-300x300.png?resize=350%2C200&ssl=1","width":350,"height":200},"classes":[]},{"id":111,"url":"https:\/\/centros.uepb.edu.br\/ccea\/laboratorios\/","url_meta":{"origin":1805,"position":1},"title":"Laborat\u00f3rios","author":"direcao","date":"24 de setembro de 2014","format":false,"excerpt":"[vc_row gap=\"30\"][vc_column width=\"1\/2\"][vc_text_separator title=\"Multiusu\u00e1rio\" title_align=\"separator_align_left\"][vc_column_text]Laborat\u00f3rio de Inform\u00e1tica O Laborat\u00f3rio de Inform\u00e1tica atende aos diversos cursos do Campus VII, estando acess\u00edvel a todos os alunos, professores e funcion\u00e1rios que necessitem do suporte tecnol\u00f3gico para suas atividades. O laborat\u00f3rio tamb\u00e9m \u00e9 utilizado nas aulas pr\u00e1ticas do curso de Computa\u00e7\u00e3o. Sala 408 \u2013\u2026","rel":"","context":"Post similar","block_context":{"text":"Post similar","link":""},"img":{"alt_text":"","src":"","width":0,"height":0},"classes":[]},{"id":36,"url":"https:\/\/centros.uepb.edu.br\/ccea\/pos-graduacao\/","url_meta":{"origin":1805,"position":2},"title":"P\u00f3s-Gradua\u00e7\u00e3o","author":"direcao","date":"22 de setembro de 2014","format":false,"excerpt":"[vc_row gap=\"30\"][vc_column width=\"1\/2\"][vc_text_separator title=\"Fundamentos da Educa\u00e7\u00e3o: Pr\u00e1ticas Pedag\u00f3gicas Interdisciplinares\" title_align=\"separator_align_left\"][vc_column_text]Em parceria com a UEPB, o curso de p\u00f3s-gradua\u00e7\u00e3o est\u00e1 sendo oferecido pelo Governo do Estado da Para\u00edba, por meio da Secretaria de Estado da Educa\u00e7\u00e3o (SEE), e\u00a0 objetiva promover a forma\u00e7\u00e3o continuada dos profissionais graduados e efetivos que atuam na\u2026","rel":"","context":"Post similar","block_context":{"text":"Post similar","link":""},"img":{"alt_text":"","src":"","width":0,"height":0},"classes":[]},{"id":78,"url":"https:\/\/centros.uepb.edu.br\/ccea\/contatos\/","url_meta":{"origin":1805,"position":3},"title":"Contatos","author":"arnaud","date":"15 de setembro de 2017","format":false,"excerpt":"[vc_row][vc_column][vc_tta_tabs][vc_tta_section title=\"Telefones e Emails\" tab_id=\"1659114018337-80f5407e-3b27\"][vc_row_inner gap=\"30\"][vc_column_inner width=\"1\/2\"][vc_column_text css=\"\"] Dire\u00e7\u00e3o do CCEA Diretor: Jos\u00e9 Ginaldo de Souza Farias Diretor adjunto: Ant\u00f4nio Jos\u00e9 Gomes Pedrosa Telefones: (83) 3421 1475\/ 3421 1447 \u2013 Ramal 200\/ 9.9371-2221 E-mails: ccea@setor.uepb.edu.br ginaldo@servidor.uepb.edu.br pedrosa@servidor.uepb.edu.br Coordena\u00e7\u00e3o do Curso de Administra\u00e7\u00e3o Coordenador: Odilon Avelino da Cunha Coordenadora adjunta: Simone\u2026","rel":"","context":"Post similar","block_context":{"text":"Post similar","link":""},"img":{"alt_text":"","src":"https:\/\/i0.wp.com\/centros.uepb.edu.br\/ccea\/files\/2014\/09\/LocalizacaoUEPBCCEA2.jpg?resize=350%2C200&ssl=1","width":350,"height":200,"srcset":"https:\/\/i0.wp.com\/centros.uepb.edu.br\/ccea\/files\/2014\/09\/LocalizacaoUEPBCCEA2.jpg?resize=350%2C200&ssl=1 1x, https:\/\/i0.wp.com\/centros.uepb.edu.br\/ccea\/files\/2014\/09\/LocalizacaoUEPBCCEA2.jpg?resize=525%2C300&ssl=1 1.5x, https:\/\/i0.wp.com\/centros.uepb.edu.br\/ccea\/files\/2014\/09\/LocalizacaoUEPBCCEA2.jpg?resize=700%2C400&ssl=1 2x"},"classes":[]},{"id":23,"url":"https:\/\/centros.uepb.edu.br\/ccea\/graduacao\/","url_meta":{"origin":1805,"position":4},"title":"Gradua\u00e7\u00e3o","author":"arnaud","date":"15 de setembro de 2017","format":false,"excerpt":"[vc_row][vc_column][vc_tta_accordion shape=\"square\" c_icon=\"triangle\" active_section=\"\" collapsible_all=\"true\"][vc_tta_section title=\"Bacharelado em Administra\u00e7\u00e3o\" tab_id=\"1659097522759-cbf74554-77e2\"][vc_column_text]Turno: Diurno\/ Noturno Dura\u00e7\u00e3o: Diurno \u2013 M\u00ednimo: 8 semestres \/ M\u00e1ximo: 12 semestres Noturno \u2013 M\u00ednimo: 9 semestres \/ M\u00e1ximo: 14 semestres C\u00f3digo do Curso:\u00a0114756 Coordenador: Odilon Avelino da Cunha Coordenadora adjunta: Simone Costa Silva Secret\u00e1ria: Fl\u00e1via Bertoldo Ferreira Endere\u00e7o: Rua Alfredo\u2026","rel":"","context":"Post similar","block_context":{"text":"Post similar","link":""},"img":{"alt_text":"","src":"","width":0,"height":0},"classes":[]},{"id":56,"url":"https:\/\/centros.uepb.edu.br\/ccea\/projetos-de-pesquisa-2\/","url_meta":{"origin":1805,"position":5},"title":"Projetos de Pesquisa","author":"direcao","date":"23 de setembro de 2014","format":false,"excerpt":"[vc_row][vc_column][vc_text_separator title=\"PIBIC Cota 2014\/2015\" title_align=\"separator_align_left\" css=\".vc_custom_1659033049703{margin-top: 20px !important;margin-bottom: 30px !important;}\"][vc_tta_accordion style=\"modern\" shape=\"square\" c_icon=\"triangle\" active_section=\"\" collapsible_all=\"true\"][vc_tta_section title=\"Redes de pol\u00edticas: uma an\u00e1lise das pol\u00edticas p\u00fablicas de educa\u00e7\u00e3o superior no estado da Para\u00edba\" tab_id=\"1659011561197-627765ce-d4a0\"][vc_column_text]Professor: Ayalla C\u00e2ndido Freire \u00c1rea: Administra\u00e7\u00e3o[\/vc_column_text][\/vc_tta_section][vc_tta_section title=\"Estrat\u00e9gias de Diferencia\u00e7\u00e3o de Mercado: Um Estudo de Caso com Redes Supermercadistas do Interior\u2026","rel":"","context":"Post similar","block_context":{"text":"Post similar","link":""},"img":{"alt_text":"","src":"","width":0,"height":0},"classes":[]}],"_links":{"self":[{"href":"https:\/\/centros.uepb.edu.br\/ccea\/wp-json\/wp\/v2\/pages\/1805","targetHints":{"allow":["GET"]}}],"collection":[{"href":"https:\/\/centros.uepb.edu.br\/ccea\/wp-json\/wp\/v2\/pages"}],"about":[{"href":"https:\/\/centros.uepb.edu.br\/ccea\/wp-json\/wp\/v2\/types\/page"}],"author":[{"embeddable":true,"href":"https:\/\/centros.uepb.edu.br\/ccea\/wp-json\/wp\/v2\/users\/29"}],"replies":[{"embeddable":true,"href":"https:\/\/centros.uepb.edu.br\/ccea\/wp-json\/wp\/v2\/comments?post=1805"}],"version-history":[{"count":0,"href":"https:\/\/centros.uepb.edu.br\/ccea\/wp-json\/wp\/v2\/pages\/1805\/revisions"}],"wp:attachment":[{"href":"https:\/\/centros.uepb.edu.br\/ccea\/wp-json\/wp\/v2\/media?parent=1805"}],"curies":[{"name":"wp","href":"https:\/\/api.w.org\/{rel}","templated":true}]}}