{"id":1788,"date":"2022-07-27T19:27:32","date_gmt":"2022-07-27T19:27:32","guid":{"rendered":"https:\/\/centros.uepb.edu.br\/ccea\/?page_id=1788"},"modified":"2025-02-11T12:58:40","modified_gmt":"2025-02-11T12:58:40","slug":"equipe","status":"publish","type":"page","link":"https:\/\/centros.uepb.edu.br\/ccea\/equipe\/","title":{"rendered":"Equipe"},"content":{"rendered":"<div class=\"wpb-content-wrapper\"><p>[vc_row gap=&#8221;30&#8243;][vc_column width=&#8221;1\/3&#8243;][vc_text_separator title=&#8221;Diretores&#8221; title_align=&#8221;separator_align_left&#8221;][vc_column_text css=&#8221;&#8221;]<strong>Diretor<\/strong><br \/>\nJos\u00e9 Ginaldo de Souza Farias<br \/>\nginaldo@servidor.uepb.edu.br<\/p>\n<p><strong>Diretor Adjunto<\/strong><br \/>\nAnt\u00f4nio Jos\u00e9 Gomes Pedrosa<br \/>\npedrosa@servidor.uepb.edu.br[\/vc_column_text][\/vc_column][vc_column width=&#8221;1\/3&#8243;][vc_text_separator title=&#8221;Secret\u00e1rias&#8221; title_align=&#8221;separator_align_left&#8221;][vc_column_text]Dinaihara Torres Fernandes de Araujo<br \/>\ndinaihara@servidor.uepb.edu.br<\/p>\n<p>Val\u00e9ria Andrade Calado Dantas<br \/>\nvaleriacalado@servidor.uepb.edu.br[\/vc_column_text][\/vc_column][vc_column width=&#8221;1\/3&#8243;][vc_text_separator title=&#8221;Contatos&#8221; title_align=&#8221;separator_align_left&#8221;][vc_column_text css=&#8221;&#8221;](83) 3421 &#8211; 1475<br \/>\n(83) 3421 &#8211; 1447 &#8211; Ramal 200<br \/>\n(83) 9.9371-2221 &#8211; WhatsApp[\/vc_column_text][vc_column_text]Facebook:\u00a0<a href=\"https:\/\/www.facebook.com\/\" target=\"_blank\" rel=\"noopener\">Dire\u00e7\u00e3o Ccea Campus VII<\/a><br \/>\nInstagram: <a href=\"http:\/\/instagram.com\/cceacampusvii\" target=\"_blank\" rel=\"noopener\">@cceacampusvii<\/a>[\/vc_column_text][\/vc_column][\/vc_row][vc_row][vc_column][vc_text_separator title=&#8221;Redes Sociais&#8221; title_align=&#8221;separator_align_left&#8221; css=&#8221;.vc_custom_1658950179825{margin-top: 20px !important;}&#8221;][vc_btn title=&#8221;Facebook&#8221; color=&#8221;primary&#8221; size=&#8221;lg&#8221; css=&#8221;.vc_custom_1658950492221{margin-right: 3px !important;}&#8221; link=&#8221;url:https%3A%2F%2Fwww.facebook.com%2Fprofile.php%3Fid%3D100054461620567|title:Dire%C3%A7%C3%A3o%20Ccea%20Campus%20VII|target:_blank&#8221;][vc_btn title=&#8221;Instagram&#8221; color=&#8221;danger&#8221; size=&#8221;lg&#8221; css=&#8221;.vc_custom_1658950710155{margin-right: 3px !important;}&#8221; link=&#8221;url:https%3A%2F%2Fwww.instagram.com%2Fcceacampusvii%2F|title:Instagram%20CCEA|target:_blank&#8221;][vc_text_separator title=&#8221;Atendimento&#8221; title_align=&#8221;separator_align_left&#8221; css=&#8221;.vc_custom_1658950664406{margin-top: 30px !important;}&#8221;][vc_message message_box_color=&#8221;alert-warning&#8221;]7h30 \u00e0s 21h30[\/vc_message][\/vc_column][\/vc_row]<\/p>\n<\/div>","protected":false},"excerpt":{"rendered":"<p>[vc_row gap=&#8221;30&#8243;][vc_column width=&#8221;1\/3&#8243;][vc_text_separator title=&#8221;Diretores&#8221; title_align=&#8221;separator_align_left&#8221;][vc_column_text css=&#8221;&#8221;]Diretor Jos\u00e9 Ginaldo de Souza Farias ginaldo@servidor.uepb.edu.br Diretor Adjunto Ant\u00f4nio Jos\u00e9 Gomes Pedrosa pedrosa@servidor.uepb.edu.br[\/vc_column_text][\/vc_column][vc_column width=&#8221;1\/3&#8243;][vc_text_separator title=&#8221;Secret\u00e1rias&#8221; title_align=&#8221;separator_align_left&#8221;][vc_column_text]Dinaihara Torres Fernandes de Araujo dinaihara@servidor.uepb.edu.br Val\u00e9ria Andrade Calado Dantas valeriacalado@servidor.uepb.edu.br[\/vc_column_text][\/vc_column][vc_column width=&#8221;1\/3&#8243;][vc_text_separator title=&#8221;Contatos&#8221; title_align=&#8221;separator_align_left&#8221;][vc_column_text css=&#8221;&#8221;](83) 3421 &#8211; 1475 (83) 3421 &#8211; 1447 &#8211; Ramal 200 (83) 9.9371-2221 &#8211; WhatsApp[\/vc_column_text][vc_column_text]Facebook:\u00a0Dire\u00e7\u00e3o Ccea Campus VII Instagram: @cceacampusvii[\/vc_column_text][\/vc_column][\/vc_row][vc_row][vc_column][vc_text_separator <a class=\"leiamais\" href=\"https:\/\/centros.uepb.edu.br\/ccea\/equipe\/\">Leia Mais&#8230;<\/a><\/p>\n","protected":false},"author":29,"featured_media":0,"parent":0,"menu_order":0,"comment_status":"closed","ping_status":"closed","template":"","meta":{"jetpack_post_was_ever_published":false,"footnotes":""},"class_list":["post-1788","page","type-page","status-publish","hentry"],"jetpack_sharing_enabled":true,"jetpack_shortlink":"https:\/\/wp.me\/P7WTGX-sQ","jetpack_likes_enabled":true,"jetpack-related-posts":[{"id":78,"url":"https:\/\/centros.uepb.edu.br\/ccea\/contatos\/","url_meta":{"origin":1788,"position":0},"title":"Contatos","author":"arnaud","date":"15 de setembro de 2017","format":false,"excerpt":"[vc_row][vc_column][vc_tta_tabs][vc_tta_section title=\"Telefones e Emails\" tab_id=\"1659114018337-80f5407e-3b27\"][vc_row_inner gap=\"30\"][vc_column_inner width=\"1\/2\"][vc_column_text css=\"\"] Dire\u00e7\u00e3o do CCEA Diretor: Jos\u00e9 Ginaldo de Souza Farias Diretor adjunto: Ant\u00f4nio Jos\u00e9 Gomes Pedrosa Telefones: (83) 3421 1475\/ 3421 1447 \u2013 Ramal 200\/ 9.9371-2221 E-mails: ccea@setor.uepb.edu.br ginaldo@servidor.uepb.edu.br pedrosa@servidor.uepb.edu.br Coordena\u00e7\u00e3o do Curso de Administra\u00e7\u00e3o Coordenador: Odilon Avelino da Cunha Coordenadora adjunta: Simone\u2026","rel":"","context":"Post similar","block_context":{"text":"Post similar","link":""},"img":{"alt_text":"","src":"https:\/\/i0.wp.com\/centros.uepb.edu.br\/ccea\/files\/2014\/09\/LocalizacaoUEPBCCEA2.jpg?resize=350%2C200&ssl=1","width":350,"height":200,"srcset":"https:\/\/i0.wp.com\/centros.uepb.edu.br\/ccea\/files\/2014\/09\/LocalizacaoUEPBCCEA2.jpg?resize=350%2C200&ssl=1 1x, https:\/\/i0.wp.com\/centros.uepb.edu.br\/ccea\/files\/2014\/09\/LocalizacaoUEPBCCEA2.jpg?resize=525%2C300&ssl=1 1.5x, https:\/\/i0.wp.com\/centros.uepb.edu.br\/ccea\/files\/2014\/09\/LocalizacaoUEPBCCEA2.jpg?resize=700%2C400&ssl=1 2x"},"classes":[]},{"id":4,"url":"https:\/\/centros.uepb.edu.br\/ccea\/o-ccea\/","url_meta":{"origin":1788,"position":1},"title":"O CCEA","author":"arnaud","date":"15 de setembro de 2017","format":false,"excerpt":"[wptabs] [wptabtitle]Equipe[\/wptabtitle] [wptabcontent] Diretores Diretora: Carolina Coeli Rodrigues Batista de Ara\u00fajo Diretor Adjunto: Jos\u00e9 Ginaldo de Souza Farias Secret\u00e1rias Dinaihara Torres Fernandes de Araujo Val\u00e9ria Andrade Calado Dantas Contatos Telefones (83) 3421 1475\/ 3421 3251\/ 3421 1447 - Ramal 200 E-mails Dire\u00e7\u00e3o: ccea@setor.uepb.edu.br Diretora: carolinacoeli@servidor.uepb.edu.br Diretor Adjunto: ginaldo@servidor.uepb.edu.br Secret\u00e1ria:dinaihara@servidor.uepb.edu.br Secret\u00e1ria:\u2026","rel":"","context":"Post similar","block_context":{"text":"Post similar","link":""},"img":{"alt_text":"","src":"https:\/\/i0.wp.com\/centros.uepb.edu.br\/ccea\/files\/2021\/08\/arte_logo_final1-2-300x300.png?resize=350%2C200&ssl=1","width":350,"height":200},"classes":[]},{"id":114,"url":"https:\/\/centros.uepb.edu.br\/ccea\/ctic-setorial\/","url_meta":{"origin":1788,"position":2},"title":"CTIC Setorial","author":"arnaud","date":"24 de setembro de 2014","format":false,"excerpt":"[vc_row][vc_column][vc_column_text]A Coordenadoria de Tecnologia da Informa\u00e7\u00e3o (CTIC) \u00e9 o \u00f3rg\u00e3o encarregado de fornecer os recursos de tecnologia da informa\u00e7\u00e3o da UEPB.\u00a0 No Campus VII, os setores administrativos contam com o CTIC Setorial para: Prestar assessoria em atividades que demandam o uso da inform\u00e1tica; Propiciar infra-estrutura em equipamentos\/servi\u00e7os de inform\u00e1tica \u00e0s\u2026","rel":"","context":"Post similar","block_context":{"text":"Post similar","link":""},"img":{"alt_text":"","src":"","width":0,"height":0},"classes":[]},{"id":23,"url":"https:\/\/centros.uepb.edu.br\/ccea\/graduacao\/","url_meta":{"origin":1788,"position":3},"title":"Gradua\u00e7\u00e3o","author":"arnaud","date":"15 de setembro de 2017","format":false,"excerpt":"[vc_row][vc_column][vc_tta_accordion shape=\"square\" c_icon=\"triangle\" active_section=\"\" collapsible_all=\"true\"][vc_tta_section title=\"Bacharelado em Administra\u00e7\u00e3o\" tab_id=\"1659097522759-cbf74554-77e2\"][vc_column_text]Turno: Diurno\/ Noturno Dura\u00e7\u00e3o: Diurno \u2013 M\u00ednimo: 8 semestres \/ M\u00e1ximo: 12 semestres Noturno \u2013 M\u00ednimo: 9 semestres \/ M\u00e1ximo: 14 semestres C\u00f3digo do Curso:\u00a0114756 Coordenador: Odilon Avelino da Cunha Coordenadora adjunta: Simone Costa Silva Secret\u00e1ria: Fl\u00e1via Bertoldo Ferreira Endere\u00e7o: Rua Alfredo\u2026","rel":"","context":"Post similar","block_context":{"text":"Post similar","link":""},"img":{"alt_text":"","src":"","width":0,"height":0},"classes":[]},{"id":101,"url":"https:\/\/centros.uepb.edu.br\/ccea\/estagio\/","url_meta":{"origin":1788,"position":4},"title":"Est\u00e1gio e Monitoria","author":"arnaud","date":"15 de setembro de 2017","format":false,"excerpt":"[vc_row gap=\"30\"][vc_column width=\"1\/2\"][vc_text_separator title=\"Coordena\u00e7\u00e3o de Est\u00e1gio e Monitoria\" title_align=\"separator_align_left\"][vc_column_text]Equipe Diogo Medeiros N\u00f3brega diogomedeiros@servidor.uepb.edu.br Rodrigo Roberto de Almeida rodrigouepb@servidor.uepb.edu.br[\/vc_column_text][\/vc_column][vc_column width=\"1\/2\"][vc_text_separator title=\"SOBRE MONITORIA\" title_align=\"separator_align_left\"][vc_column_text]Telefone: (83) 3421 1475 \u2013 Ramal 206 Sala 303 \u2013 Setor B[\/vc_column_text][vc_btn title=\"Mais informa\u00e7\u00f5es\" color=\"info\" link=\"url:https%3A%2F%2Fsites.google.com%2Fview%2Fcem-ccea%2Fp%25C3%25A1gina-inicial|title:Mais%20informa%C3%A7%C3%B5es|target:_blank\"][\/vc_column][\/vc_row][vc_row gap=\"30\"][vc_column width=\"1\/2\"][vc_text_separator title=\"SOBRE EST\u00c1GIO\" title_align=\"separator_align_left\"][vc_column_text]Documentos necess\u00e1rios: Para formalizar o est\u00e1gio junto a UEPB\u2026","rel":"","context":"Post similar","block_context":{"text":"Post similar","link":""},"img":{"alt_text":"","src":"","width":0,"height":0},"classes":[]},{"id":8,"url":"https:\/\/centros.uepb.edu.br\/ccea\/pesquisa\/","url_meta":{"origin":1788,"position":5},"title":"Pesquisa","author":"","date":"22 de setembro de 2014","format":false,"excerpt":"Coordena\u00e7\u00e3o de Pesquisa\u00a0do CCEA Coordenador: Profa. Dra.\u00a0Sibele Thaise Viana Guimar\u00e3es Secret\u00e1rio: Thalisson Rodrigo Fernandes Dantas Fone: (83) 3421-1475 - ramal 202 Email: pesquisa@ccea.uepb.edu.br Sala 701 \u2013 Setor Administrativo","rel":"","context":"Post similar","block_context":{"text":"Post similar","link":""},"img":{"alt_text":"","src":"","width":0,"height":0},"classes":[]}],"_links":{"self":[{"href":"https:\/\/centros.uepb.edu.br\/ccea\/wp-json\/wp\/v2\/pages\/1788","targetHints":{"allow":["GET"]}}],"collection":[{"href":"https:\/\/centros.uepb.edu.br\/ccea\/wp-json\/wp\/v2\/pages"}],"about":[{"href":"https:\/\/centros.uepb.edu.br\/ccea\/wp-json\/wp\/v2\/types\/page"}],"author":[{"embeddable":true,"href":"https:\/\/centros.uepb.edu.br\/ccea\/wp-json\/wp\/v2\/users\/29"}],"replies":[{"embeddable":true,"href":"https:\/\/centros.uepb.edu.br\/ccea\/wp-json\/wp\/v2\/comments?post=1788"}],"version-history":[{"count":0,"href":"https:\/\/centros.uepb.edu.br\/ccea\/wp-json\/wp\/v2\/pages\/1788\/revisions"}],"wp:attachment":[{"href":"https:\/\/centros.uepb.edu.br\/ccea\/wp-json\/wp\/v2\/media?parent=1788"}],"curies":[{"name":"wp","href":"https:\/\/api.w.org\/{rel}","templated":true}]}}