{"id":1759,"date":"2022-07-27T17:20:37","date_gmt":"2022-07-27T17:20:37","guid":{"rendered":"https:\/\/centros.uepb.edu.br\/ccea\/?page_id=1759"},"modified":"2022-07-27T19:19:17","modified_gmt":"2022-07-27T19:19:17","slug":"pagina-inicial","status":"publish","type":"page","link":"https:\/\/centros.uepb.edu.br\/ccea\/","title":{"rendered":"P\u00e1gina Inicial"},"content":{"rendered":"<div class=\"wpb-content-wrapper\"><p>[vc_row gap=&#8221;30&#8243; css=&#8221;.vc_custom_1658949556204{margin-top: 30px !important;}&#8221;][vc_column width=&#8221;2\/3&#8243;][vc_text_separator title=&#8221;Not\u00edcias&#8221; i_icon_fontawesome=&#8221;fas fa-newspaper&#8221; i_color=&#8221;custom&#8221; title_align=&#8221;separator_align_left&#8221; add_icon=&#8221;true&#8221; i_custom_color=&#8221;#cc0000&#8243;]<div class=\"mdl-grid\"><div class=\"mdl-cell--6-col mdl-cell--6-col-tablet mdl-cell--12-col-phone bloco-noticias\"><div class=\"titulo-noticia-widget\"><a href=\"https:\/\/uepb.edu.br\/universidade-estadual-abre-selecao-para-interprete-de-libras-para-o-campus-vii-com-remuneracao-superior-a-r-35-mil\/\" target=\"_blank\"><h3 class=\"titulo-destaque-noticia\">Universidade Estadual abre sele\u00e7\u00e3o para int\u00e9rprete de Libras para o C\u00e2mpus VII com remunera\u00e7\u00e3o superior a R$ 3,5 mil<\/h3><\/a><\/div><div class=\"titulo-noticia-widget\"><a href=\"https:\/\/uepb.edu.br\/uepb-lanca-primeiro-periodico-nacional-com-dedicacao-no-campo-dos-estudos-culturais-em-educacao\/\" target=\"_blank\"><h3 class=\"titulo-destaque-noticia\">UEPB lan\u00e7a primeiro peri\u00f3dico nacional com dedica\u00e7\u00e3o no campo dos Estudos Culturais em Educa\u00e7\u00e3o<\/h3><\/a><\/div><div class=\"titulo-noticia-widget\"><a href=\"https:\/\/uepb.edu.br\/atletas-de-programa-de-extensao-conquistam-medalhas-na-copa-norte-nordeste-de-kickboxing\/\" target=\"_blank\"><h3 class=\"titulo-destaque-noticia\">Atletas de programa de extens\u00e3o conquistam medalhas na Copa Norte\u2013Nordeste de Kickboxing<\/h3><\/a><\/div><\/div><div class=\"mdl-cell--6-col mdl-cell--6-col-tablet mdl-cell--12-col-phone bloco-noticias\"><div class=\"titulo-noticia-widget\"><a href=\"https:\/\/uepb.edu.br\/ensino-e-pesquisa-nova-edicao-da-revista-eletronica-fisica-no-campus-esta-disponivel-com-seis-artigos\/\" target=\"_blank\"><h3 class=\"titulo-destaque-noticia\">Ensino e pesquisa: nova edi\u00e7\u00e3o da revista eletr\u00f4nica F\u00edsica no Campus est\u00e1 dispon\u00edvel com seis artigos<\/h3><\/a><\/div><div class=\"titulo-noticia-widget\"><a href=\"https:\/\/uepb.edu.br\/projeto-limite-do-visivel-amplia-oferta-de-cursos-gratuitos-nos-campus-de-campina-grande-joao-pessoa-e-patos\/\" target=\"_blank\"><h3 class=\"titulo-destaque-noticia\">Projeto Limite do Vis\u00edvel amplia oferta de cursos gratuitos nos c\u00e2mpus de Campina Grande, Jo\u00e3o Pessoa e Patos<\/h3><\/a><\/div><div class=\"titulo-noticia-widget\"><a href=\"https:\/\/uepb.edu.br\/campus-vii-egressa-e-professor-de-administracao-publicam-artigo-sobre-empreendedorismo-feminino\/\" target=\"_blank\"><h3 class=\"titulo-destaque-noticia\">C\u00e2mpus VII: egressa e professor de Administra\u00e7\u00e3o publicam artigo sobre empreendedorismo feminino<\/h3><\/a><\/div><\/div><\/div>[\/vc_column][vc_column width=&#8221;1\/3&#8243;][vc_text_separator title=&#8221;Acesso R\u00e1pido&#8221; i_icon_fontawesome=&#8221;fas fa-external-link-alt&#8221; i_color=&#8221;custom&#8221; title_align=&#8221;separator_align_left&#8221; add_icon=&#8221;true&#8221; i_custom_color=&#8221;#cc0000&#8243;][vc_btn title=&#8221;Acervo Online&#8221; color=&#8221;primary&#8221; size=&#8221;lg&#8221; align=&#8221;left&#8221; button_block=&#8221;true&#8221; link=&#8221;url:http%3A%2F%2F200.129.73.138%2FTelas%2Fw_busca_rapida.php|title:Acervo%20online|target:_blank&#8221; css=&#8221;.vc_custom_1658949432885{margin-bottom: 3px !important;}&#8221;][vc_btn title=&#8221;Calend\u00e1rio Acad\u00eamico 2022.2&#8243; color=&#8221;primary&#8221; size=&#8221;lg&#8221; align=&#8221;left&#8221; button_block=&#8221;true&#8221; link=&#8221;url:https%3A%2F%2Fuepb.edu.br%2Fprograd%2Fdownload%2Fcalendario-academico-2022-2%2F|title:Calend%C3%A1rio%20Acad%C3%AAmico%202022.2|target:_blank&#8221; css=&#8221;.vc_custom_1658949467315{margin-bottom: 3px !important;}&#8221;][vc_btn title=&#8221;Controle Acad\u00eamico&#8221; color=&#8221;primary&#8221; size=&#8221;lg&#8221; align=&#8221;left&#8221; button_block=&#8221;true&#8221; link=&#8221;url:https%3A%2F%2Facademico.uepb.edu.br%2Fca%2F|title:Controle%20Acad%C3%AAmico|target:_blank&#8221; css=&#8221;.vc_custom_1658949478594{margin-bottom: 3px !important;}&#8221;][vc_btn title=&#8221;PROGRAD&#8221; color=&#8221;primary&#8221; size=&#8221;lg&#8221; align=&#8221;left&#8221; button_block=&#8221;true&#8221; link=&#8221;url:https%3A%2F%2Fuepb.edu.br%2Fprograd%2F|title:PROGRAD|target:_blank&#8221; css=&#8221;.vc_custom_1658949507177{margin-bottom: 3px !important;}&#8221;][\/vc_column][\/vc_row][vc_row][vc_column][vc_text_separator title=&#8221;Mais not\u00edcias&#8221; i_icon_fontawesome=&#8221;fas fa-newspaper&#8221; i_color=&#8221;custom&#8221; title_align=&#8221;separator_align_left&#8221; add_icon=&#8221;true&#8221; i_custom_color=&#8221;#cc0000&#8243;]<div class=\"mdl-grid\"><div class=\"mdl-cell--4-col mdl-cell--6-col-tablet mdl-cell--12-col-phone bloco-noticias\"><div class=\"titulo-noticia-widget\"><a href=\"https:\/\/centros.uepb.edu.br\/ccea\/2026\/03\/19\/promatesc-e-ccea-promovem-ciclo-de-palestras-em-celebracao-ao-dia-do-pi-2026\/\"><h3 class=\"titulo-destaque-noticia\">PROMATESC e CCEA promovem ciclo de palestras em celebra\u00e7\u00e3o ao Dia do Pi 2026<\/h3><\/a><\/div><div class=\"titulo-noticia-widget\"><a href=\"https:\/\/centros.uepb.edu.br\/ccea\/2026\/03\/18\/coordenacao-do-curso-de-bacharelado-em-administracao-abre-selecao-publica-para-contratacao-de-professor-substituto-2\/\"><h3 class=\"titulo-destaque-noticia\">Coordena\u00e7\u00e3o do Curso de Bacharelado em Administra\u00e7\u00e3o abre sele\u00e7\u00e3o p\u00fablica para contrata\u00e7\u00e3o de professor substituto<\/h3><\/a><\/div><\/div><div class=\"mdl-cell--4-col mdl-cell--6-col-tablet mdl-cell--12-col-phone bloco-noticias\"><div class=\"titulo-noticia-widget\"><a href=\"https:\/\/centros.uepb.edu.br\/ccea\/2026\/03\/10\/concurso-de-videos-celebra-o-dia-do-pi-e-incentiva-a-divulgacao-da-matematica\/\"><h3 class=\"titulo-destaque-noticia\">Concurso de v\u00eddeos celebra o Dia do Pi e incentiva a divulga\u00e7\u00e3o da Matem\u00e1tica<\/h3><\/a><\/div><div class=\"titulo-noticia-widget\"><a href=\"https:\/\/centros.uepb.edu.br\/ccea\/2026\/02\/12\/coordenacao-do-curso-de-bacharelado-em-ciencia-da-computacao-abre-selecao-publica-para-contratacao-de-tecnico-administrativo-2\/\"><h3 class=\"titulo-destaque-noticia\">Coordena\u00e7\u00e3o do Curso de Bacharelado em Ci\u00eancia da Computa\u00e7\u00e3o abre sele\u00e7\u00e3o p\u00fablica para contrata\u00e7\u00e3o de t\u00e9cnico administrativo<\/h3><\/a><\/div><\/div><div class=\"mdl-cell--4-col mdl-cell--6-col-tablet mdl-cell--12-col-phone bloco-noticias\"><div class=\"titulo-noticia-widget\"><a href=\"https:\/\/centros.uepb.edu.br\/ccea\/2026\/02\/03\/coordenacao-do-curso-de-bacharelado-em-administracao-abre-selecao-publica-para-contratacao-de-professor-substituto\/\"><h3 class=\"titulo-destaque-noticia\">Coordena\u00e7\u00e3o do Curso de Bacharelado em Administra\u00e7\u00e3o abre sele\u00e7\u00e3o p\u00fablica para contrata\u00e7\u00e3o de professor substituto<\/h3><\/a><\/div><div class=\"titulo-noticia-widget\"><a href=\"https:\/\/centros.uepb.edu.br\/ccea\/2025\/12\/16\/coordenacao-do-curso-de-bacharelado-em-ciencia-da-computacao-abre-selecao-publica-para-contratacao-de-tecnico-administrativo\/\"><h3 class=\"titulo-destaque-noticia\">Coordena\u00e7\u00e3o do Curso de Bacharelado em Ci\u00eancia da Computa\u00e7\u00e3o abre sele\u00e7\u00e3o p\u00fablica para contrata\u00e7\u00e3o de t\u00e9cnico administrativo<\/h3><\/a><\/div><\/div><\/div>[\/vc_column][\/vc_row]<\/p>\n<\/div>","protected":false},"excerpt":{"rendered":"<p>[vc_row gap=&#8221;30&#8243; css=&#8221;.vc_custom_1658949556204{margin-top: 30px !important;}&#8221;][vc_column width=&#8221;2\/3&#8243;][vc_text_separator title=&#8221;Not\u00edcias&#8221; i_icon_fontawesome=&#8221;fas fa-newspaper&#8221; i_color=&#8221;custom&#8221; title_align=&#8221;separator_align_left&#8221; add_icon=&#8221;true&#8221; i_custom_color=&#8221;#cc0000&#8243;][\/vc_column][vc_column width=&#8221;1\/3&#8243;][vc_text_separator title=&#8221;Acesso R\u00e1pido&#8221; i_icon_fontawesome=&#8221;fas fa-external-link-alt&#8221; i_color=&#8221;custom&#8221; title_align=&#8221;separator_align_left&#8221; add_icon=&#8221;true&#8221; i_custom_color=&#8221;#cc0000&#8243;][vc_btn title=&#8221;Acervo Online&#8221; color=&#8221;primary&#8221; size=&#8221;lg&#8221; align=&#8221;left&#8221; button_block=&#8221;true&#8221; link=&#8221;url:http%3A%2F%2F200.129.73.138%2FTelas%2Fw_busca_rapida.php|title:Acervo%20online|target:_blank&#8221; css=&#8221;.vc_custom_1658949432885{margin-bottom: 3px !important;}&#8221;][vc_btn title=&#8221;Calend\u00e1rio Acad\u00eamico 2022.2&#8243; color=&#8221;primary&#8221; size=&#8221;lg&#8221; align=&#8221;left&#8221; button_block=&#8221;true&#8221; link=&#8221;url:https%3A%2F%2Fuepb.edu.br%2Fprograd%2Fdownload%2Fcalendario-academico-2022-2%2F|title:Calend%C3%A1rio%20Acad%C3%AAmico%202022.2|target:_blank&#8221; css=&#8221;.vc_custom_1658949467315{margin-bottom: 3px !important;}&#8221;][vc_btn title=&#8221;Controle Acad\u00eamico&#8221; color=&#8221;primary&#8221; size=&#8221;lg&#8221; align=&#8221;left&#8221; button_block=&#8221;true&#8221; link=&#8221;url:https%3A%2F%2Facademico.uepb.edu.br%2Fca%2F|title:Controle%20Acad%C3%AAmico|target:_blank&#8221; css=&#8221;.vc_custom_1658949478594{margin-bottom: 3px !important;}&#8221;][vc_btn title=&#8221;PROGRAD&#8221; color=&#8221;primary&#8221; <a class=\"leiamais\" href=\"https:\/\/centros.uepb.edu.br\/ccea\/\">Leia Mais&#8230;<\/a><\/p>\n","protected":false},"author":29,"featured_media":0,"parent":0,"menu_order":0,"comment_status":"closed","ping_status":"closed","template":"","meta":{"jetpack_post_was_ever_published":false,"footnotes":""},"class_list":["post-1759","page","type-page","status-publish","hentry"],"jetpack_sharing_enabled":true,"jetpack_shortlink":"https:\/\/wp.me\/P7WTGX-sn","jetpack_likes_enabled":true,"jetpack-related-posts":[{"id":1788,"url":"https:\/\/centros.uepb.edu.br\/ccea\/equipe\/","url_meta":{"origin":1759,"position":0},"title":"Equipe","author":"thales","date":"27 de julho de 2022","format":false,"excerpt":"[vc_row gap=\"30\"][vc_column width=\"1\/3\"][vc_text_separator title=\"Diretores\" title_align=\"separator_align_left\"][vc_column_text css=\"\"]Diretor Jos\u00e9 Ginaldo de Souza Farias ginaldo@servidor.uepb.edu.br Diretor Adjunto Ant\u00f4nio Jos\u00e9 Gomes Pedrosa pedrosa@servidor.uepb.edu.br[\/vc_column_text][\/vc_column][vc_column width=\"1\/3\"][vc_text_separator title=\"Secret\u00e1rias\" title_align=\"separator_align_left\"][vc_column_text]Dinaihara Torres Fernandes de Araujo dinaihara@servidor.uepb.edu.br Val\u00e9ria Andrade Calado Dantas valeriacalado@servidor.uepb.edu.br[\/vc_column_text][\/vc_column][vc_column width=\"1\/3\"][vc_text_separator title=\"Contatos\" title_align=\"separator_align_left\"][vc_column_text css=\"\"](83) 3421 - 1475 (83) 3421 - 1447 - Ramal 200 (83) 9.9371-2221 - WhatsApp[\/vc_column_text][vc_column_text]Facebook:\u00a0Dire\u00e7\u00e3o\u2026","rel":"","context":"Post similar","block_context":{"text":"Post similar","link":""},"img":{"alt_text":"","src":"","width":0,"height":0},"classes":[]},{"id":12,"url":"https:\/\/centros.uepb.edu.br\/ccea\/biblioteca\/","url_meta":{"origin":1759,"position":1},"title":"Biblioteca","author":"arnaud","date":"15 de setembro de 2017","format":false,"excerpt":"[vc_row][vc_column width=\"1\/3\"][vc_btn title=\"Sobre a Biblioteca\" color=\"primary\" size=\"lg\" align=\"left\" button_block=\"true\" link=\"url:https%3A%2F%2Fcentros.uepb.edu.br%2Fccea%2Fbiblioteca%2Fsobre%2F|title:Sobre\"][\/vc_column][vc_column width=\"1\/3\"][vc_btn title=\"Infraestrutura\" color=\"primary\" size=\"lg\" align=\"left\" button_block=\"true\" link=\"url:https%3A%2F%2Fcentros.uepb.edu.br%2Fccea%2Fbiblioteca%2Finfraestrutura%2F|title:Infraestrutura\"][\/vc_column][vc_column width=\"1\/3\"][vc_btn title=\"Servi\u00e7os Oferecidos\" color=\"primary\" size=\"lg\" align=\"left\" button_block=\"true\" link=\"url:https%3A%2F%2Fcentros.uepb.edu.br%2Fccea%2Fbiblioteca%2Fservicos-oferecidos%2F|title:Servi%C3%A7os%20Oferecidos\"][\/vc_column][\/vc_row]","rel":"","context":"Post similar","block_context":{"text":"Post similar","link":""},"img":{"alt_text":"","src":"","width":0,"height":0},"classes":[]},{"id":49,"url":"https:\/\/centros.uepb.edu.br\/ccea\/grupos-de-pesquisa\/","url_meta":{"origin":1759,"position":2},"title":"Grupos de Pesquisa","author":"direcao","date":"23 de setembro de 2014","format":false,"excerpt":"[vc_row gap=\"30\"][vc_column width=\"1\/3\"][vc_text_separator title=\"GEMCA\" title_align=\"separator_align_left\"][vc_column_text]Grupo de Eletromagnetismo e Matem\u00e1tica Computacional Aplicado Coordena\u00e7\u00e3o geral: Prof\u00ba. Dr. Elder Eldevitch Carneiro de Oliveira Prof\u00ba. Dr. Pedro Carlos de Assis J\u00fanior Sala 401 - Setor B \u00a0 O Grupo de Eletromagnetismo e Matem\u00e1tica Computacional Aplicado (GEMCA) apresenta uma natureza multidisciplinar, contando com pesquisadores de\u2026","rel":"","context":"Post similar","block_context":{"text":"Post similar","link":""},"img":{"alt_text":"","src":"","width":0,"height":0},"classes":[]},{"id":1831,"url":"https:\/\/centros.uepb.edu.br\/ccea\/biblioteca\/servicos-oferecidos\/","url_meta":{"origin":1759,"position":3},"title":"Servi\u00e7os Oferecidos","author":"thales","date":"28 de julho de 2022","format":false,"excerpt":"[vc_row][vc_column][vc_tta_tour active_section=\"1\"][vc_tta_section title=\"Ficha Catalogr\u00e1fica online\" tab_id=\"1659014938507-22d52d5c-9eb0\"][vc_column_text]A ficha catalogr\u00e1fica \u00e9 um documento que cont\u00e9m as informa\u00e7\u00f5es bibliogr\u00e1ficas necess\u00e1rias para identificar e localizar um livro ou outro documento no acervo de uma biblioteca. Todos os trabalhos de conclus\u00e3o de curso da Universidade Estadual da Para\u00edba devem conter a ficha catalogr\u00e1fica. As solicita\u00e7\u00f5es\u2026","rel":"","context":"Post similar","block_context":{"text":"Post similar","link":""},"img":{"alt_text":"","src":"","width":0,"height":0},"classes":[]},{"id":101,"url":"https:\/\/centros.uepb.edu.br\/ccea\/estagio\/","url_meta":{"origin":1759,"position":4},"title":"Est\u00e1gio e Monitoria","author":"arnaud","date":"15 de setembro de 2017","format":false,"excerpt":"[vc_row gap=\"30\"][vc_column width=\"1\/2\"][vc_text_separator title=\"Coordena\u00e7\u00e3o de Est\u00e1gio e Monitoria\" title_align=\"separator_align_left\"][vc_column_text]Equipe Diogo Medeiros N\u00f3brega diogomedeiros@servidor.uepb.edu.br Rodrigo Roberto de Almeida rodrigouepb@servidor.uepb.edu.br[\/vc_column_text][\/vc_column][vc_column width=\"1\/2\"][vc_text_separator title=\"SOBRE MONITORIA\" title_align=\"separator_align_left\"][vc_column_text]Telefone: (83) 3421 1475 \u2013 Ramal 206 Sala 303 \u2013 Setor B[\/vc_column_text][vc_btn title=\"Mais informa\u00e7\u00f5es\" color=\"info\" link=\"url:https%3A%2F%2Fsites.google.com%2Fview%2Fcem-ccea%2Fp%25C3%25A1gina-inicial|title:Mais%20informa%C3%A7%C3%B5es|target:_blank\"][\/vc_column][\/vc_row][vc_row gap=\"30\"][vc_column width=\"1\/2\"][vc_text_separator title=\"SOBRE EST\u00c1GIO\" title_align=\"separator_align_left\"][vc_column_text]Documentos necess\u00e1rios: Para formalizar o est\u00e1gio junto a UEPB\u2026","rel":"","context":"Post similar","block_context":{"text":"Post similar","link":""},"img":{"alt_text":"","src":"","width":0,"height":0},"classes":[]},{"id":56,"url":"https:\/\/centros.uepb.edu.br\/ccea\/projetos-de-pesquisa-2\/","url_meta":{"origin":1759,"position":5},"title":"Projetos de Pesquisa","author":"direcao","date":"23 de setembro de 2014","format":false,"excerpt":"[vc_row][vc_column][vc_text_separator title=\"PIBIC Cota 2014\/2015\" title_align=\"separator_align_left\" css=\".vc_custom_1659033049703{margin-top: 20px !important;margin-bottom: 30px !important;}\"][vc_tta_accordion style=\"modern\" shape=\"square\" c_icon=\"triangle\" active_section=\"\" collapsible_all=\"true\"][vc_tta_section title=\"Redes de pol\u00edticas: uma an\u00e1lise das pol\u00edticas p\u00fablicas de educa\u00e7\u00e3o superior no estado da Para\u00edba\" tab_id=\"1659011561197-627765ce-d4a0\"][vc_column_text]Professor: Ayalla C\u00e2ndido Freire \u00c1rea: Administra\u00e7\u00e3o[\/vc_column_text][\/vc_tta_section][vc_tta_section title=\"Estrat\u00e9gias de Diferencia\u00e7\u00e3o de Mercado: Um Estudo de Caso com Redes Supermercadistas do Interior\u2026","rel":"","context":"Post similar","block_context":{"text":"Post similar","link":""},"img":{"alt_text":"","src":"","width":0,"height":0},"classes":[]}],"_links":{"self":[{"href":"https:\/\/centros.uepb.edu.br\/ccea\/wp-json\/wp\/v2\/pages\/1759","targetHints":{"allow":["GET"]}}],"collection":[{"href":"https:\/\/centros.uepb.edu.br\/ccea\/wp-json\/wp\/v2\/pages"}],"about":[{"href":"https:\/\/centros.uepb.edu.br\/ccea\/wp-json\/wp\/v2\/types\/page"}],"author":[{"embeddable":true,"href":"https:\/\/centros.uepb.edu.br\/ccea\/wp-json\/wp\/v2\/users\/29"}],"replies":[{"embeddable":true,"href":"https:\/\/centros.uepb.edu.br\/ccea\/wp-json\/wp\/v2\/comments?post=1759"}],"version-history":[{"count":0,"href":"https:\/\/centros.uepb.edu.br\/ccea\/wp-json\/wp\/v2\/pages\/1759\/revisions"}],"wp:attachment":[{"href":"https:\/\/centros.uepb.edu.br\/ccea\/wp-json\/wp\/v2\/media?parent=1759"}],"curies":[{"name":"wp","href":"https:\/\/api.w.org\/{rel}","templated":true}]}}