{"id":14,"date":"2014-09-22T18:23:24","date_gmt":"2014-09-22T18:23:24","guid":{"rendered":"https:\/\/centros.uepb.edu.br\/ccea\/?page_id=14"},"modified":"2022-07-29T16:58:32","modified_gmt":"2022-07-29T16:58:32","slug":"estudante","status":"publish","type":"page","link":"https:\/\/centros.uepb.edu.br\/ccea\/estudante\/","title":{"rendered":"Estudante"},"content":{"rendered":"<div class=\"wpb-content-wrapper\"><p>[vc_row][vc_column][vc_tta_tabs][vc_tta_section title=&#8221;DCE&#8221; tab_id=&#8221;1659113316263-71414aef-bd57&#8243;][vc_column_text]Diret\u00f3rio Central dos Estudantes (DCE)<\/p>\n<p>Gest\u00e3o Todos Temos Voz! \u00a0Bi\u00eanio 2015-2016<\/p>\n<p>Atendimento: Sala 109<\/p>\n<p><strong>Integrantes<\/strong>[\/vc_column_text][vc_row_inner gap=&#8221;30&#8243;][vc_column_inner width=&#8221;1\/3&#8243;][vc_text_separator title=&#8221;Coordenadores de Campus&#8221; title_align=&#8221;separator_align_left&#8221;][vc_column_text]Janayna de Assis Antunes (Administra\u00e7\u00e3o \u2013 2\u00ba P. Noite)<br \/>\nEmail: janayna.antunes.ja@gmail.com<br \/>\nTelefone: TIM-9910-2267<\/p>\n<p>Pablo Henrique Rodrigues Jaruzo (Computa\u00e7\u00e3o \u2013 7\u00ba P. Noite)<br \/>\nEmail: pablojaruzo@gmail.com<br \/>\nTelefone: TIM-9607-6436[\/vc_column_text][\/vc_column_inner][vc_column_inner width=&#8221;1\/3&#8243;][vc_text_separator title=&#8221;Secretaria&#8221; title_align=&#8221;separator_align_left&#8221;][vc_column_text]Isabela Maria M. de Ara\u00fajo (Administra\u00e7\u00e3o \u2013 1\u00ba P. Noite)<br \/>\nEmail: belamaria1998@hotmail.com<br \/>\nTelefone: TIM-9967-2580<\/p>\n<p>Marcelo Simpl\u00edcio de Medeiros (Computa\u00e7\u00e3o \u2013 2\u00ba P. Manh\u00e3)<br \/>\nEmail: marcelo_boy2006@yahoo.com.br<br \/>\nTelefone: TIM- 9970-5454[\/vc_column_text][\/vc_column_inner][vc_column_inner width=&#8221;1\/3&#8243;][vc_text_separator title=&#8221;Tesouraria&#8221; title_align=&#8221;separator_align_left&#8221;][vc_column_text]Jacicleide Rodrigues de Sousa (Computa\u00e7\u00e3o \u2013 7\u00ba P. Manh\u00e3)<br \/>\nEmail: jacicleidesousa@gmail.com<br \/>\nTelefone: OI \u2013 8853-6781 \/ TIM \u2013 9831-0763<\/p>\n<p>Manoel Messias Morais de Oliveira (Administra\u00e7\u00e3o \u2013 5\u00ba P. Manh\u00e3)<br \/>\nEmail: messias.messiack@gmail.com<br \/>\nTelefone: 9802-4207[\/vc_column_text][\/vc_column_inner][\/vc_row_inner][vc_row_inner gap=&#8221;30&#8243; css=&#8221;.vc_custom_1659113681693{margin-top: 30px !important;}&#8221;][vc_column_inner width=&#8221;1\/3&#8243;][vc_text_separator title=&#8221;Departamento de Esportes&#8221; title_align=&#8221;separator_align_left&#8221;][vc_column_text]Hugo Thaynan da Silva Ara\u00fajo (Administra\u00e7\u00e3o \u2013 1\u00ba P. Noite)<br \/>\nEmail: hugo_thaynan@hotmail.com<br \/>\nTelefone: TIM-8613-4859[\/vc_column_text][\/vc_column_inner][vc_column_inner width=&#8221;1\/3&#8243;][vc_text_separator title=&#8221;Coordenador Geral DCE\/UEPB \u2013 Campus Patos&#8221; title_align=&#8221;separator_align_left&#8221;][vc_column_text]Santiago da Silva J\u00e1come (Administra\u00e7\u00e3o \u2013 2\u00ba P. Manh\u00e3 \u2013 Campus Patos)<br \/>\nEmail: santiago.jacome@hotmail.com \/ santiagos.jacome@gmail.com<br \/>\nTelefone: TIM \u2013 9949-8367 \/ OI \u2013 8868-6862 \/ CLARO \u2013 9158-6676[\/vc_column_text][\/vc_column_inner][vc_column_inner width=&#8221;1\/3&#8243;][vc_text_separator title=&#8221;Carteira de Estudante&#8221; title_align=&#8221;separator_align_left&#8221;][vc_column_text]Contactar o DCE sobre a documenta\u00e7\u00e3o e os prazos<\/p>\n<p>Site para solicita\u00e7\u00e3o:\u00a0<a href=\"http:\/\/www.carteiraonline.com.br\/\" target=\"_blank\" rel=\"noopener\">www.carteiraonline.com.br<\/a>[\/vc_column_text][\/vc_column_inner][\/vc_row_inner][\/vc_tta_section][vc_tta_section title=&#8221;Centros Acad\u00eamicos&#8221; tab_id=&#8221;1659113316272-88f86641-a9d5&#8243;][vc_column_text]<strong>Centro Acad\u00eamico (CA) de Administra\u00e7\u00e3o<\/strong><\/p>\n<ul>\n<li>Integrantes:<\/li>\n<li>Email:<\/li>\n<li>Telefone:<\/li>\n<li>Atendimento:<\/li>\n<li>Sala:<\/li>\n<\/ul>\n<p><strong>Centro Acad\u00eamico (CA) de Computa\u00e7\u00e3o<\/strong><\/p>\n<ul>\n<li>Integrantes:<\/li>\n<li>Email:<\/li>\n<li>Telefone:<\/li>\n<li>Atendimento:<\/li>\n<li>Sala:<\/li>\n<\/ul>\n<p>[\/vc_column_text][\/vc_tta_section][vc_tta_section title=&#8221;Mais informa\u00e7\u00f5es&#8221; tab_id=&#8221;1659113793492-e87b82dd-47d3&#8243;][vc_text_separator title=&#8221;Onde encontrar as informa\u00e7\u00f5es de que o estudante precisa?&#8221; title_align=&#8221;separator_align_left&#8221;][vc_column_text]\n<table id=\"tablepress-3\" class=\"tablepress tablepress-id-3\">\n<thead>\n<tr class=\"row-1\">\n\t<th class=\"column-1\">O qu\u00ea?<\/th><th class=\"column-2\">Onde?<\/th>\n<\/tr>\n<\/thead>\n<tbody>\n<tr class=\"row-2\">\n\t<td class=\"column-1\">Informa\u00e7\u00f5es    gerais sobre o dia-a-dia acad\u00eamico (calend\u00e1rio, prazos, matr\u00edculas, editais    de sele\u00e7\u00e3o, transfer\u00eancias, mudan\u00e7a de turno...) <\/td><td class=\"column-2\"><a target=\"_blank\" href=\"http:\/\/proreitorias.uepb.edu.br\/prograd\/\">PROGRAD<\/a> ou Coordena\u00e7\u00e3o do Curso<\/td>\n<\/tr>\n<tr class=\"row-3\">\n\t<td class=\"column-1\">Informa\u00e7\u00f5es espec\u00edficas sobre    o curso (professores, disciplinas, hor\u00e1rios, grade curricular, TCC, ...)\u00a0 <\/td><td class=\"column-2\">Coordena\u00e7\u00e3o do Curso<\/td>\n<\/tr>\n<tr class=\"row-4\">\n\t<td class=\"column-1\">Informa\u00e7\u00f5es sobre monitoria ou est\u00e1gios<\/td><td class=\"column-2\">Coordena\u00e7\u00e3o de Monitoria e Est\u00e1gio<\/td>\n<\/tr>\n<tr class=\"row-5\">\n\t<td class=\"column-1\">Informa\u00e7\u00f5es sobre os projetos e grupos de pesquisa<\/td><td class=\"column-2\">Coordena\u00e7\u00e3o de Pesquisa<\/td>\n<\/tr>\n<tr class=\"row-6\">\n\t<td class=\"column-1\">Informa\u00e7\u00f5es sobre os projetos de extens\u00e3o<\/td><td class=\"column-2\">Coordena\u00e7\u00e3o de Extens\u00e3o<\/td>\n<\/tr>\n<tr class=\"row-7\">\n\t<td class=\"column-1\">Informa\u00e7\u00f5es sobre carteiras de estudante e assist\u00eancia    estudantil<\/td><td class=\"column-2\">CAs e DCE<\/td>\n<\/tr>\n<tr class=\"row-8\">\n\t<td class=\"column-1\">Resolver problemas com acesso a internet, laborat\u00f3rio    de inform\u00e1tica, sala de v\u00eddeo<\/td><td class=\"column-2\">CTIC setorial<\/td>\n<\/tr>\n<tr class=\"row-9\">\n\t<td class=\"column-1\">Marcar treinos no gin\u00e1sio<\/td><td class=\"column-2\">Dire\u00e7\u00e3o do Centro<\/td>\n<\/tr>\n<tr class=\"row-10\">\n\t<td class=\"column-1\">Resolver\/informar sobre problemas estruturais (salas    de aula, ar condicionado, rede el\u00e9trica, lanchonete, funcionamento dos    setores do campus...)\u00a0 <\/td><td class=\"column-2\">Dire\u00e7\u00e3o do Centro<\/td>\n<\/tr>\n<\/tbody>\n<\/table>\n<!-- #tablepress-3 from cache --><\/p>\n<p>Entrar em contato com os setores de modo presencial ou virtualmente. Todos os telefones\/emails est\u00e3o na p\u00e1gina Contatos.[\/vc_column_text][\/vc_tta_section][\/vc_tta_tabs][\/vc_column][\/vc_row]<\/p>\n<\/div>","protected":false},"excerpt":{"rendered":"<p>[vc_row][vc_column][vc_tta_tabs][vc_tta_section title=&#8221;DCE&#8221; tab_id=&#8221;1659113316263-71414aef-bd57&#8243;][vc_column_text]Diret\u00f3rio Central dos Estudantes (DCE) Gest\u00e3o Todos Temos Voz! \u00a0Bi\u00eanio 2015-2016 Atendimento: Sala 109 Integrantes[\/vc_column_text][vc_row_inner gap=&#8221;30&#8243;][vc_column_inner width=&#8221;1\/3&#8243;][vc_text_separator title=&#8221;Coordenadores de Campus&#8221; title_align=&#8221;separator_align_left&#8221;][vc_column_text]Janayna de Assis Antunes (Administra\u00e7\u00e3o \u2013 2\u00ba P. Noite) Email: janayna.antunes.ja@gmail.com Telefone: TIM-9910-2267 Pablo Henrique Rodrigues Jaruzo (Computa\u00e7\u00e3o \u2013 7\u00ba P. Noite) Email: pablojaruzo@gmail.com Telefone: TIM-9607-6436[\/vc_column_text][\/vc_column_inner][vc_column_inner width=&#8221;1\/3&#8243;][vc_text_separator title=&#8221;Secretaria&#8221; title_align=&#8221;separator_align_left&#8221;][vc_column_text]Isabela Maria M. de Ara\u00fajo <a class=\"leiamais\" href=\"https:\/\/centros.uepb.edu.br\/ccea\/estudante\/\">Leia Mais&#8230;<\/a><\/p>\n","protected":false},"author":26,"featured_media":0,"parent":0,"menu_order":18,"comment_status":"open","ping_status":"open","template":"","meta":{"jetpack_post_was_ever_published":false,"footnotes":""},"class_list":["post-14","page","type-page","status-publish","hentry"],"jetpack_sharing_enabled":true,"jetpack_shortlink":"https:\/\/wp.me\/P7WTGX-e","jetpack_likes_enabled":true,"jetpack-related-posts":[{"id":1839,"url":"https:\/\/centros.uepb.edu.br\/ccea\/biblioteca\/infraestrutura\/","url_meta":{"origin":14,"position":0},"title":"Infraestrutura","author":"thales","date":"28 de julho de 2022","format":false,"excerpt":"[vc_row gap=\"30\"][vc_column width=\"1\/2\"][vc_column_text] Guarda-volumes com 30 nichos; Oito cabines de estudo individuais; Seis mesas para estudo em grupo; Cat\u00e1logo online de consulta de livro por meios dos campos: autor, assunto e t\u00edtulo; Setor de Processos T\u00e9cnicos; Acervo especializado nas \u00e1reas de Administra\u00e7\u00e3o, Matem\u00e1tica, F\u00edsica, Qu\u00edmica e Biologia. Bibliotec\u00e1rios Edson Marques\u2026","rel":"","context":"Post similar","block_context":{"text":"Post similar","link":""},"img":{"alt_text":"","src":"","width":0,"height":0},"classes":[]},{"id":78,"url":"https:\/\/centros.uepb.edu.br\/ccea\/contatos\/","url_meta":{"origin":14,"position":1},"title":"Contatos","author":"arnaud","date":"15 de setembro de 2017","format":false,"excerpt":"[vc_row][vc_column][vc_tta_tabs][vc_tta_section title=\"Telefones e Emails\" tab_id=\"1659114018337-80f5407e-3b27\"][vc_row_inner gap=\"30\"][vc_column_inner width=\"1\/2\"][vc_column_text css=\"\"] Dire\u00e7\u00e3o do CCEA Diretor: Jos\u00e9 Ginaldo de Souza Farias Diretor adjunto: Ant\u00f4nio Jos\u00e9 Gomes Pedrosa Telefones: (83) 3421 1475\/ 3421 1447 \u2013 Ramal 200\/ 9.9371-2221 E-mails: ccea@setor.uepb.edu.br ginaldo@servidor.uepb.edu.br pedrosa@servidor.uepb.edu.br Coordena\u00e7\u00e3o do Curso de Administra\u00e7\u00e3o Coordenador: Odilon Avelino da Cunha Coordenadora adjunta: Simone\u2026","rel":"","context":"Post similar","block_context":{"text":"Post similar","link":""},"img":{"alt_text":"","src":"https:\/\/i0.wp.com\/centros.uepb.edu.br\/ccea\/files\/2014\/09\/LocalizacaoUEPBCCEA2.jpg?resize=350%2C200&ssl=1","width":350,"height":200,"srcset":"https:\/\/i0.wp.com\/centros.uepb.edu.br\/ccea\/files\/2014\/09\/LocalizacaoUEPBCCEA2.jpg?resize=350%2C200&ssl=1 1x, https:\/\/i0.wp.com\/centros.uepb.edu.br\/ccea\/files\/2014\/09\/LocalizacaoUEPBCCEA2.jpg?resize=525%2C300&ssl=1 1.5x, https:\/\/i0.wp.com\/centros.uepb.edu.br\/ccea\/files\/2014\/09\/LocalizacaoUEPBCCEA2.jpg?resize=700%2C400&ssl=1 2x"},"classes":[]},{"id":23,"url":"https:\/\/centros.uepb.edu.br\/ccea\/graduacao\/","url_meta":{"origin":14,"position":2},"title":"Gradua\u00e7\u00e3o","author":"arnaud","date":"15 de setembro de 2017","format":false,"excerpt":"[vc_row][vc_column][vc_tta_accordion shape=\"square\" c_icon=\"triangle\" active_section=\"\" collapsible_all=\"true\"][vc_tta_section title=\"Bacharelado em Administra\u00e7\u00e3o\" tab_id=\"1659097522759-cbf74554-77e2\"][vc_column_text]Turno: Diurno\/ Noturno Dura\u00e7\u00e3o: Diurno \u2013 M\u00ednimo: 8 semestres \/ M\u00e1ximo: 12 semestres Noturno \u2013 M\u00ednimo: 9 semestres \/ M\u00e1ximo: 14 semestres C\u00f3digo do Curso:\u00a0114756 Coordenador: Odilon Avelino da Cunha Coordenadora adjunta: Simone Costa Silva Secret\u00e1ria: Fl\u00e1via Bertoldo Ferreira Endere\u00e7o: Rua Alfredo\u2026","rel":"","context":"Post similar","block_context":{"text":"Post similar","link":""},"img":{"alt_text":"","src":"","width":0,"height":0},"classes":[]},{"id":122,"url":"https:\/\/centros.uepb.edu.br\/ccea\/parfor\/","url_meta":{"origin":14,"position":3},"title":"PARFOR","author":"arnaud","date":"15 de setembro de 2017","format":false,"excerpt":"[vc_row][vc_column width=\"1\/2\"][vc_column_text]O Plano Nacional de Forma\u00e7\u00e3o dos Professores da Educa\u00e7\u00e3o B\u00e1sica (PARFOR) \u00e9 um programa nacional implantado pela CAPES em regime de colabora\u00e7\u00e3o com as Secretarias de Educa\u00e7\u00e3o dos Estados, do Distrito Federal e dos Munic\u00edpios e com as Institui\u00e7\u00f5es de Ensino Superior (IES). Destina-se \u00e0 forma\u00e7\u00e3o de professores, j\u00e1\u2026","rel":"","context":"Post similar","block_context":{"text":"Post similar","link":""},"img":{"alt_text":"","src":"","width":0,"height":0},"classes":[]},{"id":56,"url":"https:\/\/centros.uepb.edu.br\/ccea\/projetos-de-pesquisa-2\/","url_meta":{"origin":14,"position":4},"title":"Projetos de Pesquisa","author":"direcao","date":"23 de setembro de 2014","format":false,"excerpt":"[vc_row][vc_column][vc_text_separator title=\"PIBIC Cota 2014\/2015\" title_align=\"separator_align_left\" css=\".vc_custom_1659033049703{margin-top: 20px !important;margin-bottom: 30px !important;}\"][vc_tta_accordion style=\"modern\" shape=\"square\" c_icon=\"triangle\" active_section=\"\" collapsible_all=\"true\"][vc_tta_section title=\"Redes de pol\u00edticas: uma an\u00e1lise das pol\u00edticas p\u00fablicas de educa\u00e7\u00e3o superior no estado da Para\u00edba\" tab_id=\"1659011561197-627765ce-d4a0\"][vc_column_text]Professor: Ayalla C\u00e2ndido Freire \u00c1rea: Administra\u00e7\u00e3o[\/vc_column_text][\/vc_tta_section][vc_tta_section title=\"Estrat\u00e9gias de Diferencia\u00e7\u00e3o de Mercado: Um Estudo de Caso com Redes Supermercadistas do Interior\u2026","rel":"","context":"Post similar","block_context":{"text":"Post similar","link":""},"img":{"alt_text":"","src":"","width":0,"height":0},"classes":[]},{"id":107,"url":"https:\/\/centros.uepb.edu.br\/ccea\/editais-e-selecoes\/","url_meta":{"origin":14,"position":5},"title":"Editais e Sele\u00e7\u00f5es","author":"","date":"24 de setembro de 2014","format":false,"excerpt":"Todos os editais e sele\u00e7\u00f5es relativos ao CCEA est\u00e3o publicados no site da UEPB, link lateral de Acesso R\u00e1pido. J\u00e1 h\u00e1 editais espec\u00edficos para sele\u00e7\u00e3o de professores substitutos em aberto, com contrata\u00e7\u00e3o para 2015.2, nas \u00e1reas de: Administra\u00e7\u00e3o Economia Filosofia Psicologia Pedagogia Matem\u00e1tica. Editais para vagas em Sociologia e Computa\u00e7\u00e3o\u2026","rel":"","context":"Post similar","block_context":{"text":"Post similar","link":""},"img":{"alt_text":"","src":"","width":0,"height":0},"classes":[]}],"_links":{"self":[{"href":"https:\/\/centros.uepb.edu.br\/ccea\/wp-json\/wp\/v2\/pages\/14","targetHints":{"allow":["GET"]}}],"collection":[{"href":"https:\/\/centros.uepb.edu.br\/ccea\/wp-json\/wp\/v2\/pages"}],"about":[{"href":"https:\/\/centros.uepb.edu.br\/ccea\/wp-json\/wp\/v2\/types\/page"}],"author":[{"embeddable":true,"href":"https:\/\/centros.uepb.edu.br\/ccea\/wp-json\/wp\/v2\/users\/26"}],"replies":[{"embeddable":true,"href":"https:\/\/centros.uepb.edu.br\/ccea\/wp-json\/wp\/v2\/comments?post=14"}],"version-history":[{"count":0,"href":"https:\/\/centros.uepb.edu.br\/ccea\/wp-json\/wp\/v2\/pages\/14\/revisions"}],"wp:attachment":[{"href":"https:\/\/centros.uepb.edu.br\/ccea\/wp-json\/wp\/v2\/media?parent=14"}],"curies":[{"name":"wp","href":"https:\/\/api.w.org\/{rel}","templated":true}]}}