{"id":122,"date":"2017-09-15T09:00:23","date_gmt":"2017-09-15T09:00:23","guid":{"rendered":"https:\/\/centros.uepb.edu.br\/ccea\/?page_id=122"},"modified":"2022-07-29T13:04:36","modified_gmt":"2022-07-29T13:04:36","slug":"parfor","status":"publish","type":"page","link":"https:\/\/centros.uepb.edu.br\/ccea\/parfor\/","title":{"rendered":"PARFOR"},"content":{"rendered":"<div class=\"wpb-content-wrapper\"><p>[vc_row][vc_column width=&#8221;1\/2&#8243;][vc_column_text]O Plano Nacional de Forma\u00e7\u00e3o dos Professores da Educa\u00e7\u00e3o B\u00e1sica (PARFOR) \u00e9 um programa nacional implantado pela CAPES em regime de colabora\u00e7\u00e3o com as Secretarias de Educa\u00e7\u00e3o dos Estados, do Distrito Federal e dos Munic\u00edpios e com as Institui\u00e7\u00f5es de Ensino Superior (IES). Destina-se \u00e0 forma\u00e7\u00e3o de professores, j\u00e1 em exerc\u00edcio nos sistemas de ensino municipais e estaduais, para que possam consolidar a forma\u00e7\u00e3o te\u00f3rica a partir da reflex\u00e3o sobre a pr\u00e1tica que vivenciam no cotidiano de suas salas de aula.<\/p>\n<p>O p\u00fablico alvo \u00e9, portanto, os professores que j\u00e1 atuam na educa\u00e7\u00e3o b\u00e1sica p\u00fablica, mas ainda n\u00e3o possuem gradua\u00e7\u00e3o ou atuam em \u00e1reas diferentes das licenciaturas em que se formaram.<\/p>\n<p>A UEPB oferta cursos do PARFOR em diversos de seus campi, cuja coordena\u00e7\u00e3o institucional \u00e9 realizada pela Pr\u00f3-Reitoria de Ensino M\u00e9dio, T\u00e9cnico e Educa\u00e7\u00e3o \u00e0 Dist\u00e2ncia (PROEAD).<\/p>\n<p>[\/vc_column_text][\/vc_column][vc_column width=&#8221;1\/2&#8243;][vc_column_text]No CCEA\/Campus VII ocorrem as aulas dos seguintes cursos:[\/vc_column_text][vc_row_inner gap=&#8221;30&#8243;][vc_column_inner][vc_text_separator title=&#8221;Licenciatura em Pedagogia&#8221; title_align=&#8221;separator_align_left&#8221;][vc_column_text]Carga hor\u00e1ria: 3.200 horas\/aula<\/p>\n<p>Turno: S\u00e1bado, manh\u00e3 e tarde<\/p>\n<p>[\/vc_column_text][vc_text_separator title=&#8221;Licenciatura em Educa\u00e7\u00e3o F\u00edsica&#8221; title_align=&#8221;separator_align_left&#8221; css=&#8221;.vc_custom_1659034374683{margin-top: 30px !important;}&#8221;][vc_column_text]Turno: S\u00e1bado, manh\u00e3 e tarde[\/vc_column_text][\/vc_column_inner][\/vc_row_inner][\/vc_column][\/vc_row][vc_row][vc_column][vc_text_separator title=&#8221;Contatos&#8221; title_align=&#8221;separator_align_left&#8221; css=&#8221;.vc_custom_1659034207938{margin-top: 30px !important;}&#8221;][vc_row_inner gap=&#8221;30&#8243;][vc_column_inner width=&#8221;1\/2&#8243;][vc_text_separator title=&#8221;Polo Patos\/Campus VII&#8221; title_align=&#8221;separator_align_left&#8221;][vc_column_text]Coordenadora Local: Eunice Ferreira Carvalho<\/p>\n<ul>\n<li>Telefone: (83) 3421 1475 \u2013 Ramal 206<\/li>\n<li>E-mail: elocarvalho12@gmail.com<\/li>\n<li>Atendimento: S\u00e1bado \u2013 manh\u00e3 e tarde\u00a0 \u2013 Sala 303 \u2013 Setor B<\/li>\n<\/ul>\n<p>[\/vc_column_text][\/vc_column_inner][vc_column_inner width=&#8221;1\/2&#8243;][vc_text_separator title=&#8221;Programa PROEAD\/UEPB&#8221; title_align=&#8221;separator_align_left&#8221;][vc_column_text]Coordenadora geral: Rochane Villarim de Almeida<\/p>\n<ul>\n<li>Telefone: (83) 3315 3399 e 3315 3397<\/li>\n<li>E-mail: proead@uepb.edu.br<\/li>\n<li>Site: <a href=\"https:\/\/uepb.edu.br\/proead\/\" target=\"_blank\" rel=\"noopener\">uepb.edu.br\/proead<\/a><\/li>\n<\/ul>\n<p>[\/vc_column_text][\/vc_column_inner][\/vc_row_inner][\/vc_column][\/vc_row]<\/p>\n<\/div>","protected":false},"excerpt":{"rendered":"<p>[vc_row][vc_column width=&#8221;1\/2&#8243;][vc_column_text]O Plano Nacional de Forma\u00e7\u00e3o dos Professores da Educa\u00e7\u00e3o B\u00e1sica (PARFOR) \u00e9 um programa nacional implantado pela CAPES em regime de colabora\u00e7\u00e3o com as Secretarias de Educa\u00e7\u00e3o dos Estados, do Distrito Federal e dos Munic\u00edpios e com as Institui\u00e7\u00f5es de Ensino Superior (IES). Destina-se \u00e0 forma\u00e7\u00e3o de professores, j\u00e1 em exerc\u00edcio nos sistemas de <a class=\"leiamais\" href=\"https:\/\/centros.uepb.edu.br\/ccea\/parfor\/\">Leia Mais&#8230;<\/a><\/p>\n","protected":false},"author":26,"featured_media":0,"parent":0,"menu_order":3,"comment_status":"open","ping_status":"open","template":"","meta":{"jetpack_post_was_ever_published":false,"footnotes":""},"class_list":["post-122","page","type-page","status-publish","hentry"],"jetpack_sharing_enabled":true,"jetpack_shortlink":"https:\/\/wp.me\/P7WTGX-1Y","jetpack_likes_enabled":true,"jetpack-related-posts":[{"id":43,"url":"https:\/\/centros.uepb.edu.br\/ccea\/licenciaturas-do-parfor\/","url_meta":{"origin":122,"position":0},"title":"Licenciaturas do PARFOR","author":"","date":"22 de setembro de 2014","format":false,"excerpt":"O Plano Nacional de Forma\u00e7\u00e3o dos Professores da Educa\u00e7\u00e3o B\u00e1sica (PARFOR) \u00e9 um programa nacional implantado pela CAPES em regime de colabora\u00e7\u00e3o com as Secretarias de Educa\u00e7\u00e3o dos Estados, do Distrito Federal e dos Munic\u00edpios e com as Institui\u00e7\u00f5es de Ensino Superior (IES). Destina-se \u00e0 forma\u00e7\u00e3o de professores, j\u00e1 em\u2026","rel":"","context":"Post similar","block_context":{"text":"Post similar","link":""},"img":{"alt_text":"","src":"","width":0,"height":0},"classes":[]},{"id":36,"url":"https:\/\/centros.uepb.edu.br\/ccea\/pos-graduacao\/","url_meta":{"origin":122,"position":1},"title":"P\u00f3s-Gradua\u00e7\u00e3o","author":"direcao","date":"22 de setembro de 2014","format":false,"excerpt":"[vc_row gap=\"30\"][vc_column width=\"1\/2\"][vc_text_separator title=\"Fundamentos da Educa\u00e7\u00e3o: Pr\u00e1ticas Pedag\u00f3gicas Interdisciplinares\" title_align=\"separator_align_left\"][vc_column_text]Em parceria com a UEPB, o curso de p\u00f3s-gradua\u00e7\u00e3o est\u00e1 sendo oferecido pelo Governo do Estado da Para\u00edba, por meio da Secretaria de Estado da Educa\u00e7\u00e3o (SEE), e\u00a0 objetiva promover a forma\u00e7\u00e3o continuada dos profissionais graduados e efetivos que atuam na\u2026","rel":"","context":"Post similar","block_context":{"text":"Post similar","link":""},"img":{"alt_text":"","src":"","width":0,"height":0},"classes":[]},{"id":1805,"url":"https:\/\/centros.uepb.edu.br\/ccea\/historico\/","url_meta":{"origin":122,"position":2},"title":"Hist\u00f3rico","author":"thales","date":"27 de julho de 2022","format":false,"excerpt":"[vc_row][vc_column][vc_column_text css=\"\"] Centro de Ci\u00eancias Exatas e Sociais Aplicadas \u2013 CCEA Hist\u00f3ria, Avan\u00e7os e Perspectivas A instala\u00e7\u00e3o da Universidade Estadual da Para\u00edba (UEPB) na Cidade de Patos-PB se deu atrav\u00e9s da Cria\u00e7\u00e3o do Campus VII \u2013 Governador Ant\u00f4nio Mariz \u2013 e do Centro de Ci\u00eancias Exatas e Sociais Aplicadas \u2013\u2026","rel":"","context":"Post similar","block_context":{"text":"Post similar","link":""},"img":{"alt_text":"","src":"https:\/\/i0.wp.com\/centros.uepb.edu.br\/ccea\/files\/2025\/08\/logo_ccea_25anos_12-300x300.png?resize=350%2C200&ssl=1","width":350,"height":200},"classes":[]},{"id":4,"url":"https:\/\/centros.uepb.edu.br\/ccea\/o-ccea\/","url_meta":{"origin":122,"position":3},"title":"O CCEA","author":"arnaud","date":"15 de setembro de 2017","format":false,"excerpt":"[wptabs] [wptabtitle]Equipe[\/wptabtitle] [wptabcontent] Diretores Diretora: Carolina Coeli Rodrigues Batista de Ara\u00fajo Diretor Adjunto: Jos\u00e9 Ginaldo de Souza Farias Secret\u00e1rias Dinaihara Torres Fernandes de Araujo Val\u00e9ria Andrade Calado Dantas Contatos Telefones (83) 3421 1475\/ 3421 3251\/ 3421 1447 - Ramal 200 E-mails Dire\u00e7\u00e3o: ccea@setor.uepb.edu.br Diretora: carolinacoeli@servidor.uepb.edu.br Diretor Adjunto: ginaldo@servidor.uepb.edu.br Secret\u00e1ria:dinaihara@servidor.uepb.edu.br Secret\u00e1ria:\u2026","rel":"","context":"Post similar","block_context":{"text":"Post similar","link":""},"img":{"alt_text":"","src":"https:\/\/i0.wp.com\/centros.uepb.edu.br\/ccea\/files\/2021\/08\/arte_logo_final1-2-300x300.png?resize=350%2C200&ssl=1","width":350,"height":200},"classes":[]},{"id":23,"url":"https:\/\/centros.uepb.edu.br\/ccea\/graduacao\/","url_meta":{"origin":122,"position":4},"title":"Gradua\u00e7\u00e3o","author":"arnaud","date":"15 de setembro de 2017","format":false,"excerpt":"[vc_row][vc_column][vc_tta_accordion shape=\"square\" c_icon=\"triangle\" active_section=\"\" collapsible_all=\"true\"][vc_tta_section title=\"Bacharelado em Administra\u00e7\u00e3o\" tab_id=\"1659097522759-cbf74554-77e2\"][vc_column_text]Turno: Diurno\/ Noturno Dura\u00e7\u00e3o: Diurno \u2013 M\u00ednimo: 8 semestres \/ M\u00e1ximo: 12 semestres Noturno \u2013 M\u00ednimo: 9 semestres \/ M\u00e1ximo: 14 semestres C\u00f3digo do Curso:\u00a0114756 Coordenador: Odilon Avelino da Cunha Coordenadora adjunta: Simone Costa Silva Secret\u00e1ria: Fl\u00e1via Bertoldo Ferreira Endere\u00e7o: Rua Alfredo\u2026","rel":"","context":"Post similar","block_context":{"text":"Post similar","link":""},"img":{"alt_text":"","src":"","width":0,"height":0},"classes":[]},{"id":56,"url":"https:\/\/centros.uepb.edu.br\/ccea\/projetos-de-pesquisa-2\/","url_meta":{"origin":122,"position":5},"title":"Projetos de Pesquisa","author":"direcao","date":"23 de setembro de 2014","format":false,"excerpt":"[vc_row][vc_column][vc_text_separator title=\"PIBIC Cota 2014\/2015\" title_align=\"separator_align_left\" css=\".vc_custom_1659033049703{margin-top: 20px !important;margin-bottom: 30px !important;}\"][vc_tta_accordion style=\"modern\" shape=\"square\" c_icon=\"triangle\" active_section=\"\" collapsible_all=\"true\"][vc_tta_section title=\"Redes de pol\u00edticas: uma an\u00e1lise das pol\u00edticas p\u00fablicas de educa\u00e7\u00e3o superior no estado da Para\u00edba\" tab_id=\"1659011561197-627765ce-d4a0\"][vc_column_text]Professor: Ayalla C\u00e2ndido Freire \u00c1rea: Administra\u00e7\u00e3o[\/vc_column_text][\/vc_tta_section][vc_tta_section title=\"Estrat\u00e9gias de Diferencia\u00e7\u00e3o de Mercado: Um Estudo de Caso com Redes Supermercadistas do Interior\u2026","rel":"","context":"Post similar","block_context":{"text":"Post similar","link":""},"img":{"alt_text":"","src":"","width":0,"height":0},"classes":[]}],"_links":{"self":[{"href":"https:\/\/centros.uepb.edu.br\/ccea\/wp-json\/wp\/v2\/pages\/122","targetHints":{"allow":["GET"]}}],"collection":[{"href":"https:\/\/centros.uepb.edu.br\/ccea\/wp-json\/wp\/v2\/pages"}],"about":[{"href":"https:\/\/centros.uepb.edu.br\/ccea\/wp-json\/wp\/v2\/types\/page"}],"author":[{"embeddable":true,"href":"https:\/\/centros.uepb.edu.br\/ccea\/wp-json\/wp\/v2\/users\/26"}],"replies":[{"embeddable":true,"href":"https:\/\/centros.uepb.edu.br\/ccea\/wp-json\/wp\/v2\/comments?post=122"}],"version-history":[{"count":0,"href":"https:\/\/centros.uepb.edu.br\/ccea\/wp-json\/wp\/v2\/pages\/122\/revisions"}],"wp:attachment":[{"href":"https:\/\/centros.uepb.edu.br\/ccea\/wp-json\/wp\/v2\/media?parent=122"}],"curies":[{"name":"wp","href":"https:\/\/api.w.org\/{rel}","templated":true}]}}