{"id":12,"date":"2017-09-15T09:00:16","date_gmt":"2017-09-15T09:00:16","guid":{"rendered":"https:\/\/centros.uepb.edu.br\/ccea\/?page_id=12"},"modified":"2022-07-28T14:22:24","modified_gmt":"2022-07-28T14:22:24","slug":"biblioteca","status":"publish","type":"page","link":"https:\/\/centros.uepb.edu.br\/ccea\/biblioteca\/","title":{"rendered":"Biblioteca"},"content":{"rendered":"<div class=\"wpb-content-wrapper\"><p>[vc_row][vc_column width=&#8221;1\/3&#8243;][vc_btn title=&#8221;Sobre a Biblioteca&#8221; color=&#8221;primary&#8221; size=&#8221;lg&#8221; align=&#8221;left&#8221; button_block=&#8221;true&#8221; link=&#8221;url:https%3A%2F%2Fcentros.uepb.edu.br%2Fccea%2Fbiblioteca%2Fsobre%2F|title:Sobre&#8221;][\/vc_column][vc_column width=&#8221;1\/3&#8243;][vc_btn title=&#8221;Infraestrutura&#8221; color=&#8221;primary&#8221; size=&#8221;lg&#8221; align=&#8221;left&#8221; button_block=&#8221;true&#8221; link=&#8221;url:https%3A%2F%2Fcentros.uepb.edu.br%2Fccea%2Fbiblioteca%2Finfraestrutura%2F|title:Infraestrutura&#8221;][\/vc_column][vc_column width=&#8221;1\/3&#8243;][vc_btn title=&#8221;Servi\u00e7os Oferecidos&#8221; color=&#8221;primary&#8221; size=&#8221;lg&#8221; align=&#8221;left&#8221; button_block=&#8221;true&#8221; link=&#8221;url:https%3A%2F%2Fcentros.uepb.edu.br%2Fccea%2Fbiblioteca%2Fservicos-oferecidos%2F|title:Servi%C3%A7os%20Oferecidos&#8221;][\/vc_column][\/vc_row]<\/p>\n<\/div>","protected":false},"excerpt":{"rendered":"<p>[vc_row][vc_column width=&#8221;1\/3&#8243;][vc_btn title=&#8221;Sobre a Biblioteca&#8221; color=&#8221;primary&#8221; size=&#8221;lg&#8221; align=&#8221;left&#8221; button_block=&#8221;true&#8221; link=&#8221;url:https%3A%2F%2Fcentros.uepb.edu.br%2Fccea%2Fbiblioteca%2Fsobre%2F|title:Sobre&#8221;][\/vc_column][vc_column width=&#8221;1\/3&#8243;][vc_btn title=&#8221;Infraestrutura&#8221; color=&#8221;primary&#8221; size=&#8221;lg&#8221; align=&#8221;left&#8221; button_block=&#8221;true&#8221; link=&#8221;url:https%3A%2F%2Fcentros.uepb.edu.br%2Fccea%2Fbiblioteca%2Finfraestrutura%2F|title:Infraestrutura&#8221;][\/vc_column][vc_column width=&#8221;1\/3&#8243;][vc_btn title=&#8221;Servi\u00e7os Oferecidos&#8221; color=&#8221;primary&#8221; size=&#8221;lg&#8221; align=&#8221;left&#8221; button_block=&#8221;true&#8221; link=&#8221;url:https%3A%2F%2Fcentros.uepb.edu.br%2Fccea%2Fbiblioteca%2Fservicos-oferecidos%2F|title:Servi%C3%A7os%20Oferecidos&#8221;][\/vc_column][\/vc_row]<\/p>\n","protected":false},"author":26,"featured_media":0,"parent":0,"menu_order":19,"comment_status":"open","ping_status":"open","template":"","meta":{"jetpack_post_was_ever_published":false,"footnotes":""},"class_list":["post-12","page","type-page","status-publish","hentry"],"jetpack_sharing_enabled":true,"jetpack_shortlink":"https:\/\/wp.me\/P7WTGX-c","jetpack_likes_enabled":true,"jetpack-related-posts":[{"id":1759,"url":"https:\/\/centros.uepb.edu.br\/ccea\/","url_meta":{"origin":12,"position":0},"title":"P\u00e1gina Inicial","author":"thales","date":"27 de julho de 2022","format":false,"excerpt":"[vc_row gap=\"30\" css=\".vc_custom_1658949556204{margin-top: 30px !important;}\"][vc_column width=\"2\/3\"][vc_text_separator title=\"Not\u00edcias\" i_icon_fontawesome=\"fas fa-newspaper\" i_color=\"custom\" title_align=\"separator_align_left\" add_icon=\"true\" i_custom_color=\"#cc0000\"][\/vc_column][vc_column width=\"1\/3\"][vc_text_separator title=\"Acesso R\u00e1pido\" i_icon_fontawesome=\"fas fa-external-link-alt\" i_color=\"custom\" title_align=\"separator_align_left\" add_icon=\"true\" i_custom_color=\"#cc0000\"][vc_btn title=\"Acervo Online\" color=\"primary\" size=\"lg\" align=\"left\" button_block=\"true\" link=\"url:http%3A%2F%2F200.129.73.138%2FTelas%2Fw_busca_rapida.php|title:Acervo%20online|target:_blank\" css=\".vc_custom_1658949432885{margin-bottom: 3px !important;}\"][vc_btn title=\"Calend\u00e1rio Acad\u00eamico 2022.2\" color=\"primary\" size=\"lg\" align=\"left\" button_block=\"true\" link=\"url:https%3A%2F%2Fuepb.edu.br%2Fprograd%2Fdownload%2Fcalendario-academico-2022-2%2F|title:Calend%C3%A1rio%20Acad%C3%AAmico%202022.2|target:_blank\" css=\".vc_custom_1658949467315{margin-bottom: 3px !important;}\"][vc_btn title=\"Controle Acad\u00eamico\" color=\"primary\" size=\"lg\" align=\"left\" button_block=\"true\" link=\"url:https%3A%2F%2Facademico.uepb.edu.br%2Fca%2F|title:Controle%20Acad%C3%AAmico|target:_blank\"\u2026","rel":"","context":"Post similar","block_context":{"text":"Post similar","link":""},"img":{"alt_text":"","src":"","width":0,"height":0},"classes":[]},{"id":1788,"url":"https:\/\/centros.uepb.edu.br\/ccea\/equipe\/","url_meta":{"origin":12,"position":1},"title":"Equipe","author":"thales","date":"27 de julho de 2022","format":false,"excerpt":"[vc_row gap=\"30\"][vc_column width=\"1\/3\"][vc_text_separator title=\"Diretores\" title_align=\"separator_align_left\"][vc_column_text css=\"\"]Diretor Jos\u00e9 Ginaldo de Souza Farias ginaldo@servidor.uepb.edu.br Diretor Adjunto Ant\u00f4nio Jos\u00e9 Gomes Pedrosa pedrosa@servidor.uepb.edu.br[\/vc_column_text][\/vc_column][vc_column width=\"1\/3\"][vc_text_separator title=\"Secret\u00e1rias\" title_align=\"separator_align_left\"][vc_column_text]Dinaihara Torres Fernandes de Araujo dinaihara@servidor.uepb.edu.br Val\u00e9ria Andrade Calado Dantas valeriacalado@servidor.uepb.edu.br[\/vc_column_text][\/vc_column][vc_column width=\"1\/3\"][vc_text_separator title=\"Contatos\" title_align=\"separator_align_left\"][vc_column_text css=\"\"](83) 3421 - 1475 (83) 3421 - 1447 - Ramal 200 (83) 9.9371-2221 - WhatsApp[\/vc_column_text][vc_column_text]Facebook:\u00a0Dire\u00e7\u00e3o\u2026","rel":"","context":"Post similar","block_context":{"text":"Post similar","link":""},"img":{"alt_text":"","src":"","width":0,"height":0},"classes":[]},{"id":49,"url":"https:\/\/centros.uepb.edu.br\/ccea\/grupos-de-pesquisa\/","url_meta":{"origin":12,"position":2},"title":"Grupos de Pesquisa","author":"direcao","date":"23 de setembro de 2014","format":false,"excerpt":"[vc_row gap=\"30\"][vc_column width=\"1\/3\"][vc_text_separator title=\"GEMCA\" title_align=\"separator_align_left\"][vc_column_text]Grupo de Eletromagnetismo e Matem\u00e1tica Computacional Aplicado Coordena\u00e7\u00e3o geral: Prof\u00ba. Dr. Elder Eldevitch Carneiro de Oliveira Prof\u00ba. Dr. Pedro Carlos de Assis J\u00fanior Sala 401 - Setor B \u00a0 O Grupo de Eletromagnetismo e Matem\u00e1tica Computacional Aplicado (GEMCA) apresenta uma natureza multidisciplinar, contando com pesquisadores de\u2026","rel":"","context":"Post similar","block_context":{"text":"Post similar","link":""},"img":{"alt_text":"","src":"","width":0,"height":0},"classes":[]},{"id":101,"url":"https:\/\/centros.uepb.edu.br\/ccea\/estagio\/","url_meta":{"origin":12,"position":3},"title":"Est\u00e1gio e Monitoria","author":"arnaud","date":"15 de setembro de 2017","format":false,"excerpt":"[vc_row gap=\"30\"][vc_column width=\"1\/2\"][vc_text_separator title=\"Coordena\u00e7\u00e3o de Est\u00e1gio e Monitoria\" title_align=\"separator_align_left\"][vc_column_text]Equipe Diogo Medeiros N\u00f3brega diogomedeiros@servidor.uepb.edu.br Rodrigo Roberto de Almeida rodrigouepb@servidor.uepb.edu.br[\/vc_column_text][\/vc_column][vc_column width=\"1\/2\"][vc_text_separator title=\"SOBRE MONITORIA\" title_align=\"separator_align_left\"][vc_column_text]Telefone: (83) 3421 1475 \u2013 Ramal 206 Sala 303 \u2013 Setor B[\/vc_column_text][vc_btn title=\"Mais informa\u00e7\u00f5es\" color=\"info\" link=\"url:https%3A%2F%2Fsites.google.com%2Fview%2Fcem-ccea%2Fp%25C3%25A1gina-inicial|title:Mais%20informa%C3%A7%C3%B5es|target:_blank\"][\/vc_column][\/vc_row][vc_row gap=\"30\"][vc_column width=\"1\/2\"][vc_text_separator title=\"SOBRE EST\u00c1GIO\" title_align=\"separator_align_left\"][vc_column_text]Documentos necess\u00e1rios: Para formalizar o est\u00e1gio junto a UEPB\u2026","rel":"","context":"Post similar","block_context":{"text":"Post similar","link":""},"img":{"alt_text":"","src":"","width":0,"height":0},"classes":[]},{"id":1831,"url":"https:\/\/centros.uepb.edu.br\/ccea\/biblioteca\/servicos-oferecidos\/","url_meta":{"origin":12,"position":4},"title":"Servi\u00e7os Oferecidos","author":"thales","date":"28 de julho de 2022","format":false,"excerpt":"[vc_row][vc_column][vc_tta_tour active_section=\"1\"][vc_tta_section title=\"Ficha Catalogr\u00e1fica online\" tab_id=\"1659014938507-22d52d5c-9eb0\"][vc_column_text]A ficha catalogr\u00e1fica \u00e9 um documento que cont\u00e9m as informa\u00e7\u00f5es bibliogr\u00e1ficas necess\u00e1rias para identificar e localizar um livro ou outro documento no acervo de uma biblioteca. Todos os trabalhos de conclus\u00e3o de curso da Universidade Estadual da Para\u00edba devem conter a ficha catalogr\u00e1fica. As solicita\u00e7\u00f5es\u2026","rel":"","context":"Post similar","block_context":{"text":"Post similar","link":""},"img":{"alt_text":"","src":"","width":0,"height":0},"classes":[]},{"id":1839,"url":"https:\/\/centros.uepb.edu.br\/ccea\/biblioteca\/infraestrutura\/","url_meta":{"origin":12,"position":5},"title":"Infraestrutura","author":"thales","date":"28 de julho de 2022","format":false,"excerpt":"[vc_row gap=\"30\"][vc_column width=\"1\/2\"][vc_column_text] Guarda-volumes com 30 nichos; Oito cabines de estudo individuais; Seis mesas para estudo em grupo; Cat\u00e1logo online de consulta de livro por meios dos campos: autor, assunto e t\u00edtulo; Setor de Processos T\u00e9cnicos; Acervo especializado nas \u00e1reas de Administra\u00e7\u00e3o, Matem\u00e1tica, F\u00edsica, Qu\u00edmica e Biologia. Bibliotec\u00e1rios Edson Marques\u2026","rel":"","context":"Post similar","block_context":{"text":"Post similar","link":""},"img":{"alt_text":"","src":"","width":0,"height":0},"classes":[]}],"_links":{"self":[{"href":"https:\/\/centros.uepb.edu.br\/ccea\/wp-json\/wp\/v2\/pages\/12","targetHints":{"allow":["GET"]}}],"collection":[{"href":"https:\/\/centros.uepb.edu.br\/ccea\/wp-json\/wp\/v2\/pages"}],"about":[{"href":"https:\/\/centros.uepb.edu.br\/ccea\/wp-json\/wp\/v2\/types\/page"}],"author":[{"embeddable":true,"href":"https:\/\/centros.uepb.edu.br\/ccea\/wp-json\/wp\/v2\/users\/26"}],"replies":[{"embeddable":true,"href":"https:\/\/centros.uepb.edu.br\/ccea\/wp-json\/wp\/v2\/comments?post=12"}],"version-history":[{"count":0,"href":"https:\/\/centros.uepb.edu.br\/ccea\/wp-json\/wp\/v2\/pages\/12\/revisions"}],"wp:attachment":[{"href":"https:\/\/centros.uepb.edu.br\/ccea\/wp-json\/wp\/v2\/media?parent=12"}],"curies":[{"name":"wp","href":"https:\/\/api.w.org\/{rel}","templated":true}]}}