{"id":114,"date":"2014-09-24T19:19:43","date_gmt":"2014-09-24T19:19:43","guid":{"rendered":"https:\/\/centros.uepb.edu.br\/ccea\/?page_id=114"},"modified":"2024-03-19T12:14:26","modified_gmt":"2024-03-19T12:14:26","slug":"ctic-setorial","status":"publish","type":"page","link":"https:\/\/centros.uepb.edu.br\/ccea\/ctic-setorial\/","title":{"rendered":"CTIC Setorial"},"content":{"rendered":"<div class=\"wpb-content-wrapper\"><p>[vc_row][vc_column][vc_column_text]A Coordenadoria de Tecnologia da Informa\u00e7\u00e3o (CTIC) \u00e9 o \u00f3rg\u00e3o encarregado de fornecer os recursos de tecnologia da informa\u00e7\u00e3o da UEPB.\u00a0 No Campus VII, os setores administrativos contam com o CTIC Setorial para:<\/p>\n<ul>\n<li>Prestar assessoria em atividades que demandam o uso da inform\u00e1tica;<\/li>\n<li>Propiciar infra-estrutura em equipamentos\/servi\u00e7os de inform\u00e1tica \u00e0s atividades acad\u00eamicas\/administrativas da institui\u00e7\u00e3o;<\/li>\n<li>Prestar assist\u00eancia t\u00e9cnica na \u00e1rea de hardware e software;<\/li>\n<li>Fazer a manuten\u00e7\u00e3o e dar suporte \u00e0 rede computacional interna sob os aspectos f\u00edsicos e l\u00f3gicos.<\/li>\n<\/ul>\n<p><strong>Hor\u00e1rio de funcionamento<\/strong><\/p>\n<p>Segunda \u00e0 sexta: 07:00 ao 12:00 \/ 13:00 \u00e0s 18:00 \/ 18:30 \u00e0s 21:30<\/p>\n<p><strong>Contato<\/strong><\/p>\n<p>T\u00e9cnico de Inform\u00e1tica<\/p>\n<ul>\n<li>Giancarlos da Silva Almeida<\/li>\n<li><em>E-mail<\/em>: giancarlos@ccea.uepb.edu.br<\/li>\n<li>Luiz Gustavo Lima da Rocha<\/li>\n<li><em>E-mail<\/em>: rocha.luiz@servidor.uepb.edu.br<\/li>\n<\/ul>\n<p>Fone: 83 3421-1475 \u2013 Ramal 209<\/p>\n<p>Endere\u00e7o: Rua Alfredo Lustosa Cabral, S\/N, Bairro Salgadinho, Patos\/PB<\/p>\n<p>CEP: 58.706-560<\/p>\n<p>Informa\u00e7\u00f5es gerais sobre o CTIC da UEPB: <a href=\"http:\/\/ctic.uepb.edu.br\/\" target=\"_blank\" rel=\"noopener\">http:\/\/ctic.uepb.edu.br\/<\/a>[\/vc_column_text][\/vc_column][\/vc_row]<\/p>\n<\/div>","protected":false},"excerpt":{"rendered":"<p>[vc_row][vc_column][vc_column_text]A Coordenadoria de Tecnologia da Informa\u00e7\u00e3o (CTIC) \u00e9 o \u00f3rg\u00e3o encarregado de fornecer os recursos de tecnologia da informa\u00e7\u00e3o da UEPB.\u00a0 No Campus VII, os setores administrativos contam com o CTIC Setorial para: Prestar assessoria em atividades que demandam o uso da inform\u00e1tica; Propiciar infra-estrutura em equipamentos\/servi\u00e7os de inform\u00e1tica \u00e0s atividades acad\u00eamicas\/administrativas da institui\u00e7\u00e3o; Prestar <a class=\"leiamais\" href=\"https:\/\/centros.uepb.edu.br\/ccea\/ctic-setorial\/\">Leia Mais&#8230;<\/a><\/p>\n","protected":false},"author":26,"featured_media":0,"parent":0,"menu_order":4,"comment_status":"open","ping_status":"open","template":"","meta":{"jetpack_post_was_ever_published":false,"footnotes":""},"class_list":["post-114","page","type-page","status-publish","hentry"],"jetpack_sharing_enabled":true,"jetpack_shortlink":"https:\/\/wp.me\/P7WTGX-1Q","jetpack_likes_enabled":true,"jetpack-related-posts":[{"id":1805,"url":"https:\/\/centros.uepb.edu.br\/ccea\/historico\/","url_meta":{"origin":114,"position":0},"title":"Hist\u00f3rico","author":"thales","date":"27 de julho de 2022","format":false,"excerpt":"[vc_row][vc_column][vc_column_text css=\"\"] Centro de Ci\u00eancias Exatas e Sociais Aplicadas \u2013 CCEA Hist\u00f3ria, Avan\u00e7os e Perspectivas A instala\u00e7\u00e3o da Universidade Estadual da Para\u00edba (UEPB) na Cidade de Patos-PB se deu atrav\u00e9s da Cria\u00e7\u00e3o do Campus VII \u2013 Governador Ant\u00f4nio Mariz \u2013 e do Centro de Ci\u00eancias Exatas e Sociais Aplicadas \u2013\u2026","rel":"","context":"Post similar","block_context":{"text":"Post similar","link":""},"img":{"alt_text":"","src":"https:\/\/i0.wp.com\/centros.uepb.edu.br\/ccea\/files\/2025\/08\/logo_ccea_25anos_12-300x300.png?resize=350%2C200&ssl=1","width":350,"height":200},"classes":[]},{"id":4,"url":"https:\/\/centros.uepb.edu.br\/ccea\/o-ccea\/","url_meta":{"origin":114,"position":1},"title":"O CCEA","author":"arnaud","date":"15 de setembro de 2017","format":false,"excerpt":"[wptabs] [wptabtitle]Equipe[\/wptabtitle] [wptabcontent] Diretores Diretora: Carolina Coeli Rodrigues Batista de Ara\u00fajo Diretor Adjunto: Jos\u00e9 Ginaldo de Souza Farias Secret\u00e1rias Dinaihara Torres Fernandes de Araujo Val\u00e9ria Andrade Calado Dantas Contatos Telefones (83) 3421 1475\/ 3421 3251\/ 3421 1447 - Ramal 200 E-mails Dire\u00e7\u00e3o: ccea@setor.uepb.edu.br Diretora: carolinacoeli@servidor.uepb.edu.br Diretor Adjunto: ginaldo@servidor.uepb.edu.br Secret\u00e1ria:dinaihara@servidor.uepb.edu.br Secret\u00e1ria:\u2026","rel":"","context":"Post similar","block_context":{"text":"Post similar","link":""},"img":{"alt_text":"","src":"https:\/\/i0.wp.com\/centros.uepb.edu.br\/ccea\/files\/2021\/08\/arte_logo_final1-2-300x300.png?resize=350%2C200&ssl=1","width":350,"height":200},"classes":[]},{"id":1845,"url":"https:\/\/centros.uepb.edu.br\/ccea\/biblioteca\/sobre\/","url_meta":{"origin":114,"position":2},"title":"Sobre","author":"thales","date":"28 de julho de 2022","format":false,"excerpt":"[vc_row][vc_column][vc_column_text]Apresenta\u00e7\u00e3o A Biblioteca Setorial Professor Virg\u00edlio Trindade, localizada no Campus VII, na cidade de Patos\/PB, faz parte do Sistema Integrado de Biblioteca (SIB) da UEPB, e tem por objetivo difundir e estimular o acesso \u00e0 informa\u00e7\u00e3o, por meio de seu acervo voltado principalmente, para estudantes universit\u00e1rios, docentes e t\u00e9cnico-administrativos. Inaugurada\u2026","rel":"","context":"Post similar","block_context":{"text":"Post similar","link":""},"img":{"alt_text":"","src":"","width":0,"height":0},"classes":[]},{"id":111,"url":"https:\/\/centros.uepb.edu.br\/ccea\/laboratorios\/","url_meta":{"origin":114,"position":3},"title":"Laborat\u00f3rios","author":"direcao","date":"24 de setembro de 2014","format":false,"excerpt":"[vc_row gap=\"30\"][vc_column width=\"1\/2\"][vc_text_separator title=\"Multiusu\u00e1rio\" title_align=\"separator_align_left\"][vc_column_text]Laborat\u00f3rio de Inform\u00e1tica O Laborat\u00f3rio de Inform\u00e1tica atende aos diversos cursos do Campus VII, estando acess\u00edvel a todos os alunos, professores e funcion\u00e1rios que necessitem do suporte tecnol\u00f3gico para suas atividades. O laborat\u00f3rio tamb\u00e9m \u00e9 utilizado nas aulas pr\u00e1ticas do curso de Computa\u00e7\u00e3o. Sala 408 \u2013\u2026","rel":"","context":"Post similar","block_context":{"text":"Post similar","link":""},"img":{"alt_text":"","src":"","width":0,"height":0},"classes":[]},{"id":23,"url":"https:\/\/centros.uepb.edu.br\/ccea\/graduacao\/","url_meta":{"origin":114,"position":4},"title":"Gradua\u00e7\u00e3o","author":"arnaud","date":"15 de setembro de 2017","format":false,"excerpt":"[vc_row][vc_column][vc_tta_accordion shape=\"square\" c_icon=\"triangle\" active_section=\"\" collapsible_all=\"true\"][vc_tta_section title=\"Bacharelado em Administra\u00e7\u00e3o\" tab_id=\"1659097522759-cbf74554-77e2\"][vc_column_text]Turno: Diurno\/ Noturno Dura\u00e7\u00e3o: Diurno \u2013 M\u00ednimo: 8 semestres \/ M\u00e1ximo: 12 semestres Noturno \u2013 M\u00ednimo: 9 semestres \/ M\u00e1ximo: 14 semestres C\u00f3digo do Curso:\u00a0114756 Coordenador: Odilon Avelino da Cunha Coordenadora adjunta: Simone Costa Silva Secret\u00e1ria: Fl\u00e1via Bertoldo Ferreira Endere\u00e7o: Rua Alfredo\u2026","rel":"","context":"Post similar","block_context":{"text":"Post similar","link":""},"img":{"alt_text":"","src":"","width":0,"height":0},"classes":[]},{"id":49,"url":"https:\/\/centros.uepb.edu.br\/ccea\/grupos-de-pesquisa\/","url_meta":{"origin":114,"position":5},"title":"Grupos de Pesquisa","author":"direcao","date":"23 de setembro de 2014","format":false,"excerpt":"[vc_row gap=\"30\"][vc_column width=\"1\/3\"][vc_text_separator title=\"GEMCA\" title_align=\"separator_align_left\"][vc_column_text]Grupo de Eletromagnetismo e Matem\u00e1tica Computacional Aplicado Coordena\u00e7\u00e3o geral: Prof\u00ba. Dr. Elder Eldevitch Carneiro de Oliveira Prof\u00ba. Dr. Pedro Carlos de Assis J\u00fanior Sala 401 - Setor B \u00a0 O Grupo de Eletromagnetismo e Matem\u00e1tica Computacional Aplicado (GEMCA) apresenta uma natureza multidisciplinar, contando com pesquisadores de\u2026","rel":"","context":"Post similar","block_context":{"text":"Post similar","link":""},"img":{"alt_text":"","src":"","width":0,"height":0},"classes":[]}],"_links":{"self":[{"href":"https:\/\/centros.uepb.edu.br\/ccea\/wp-json\/wp\/v2\/pages\/114","targetHints":{"allow":["GET"]}}],"collection":[{"href":"https:\/\/centros.uepb.edu.br\/ccea\/wp-json\/wp\/v2\/pages"}],"about":[{"href":"https:\/\/centros.uepb.edu.br\/ccea\/wp-json\/wp\/v2\/types\/page"}],"author":[{"embeddable":true,"href":"https:\/\/centros.uepb.edu.br\/ccea\/wp-json\/wp\/v2\/users\/26"}],"replies":[{"embeddable":true,"href":"https:\/\/centros.uepb.edu.br\/ccea\/wp-json\/wp\/v2\/comments?post=114"}],"version-history":[{"count":0,"href":"https:\/\/centros.uepb.edu.br\/ccea\/wp-json\/wp\/v2\/pages\/114\/revisions"}],"wp:attachment":[{"href":"https:\/\/centros.uepb.edu.br\/ccea\/wp-json\/wp\/v2\/media?parent=114"}],"curies":[{"name":"wp","href":"https:\/\/api.w.org\/{rel}","templated":true}]}}