{"id":111,"date":"2014-09-24T19:15:32","date_gmt":"2014-09-24T19:15:32","guid":{"rendered":"https:\/\/centros.uepb.edu.br\/ccea\/?page_id=111"},"modified":"2022-07-28T16:55:51","modified_gmt":"2022-07-28T16:55:51","slug":"laboratorios","status":"publish","type":"page","link":"https:\/\/centros.uepb.edu.br\/ccea\/laboratorios\/","title":{"rendered":"Laborat\u00f3rios"},"content":{"rendered":"<div class=\"wpb-content-wrapper\"><p>[vc_row gap=&#8221;30&#8243;][vc_column width=&#8221;1\/2&#8243;][vc_text_separator title=&#8221;Multiusu\u00e1rio&#8221; title_align=&#8221;separator_align_left&#8221;][vc_column_text]<strong>Laborat\u00f3rio de Inform\u00e1tica<\/strong><\/p>\n<p>O Laborat\u00f3rio de Inform\u00e1tica atende aos diversos cursos do Campus VII, estando acess\u00edvel a todos os alunos, professores e funcion\u00e1rios que necessitem do suporte tecnol\u00f3gico para suas atividades. O laborat\u00f3rio tamb\u00e9m \u00e9 utilizado nas aulas pr\u00e1ticas do curso de Computa\u00e7\u00e3o.<\/p>\n<p>Sala 408 \u2013 Setor B<\/p>\n<p>[\/vc_column_text][\/vc_column][vc_column width=&#8221;1\/2&#8243;][vc_text_separator title=&#8221;Espec\u00edficos&#8221; title_align=&#8221;separator_align_left&#8221;][vc_tta_tabs][vc_tta_section title=&#8221;F\u00edsica&#8221; tab_id=&#8221;1659027249394-202f9259-aabd&#8221;][vc_column_text]O Laborat\u00f3rio de F\u00edsica d\u00e1 suporte \u00e0s aulas pr\u00e1ticas relativas aos cursos de F\u00edsica e Ci\u00eancias Exatas, contendo equipamentos e materiais para experimentos das \u00e1reas de Mec\u00e2nica, \u00d3tica, Eletromagnetismo, Eletricidade.<\/p>\n<p>Sala 404 \u2013 Setor B[\/vc_column_text][\/vc_tta_section][vc_tta_section title=&#8221;Matem\u00e1tica&#8221; tab_id=&#8221;1659027249406-5799011b-174f&#8221;][vc_column_text]O Laborat\u00f3rio de Matem\u00e1tica\u00a0d\u00e1 suporte \u00e0s aulas pr\u00e1ticas relativas ao curso de\u00a0Matem\u00e1tica, contendo equipamentos e materiais que auxiliam o ensino da Matem\u00e1tica.<\/p>\n<p>Sala 302 \u2013 Setor B[\/vc_column_text][\/vc_tta_section][vc_tta_section title=&#8221;Qu\u00edmica&#8221; tab_id=&#8221;1659027289122-616d71db-ea39&#8243;][vc_column_text]O Laborat\u00f3rio de Qu\u00edmica d\u00e1 suporte \u00e0s aulas pr\u00e1ticas relativas ao curso de Ci\u00eancias Exatas, contendo equipamentos e materiais que englobam a Qu\u00edmica Org\u00e2nica e Inorg\u00e2nica.<\/p>\n<p>Sala 304 \u2013 Setor B[\/vc_column_text][\/vc_tta_section][\/vc_tta_tabs][\/vc_column][\/vc_row]<\/p>\n<\/div>","protected":false},"excerpt":{"rendered":"<p>[vc_row gap=&#8221;30&#8243;][vc_column width=&#8221;1\/2&#8243;][vc_text_separator title=&#8221;Multiusu\u00e1rio&#8221; title_align=&#8221;separator_align_left&#8221;][vc_column_text]Laborat\u00f3rio de Inform\u00e1tica O Laborat\u00f3rio de Inform\u00e1tica atende aos diversos cursos do Campus VII, estando acess\u00edvel a todos os alunos, professores e funcion\u00e1rios que necessitem do suporte tecnol\u00f3gico para suas atividades. O laborat\u00f3rio tamb\u00e9m \u00e9 utilizado nas aulas pr\u00e1ticas do curso de Computa\u00e7\u00e3o. Sala 408 \u2013 Setor B [\/vc_column_text][\/vc_column][vc_column width=&#8221;1\/2&#8243;][vc_text_separator title=&#8221;Espec\u00edficos&#8221; <a class=\"leiamais\" href=\"https:\/\/centros.uepb.edu.br\/ccea\/laboratorios\/\">Leia Mais&#8230;<\/a><\/p>\n","protected":false},"author":23,"featured_media":0,"parent":0,"menu_order":5,"comment_status":"open","ping_status":"open","template":"","meta":{"jetpack_post_was_ever_published":false,"footnotes":""},"class_list":["post-111","page","type-page","status-publish","hentry"],"jetpack_sharing_enabled":true,"jetpack_shortlink":"https:\/\/wp.me\/P7WTGX-1N","jetpack_likes_enabled":true,"jetpack-related-posts":[{"id":1805,"url":"https:\/\/centros.uepb.edu.br\/ccea\/historico\/","url_meta":{"origin":111,"position":0},"title":"Hist\u00f3rico","author":"thales","date":"27 de julho de 2022","format":false,"excerpt":"[vc_row][vc_column][vc_column_text css=\"\"] Centro de Ci\u00eancias Exatas e Sociais Aplicadas \u2013 CCEA Hist\u00f3ria, Avan\u00e7os e Perspectivas A instala\u00e7\u00e3o da Universidade Estadual da Para\u00edba (UEPB) na Cidade de Patos-PB se deu atrav\u00e9s da Cria\u00e7\u00e3o do Campus VII \u2013 Governador Ant\u00f4nio Mariz \u2013 e do Centro de Ci\u00eancias Exatas e Sociais Aplicadas \u2013\u2026","rel":"","context":"Post similar","block_context":{"text":"Post similar","link":""},"img":{"alt_text":"","src":"https:\/\/i0.wp.com\/centros.uepb.edu.br\/ccea\/files\/2025\/08\/logo_ccea_25anos_12-300x300.png?resize=350%2C200&ssl=1","width":350,"height":200},"classes":[]},{"id":4,"url":"https:\/\/centros.uepb.edu.br\/ccea\/o-ccea\/","url_meta":{"origin":111,"position":1},"title":"O CCEA","author":"arnaud","date":"15 de setembro de 2017","format":false,"excerpt":"[wptabs] [wptabtitle]Equipe[\/wptabtitle] [wptabcontent] Diretores Diretora: Carolina Coeli Rodrigues Batista de Ara\u00fajo Diretor Adjunto: Jos\u00e9 Ginaldo de Souza Farias Secret\u00e1rias Dinaihara Torres Fernandes de Araujo Val\u00e9ria Andrade Calado Dantas Contatos Telefones (83) 3421 1475\/ 3421 3251\/ 3421 1447 - Ramal 200 E-mails Dire\u00e7\u00e3o: ccea@setor.uepb.edu.br Diretora: carolinacoeli@servidor.uepb.edu.br Diretor Adjunto: ginaldo@servidor.uepb.edu.br Secret\u00e1ria:dinaihara@servidor.uepb.edu.br Secret\u00e1ria:\u2026","rel":"","context":"Post similar","block_context":{"text":"Post similar","link":""},"img":{"alt_text":"","src":"https:\/\/i0.wp.com\/centros.uepb.edu.br\/ccea\/files\/2021\/08\/arte_logo_final1-2-300x300.png?resize=350%2C200&ssl=1","width":350,"height":200},"classes":[]},{"id":56,"url":"https:\/\/centros.uepb.edu.br\/ccea\/projetos-de-pesquisa-2\/","url_meta":{"origin":111,"position":2},"title":"Projetos de Pesquisa","author":"direcao","date":"23 de setembro de 2014","format":false,"excerpt":"[vc_row][vc_column][vc_text_separator title=\"PIBIC Cota 2014\/2015\" title_align=\"separator_align_left\" css=\".vc_custom_1659033049703{margin-top: 20px !important;margin-bottom: 30px !important;}\"][vc_tta_accordion style=\"modern\" shape=\"square\" c_icon=\"triangle\" active_section=\"\" collapsible_all=\"true\"][vc_tta_section title=\"Redes de pol\u00edticas: uma an\u00e1lise das pol\u00edticas p\u00fablicas de educa\u00e7\u00e3o superior no estado da Para\u00edba\" tab_id=\"1659011561197-627765ce-d4a0\"][vc_column_text]Professor: Ayalla C\u00e2ndido Freire \u00c1rea: Administra\u00e7\u00e3o[\/vc_column_text][\/vc_tta_section][vc_tta_section title=\"Estrat\u00e9gias de Diferencia\u00e7\u00e3o de Mercado: Um Estudo de Caso com Redes Supermercadistas do Interior\u2026","rel":"","context":"Post similar","block_context":{"text":"Post similar","link":""},"img":{"alt_text":"","src":"","width":0,"height":0},"classes":[]},{"id":23,"url":"https:\/\/centros.uepb.edu.br\/ccea\/graduacao\/","url_meta":{"origin":111,"position":3},"title":"Gradua\u00e7\u00e3o","author":"arnaud","date":"15 de setembro de 2017","format":false,"excerpt":"[vc_row][vc_column][vc_tta_accordion shape=\"square\" c_icon=\"triangle\" active_section=\"\" collapsible_all=\"true\"][vc_tta_section title=\"Bacharelado em Administra\u00e7\u00e3o\" tab_id=\"1659097522759-cbf74554-77e2\"][vc_column_text]Turno: Diurno\/ Noturno Dura\u00e7\u00e3o: Diurno \u2013 M\u00ednimo: 8 semestres \/ M\u00e1ximo: 12 semestres Noturno \u2013 M\u00ednimo: 9 semestres \/ M\u00e1ximo: 14 semestres C\u00f3digo do Curso:\u00a0114756 Coordenador: Odilon Avelino da Cunha Coordenadora adjunta: Simone Costa Silva Secret\u00e1ria: Fl\u00e1via Bertoldo Ferreira Endere\u00e7o: Rua Alfredo\u2026","rel":"","context":"Post similar","block_context":{"text":"Post similar","link":""},"img":{"alt_text":"","src":"","width":0,"height":0},"classes":[]},{"id":49,"url":"https:\/\/centros.uepb.edu.br\/ccea\/grupos-de-pesquisa\/","url_meta":{"origin":111,"position":4},"title":"Grupos de Pesquisa","author":"direcao","date":"23 de setembro de 2014","format":false,"excerpt":"[vc_row gap=\"30\"][vc_column width=\"1\/3\"][vc_text_separator title=\"GEMCA\" title_align=\"separator_align_left\"][vc_column_text]Grupo de Eletromagnetismo e Matem\u00e1tica Computacional Aplicado Coordena\u00e7\u00e3o geral: Prof\u00ba. Dr. Elder Eldevitch Carneiro de Oliveira Prof\u00ba. Dr. Pedro Carlos de Assis J\u00fanior Sala 401 - Setor B \u00a0 O Grupo de Eletromagnetismo e Matem\u00e1tica Computacional Aplicado (GEMCA) apresenta uma natureza multidisciplinar, contando com pesquisadores de\u2026","rel":"","context":"Post similar","block_context":{"text":"Post similar","link":""},"img":{"alt_text":"","src":"","width":0,"height":0},"classes":[]},{"id":36,"url":"https:\/\/centros.uepb.edu.br\/ccea\/pos-graduacao\/","url_meta":{"origin":111,"position":5},"title":"P\u00f3s-Gradua\u00e7\u00e3o","author":"direcao","date":"22 de setembro de 2014","format":false,"excerpt":"[vc_row gap=\"30\"][vc_column width=\"1\/2\"][vc_text_separator title=\"Fundamentos da Educa\u00e7\u00e3o: Pr\u00e1ticas Pedag\u00f3gicas Interdisciplinares\" title_align=\"separator_align_left\"][vc_column_text]Em parceria com a UEPB, o curso de p\u00f3s-gradua\u00e7\u00e3o est\u00e1 sendo oferecido pelo Governo do Estado da Para\u00edba, por meio da Secretaria de Estado da Educa\u00e7\u00e3o (SEE), e\u00a0 objetiva promover a forma\u00e7\u00e3o continuada dos profissionais graduados e efetivos que atuam na\u2026","rel":"","context":"Post similar","block_context":{"text":"Post similar","link":""},"img":{"alt_text":"","src":"","width":0,"height":0},"classes":[]}],"_links":{"self":[{"href":"https:\/\/centros.uepb.edu.br\/ccea\/wp-json\/wp\/v2\/pages\/111","targetHints":{"allow":["GET"]}}],"collection":[{"href":"https:\/\/centros.uepb.edu.br\/ccea\/wp-json\/wp\/v2\/pages"}],"about":[{"href":"https:\/\/centros.uepb.edu.br\/ccea\/wp-json\/wp\/v2\/types\/page"}],"author":[{"embeddable":true,"href":"https:\/\/centros.uepb.edu.br\/ccea\/wp-json\/wp\/v2\/users\/23"}],"replies":[{"embeddable":true,"href":"https:\/\/centros.uepb.edu.br\/ccea\/wp-json\/wp\/v2\/comments?post=111"}],"version-history":[{"count":0,"href":"https:\/\/centros.uepb.edu.br\/ccea\/wp-json\/wp\/v2\/pages\/111\/revisions"}],"wp:attachment":[{"href":"https:\/\/centros.uepb.edu.br\/ccea\/wp-json\/wp\/v2\/media?parent=111"}],"curies":[{"name":"wp","href":"https:\/\/api.w.org\/{rel}","templated":true}]}}