{"id":10,"date":"2014-09-22T18:23:06","date_gmt":"2014-09-22T18:23:06","guid":{"rendered":"https:\/\/centros.uepb.edu.br\/ccea\/?page_id=10"},"modified":"2016-02-04T21:18:59","modified_gmt":"2016-02-04T21:18:59","slug":"extensao","status":"publish","type":"page","link":"https:\/\/centros.uepb.edu.br\/ccea\/extensao\/","title":{"rendered":"Extens\u00e3o"},"content":{"rendered":"<p><strong>Coordena\u00e7\u00e3o de Extens\u00e3o do CCEA<\/strong><\/p>\n<p>Coordenador: Prof. Dr. Ilauro de Souza Lima<\/p>\n<p>Secret\u00e1rio: Thalisson Rodrigo Fernandes Dantas<\/p>\n<p>Fone: (83) 3421-1475 &#8211; ramal 202<\/p>\n<p>Email: extensao@ccea.uepb.edu.br<\/p>\n<p>Sala 701 \u2013 Setor Administrativo<\/p>\n<p>&nbsp;<\/p>\n<p><strong>Avalia\u00e7\u00e3o da Coordena\u00e7\u00e3o<\/strong><\/p>\n<p>Carregando&#8230;<\/p>\n","protected":false},"excerpt":{"rendered":"<p>Coordena\u00e7\u00e3o de Extens\u00e3o do CCEA Coordenador: Prof. Dr. Ilauro de Souza Lima Secret\u00e1rio: Thalisson Rodrigo Fernandes Dantas Fone: (83) 3421-1475 &#8211; ramal 202 Email: extensao@ccea.uepb.edu.br Sala 701 \u2013 Setor Administrativo &nbsp; Avalia\u00e7\u00e3o da Coordena\u00e7\u00e3o Carregando&#8230;<\/p>\n","protected":false},"author":1,"featured_media":0,"parent":0,"menu_order":20,"comment_status":"open","ping_status":"open","template":"","meta":{"jetpack_post_was_ever_published":false,"footnotes":""},"class_list":["post-10","page","type-page","status-publish","hentry"],"jetpack_sharing_enabled":true,"jetpack_shortlink":"https:\/\/wp.me\/P7WTGX-a","jetpack_likes_enabled":true,"jetpack-related-posts":[{"id":78,"url":"https:\/\/centros.uepb.edu.br\/ccea\/contatos\/","url_meta":{"origin":10,"position":0},"title":"Contatos","author":"arnaud","date":"15 de setembro de 2017","format":false,"excerpt":"[vc_row][vc_column][vc_tta_tabs][vc_tta_section title=\"Telefones e Emails\" tab_id=\"1659114018337-80f5407e-3b27\"][vc_row_inner gap=\"30\"][vc_column_inner width=\"1\/2\"][vc_column_text css=\"\"] Dire\u00e7\u00e3o do CCEA Diretor: Jos\u00e9 Ginaldo de Souza Farias Diretor adjunto: Ant\u00f4nio Jos\u00e9 Gomes Pedrosa Telefones: (83) 3421 1475\/ 3421 1447 \u2013 Ramal 200\/ 9.9371-2221 E-mails: ccea@setor.uepb.edu.br ginaldo@servidor.uepb.edu.br pedrosa@servidor.uepb.edu.br Coordena\u00e7\u00e3o do Curso de Administra\u00e7\u00e3o Coordenador: Odilon Avelino da Cunha Coordenadora adjunta: Simone\u2026","rel":"","context":"Post similar","block_context":{"text":"Post similar","link":""},"img":{"alt_text":"","src":"https:\/\/i0.wp.com\/centros.uepb.edu.br\/ccea\/files\/2014\/09\/LocalizacaoUEPBCCEA2.jpg?resize=350%2C200&ssl=1","width":350,"height":200,"srcset":"https:\/\/i0.wp.com\/centros.uepb.edu.br\/ccea\/files\/2014\/09\/LocalizacaoUEPBCCEA2.jpg?resize=350%2C200&ssl=1 1x, https:\/\/i0.wp.com\/centros.uepb.edu.br\/ccea\/files\/2014\/09\/LocalizacaoUEPBCCEA2.jpg?resize=525%2C300&ssl=1 1.5x, https:\/\/i0.wp.com\/centros.uepb.edu.br\/ccea\/files\/2014\/09\/LocalizacaoUEPBCCEA2.jpg?resize=700%2C400&ssl=1 2x"},"classes":[]},{"id":23,"url":"https:\/\/centros.uepb.edu.br\/ccea\/graduacao\/","url_meta":{"origin":10,"position":1},"title":"Gradua\u00e7\u00e3o","author":"arnaud","date":"15 de setembro de 2017","format":false,"excerpt":"[vc_row][vc_column][vc_tta_accordion shape=\"square\" c_icon=\"triangle\" active_section=\"\" collapsible_all=\"true\"][vc_tta_section title=\"Bacharelado em Administra\u00e7\u00e3o\" tab_id=\"1659097522759-cbf74554-77e2\"][vc_column_text]Turno: Diurno\/ Noturno Dura\u00e7\u00e3o: Diurno \u2013 M\u00ednimo: 8 semestres \/ M\u00e1ximo: 12 semestres Noturno \u2013 M\u00ednimo: 9 semestres \/ M\u00e1ximo: 14 semestres C\u00f3digo do Curso:\u00a0114756 Coordenador: Odilon Avelino da Cunha Coordenadora adjunta: Simone Costa Silva Secret\u00e1ria: Fl\u00e1via Bertoldo Ferreira Endere\u00e7o: Rua Alfredo\u2026","rel":"","context":"Post similar","block_context":{"text":"Post similar","link":""},"img":{"alt_text":"","src":"","width":0,"height":0},"classes":[]},{"id":8,"url":"https:\/\/centros.uepb.edu.br\/ccea\/pesquisa\/","url_meta":{"origin":10,"position":2},"title":"Pesquisa","author":"","date":"22 de setembro de 2014","format":false,"excerpt":"Coordena\u00e7\u00e3o de Pesquisa\u00a0do CCEA Coordenador: Profa. Dra.\u00a0Sibele Thaise Viana Guimar\u00e3es Secret\u00e1rio: Thalisson Rodrigo Fernandes Dantas Fone: (83) 3421-1475 - ramal 202 Email: pesquisa@ccea.uepb.edu.br Sala 701 \u2013 Setor Administrativo","rel":"","context":"Post similar","block_context":{"text":"Post similar","link":""},"img":{"alt_text":"","src":"","width":0,"height":0},"classes":[]},{"id":245,"url":"https:\/\/centros.uepb.edu.br\/ccea\/projetos-de-extensao\/","url_meta":{"origin":10,"position":3},"title":"Projetos de Extens\u00e3o","author":"direcao","date":"20 de setembro de 2017","format":false,"excerpt":"[vc_row][vc_column][vc_text_separator title=\"PROBEX Cota 2016\/ 2017\" title_align=\"separator_align_left\" css=\".vc_custom_1659031743968{margin-top: 10px !important;margin-bottom: 30px !important;}\"][vc_tta_accordion shape=\"square\" c_icon=\"triangle\" active_section=\"\" collapsible_all=\"true\"][vc_tta_section title=\"IPC-P (\u00cdndice de Pre\u00e7o ao Consumidor Patoense)\" tab_id=\"1659027830891-8d6666ff-c4df\"][vc_column_text]N\u00famero de cadastro:1.49.14.16\/17 Professor: Odilon Avelino da Cunha[\/vc_column_text][\/vc_tta_section][vc_tta_section title=\"Construindo Pr\u00e1ticas de Bem Viver em Vilas Produtivas Rurais do Projeto de Integra\u00e7\u00e3o do Rio S\u00e3o Francisco\" tab_id=\"1659027855762-9ffde2ff-0004\"][vc_column_text]N\u00famero de cadastro:\u2026","rel":"","context":"Post similar","block_context":{"text":"Post similar","link":""},"img":{"alt_text":"","src":"","width":0,"height":0},"classes":[]},{"id":122,"url":"https:\/\/centros.uepb.edu.br\/ccea\/parfor\/","url_meta":{"origin":10,"position":4},"title":"PARFOR","author":"arnaud","date":"15 de setembro de 2017","format":false,"excerpt":"[vc_row][vc_column width=\"1\/2\"][vc_column_text]O Plano Nacional de Forma\u00e7\u00e3o dos Professores da Educa\u00e7\u00e3o B\u00e1sica (PARFOR) \u00e9 um programa nacional implantado pela CAPES em regime de colabora\u00e7\u00e3o com as Secretarias de Educa\u00e7\u00e3o dos Estados, do Distrito Federal e dos Munic\u00edpios e com as Institui\u00e7\u00f5es de Ensino Superior (IES). Destina-se \u00e0 forma\u00e7\u00e3o de professores, j\u00e1\u2026","rel":"","context":"Post similar","block_context":{"text":"Post similar","link":""},"img":{"alt_text":"","src":"","width":0,"height":0},"classes":[]},{"id":49,"url":"https:\/\/centros.uepb.edu.br\/ccea\/grupos-de-pesquisa\/","url_meta":{"origin":10,"position":5},"title":"Grupos de Pesquisa","author":"direcao","date":"23 de setembro de 2014","format":false,"excerpt":"[vc_row gap=\"30\"][vc_column width=\"1\/3\"][vc_text_separator title=\"GEMCA\" title_align=\"separator_align_left\"][vc_column_text]Grupo de Eletromagnetismo e Matem\u00e1tica Computacional Aplicado Coordena\u00e7\u00e3o geral: Prof\u00ba. Dr. Elder Eldevitch Carneiro de Oliveira Prof\u00ba. Dr. Pedro Carlos de Assis J\u00fanior Sala 401 - Setor B \u00a0 O Grupo de Eletromagnetismo e Matem\u00e1tica Computacional Aplicado (GEMCA) apresenta uma natureza multidisciplinar, contando com pesquisadores de\u2026","rel":"","context":"Post similar","block_context":{"text":"Post similar","link":""},"img":{"alt_text":"","src":"","width":0,"height":0},"classes":[]}],"_links":{"self":[{"href":"https:\/\/centros.uepb.edu.br\/ccea\/wp-json\/wp\/v2\/pages\/10","targetHints":{"allow":["GET"]}}],"collection":[{"href":"https:\/\/centros.uepb.edu.br\/ccea\/wp-json\/wp\/v2\/pages"}],"about":[{"href":"https:\/\/centros.uepb.edu.br\/ccea\/wp-json\/wp\/v2\/types\/page"}],"author":[{"embeddable":true,"href":"https:\/\/centros.uepb.edu.br\/ccea\/wp-json\/wp\/v2\/users\/1"}],"replies":[{"embeddable":true,"href":"https:\/\/centros.uepb.edu.br\/ccea\/wp-json\/wp\/v2\/comments?post=10"}],"version-history":[{"count":0,"href":"https:\/\/centros.uepb.edu.br\/ccea\/wp-json\/wp\/v2\/pages\/10\/revisions"}],"wp:attachment":[{"href":"https:\/\/centros.uepb.edu.br\/ccea\/wp-json\/wp\/v2\/media?parent=10"}],"curies":[{"name":"wp","href":"https:\/\/api.w.org\/{rel}","templated":true}]}}