{"id":8672,"date":"2022-05-20T13:34:03","date_gmt":"2022-05-20T13:34:03","guid":{"rendered":"https:\/\/centros.uepb.edu.br\/ccbsa\/?page_id=8672"},"modified":"2026-05-12T14:16:22","modified_gmt":"2026-05-12T14:16:22","slug":"bacharelado-em-relacoes-internacionais","status":"publish","type":"page","link":"https:\/\/centros.uepb.edu.br\/ccbsa\/cursos\/bacharelado-em-relacoes-internacionais\/","title":{"rendered":"Bacharelado em Rela\u00e7\u00f5es Internacionais"},"content":{"rendered":"<div class=\"wpb-content-wrapper\"><p>[vc_row][vc_column width=&#8221;1\/2&#8243;][vc_column_text css=&#8221;&#8221;]<strong>Turno<\/strong>: Diurno \/ Noturno<\/p>\n<p><strong>Dura\u00e7\u00e3o<\/strong>: Diurno \u2013 M\u00ednimo: 4\u00a0 anos \/ M\u00e1ximo: 6 anos<\/p>\n<p>Noturno \u2013 M\u00ednimo: 4 anos e 6 meses\/ M\u00e1ximo: 7 anos<\/p>\n<p><strong>Coordenadora<\/strong>: Profa. Dra.<a href=\"http:\/\/buscatextual.cnpq.br\/buscatextual\/visualizacv.do?metodo=apresentar&amp;id=K4775543Z3\" target=\"_blank\" rel=\"noopener noreferrer\">Luiza Rosa Barbosa de Lima<\/a><\/p>\n<p><strong>Coordenadora adjunta<\/strong>: Profa. Dra. <a href=\"http:\/\/buscatextual.cnpq.br\/buscatextual\/visualizacv.do?metodo=apresentar&amp;id=K4155873T0\" target=\"_blank\" rel=\"noopener noreferrer\">M\u00f4nica de Lourdes Santana<\/a><\/p>\n<p><strong>Secret\u00e1ria<\/strong>:<\/p>\n<ul>\n<li>M\u00e9rcia Montenegro<\/li>\n<li>Rousier Paulino<\/li>\n<\/ul>\n<p>[\/vc_column_text][\/vc_column][vc_column width=&#8221;1\/2&#8243;][vc_single_image image=&#8221;3951&#8243; img_size=&#8221;full&#8221; onclick=&#8221;link_image&#8221;][\/vc_column][\/vc_row][vc_row][vc_column][vc_column_text css=&#8221;&#8221;]<strong>Endere\u00e7o<\/strong>: Rua Hor\u00e1cio Trajano de Oliveira, S\/N, Cristo Redentor, Jo\u00e3o Pessoa-PB, Cep 58071-160.<\/p>\n<p><strong>Telefone<\/strong>: (83) 99444-6087<\/p>\n<p><strong>Email<\/strong>:\u00a0secri@setor.uepb.edu.br<\/p>\n<p><strong>Modalidade<\/strong>: Bacharelado<\/p>\n<p><strong>Regime Acad\u00eamico<\/strong>: Seriado semestral<\/p>\n<p><strong>Cria\u00e7\u00e3o<\/strong>: RESOLU\u00c7\u00c3O\/UEPB\/CONSUNI\/09\/2006<\/p>\n<p>Criado em 2006, atrav\u00e9s da resolu\u00e7\u00e3o UEPB\/CONSUNI\/09\/2006 o curso de Rela\u00e7\u00f5es Internacionais foi o primeiro da \u00e1rea na Para\u00edba e um dos pioneiros do Norte e Nordeste, surgindo como uma \u00e1rea promissora e tendo como foco principal de forma\u00e7\u00e3o a \u00e1rea de Pol\u00edtica Internacional. A gradua\u00e7\u00e3o tem um car\u00e1ter multidisciplinar com a abordagem de temas nas \u00e1reas de Economia, Direito, Ci\u00eancia Pol\u00edtica, Globaliza\u00e7\u00e3o, Cultural, Seguran\u00e7a, entre outros.<\/p>\n<p>Na busca por oferecer um ensino din\u00e2mico e atual v\u00e1rias atividade acad\u00eamicas e de pesquisa v\u00eam sendo desenvolvidas com o intuito de melhor preparar o estudante para o mercado de trabalho e vida acad\u00eamica.<\/p>\n<p>O curso tamb\u00e9m tem se afirmado na organiza\u00e7\u00e3o de eventos regionais, nacionais e internacionais a exemplo do Semin\u00e1rio Internacional de Estudos e Pesquisas em Rela\u00e7\u00f5es Internacionais (SIEPRI). Este semin\u00e1rio est\u00e1 na quarta edi\u00e7\u00e3o e \u00e9 o resultado natural da evolu\u00e7\u00e3o dos semin\u00e1rios anteriores. Em 2008 e 2009 o curso organizou o Semin\u00e1rio Paraibano de Estudos e Pesquisas em Rela\u00e7\u00f5es Internacionais (SEPESPRI). Em 2010 o semin\u00e1rio tomou uma amplitude nacional, passando a chamar-se Semin\u00e1rio Nacional de Estudos e Pesquisas em Rela\u00e7\u00f5es Internacionais (SENESPRI).<\/p>\n<p>Pela dimens\u00e3o e import\u00e2ncia crescente que os semin\u00e1rios anteriores tomaram, percebeu-se que j\u00e1 havia condi\u00e7\u00f5es para se organizar um evento de \u00e2mbito internacional. Em 2011 o SIEPRI foi organizado pelo mestrado e pela gradua\u00e7\u00e3o em Rela\u00e7\u00f5es Internacionais. Essa sequ\u00eancia de semin\u00e1rios na \u00e1rea de Rela\u00e7\u00f5es Internacionais, al\u00e9m de contribuir para a consolida\u00e7\u00e3o e para o reconhecimento nacional do Curso de Gradua\u00e7\u00e3o e do Programa de Mestrado em Rela\u00e7\u00f5es Internacionais da UEPB, tem fomentado o interc\u00e2mbio entre docentes e discentes da UEPB e de outras institui\u00e7\u00f5es nacionais e estrangeiras.<\/p>\n<p><strong>Forma\u00e7\u00e3o profissional<\/strong><\/p>\n<p>Os profissionais formados em Rela\u00e7\u00f5es Internacionais est\u00e3o aptos a trabalhar em institui\u00e7\u00f5es p\u00fablicas, privadas e do terceiro setor, assim como no assessoramento de atividades parlamentares e de partidos pol\u00edticos que demandem percep\u00e7\u00f5es amplas e aprofundadas da realidade internacional e de conhecimentos espec\u00edficos sobre os processos, mecanismos e pr\u00e1ticas inerentes \u00e0 din\u00e2mica das rela\u00e7\u00f5es entre os povos e na\u00e7\u00f5es.<\/p>\n<p>Al\u00e9m disso, muitos graduados em Rela\u00e7\u00f5es Internacionais da UEPB t\u00eam sido aprovados em cursos de p\u00f3s-gradua\u00e7\u00e3o em todo o Brasil, e optam por seguir uma carreira acad\u00eamica, principalmente ap\u00f3s a cria\u00e7\u00e3o da p\u00f3s-gradua\u00e7\u00e3o em Rela\u00e7\u00f5es Internacionais da Institui\u00e7\u00e3o. Com professores doutores e de refer\u00eancia a gradua\u00e7\u00e3o tem desenvolvido projetos de pesquisa e extens\u00e3o em diversas \u00e1reas do conhecimento, atividades que somadas \u00e0s publica\u00e7\u00f5es de car\u00e1ter cient\u00edfico e eventos com abrang\u00eancia nacional e internacional t\u00eam projetado o curso por todo o pa\u00eds.<\/p>\n<p>Durante o bacharelado o aluno de Rela\u00e7\u00f5es Internacionais da UEPB tem oportunidades de aprofundar o conhecimento adquirido em sala de aula, seja atrav\u00e9s do interc\u00e2mbio internacional que j\u00e1 favoreceu alguns alunos do curso ou com as pr\u00e1ticas em simula\u00e7\u00f5es de organiza\u00e7\u00f5es internacionais a exemplo do Modelo Universit\u00e1rio de Diplomacia \u2013 Mundi, no qual alunos e professores simulam reuni\u00f5es de diversas organiza\u00e7\u00f5es internacionais como a ONU (Organiza\u00e7\u00e3o das Na\u00e7\u00f5es Unidas) e a OEA (Organiza\u00e7\u00e3o dos Estados Americanos) nas quais s\u00e3o discutidas tem\u00e1ticas diretamente ligadas \u00e0 cena internacional atual.<\/p>\n<p><strong>Campo de atua\u00e7\u00e3o<\/strong><\/p>\n<p>O bacharel em Rela\u00e7\u00f5es Internacionais estar\u00e1 habilitado a trabalhar em \u00f3rg\u00e3os do governo, empresas privadas, organiza\u00e7\u00f5es internacionais, associa\u00e7\u00f5es de classe, bem como em organiza\u00e7\u00f5es do terceiro setor.<\/p>\n<p>Nos \u00f3rg\u00e3os do governo, o analista de Rela\u00e7\u00f5es Internacionais pode ser solicitado para elaborar an\u00e1lises de conjuntura, formular pol\u00edticas, negociar conv\u00eanios e tratados internacionais e desenvolver estrat\u00e9gias de negocia\u00e7\u00f5es em setores que demandem intercambio internacional, tanto em institui\u00e7\u00f5es dos governos municipais, estaduais ou federais, de universidades, de \u00f3rg\u00e3os culturais e de fomento ao desenvolvimento cientifico e tecnol\u00f3gico, sem esquecer a forma\u00e7\u00e3o especifica para o ingresso na carreira diplom\u00e1tica.<\/p>\n<p>Nas empresas privadas, atuar\u00e1 em empresas de todos os setores, como agroneg\u00f3cios, ind\u00fastrias e servi\u00e7os, em bancos e institui\u00e7\u00f5es financeiras, desempenhando tarefas de comunica\u00e7\u00e3o e consultoria. Pode tamb\u00e9m prestar consultoria aut\u00f4noma, principalmente para empresas com atua\u00e7\u00e3o internacional.<\/p>\n<p>Pode tornar-se funcion\u00e1rio de entidades supranacionais como, por exemplo, a Organiza\u00e7\u00e3o das Na\u00e7\u00f5es Unidas (ONU), a Organiza\u00e7\u00e3o dos Estados Americanos (OEA) O Banco Mundial e o Banco Internacional para a Reconstru\u00e7\u00e3o e Desenvolvimento (BIRD), o Banco Interamericano de Desenvolvimento (BID) e o Fundo Monet\u00e1rio Internacional (FMI).<\/p>\n<p>Juntamente \u00e0s Associa\u00e7\u00f5es de Classe, patronais ou trabalhistas, pode desenvolver trabalhos de forma\u00e7\u00e3o de novos mercados, dar suporte ou participar de negocia\u00e7\u00f5es, elaborar proje\u00e7\u00f5es sobre novos mercados, etc. Dentro do Terceiro Setor, o profissional pode atuar na tomada de decis\u00f5es das decis\u00f5es de organiza\u00e7\u00f5es n\u00e3o-governamentais, nacionais ou internacionais.Pode ainda assessorar atividades parlamentares e de partidos pol\u00edticos.<\/p>\n<p><strong>Professores efetivos<\/strong>:<\/p>\n<ul>\n<li><a href=\"http:\/\/buscatextual.cnpq.br\/buscatextual\/visualizacv.do?id=K4737752Z3\" target=\"_blank\" rel=\"noopener noreferrer\">Alexandre Cesar Cunha Leite<\/a>\u00a0\u2013 alexccleite@gmail.com<\/li>\n<\/ul>\n<p>Doutor em Ci\u00eancias Sociais\/Rela\u00e7\u00f5es Internacionais. Mestre em Economia Pol\u00edtica. Especialista em Rela\u00e7\u00f5es Internacionais e Coopera\u00e7\u00e3o Sul-Sul e Triangular na Am\u00e9rica Latina. Graduado em Ci\u00eancias Econ\u00f4micas. Tem experi\u00eancia com pesquisas relacionadas \u00e0 pol\u00edtica internacional e pol\u00edtica externa, an\u00e1lise de pol\u00edtica externa e desenvolvimento comparado. Estuda a \u00c1sia e principalmente a China.<\/p>\n<ul>\n<li><a href=\"https:\/\/lattes.cnpq.br\/8712438126090355\" target=\"_blank\" rel=\"noopener noreferrer\">Andrea Maria\u00a0<\/a><a href=\"https:\/\/lattes.cnpq.br\/8712438126090355\" target=\"_blank\" rel=\"noopener noreferrer\">Calazans Pacheco Pac\u00edfico<\/a>\u00a0\u2013 apacifico@hotmail.com<\/li>\n<\/ul>\n<p>Doutora em Ci\u00eancias Sociais. Mestre em Direito Internacional. Especialista em Direito Internacional P\u00fablico. Tem experi\u00eancia com Organiza\u00e7\u00f5es Internacionais, Direitos Humanos e Humanit\u00e1rio, deslocados ambientais, migrantes e refugiados.<\/p>\n<ul>\n<li><a href=\"http:\/\/lattes.cnpq.br\/0455015069691577\">Bianor Arruda Bezerra Neto<\/a> &#8211; bianor@servidor.uepb.edu.br<\/li>\n<\/ul>\n<p>Doutor em Direito, Juiz Federal na 5.\u00aa Regi\u00e3o. Exerceu cargos no Minist\u00e9rio da Fazenda e Economia: Procurador da Fazenda Nacional (2000-2005) e Diretor da Escola Superior da PGFN (2003-2005). Coordenador do Instituto Brasileiro de Estudos Tribut\u00e1rios &#8211; IBET. Professor de Teoria Geral do Direito e Filosofia da UEPB.<\/p>\n<ul>\n<li><a href=\"http:\/\/buscatextual.cnpq.br\/buscatextual\/visualizacv.do?metodo=apresentar&amp;id=K4259992Y3\" target=\"_blank\" rel=\"noopener noreferrer\">Carlos Enrique Ruiz Ferreira<\/a>\u00a0\u2013 carloserf@uol.com.br<\/li>\n<\/ul>\n<p>Doutor e Mestre em Ci\u00eancia Pol\u00edtica. Graduado em Rela\u00e7\u00f5es Internacionais. Tem experi\u00eancia com Filosofia, Teoria Pol\u00edtica e de Rela\u00e7\u00f5es Internacionais. Pesquisa Pol\u00edtica Externa Brasileira analisando a atua\u00e7\u00e3o do Brasil no Conselho de Seguran\u00e7a da ONU.<\/p>\n<ul>\n<li><a href=\"http:\/\/buscatextual.cnpq.br\/buscatextual\/visualizacv.do?metodo=apresentar&amp;id=K4795310E3\" target=\"_blank\" rel=\"noopener noreferrer\">Cristina Carvalho Pacheco<\/a>\u00a0\u2013 criscpacheco@gmail.com<\/li>\n<\/ul>\n<p>Doutora em Ci\u00eancias Sociais. Mestre em Ci\u00eancia Pol\u00edtica. Graduada em Direito. Pesquisa Teoria Pol\u00edtica e Pol\u00edtica Internacional Comparada, Institui\u00e7\u00f5es\/Organiza\u00e7\u00f5es Internacionais e Pol\u00edtica Externa dos Estados Unidos.<\/p>\n<ul>\n<li><a href=\"http:\/\/lattes.cnpq.br\/1488422193691291\">F\u00e1bio Rodrigo Ferreira Nobre<\/a>\u00a0\u2013\u00a0fabio.f.nobre@gmail.com<\/li>\n<\/ul>\n<p>Doutor e Mestre em Ci\u00eancia Pol\u00edtica. Graduado em Rela\u00e7\u00f5es Internacionais. Estuda Teorias de Seguran\u00e7a Internacional, com foco para as teorias de securitiza\u00e7\u00e3o, defesa da regi\u00e3o amaz\u00f4nica do Brasil e as Rela\u00e7\u00f5es Brasil-Col\u00f4mbia.<\/p>\n<ul>\n<li><a href=\"http:\/\/buscatextual.cnpq.br\/buscatextual\/visualizacv.do?metodo=apresentar&amp;id=K4164860H0\" target=\"_blank\" rel=\"noopener noreferrer\">Filipe Reis Melo<\/a> \u2013 filipe.reis@servidor.uepb.edu.br<\/li>\n<\/ul>\n<p>Doutor em Ci\u00eancia Pol\u00edtica e Sociologia. Especialista em Estudos Europeus. Graduado em Ci\u00eancias Econ\u00f4micas. Pesquisa Terras Raras, Economia Pol\u00edtica Internacional, M\u00eddia e Rela\u00e7\u00f5es Internacionais e Terrorismo.<\/p>\n<ul>\n<li><a href=\"http:\/\/buscatextual.cnpq.br\/buscatextual\/visualizacv.do?metodo=apresentar&amp;id=K4466303T6\" target=\"_blank\" rel=\"noopener noreferrer\">Giuliana Dias Vieira<\/a>\u00a0\u2013 giulianadiasvieira@gmail.com<\/li>\n<\/ul>\n<p>Doutora em Direito Internacional e Europeu. Mestre em Ci\u00eancias Jur\u00eddicas. Graduada em Direito. Dedica-se particularmente ao estudo da prote\u00e7\u00e3o internacional dos Direitos Humanos e dos efeitos da jurisprud\u00eancia das Cortes Internacionais.<\/p>\n<ul>\n<li><a href=\"http:\/\/lattes.cnpq.br\/9449152988841903\">Izadora Xavier do Monte<\/a> &#8211; izadora.xavier@servidor.uepb.edu.br<\/li>\n<\/ul>\n<p>Possui gradua\u00e7\u00e3o em Rela\u00e7\u00f5es Internacionais pela Universidade de Bras\u00edlia (2007), mestrado em Rela\u00e7\u00f5es Internacionais pela Universidade de Bras\u00edlia (2010), mestrado em Genre, Politique et Sexualit\u00e9 &#8211; Ecole des Hautes \u00c9tudes en Sciences Sociales (2013) e doutorado pela Universit\u00e9 Paris 8.<\/p>\n<ul>\n<li><a href=\"http:\/\/lattes.cnpq.br\/4998393256181987\">Jos\u00e9 Francelino Galdino Neto<\/a> &#8211;\u00a0netogaldino@servidor.uepb.edu.br<\/li>\n<\/ul>\n<p>Doutor em Ci\u00eancia Pol\u00edtica pelo Programa de P\u00f3s-Gradua\u00e7\u00e3o em Ci\u00eancia Pol\u00edtica na Universidade Federal de Pernambuco (2024). Possui gradua\u00e7\u00e3o em Rela\u00e7\u00f5es Internacionais pela Universidade Federal da Para\u00edba (2014) e mestrado em Ci\u00eancia Pol\u00edtica pela Universidade Federal de Pernambuco (2018).<\/p>\n<ul>\n<li><a href=\"http:\/\/lattes.cnpq.br\/1323980059337423\">Lucila Gabriela Vilhena<\/a>\u00a0\u2013\u00a0lucilavilhena@servidor.uepb.edu.br<\/li>\n<\/ul>\n<p>Doutoranda e bolsista pela Universidade de Lisboa em Direito Internacional e Europeu. Gradua\u00e7\u00e3o em direito, Mestrado em Direito Civil e especializa\u00e7\u00e3o em Direitos Humanos pela Universidade de Coimbra. Professora das disciplinas de Coopera\u00e7\u00e3o Internacional, Com\u00e9rcio Internacional e T\u00f3picos Especiais de Rela\u00e7\u00f5es Internacionais 3. Linhas de pesquisa: 1. Com\u00e9rcio e tecnologia; 2. Liberdade de express\u00e3o. Diretora de Propriedade Intelectual da Ag\u00eancia de Inova\u00e7\u00e3o Tecnol\u00f3gica da UEPB.<\/p>\n<ul>\n<li><a href=\"http:\/\/buscatextual.cnpq.br\/buscatextual\/visualizacv.do?metodo=apresentar&amp;id=K4775543Z3\" target=\"_blank\" rel=\"noopener noreferrer\">Luiza Rosa Barbosa de Lima<\/a>\u00a0\u2013 luizarosa@hotmail.com<\/li>\n<\/ul>\n<p>Doutorado em Direito Internacional. Mestre em Ci\u00eancias Jur\u00eddicas. Especialista em Direito Civil. Graduada em Direito. Tem experi\u00eancia na \u00e1rea do Direito, com \u00eanfase em Direito Constitucional, Direito Internacional Privado e Consular.<\/p>\n<ul>\n<li><a href=\"http:\/\/lattes.cnpq.br\/0042198749649713\">Marcionila Fernandes<\/a>\u00a0\u2013 marcionilafernandez@yahoo.com.br<\/li>\n<\/ul>\n<p>Doutora em Sociologia. Mestre em Desenvolvimento Sustent\u00e1vel do Tr\u00f3pico \u00damido. Graduada em Letras. Tem experi\u00eancia com Desenvolvimento sustent\u00e1vel, pol\u00edticas de acesso \u00e0 \u00e1gua e prote\u00e7\u00e3o do Meio Ambiente.<\/p>\n<ul>\n<li><a href=\"http:\/\/buscatextual.cnpq.br\/buscatextual\/visualizacv.do?metodo=apresentar&amp;id=K4155873T0\" target=\"_blank\" rel=\"noopener noreferrer\">M\u00f4nica de Lourdes Santana<\/a>\u00a0\u2013 m@detroz.com<\/li>\n<\/ul>\n<p>Doutora em Lingu\u00edstica. Mestre em Letras Cl\u00e1ssicas. Especialista em L\u00edngua Inglesa e Literatura Anglo-Americana. Graduada em Letras. Atua nas linhas de pesquisa:\u00a0Rela\u00e7\u00f5es Internacionais, Religi\u00e3o e Literatura e\u00a0Rela\u00e7\u00f5es Ocidente e Oriente.<\/p>\n<ul>\n<li><a href=\"http:\/\/lattes.cnpq.br\/6865225597672282\">Paulo Henrique de Oliveira Chamon<\/a>\u00a0 &#8211; paulo.chamon@servidor.uepb.edu.br<\/li>\n<\/ul>\n<p>Bacharelado em Rela\u00e7\u00f5es Internacionais pela Universidade de S\u00e3o Paulo (2009), mestrado em Rela\u00e7\u00f5es Internacionais pela Pontif\u00edcia Universidade Cat\u00f3lica do Rio de Janeiro (2012) e doutorado em Rela\u00e7\u00f5es Internacionais pela Pontif\u00edcia Universidade Cat\u00f3lica do Rio de Janeiro (2018).<\/p>\n<ul>\n<li><a href=\"http:\/\/buscatextual.cnpq.br\/buscatextual\/visualizacv.do?metodo=apresentar&amp;id=K4700076T0\" target=\"_blank\" rel=\"noopener noreferrer\">Paulo Roberto Loyolla Kuhlmann<\/a>\u00a0\u2013 prlkhlm@gmail.com<\/li>\n<\/ul>\n<p>Doutor e Mestre em Ci\u00eancia Pol\u00edtica. Especialista em Hist\u00f3ria das Rela\u00e7\u00f5es Internacionais e Planejamento de Defesa e Administra\u00e7\u00e3o de Recursos. Graduado em Ci\u00eancias Militares. Pesquisa paz, conflitos e estudos cr\u00edticos de seguran\u00e7a. Trabalha constru\u00e7\u00e3o de paz atrav\u00e9s da arte, do teatro, Clown, m\u00edmica e manipula\u00e7\u00e3o de bonecos.<\/p>\n<ul>\n<li><a href=\"http:\/\/lattes.cnpq.br\/0073504050280277\">Raquel Bezerra Cavalcanti Leal de Melo<\/a>\u00a0\u2013 profa.raquelmelo@gmail.com<\/li>\n<\/ul>\n<p>Doutora e Mestre em Rela\u00e7\u00f5es Internacionais. Graduada em Direito. \u00c1reas de Interesse: Media\u00e7\u00e3o internacional, opera\u00e7\u00f5es de paz, constru\u00e7\u00e3o da paz e ONU.<\/p>\n<ul>\n<li><a href=\"http:\/\/buscatextual.cnpq.br\/buscatextual\/visualizacv.do?metodo=apresentar&amp;id=K4797748H7\" target=\"_blank\" rel=\"noopener noreferrer\">Silvia Garcia Nogueira<\/a>\u00a0\u2013 silvianogueira_ri@yahoo.com.br<\/li>\n<\/ul>\n<p>P\u00f3s-Doutorado no Instituto de Ci\u00eancias Sociais da Universidade de Lisboa; Doutorado em Antropologia e Mestrado em Antropologia Social. Atua principalmente nos seguintes temas: opini\u00e3o p\u00fablica, m\u00eddia e pol\u00edtica externa; cultura e comunica\u00e7\u00e3o na Am\u00e9rica Latina; antropologia dos meios de comunica\u00e7\u00e3o; migra\u00e7\u00f5es internacionais; coopera\u00e7\u00e3o acad\u00eamica internacional, mobilidade estudantil e fuga de c\u00e9rebros; rela\u00e7\u00f5es Timor-Leste, Brasil e Portugal.<\/p>\n<ul>\n<li><a href=\"http:\/\/lattes.cnpq.br\/9467219228060107\">Vin\u00edcius Wingler Borba Santiago<\/a> &#8211; vinicius.santiago@servidor.uepb.edu.br<\/li>\n<\/ul>\n<p>Doutor em Rela\u00e7\u00f5es Internacionais. Possui especializa\u00e7\u00e3o em Estudos Afro-latino-americanos pela FLACSO-Argentina com foco em Interseccionalidades de G\u00eanero e Ra\u00e7a. Realizou p\u00f3s-doutorado em Sociologia na UnB com pesquisa sobre g\u00eanero, corpo e ra\u00e7a a partir do tr\u00e1fico transatl\u00e2ntico de escravizados. Foi pesquisador associado ao Centro de Pesquisas Feministas (CFR) da York University, no Canad\u00e1. \u00c9 membro do N\u00facleo de Pesquisa em G\u00eanero, Ra\u00e7a e Diferen\u00e7a na Pol\u00edtica Internacional (NUGRAD).<\/p>\n<p><strong>Professores substitutos<\/strong><\/p>\n<ul>\n<li><a href=\"http:\/\/lattes.cnpq.br\/5242241467566947\">Ana Cristina Cordeiro da Fonseca<\/a> &#8211; ana.fonseca@servidor.uepb.edu.br<\/li>\n<\/ul>\n<p>Investigadora Visitante no Centro de Estudos Interdisciplinares (CEIS20) da Universidade de Coimbra. Doutoranda em Ci\u00eancia Pol\u00edtica. Trabalhou como Assistente T\u00e9cnica na Comiss\u00e3o Interamericana de Direitos Humanos (CIDH), em Washington D.C.<\/p>\n<ul>\n<li><a href=\"http:\/\/lattes.cnpq.br\/6564525747426104\">Anna Karollinne Lopes Cardoso<\/a> &#8211; anna.lopes@servidor.uepb.edu.br<\/li>\n<\/ul>\n<p>Doutora em Estudos Urbanos e Regionais. Doutoranda em Ci\u00eancia Pol\u00edtica. Secret\u00e1ria adjunta do N\u00facleo de Estudo e Pesquisa sobre os Deslocados Ambientais (Nepda) e do grupo de pesquisa Socioecon\u00f4mica do Meio Ambiente e Pol\u00edtica Ambiental (Semapa).<\/p>\n<ul>\n<li><a href=\"http:\/\/lattes.cnpq.br\/3730760984108141\">Igor Palma Barbosa<\/a> &#8211; igor.palma@servidor.uepb.edu.br<\/li>\n<\/ul>\n<p>Doutorando em Rela\u00e7\u00f5es Internacionais pela Universidade Federal da Bahia (UFBA) com per\u00edodo sandu\u00edche financiado pelo programa Capes Print na University of British Columbia (UBC).\u00a0 Membro do Grupo de Pesquisa sobre Fome e Rela\u00e7\u00f5es Internacionais (FomeRI) e da Rede de Estudos Agroalimentares Internacionais (REDAGRI).<\/p>\n<ul>\n<li><a href=\"http:\/\/lattes.cnpq.br\/8588196902462516\">Lucas Daniel da Silva Agostinho<\/a> &#8211; lucas.agostinho@servidor.uepb.edu.br<\/li>\n<\/ul>\n<p>Doutorando em Economia Aplicada. Mestrado em Economia Aplicada pela Universidade Federal da Para\u00edba. Atua como pesquisador no Banco Ita\u00fa, por meio do programa Inova Talentos, desenvolvendo projeto na \u00e1rea de Audio Analytics.<\/p>\n<ul>\n<li><a href=\"http:\/\/lattes.cnpq.br\/6042482361495127\">Stela da Rocha de Medeiros Dantas<\/a> &#8211; medeiros.stela@servidor.uepb.edu.br<\/li>\n<\/ul>\n<p>Doutoranda em Rela\u00e7\u00f5es Internacionais. Pesquisadora do Grupo de Pesquisa em Estudos Estrat\u00e9gicos e Seguran\u00e7a Internacional (GEESI\/UFPB\/CNPq), do Grupo de Pesquisa em Mudan\u00e7a Institucional (PEMI\/UFPB\/CNPq), do N\u00facleo de Estudos de G\u00eanero na Pol\u00edtica Externa e Internacional (NEGPEI\/UFSC\/CNPq), do N\u00facleo de Estudo e Pesquisa em Seguran\u00e7a e Defesa (NPSeD\/ UFSC\/ CNPq).<\/p>\n<ul>\n<li class=\"nome\"><a href=\"http:\/\/lattes.cnpq.br\/5255424154421925\">Wemblley Lucena de Ara\u00fajo<\/a> &#8211; wemblley.araujo@servidor.uepb.edu.br<\/li>\n<\/ul>\n<p>Doutor em Ci\u00eancia Pol\u00edtica pelo Programa de P\u00f3s-Gradua\u00e7\u00e3o em Ci\u00eancia Pol\u00edtica (PPGCP\/UFPE, 2021). Mestre em Rela\u00e7\u00f5es Internacionais (PPGRI\/UEPB, 2014), Especialista em Ci\u00eancias Humanas e Sociais Aplicadas e o Mundo do Trabalho (UFPI, 2023), Especialista em Direito Constitucional Aplicado pela Faculdade Legale (FALEG, 2022), Especialista em Direito P\u00fablico (UCAM, 2021), Bacharel em Rela\u00e7\u00f5es Internacionais (UEPB, 2011), Licenciado em Hist\u00f3ria (UNIASSELVI, 2021). Bacharel em Direito (UFPB, 2023).<\/p>\n<p><strong>Professora lotada no CCBSA<\/strong><\/p>\n<ul>\n<li><a href=\"http:\/\/lattes.cnpq.br\/7578689485360424\">Valeria Raquel Porto de Lima<\/a> &#8211; valeriaraquelportodelima@servidor.uepb.edu.br<\/li>\n<\/ul>\n<p>Doutorado em Geografia f\u00edsica. Pesquisas desenvolvidas nas tem\u00e1ticas: gest\u00e3o de recursos h\u00eddricos, conflitos por \u00e1gua e biogeografia da Caatinga Paraibana. L\u00edder do Grupo de Estudo Geomorfol\u00f3gicos e Hidroecol\u00f3gicos em Ambientes Tropicais. Professora do Programa de P\u00f3s Gradua\u00e7\u00e3o em Desenvolvimento Regional da Universidade Estadual da Para\u00edba.<\/p>\n<p><strong>Bolsistas de P\u00f3s-doutorado<\/strong><\/p>\n<ul>\n<li>\n<div><a href=\"http:\/\/lattes.cnpq.br\/9994749977673796\">Thalita Franciely de Melo<\/a> &#8211; melo.thalita@visitante.uepb.edu.br<\/div>\n<\/li>\n<\/ul>\n<p>P\u00f3s-doutoranda pela Funda\u00e7\u00e3o de Apoio \u00e0 Pesquisa do Estado da Para\u00edba (FAPESQ-PB) vinculada \u00e0 Universidade Estadual da Para\u00edba (UEPB).Doutora em Ci\u00eancia Pol\u00edtica pela Universidade Federal de Pernambuco (2023). Mestre em Rela\u00e7\u00f5es Internacionais pela Universidade Estadual da Para\u00edba (2014); Especialistas em Fundamentos da Educa\u00e7\u00e3o: Pr\u00e1ticas Pedag\u00f3gicas Interdisciplinares pela Universidade Estadual da Para\u00edba (2014); Bacharel em em Rela\u00e7\u00f5es Internacionais pela Universidade Estadual da Para\u00edba (2011); Membro do N\u00facleo de Estudo e Pesquisa sobre Deslocados Ambientais (Nepda). Coordenadora da C\u00e1tedra S\u00e9rgio Vieira de Mello em Jo\u00e3o Pessoa. Tem experi\u00eancia com pesquisas na \u00e1rea de deslocados ambientais, migrantes, refugiados e pol\u00edtica internacional.<\/p>\n<p><strong>Empresa J\u00fanior<\/strong><\/p>\n<p><a href=\"https:\/\/centros.uepb.edu.br\/ccbsa\/download\/Portfo%25CC%2581lio-Eleven.pdf\">ELEVEN JR<\/a>. \u2013 A empresa j\u00fanior do curso de Rela\u00e7\u00f5es Internacionais da UEPB Universidade Estadual da Para\u00edba. Nossa miss\u00e3o \u00e9 facilitar a inser\u00e7\u00e3o da Para\u00edba no mercado internacional, por meio de solu\u00e7\u00f5es estrat\u00e9gicas e projetos inovadores.<\/p>\n<p>A Eleven Jr. presta servi\u00e7os na \u00e1rea de Rela\u00e7\u00f5es Internacionais, Consultoria Internacional e Com\u00e9rcio Exterior. Temos como prop\u00f3sito central a forma\u00e7\u00e3o pr\u00e1tica dos discentes, proporcionando viv\u00eancia profissional, desenvolvimento de compet\u00eancias t\u00e9cnicas e fortalecimento da atua\u00e7\u00e3o estrat\u00e9gica dos estudantes no mercado.<\/p>\n<p>Presidente Executiva \u2013 Carla Costa Lima<\/p>\n<p>Presidente Organizacional \u2013 N\u00edvia Manuela Santos de Arruda<\/p>\n<p>E-mail: contact.elevenjr@gmail.com<br \/>\nInstagram: @elevenjr \/ @seja11<br \/>\nTelefone: (83) 99107-4221[\/vc_column_text][\/vc_column][\/vc_row]<\/p>\n<\/div>","protected":false},"excerpt":{"rendered":"<p>[vc_row][vc_column width=&#8221;1\/2&#8243;][vc_column_text css=&#8221;&#8221;]Turno: Diurno \/ Noturno Dura\u00e7\u00e3o: Diurno \u2013 M\u00ednimo: 4\u00a0 anos \/ M\u00e1ximo: 6 anos Noturno \u2013 M\u00ednimo: 4 anos e 6 meses\/ M\u00e1ximo: 7 anos Coordenadora: Profa. Dra.Luiza Rosa Barbosa de Lima Coordenadora adjunta: Profa. Dra. M\u00f4nica de Lourdes Santana Secret\u00e1ria: M\u00e9rcia Montenegro Rousier Paulino [\/vc_column_text][\/vc_column][vc_column width=&#8221;1\/2&#8243;][vc_single_image image=&#8221;3951&#8243; img_size=&#8221;full&#8221; onclick=&#8221;link_image&#8221;][\/vc_column][\/vc_row][vc_row][vc_column][vc_column_text css=&#8221;&#8221;]Endere\u00e7o: Rua Hor\u00e1cio <a class=\"leiamais\" href=\"https:\/\/centros.uepb.edu.br\/ccbsa\/cursos\/bacharelado-em-relacoes-internacionais\/\">Leia Mais&#8230;<\/a><\/p>\n","protected":false},"author":29,"featured_media":0,"parent":41,"menu_order":18,"comment_status":"closed","ping_status":"closed","template":"","meta":{"footnotes":""},"class_list":["post-8672","page","type-page","status-publish","hentry"],"_links":{"self":[{"href":"https:\/\/centros.uepb.edu.br\/ccbsa\/wp-json\/wp\/v2\/pages\/8672","targetHints":{"allow":["GET"]}}],"collection":[{"href":"https:\/\/centros.uepb.edu.br\/ccbsa\/wp-json\/wp\/v2\/pages"}],"about":[{"href":"https:\/\/centros.uepb.edu.br\/ccbsa\/wp-json\/wp\/v2\/types\/page"}],"author":[{"embeddable":true,"href":"https:\/\/centros.uepb.edu.br\/ccbsa\/wp-json\/wp\/v2\/users\/29"}],"replies":[{"embeddable":true,"href":"https:\/\/centros.uepb.edu.br\/ccbsa\/wp-json\/wp\/v2\/comments?post=8672"}],"version-history":[{"count":4,"href":"https:\/\/centros.uepb.edu.br\/ccbsa\/wp-json\/wp\/v2\/pages\/8672\/revisions"}],"predecessor-version":[{"id":12602,"href":"https:\/\/centros.uepb.edu.br\/ccbsa\/wp-json\/wp\/v2\/pages\/8672\/revisions\/12602"}],"up":[{"embeddable":true,"href":"https:\/\/centros.uepb.edu.br\/ccbsa\/wp-json\/wp\/v2\/pages\/41"}],"wp:attachment":[{"href":"https:\/\/centros.uepb.edu.br\/ccbsa\/wp-json\/wp\/v2\/media?parent=8672"}],"curies":[{"name":"wp","href":"https:\/\/api.w.org\/{rel}","templated":true}]}}