{"id":8665,"date":"2022-05-20T13:22:35","date_gmt":"2022-05-20T13:22:35","guid":{"rendered":"https:\/\/centros.uepb.edu.br\/ccbsa\/?page_id=8665"},"modified":"2025-05-08T14:20:49","modified_gmt":"2025-05-08T14:20:49","slug":"bacharelado-em-ciencias-biologicas","status":"publish","type":"page","link":"https:\/\/centros.uepb.edu.br\/ccbsa\/cursos\/bacharelado-em-ciencias-biologicas\/","title":{"rendered":"Bacharelado em Ci\u00eancias Biol\u00f3gicas"},"content":{"rendered":"<div class=\"wpb-content-wrapper\"><p>[vc_row][vc_column][vc_row_inner][vc_column_inner width=&#8221;1\/2&#8243;][vc_column_text]<strong>Turno<\/strong>: Diurno<\/p>\n<p><strong>Dura\u00e7\u00e3o<\/strong>: M\u00ednimo: 4 anos \/ M\u00e1ximo: 6 anos<\/p>\n<p><strong>Coordenadora:<\/strong> Profa. Dra. <a href=\"http:\/\/buscatextual.cnpq.br\/buscatextual\/visualizacv.do?id=K4701386Y8\" target=\"_blank\" rel=\"noopener noreferrer\">Enelise Marcelle Amado<\/a><\/p>\n<p><strong>Coordenadora adjunta:<\/strong> Prof. Dra. <a href=\"http:\/\/lattes.cnpq.br\/0972729589405645\">C\u00e9lia Cristina Clemente Machado<\/a><\/p>\n<p><strong>Secret\u00e1rios:<\/strong><\/p>\n<ul>\n<li>Alison da Silva<\/li>\n<li><a href=\"http:\/\/lattes.cnpq.br\/5509606978435779\">Nathalya Reis da Costa<\/a><\/li>\n<\/ul>\n<p><strong>T\u00e9cnicos de laborat\u00f3rio:<\/strong><\/p>\n<ul>\n<li><a href=\"http:\/\/lattes.cnpq.br\/6302481195985964\">Alena Sousa de Melo<\/a><\/li>\n<li><a href=\"http:\/\/lattes.cnpq.br\/7085391393114086\">Amanda Lucena Coutinho<\/a><\/li>\n<li><a href=\"http:\/\/lattes.cnpq.br\/9982828435589765\">Andr\u00e9 Pordeus Lucena<\/a><\/li>\n<li>Andr\u00e9 Gustavo Pontes<\/li>\n<li><a href=\"http:\/\/lattes.cnpq.br\/9187881615349538\">Liliane de Jesus Silva<\/a><\/li>\n<li>Marinalva Ara\u00fajo Pereira<\/li>\n<li><a href=\"http:\/\/lattes.cnpq.br\/6774917103336502\">Patr\u00edcia Keytth Rocha<\/a><\/li>\n<li><a href=\"http:\/\/lattes.cnpq.br\/7178789554919738\">Renale Miranda Soares<\/a><\/li>\n<li><a href=\"http:\/\/lattes.cnpq.br\/3955771689109835\">Tatiana Ponce de Leon<\/a><\/li>\n<\/ul>\n<p><strong>Farmac\u00eautica<\/strong>:\u00a0<a href=\"http:\/\/lattes.cnpq.br\/2142153068085805\">Michelle de Oliveira Pedrosa<\/a>[\/vc_column_text][\/vc_column_inner][vc_column_inner width=&#8221;1\/2&#8243;][vc_gallery interval=&#8221;3&#8243; images=&#8221;5603,5602,5061,5062&#8243; img_size=&#8221;540&#215;300&#8243;][\/vc_column_inner][\/vc_row_inner][vc_column_text css=&#8221;&#8221;]<\/p>\n<div id=\"ui-id-2\" class=\"wp-tab-content ui-accordion-content ui-corner-bottom ui-helper-reset ui-widget-content ui-accordion-content-active\" role=\"tabpanel\" aria-labelledby=\"Bacharelado em Ci\u00eancias Biol\u00f3gicas\" aria-hidden=\"false\">\n<div class=\"wp-tab-content-wrapper\">\n<p><strong>Endere\u00e7o<\/strong>: Rua Hor\u00e1cio Trajano de Oliveira, S\/N, Cristo Redentor, Jo\u00e3o Pessoa-PB, Cep 58071-160<\/p>\n<p><strong>Telefone<\/strong>: (83) 99444-6087<\/p>\n<p><strong>Email:<\/strong>\u00a0secretariabioccbsa@setor.uepb.edu.br (secretaria) \/\u00a0coord.biologia.ccbsa@setor.uepb.edu.br (coordena\u00e7\u00e3o)<\/p>\n<p><strong>Curso<\/strong>: Ci\u00eancias Biol\u00f3gicas<\/p>\n<p><strong>Modalidade<\/strong>: Bacharelado<\/p>\n<p><strong>\u00canfases<\/strong>: Ecologia e Biologia Geral<\/p>\n<p><strong>Regime Acad\u00eamico<\/strong>: Seriado semestral<\/p>\n<p><strong>Cria\u00e7\u00e3o<\/strong>: RESOLU\u00c7\u00c3O UEPB\/CONSUNI 08\/2006, COM O NOME DE BACHARELADO EM BIOLOGIA; Altera\u00e7\u00e3o do Nome: RESOLU\u00c7\u00c3O UEPB\/CONSUNI 042\/2007, para o nome de CI\u00caNCIAS BIOL\u00d3GICAS;<\/p>\n<p>O curso de Ci\u00eancias Biol\u00f3gicas do Campus V, busca formar profissionais com s\u00f3lidos conhecimentos em Biologia, preparados para conhecer a diversidade biol\u00f3gica e seus n\u00edveis de organiza\u00e7\u00e3o para a constru\u00e7\u00e3o de uma vis\u00e3o ampla dos diversos aspectos dos problemas ambientais e suas implica\u00e7\u00f5es sociais. A estrutura atual do curso conta com 11 laborat\u00f3rios: did\u00e1tico, de Anatomia, Ictiologia, Sistem\u00e1tica de Collembola, S\u00edntese e Vetoriza\u00e7\u00e3o de Mol\u00e9culas, Ecologia, Bot\u00e2nica, Ecofisiologia Animal (LEFA), Laborat\u00f3rio de Biologia Molecular (LBM), Laborat\u00f3rio de Peixes e Conserva\u00e7\u00e3o Marinha (LAPEC)\u00a0e Laborat\u00f3rio de Estudos Sociol\u00f3gicos (LABES).<\/p>\n<p><strong>Forma\u00e7\u00e3o profissional<\/strong><\/p>\n<p>O bacharel em Ci\u00eancias Biol\u00f3gicas da UEPB est\u00e1 habilitado para atuar em institui\u00e7\u00f5es de pesquisa, na ind\u00fastria, em empresas de consultoria ambiental, turismo ecol\u00f3gico, em organiza\u00e7\u00f5es n\u00e3o-governamentais entre outros setores.\u00a0 Neste sentido s\u00e3o desenvolvidas v\u00e1rias parcerias com institui\u00e7\u00f5es p\u00fablicas do Estado que possibilitam ao aluno o est\u00e1gio na \u00e1rea.<\/p>\n<p>Atualmente o curso conta com projetos de extens\u00e3o aprovados pela Pr\u00f3-Reitoria de Extens\u00e3o e Assuntos Comunit\u00e1rios, al\u00e9m de projetos de pesquisa aprovados pelo\u00a0 CNPq,\u00a0 PROPESQ e\u00a0 PIBIC. Grande parte destes projetos gera um impacto social com um retorno \u00e0 comunidade, como \u00e9 o caso dos estudos na \u00e1rea de ecologia humana e educa\u00e7\u00e3o ambiental.<\/p>\n<p>Al\u00e9m disso, os graduados em Ci\u00eancias Biol\u00f3gicas da UEPB t\u00eam se destacado em sele\u00e7\u00f5es de p\u00f3s-gradua\u00e7\u00e3o por todo o pa\u00eds, saindo da gradua\u00e7\u00e3o com uma forma\u00e7\u00e3o s\u00f3lida e maturidade acad\u00eamica para seguir tais cursos. E alguns destes alunos tamb\u00e9m t\u00eam obtido \u00eaxito em concursos p\u00fablicos de \u00f3rg\u00e3o locais e nacionais, ficando inclusive nas primeiras coloca\u00e7\u00f5es.<\/p>\n<p>O corpo docente do Bacharelado, composto em sua grande maioria por professores doutores e mestres, tamb\u00e9m tem dado visibilidade \u00e0 produ\u00e7\u00e3o do curso com trabalhos apresentados em eventos internacionais e publica\u00e7\u00f5es em revistas cient\u00edficas conceituadas.<\/p>\n<p><strong>Campo de atua\u00e7\u00e3o<\/strong><\/p>\n<p>No Brasil, a profiss\u00e3o do bi\u00f3logo foi regulamentada em 3 de setembro de 1979, atrav\u00e9s da Lei 6.684. O Bacharel em Ci\u00eancias Biol\u00f3gicas pode atuar em:Institui\u00e7\u00f5es de pesquisa, como jardins bot\u00e2nicos, museus, reservas e parques ecol\u00f3gicos;<\/p>\n<p>Na ind\u00fastria, integrando ou coordenando laborat\u00f3rios ligados \u00e0s \u00e1reas de biotecnologia, biologia molecular, sa\u00fade e controle de qualidade;Atuar em empresas de consultoria ambiental, turismo ecol\u00f3gico e em organiza\u00e7\u00f5es n\u00e3o-governamentais (ONGs).<\/p>\n<p>O bi\u00f3logo pode trabalhar ainda na cria\u00e7\u00e3o e planejamento de reservas florestais, na orienta\u00e7\u00e3o da descarga de dejetos industriais, no planejamento urbano, no desenvolvimento de atividades educacionais, na elabora\u00e7\u00e3o e execu\u00e7\u00e3o de projetos de manejo ambiental, na conserva\u00e7\u00e3o da biodiversidade, na organiza\u00e7\u00e3o de equipes multidisciplinares, na pesquisa e no uso dos recursos naturais renov\u00e1veis, entre outros, sendo, portanto, necess\u00e1rio onde houver desenvolvimento. Pode desenvolver atividades de recupera\u00e7\u00e3o de \u00e1reas degradadas, gerenciamento de ecossistemas, controle biol\u00f3gico de pragas agr\u00edcolas e urbanas, controle microbiol\u00f3gico de \u00e1guas, atuarem na educa\u00e7\u00e3o ambiental, etnoecologia e ecoturismo.<\/p>\n<p><strong>Professores<\/strong>:<\/p>\n<ul>\n<li><a href=\"http:\/\/buscatextual.cnpq.br\/buscatextual\/visualizacv.do?id=K4794273P6\" target=\"_blank\" rel=\"noopener noreferrer\">Ana L\u00facia Vendel<\/a>\u00a0\u2013 analuciavendel@gmail.com<\/li>\n<\/ul>\n<p>Doutora em Zoologia. Graduada em Ci\u00eancias Biol\u00f3gicas. Respons\u00e1vel pelo Laborat\u00f3rio de Ictiologia da UEPB, com temas em desenvolvimento cujo enfoque \u00e9 investigar a variabilidade ambiental influencia a autoecologia da ictiofauna, a estrutura da comunidade e a din\u00e2mica dos ecossistemas estuarinos.<\/p>\n<ul>\n<li><a href=\"http:\/\/lattes.cnpq.br\/6502004658058906\">Br\u00edgida Tha\u00eds Luckwu de Lucena<\/a>\u00a0\u2013 brigidaluckwu@servidor.uepb.edu.br<\/li>\n<\/ul>\n<p>Doutorado e mestre em Gen\u00e9tica. Especialista em An\u00e1lises Cl\u00ednicas. Graduada em Ci\u00eancias Biol\u00f3gicas. Tem experi\u00eancia nas \u00e1reas de Gen\u00e9tica de microrganismos, identifica\u00e7\u00e3o Molecular de Bact\u00e9rias L\u00e1cticas, atividade antimicrobiana de Fungos Filamentosos endof\u00edticos isolados de folhas de Mangue, entre outras.<\/p>\n<ul>\n<li><a href=\"http:\/\/lattes.cnpq.br\/0972729589405645\">C\u00e9lia Cristina Clemente Machado<\/a>\u00a0\u2013\u00a0celiaccmachado1980@servidor.uepb.edu.br<\/li>\n<\/ul>\n<p>Doutora em Geografia, mestre em Biodiversidade e Biotecnologia Vegetal e graduada em Biologia. Tem experi\u00eancia na \u00e1rea de Biogeografia e T\u00e9cnicas de Geoprocessamento e Sensoriamento Remoto.<\/p>\n<ul>\n<li><a href=\"http:\/\/buscatextual.cnpq.br\/buscatextual\/visualizacv.do?id=K4728807U3\" target=\"_blank\" rel=\"noopener noreferrer\">Cleber Ibraim Salimon<\/a>\u00a0\u2013 clebsal@gmail.com<\/li>\n<\/ul>\n<p>Doutor em Energia Nuclear na Agricultura. Mestre em Bot\u00e2nica. Graduado em Ci\u00eancias Biol\u00f3gicas. Tem experi\u00eancia na \u00e1rea de Ecologia, atuando principalmente nos seguintes temas: amaz\u00f4nia ocidental, mudan\u00e7a de uso da terra, carbono, ecologia de ecossistemas, estrutura e din\u00e2mica de comunidades vegetais e sucess\u00e3o secund\u00e1ria.<\/p>\n<ul>\n<li><a href=\"http:\/\/buscatextual.cnpq.br\/buscatextual\/visualizacv.do?id=K4765514J7\" target=\"_blank\" rel=\"noopener noreferrer\">Daniela Santos Pontes<\/a>\u00a0\u2013 danisp_bio@ccbsa.uepb.edu.br<\/li>\n<\/ul>\n<p>Doutora e Mestre em Gen\u00e9tica molecular e de micro-organismos. Graduada em Ci\u00eancias Biol\u00f3gicas. Especialista em Bact\u00e9rias L\u00e1cticas. Tem experi\u00eancia com citogen\u00e9tica, evolu\u00e7\u00e3o, imunogen\u00e9tica e biologia molecular.<\/p>\n<ul>\n<li><a href=\"http:\/\/buscatextual.cnpq.br\/buscatextual\/visualizacv.do?id=K4705583Y8\" target=\"_blank\" rel=\"noopener noreferrer\">Douglas Zeppelini Filho<\/a>\u00a0\u2013 zeppelini1969@yahoo.com.br<\/li>\n<\/ul>\n<p>Doutor em Entomologia. Mestre em Biologia Animal. Graduado em Ci\u00eancias Biol\u00f3gicas. Tem experi\u00eancia na \u00e1rea de Zoologia, com \u00eanfase em Taxonomia, Biologia de conserva\u00e7\u00e3o, filogenia de Collembola e filogen\u00e9tica.<\/p>\n<ul>\n<li><a href=\"http:\/\/buscatextual.cnpq.br\/buscatextual\/visualizacv.do?id=K4744047P1\" target=\"_blank\" rel=\"noopener noreferrer\">Elquio Eleamen Oliveira<\/a>\u00a0\u2013 elquioeleamen@yahoo.com.br<\/li>\n<\/ul>\n<p>Doutor em Ci\u00eancias da Sa\u00fade. Mestre em Ci\u00eancias Farmac\u00eauticas. Graduado em Farm\u00e1cia com habilita\u00e7\u00e3o em Ind\u00fastria Farmac\u00eautica. Tem experi\u00eancia na \u00e1rea de Farm\u00e1cia com \u00eanfase no estudo de novos sistemas de libera\u00e7\u00e3o de f\u00e1rmacos. Pesquisa nanosistemas\/microsistemas para libera\u00e7\u00e3o de f\u00e1rmacos e o uso de novos pol\u00edmeros em sistemas farmac\u00eauticos.<\/p>\n<ul>\n<li><a href=\"http:\/\/buscatextual.cnpq.br\/buscatextual\/visualizacv.do?id=K4794156H5\" target=\"_blank\" rel=\"noopener noreferrer\">\u00c9lvio S\u00e9rgio Figueiredo Medeiros<\/a>\u00a0\u2013 elviomedeiros@oi.com.br<\/li>\n<\/ul>\n<p>Doutor e Mestre em Ci\u00eancias Biol\u00f3gicas. Graduado em Ci\u00eancias Biol\u00f3gicas. Tem experi\u00eancia na \u00e1rea de Ecologia, com \u00eanfase na estrutura e funcionamento de comunidades de rios intermitentes, regi\u00f5es \u00e1ridas, is\u00f3topos estaveis e ecologia tr\u00f3fica.<\/p>\n<ul>\n<li><a href=\"http:\/\/buscatextual.cnpq.br\/buscatextual\/visualizacv.do?id=K4701386Y8\" target=\"_blank\" rel=\"noopener noreferrer\">Enelise Marcelle Amado<\/a>\u00a0\u2013 eneliseamado@gmail.com<\/li>\n<\/ul>\n<p>Doutora e Mestre em Biologia Celular e Molecular. Graduada em Ci\u00eancias Biol\u00f3gicas. Tem experi\u00eancia na \u00e1rea de fisiologia animal comparada, atuando principalmente com os seguintes temas: fisiologia celular, transportadores i\u00f4nicos, utilizando moluscos e crust\u00e1ceos como modelos experimentais.<\/p>\n<ul>\n<li><a href=\"http:\/\/buscatextual.cnpq.br\/buscatextual\/visualizacv.do?id=K4774322Y4\" target=\"_blank\" rel=\"noopener noreferrer\">\u00canio Wocyli Dantas<\/a>\u00a0\u2013 eniowocyli@yahoo.com.br<\/li>\n<\/ul>\n<p>Doutor e Mestre em Bot\u00e2nica. Graduado em Ci\u00eancias Biol\u00f3gicas. Tem experi\u00eancia na \u00e1rea de Bot\u00e2nica e Ecologia Aplicada, com \u00eanfase em Ecossistemas e Comunidades Aqu\u00e1ticas.<\/p>\n<ul>\n<li><a href=\"http:\/\/buscatextual.cnpq.br\/buscatextual\/visualizacv.do?id=K4766172Z1\" target=\"_blank\" rel=\"noopener noreferrer\">Fran<\/a><a href=\"http:\/\/buscatextual.cnpq.br\/buscatextual\/visualizacv.do?id=K4766172Z1\" target=\"_blank\" rel=\"noopener noreferrer\">cisco Jaime Bezerra Mendon\u00e7a J\u00fanior<\/a>\u00a0\u2013 franciscojaime@ccbsa.uepb.edu.br<\/li>\n<\/ul>\n<p>Doutor em Ci\u00eancias Biol\u00f3gicas. Mestre em Ci\u00eancias Farmac\u00eauticas. Graduado como Farmac\u00eautico Industrial. Atua na \u00e1rea da Qu\u00edmica Medicinal em assuntos relacionados com a s\u00edntese e o planejamento de novos f\u00e1rmacos.<\/p>\n<ul>\n<li><a href=\"http:\/\/lattes.cnpq.br\/9139785950005568\">Leonardo Ferreira Soares <\/a>&#8211; leonardosoares@servidor.uepb.edu.br<\/li>\n<\/ul>\n<p>Doutor em Biotecnologia pela Rede Nordeste de Biotecnologia\/RENORBIO, Sanitarista pela Universidade Federal do Piau\u00ed (UFPI). \u00c9 professor da disciplina de Fundamentos de Bioqu\u00edmica, Imunologia e Parasitologia do curso de Biologia, Campus V, da Universidade Estadual da Para\u00edba. Tem experi\u00eancia na \u00e1rea de Sa\u00fade P\u00fablica, Hematologia Cl\u00ednica com \u00eanfase em Hemoglobinopatias.<\/p>\n<ul>\n<li><a href=\"http:\/\/buscatextual.cnpq.br\/buscatextual\/visualizacv.do?id=K4790360J9\" target=\"_blank\" rel=\"noopener noreferrer\">M\u00e1rcio Adriano dos Santos Dias<\/a>\u00a0\u2013 marciodias.jp@hotmail.com<\/li>\n<\/ul>\n<p>Doutor e Mestre em Filosofia. Graduado em Filosofia e Administra\u00e7\u00e3o de Empresas. Pesquisa \u00c9tica, subjetividade, transcend\u00eancia, autonomia, liberdade, alteridade, pluralismo \u00e9tico e justi\u00e7a social.<\/p>\n<ul>\n<li><a href=\"http:\/\/buscatextual.cnpq.br\/buscatextual\/visualizacv.do?id=K4728215J0\" target=\"_blank\" rel=\"noopener noreferrer\">Maria de F\u00e1tima Ferreira de Ara\u00fajo<\/a>\u00a0\u2013 mdffda@uol.com.br<\/li>\n<\/ul>\n<p>Doutora em Educa\u00e7\u00e3o. Mestre e Graduada em Servi\u00e7o Social. Tem experi\u00eancia com planejamento de coleta seletiva e inclus\u00e3o\/forma\u00e7\u00e3o de catadores.<\/p>\n<ul>\n<li><a href=\"http:\/\/buscatextual.cnpq.br\/buscatextual\/visualizacv.do?id=K4767780Y7\" target=\"_blank\" rel=\"noopener noreferrer\">Marcos Ant\u00f4nio Jer\u00f4nimo Costa<\/a>\u00a0\u2013 marcoscostajp@yahoo.com.br<\/li>\n<\/ul>\n<p>Doutor e Mestre em Ci\u00eancias Biol\u00f3gicas. Graduado em Ci\u00eancias Biol\u00f3gicas. Atua na \u00e1rea de Morfologia: anatomia humana, histologia geral e embriologia geral.<\/p>\n<ul>\n<li><a href=\"http:\/\/lattes.cnpq.br\/3541001539074145\">Martha Simone Cavalcanti Amorim Soares<\/a>\u00a0\u2013 marthasimone@uol.com.br<\/li>\n<\/ul>\n<p>Doutora em Ci\u00eancias Jur\u00eddicas e Sociais. Especialista em Geografia Humana. Ge\u00f3grafa e Bacharel em Direito. Pesquisa Legisla\u00e7\u00e3o Ambiental, Gest\u00e3o Ambiental, Educa\u00e7\u00e3o Ambiental, Planejamento e Manejo de Unidades de Conserva\u00e7\u00e3o.<\/p>\n<ul>\n<li><a href=\"http:\/\/lattes.cnpq.br\/6352979656435035\">Nyedja Fialho Morais Barbosa\u00a0<\/a>\u00a0\u2013\u00a0nyedjaf@gmail.com<\/li>\n<\/ul>\n<p>Mestre em em Biometria e Estat\u00edstica Aplicada. Graduada em Estat\u00edstica. Atua nas linhas de pesquisa: Probabilidade e Estat\u00edstica; Regress\u00e3o e Correla\u00e7\u00e3o; Matem\u00e1tica; Pesquisa Operacional.<\/p>\n<ul>\n<li><a href=\"http:\/\/buscatextual.cnpq.br\/buscatextual\/visualizacv.do?id=K4768423E5\" target=\"_blank\" rel=\"noopener noreferrer\">S\u00e9rgio Romero Da Silva Xavier<\/a>\u00a0\u2013 xaviersergio@yahoo.com.br<\/li>\n<\/ul>\n<p>Doutor em Bot\u00e2nica. Mestre em Biologia Vegetal. Graduado em Ci\u00eancias Biol\u00f3gicas. Tem experi\u00eancia na \u00e1rea de Bot\u00e2nica, com \u00eanfase em flor\u00edstica, taxonomia, ecologia e biogeografia.<\/p>\n<ul>\n<li><a href=\"http:\/\/lattes.cnpq.br\/1852062944465422\" target=\"_blank\" rel=\"noopener noreferrer\">Tacyana Pereira Ribeiro<\/a>\u00a0\u2013 tproliveira@yahoo.com.br<\/li>\n<\/ul>\n<p>Doutora e Mestre em Zoologia. Graduada em Ci\u00eancias Biol\u00f3gicas. Tem experi\u00eancia com Bioecologia, bioac\u00fastica de peixes marinhos, ecologia comportamental, conserva\u00e7\u00e3o biol\u00f3gica e cavalos-marinhos.<\/p>\n<ul>\n<li><a href=\"http:\/\/buscatextual.cnpq.br\/buscatextual\/visualizacv.do?id=K4708008Y4\" target=\"_blank\" rel=\"noopener noreferrer\">Vancarder Brito\u00a0<\/a><a href=\"http:\/\/buscatextual.cnpq.br\/buscatextual\/visualizacv.do?id=K4708008Y4\" target=\"_blank\" rel=\"noopener noreferrer\">Sousa<\/a>\u00a0\u2013 vancarder@hotmail.com<\/li>\n<\/ul>\n<p>Doutor e Mestre em Sociologia. Graduado em Ci\u00eancias Sociais. Tem experi\u00eancia na \u00e1rea de Sociologia Urbana, tendo atuado com os seguintes temas: modernidade e p\u00f3s-modernidade, requalifica\u00e7\u00e3o\/revitaliza\u00e7\u00e3o urbana e moradia irregular, ecologia humana e antropologia.<\/p>\n<\/div>\n<\/div>\n<p>[\/vc_column_text][\/vc_column][\/vc_row]<\/p>\n<\/div>","protected":false},"excerpt":{"rendered":"<p>[vc_row][vc_column][vc_row_inner][vc_column_inner width=&#8221;1\/2&#8243;][vc_column_text]Turno: Diurno Dura\u00e7\u00e3o: M\u00ednimo: 4 anos \/ M\u00e1ximo: 6 anos Coordenadora: Profa. Dra. Enelise Marcelle Amado Coordenadora adjunta: Prof. Dra. C\u00e9lia Cristina Clemente Machado Secret\u00e1rios: Alison da Silva Nathalya Reis da Costa T\u00e9cnicos de laborat\u00f3rio: Alena Sousa de Melo Amanda Lucena Coutinho Andr\u00e9 Pordeus Lucena Andr\u00e9 Gustavo Pontes Liliane de Jesus Silva Marinalva Ara\u00fajo <a class=\"leiamais\" href=\"https:\/\/centros.uepb.edu.br\/ccbsa\/cursos\/bacharelado-em-ciencias-biologicas\/\">Leia Mais&#8230;<\/a><\/p>\n","protected":false},"author":29,"featured_media":0,"parent":41,"menu_order":17,"comment_status":"closed","ping_status":"closed","template":"","meta":{"footnotes":""},"class_list":["post-8665","page","type-page","status-publish","hentry"],"_links":{"self":[{"href":"https:\/\/centros.uepb.edu.br\/ccbsa\/wp-json\/wp\/v2\/pages\/8665","targetHints":{"allow":["GET"]}}],"collection":[{"href":"https:\/\/centros.uepb.edu.br\/ccbsa\/wp-json\/wp\/v2\/pages"}],"about":[{"href":"https:\/\/centros.uepb.edu.br\/ccbsa\/wp-json\/wp\/v2\/types\/page"}],"author":[{"embeddable":true,"href":"https:\/\/centros.uepb.edu.br\/ccbsa\/wp-json\/wp\/v2\/users\/29"}],"replies":[{"embeddable":true,"href":"https:\/\/centros.uepb.edu.br\/ccbsa\/wp-json\/wp\/v2\/comments?post=8665"}],"version-history":[{"count":0,"href":"https:\/\/centros.uepb.edu.br\/ccbsa\/wp-json\/wp\/v2\/pages\/8665\/revisions"}],"up":[{"embeddable":true,"href":"https:\/\/centros.uepb.edu.br\/ccbsa\/wp-json\/wp\/v2\/pages\/41"}],"wp:attachment":[{"href":"https:\/\/centros.uepb.edu.br\/ccbsa\/wp-json\/wp\/v2\/media?parent=8665"}],"curies":[{"name":"wp","href":"https:\/\/api.w.org\/{rel}","templated":true}]}}