{"id":8617,"date":"2022-05-19T18:42:46","date_gmt":"2022-05-19T18:42:46","guid":{"rendered":"https:\/\/centros.uepb.edu.br\/ccbsa\/?page_id=8617"},"modified":"2023-03-21T11:50:40","modified_gmt":"2023-03-21T11:50:40","slug":"historico","status":"publish","type":"page","link":"https:\/\/centros.uepb.edu.br\/ccbsa\/historico\/","title":{"rendered":"Hist\u00f3rico"},"content":{"rendered":"<div class=\"wpb-content-wrapper\"><p>[vc_row][vc_column][vc_column_text]A aula inaugural aconteceu em 28 de agosto de 2006, com a palestra \u201cA Na\u00e7\u00e3o brasileira\u201d, sobre a fun\u00e7\u00e3o social da universidade p\u00fablica, proferida pelo professor doutor Manoel Domingos Neto, consultor da institui\u00e7\u00e3o e ex-vice-presidente do Conselho Nacional de Pesquisa (CNPq).<\/p>\n<p>A Universidade Estadual da Para\u00edba, mediante o Projeto de Expans\u00e3o do Ensino Superior, com a\u00e7\u00e3o complementar para o desenvolvimento educacional do Estado da Para\u00edba, criou o Campus V \u2013 Alcides Carneiro, de Jo\u00e3o Pessoa, em 22 de junho de 2006, na gest\u00e3o da Reitora profa. Marlene Alves Sousa Luna. Em 07 de julho de 2006, o Consuni aprovou o projeto da cria\u00e7\u00e3o do Centro de Ci\u00eancias Biol\u00f3gicas e Sociais Aplicadas no Campus V da UEPB, com o objetivo de ampliar a oferta de cursos de Arquivologia, Ci\u00eancias Biol\u00f3gicas e Rela\u00e7\u00f5es Internacionais.<\/p>\n<p>A aula inaugural aconteceu em 28 de agosto de 2006, com a palestra \u201cA Na\u00e7\u00e3o brasileira\u201d, sobre a fun\u00e7\u00e3o social da universidade p\u00fablica, proferida pelo professor doutor Manoel Domingos Neto, consultor da institui\u00e7\u00e3o e ex-vice-presidente do Conselho Nacional de Pesquisa (CNPq).<\/p>\n<p>A hist\u00f3ria do Campus V, vem sendo constru\u00edda desde a funda\u00e7\u00e3o nas instala\u00e7\u00f5es da ESPEP. Em 2009, passou a funcionar em uma unidade na Avenida Monsenhor Walfredo Leal, 487, no bairro de Tambi\u00e1. Nesse mesmo ano foram iniciadas atividades acad\u00eamicas do Programa de P\u00f3s-Gradua\u00e7\u00e3o em Rela\u00e7\u00f5es Internacionais (PPGRI), primeiro da regi\u00e3o do Norte e Nordeste, recrutando alunos oriundos tanto do interior do estado, como tamb\u00e9m de estados vizinhos.<\/p>\n<p>A princ\u00edpio, no momento da funda\u00e7\u00e3o, a dire\u00e7\u00e3o do Centro de Ci\u00eancias Biol\u00f3gicas e Sociais Aplicadas (CCBSA), Campus V, ficou a cargo da professora e Pr\u00f3-Reitora de P\u00f3s-Gradua\u00e7\u00e3o e Pesquisa, Dra. Marcionila Fernandes. Em outubro de 2006, a professora Ma. Terezinha de Jesus Costa assume tal fun\u00e7\u00e3o, passando-a, em setembro de 2010, para o professor Dr. Elquio Eleamen. Em 2012 o professor Dr. Francisco Jaime, assumiu a fun\u00e7\u00e3o de diretor do CCBSA,\u00a0reassumindo o cargo em 2014. No ano de 2016, a professora Dra. Jacqueline Echeverr\u00eda Barrancos assumiu o cargo e foi reconduzida ao cargo em outubro de 2018.<\/p>\n<p>Desde sua cria\u00e7\u00e3o e ao longo de toda sua hist\u00f3ria, o Campus V, vem cumprindo seu papel fundamental na promo\u00e7\u00e3o do ensino, da pesquisa e da extens\u00e3o. Nessa esfera da educa\u00e7\u00e3o superior, o CCBSA tem o reconhecimento social como resultado de sua hist\u00f3rica contribui\u00e7\u00e3o, tanto para o avan\u00e7o cient\u00edfico, quanto para a forma\u00e7\u00e3o de quadros profissionais de excel\u00eancia para o Estado da Para\u00edba e para o restante do pa\u00eds, com destaque para a Regi\u00e3o Nordeste.<\/p>\n<p><strong>Estrutura Atual<\/strong><\/p>\n<p>Em 2011 o Campus V foi transferido para o local onde funcionava a Escola Jos\u00e9 Lins do Rego com o objetivo de oferecer uma estrutura mais adequada aos estudantes da Institui\u00e7\u00e3o, j\u00e1 que o antigo pr\u00e9dio n\u00e3o comportava o n\u00famero de alunos cada dia maior dos bacharelados em Arquivologia, Ci\u00eancias Biol\u00f3gicas e Rela\u00e7\u00f5es Internacionais, Mestrado em Rela\u00e7\u00f5es Internacionais e N\u00facleo de L\u00ednguas.<\/p>\n<p>A sede atual do Campus V da UEPB conta com uma estrutura composta por laborat\u00f3rios; salas de aula com tela de proje\u00e7\u00e3o el\u00e9trica retr\u00e1til, aparelho de data show e acesso \u00e0 Internet; biblioteca composta por espa\u00e7os individuais de leitura e um acervo de mais de 10 mil livros e audit\u00f3rio, num espa\u00e7o de 6 mil m\u00b2 de \u00e1rea constru\u00edda e 12 mil m\u00b2 de \u00e1rea total.[\/vc_column_text][\/vc_column][\/vc_row]<\/p>\n<\/div>","protected":false},"excerpt":{"rendered":"<p>[vc_row][vc_column][vc_column_text]A aula inaugural aconteceu em 28 de agosto de 2006, com a palestra \u201cA Na\u00e7\u00e3o brasileira\u201d, sobre a fun\u00e7\u00e3o social da universidade p\u00fablica, proferida pelo professor doutor Manoel Domingos Neto, consultor da institui\u00e7\u00e3o e ex-vice-presidente do Conselho Nacional de Pesquisa (CNPq). A Universidade Estadual da Para\u00edba, mediante o Projeto de Expans\u00e3o do Ensino Superior, com <a class=\"leiamais\" href=\"https:\/\/centros.uepb.edu.br\/ccbsa\/historico\/\">Leia Mais&#8230;<\/a><\/p>\n","protected":false},"author":29,"featured_media":0,"parent":0,"menu_order":23,"comment_status":"closed","ping_status":"closed","template":"","meta":{"footnotes":""},"class_list":["post-8617","page","type-page","status-publish","hentry"],"_links":{"self":[{"href":"https:\/\/centros.uepb.edu.br\/ccbsa\/wp-json\/wp\/v2\/pages\/8617","targetHints":{"allow":["GET"]}}],"collection":[{"href":"https:\/\/centros.uepb.edu.br\/ccbsa\/wp-json\/wp\/v2\/pages"}],"about":[{"href":"https:\/\/centros.uepb.edu.br\/ccbsa\/wp-json\/wp\/v2\/types\/page"}],"author":[{"embeddable":true,"href":"https:\/\/centros.uepb.edu.br\/ccbsa\/wp-json\/wp\/v2\/users\/29"}],"replies":[{"embeddable":true,"href":"https:\/\/centros.uepb.edu.br\/ccbsa\/wp-json\/wp\/v2\/comments?post=8617"}],"version-history":[{"count":0,"href":"https:\/\/centros.uepb.edu.br\/ccbsa\/wp-json\/wp\/v2\/pages\/8617\/revisions"}],"wp:attachment":[{"href":"https:\/\/centros.uepb.edu.br\/ccbsa\/wp-json\/wp\/v2\/media?parent=8617"}],"curies":[{"name":"wp","href":"https:\/\/api.w.org\/{rel}","templated":true}]}}