{"id":6999,"date":"2020-07-07T15:38:21","date_gmt":"2020-07-07T15:38:21","guid":{"rendered":"https:\/\/centros.uepb.edu.br\/ccbsa\/?page_id=6999"},"modified":"2025-11-17T10:59:15","modified_gmt":"2025-11-17T10:59:15","slug":"infraestrutura-ccbsa","status":"publish","type":"page","link":"https:\/\/centros.uepb.edu.br\/ccbsa\/infraestrutura-ccbsa\/","title":{"rendered":"Infraestrutura CCBSA"},"content":{"rendered":"<div class=\"wpb-content-wrapper\"><p>[vc_row][vc_column][vc_row_inner gap=&#8221;30&#8243;][vc_column_inner width=&#8221;1\/3&#8243;][vc_column_text]O Setor de Infraestrutura do Centro de Ci\u00eancias Biol\u00f3gicas e Sociais Aplicadas (CCBSA) da Universidade Estadual da Para\u00edba (UEPB), vinculado \u00e0 Dire\u00e7\u00e3o do Centro e \u00e0 Pr\u00f3-reitora de Infraestrutura (PROINFRA), tem como finalidade a concentra\u00e7\u00e3o das atividades de manuten\u00e7\u00e3o predial e gest\u00e3o de materiais e equipamentos, de forma a garantir o bom desenvolvimento dos trabalhos e bem-estar dos usu\u00e1rios sob a \u00f3tica do uso consciente dos materiais, da conserva\u00e7\u00e3o da vida \u00fatil dos equipamentos e da integridade das instala\u00e7\u00f5es prediais do Campus V.<\/p>\n<p>Atualmente, al\u00e9m da equipe t\u00e9cnica, o Setor de Infraestrutura re\u00fane 30 colaboradores, contando com auxiliares de servi\u00e7os gerais, reeducandos do projeto \u201cCidadania \u00e9 Liberdade\u201d, e vigilantes patrimoniais.[\/vc_column_text][\/vc_column_inner][vc_column_inner width=&#8221;1\/3&#8243;][vc_column_text css=&#8221;&#8221;]<strong>Principais fun\u00e7\u00f5es: <\/strong><\/p>\n<ul>\n<li>Coordena\u00e7\u00e3o das atividades de manuten\u00e7\u00e3o predial;<\/li>\n<li>Coordena\u00e7\u00e3o dos servi\u00e7os de conserva\u00e7\u00e3o e limpeza;<\/li>\n<li>Distribui\u00e7\u00e3o e controle de Equipamentos de prote\u00e7\u00e3o individual (EPI\u2019s);<\/li>\n<li>Gest\u00e3o de patrim\u00f4nio;<\/li>\n<li>Controle e estoque de materiais (<strong>almoxarifado<\/strong>);<\/li>\n<li>Gest\u00e3o de compras, servi\u00e7os e fiscaliza\u00e7\u00e3o de contratos;<\/li>\n<li>Fiscaliza\u00e7\u00e3o das atividades de monitoramento e seguran\u00e7a.<\/li>\n<\/ul>\n<p><strong>Coordena\u00e7\u00e3o<\/strong><br \/>\nRodolfo Fran\u00e7a Lira (T\u00e9cnico Administrativo)<\/p>\n<p><strong>Secretaria<\/strong><\/p>\n<p><a href=\"http:\/\/lattes.cnpq.br\/9130979249499490\">Alyne Benevides<\/a><\/p>\n<p>Niedja Melo de Jesus Almeida[\/vc_column_text][\/vc_column_inner][vc_column_inner width=&#8221;1\/3&#8243;][vc_column_text]<strong>Equipe t\u00e9cnica:<\/strong><\/p>\n<ul>\n<li>Kayo M\u00e1rio Coutinho (Mestre de Obras)<\/li>\n<li>Andr\u00e9 Luiz Pereira (Encanador);<\/li>\n<li>Pedro Paulo de Moraes (Carpinteiro);<\/li>\n<li>Marcelo da Silva Carvalho (Eletricista);<\/li>\n<li>Ailton (Pedreiro).<\/li>\n<\/ul>\n<p><strong>Contatos: <\/strong><\/p>\n<p><strong>Manuten\u00e7\u00e3o<\/strong><br \/>\ninfraestrutura.ccbsa@setor.uepb.edu.br<\/p>\n<p><strong>Almoxarifado<\/strong><br \/>\nalmoxarifado.ccbsa@setor.uepb.edu.br[\/vc_column_text][\/vc_column_inner][\/vc_row_inner][vc_tta_accordion c_icon=&#8221;triangle&#8221; active_section=&#8221;&#8221; collapsible_all=&#8221;true&#8221;][vc_tta_section title=&#8221;Secretaria&#8221; tab_id=&#8221;1653484508782-7f33b464-83e9&#8243;][vc_column_text]Atividades e Compet\u00eancias:<\/p>\n<ul>\n<li>Realizar o atendimento em geral;<\/li>\n<li>Receber e organizar as demandas requisitadas ao setor de infraestrutura;<\/li>\n<li>Encaminhar as demandas a equipe, de acordo com o servi\u00e7o solicitado;<\/li>\n<li>Solicitar materiais para a execu\u00e7\u00e3o das demandas;<\/li>\n<li>Realizar a comunica\u00e7\u00e3o formal entre o Setor de Infraestrutura do Campus V e os diversos setores da administra\u00e7\u00e3o central que orientam a\u00e7\u00f5es e realizam servi\u00e7os complementares, tais como: Pr\u00f3-reitorias de Administra\u00e7\u00e3o, Infraestrutura,<\/li>\n<li>Finan\u00e7as e Setor de Sa\u00fade do Trabalhador,<\/li>\n<li>Manter e organizar os arquivos espec\u00edficos do setor;<\/li>\n<li>Dar suporte administrativo \u00e0s demais atividades realizadas pelo setor;<\/li>\n<\/ul>\n<p>[\/vc_column_text][\/vc_tta_section][vc_tta_section title=&#8221;Manuten\u00e7\u00e3o Predial&#8221; tab_id=&#8221;1653484508814-6d7d690e-8add&#8221;][vc_column_text]Planejamento e coordena\u00e7\u00e3o dos servi\u00e7os de manuten\u00e7\u00e3o e reformas necess\u00e1rios para o bom funcionamento das atividades desempenhadas no Campus V- UEPB.<\/p>\n<p>Atividades e Compet\u00eancias:<\/p>\n<ul>\n<li>Planejar, coordenar, executar e avaliar servi\u00e7os de manuten\u00e7\u00e3o predial no que diz respeito \u00e0 pequenas constru\u00e7\u00f5es e reformas, rede hidrossanit\u00e1ria, rede el\u00e9trica, pintura e alvenaria, desde que comprovada a necessidade;<\/li>\n<li>Realizar os servi\u00e7os de carpintaria (portas, janelas e telhados), confec\u00e7\u00e3o de m\u00f3veis novos, e reparo de m\u00f3veis usados;<\/li>\n<li>Identificar e planejar as demandas que dever\u00e3o ser realizadas em conjunto com a PROINFRA quando n\u00e3o for poss\u00edvel solu\u00e7\u00e3o pela equipe t\u00e9cnica local, tais como: climatiza\u00e7\u00e3o, divis\u00f3rias, forro, dedetiza\u00e7\u00e3o e poda em \u00e1rvores;<\/li>\n<li>Acompanhar, dentro de suas compet\u00eancias, a qualidade dos servi\u00e7os prestados pelos funcion\u00e1rios do Campus V, da PROINFRA, e de empresas contratadas.<\/li>\n<\/ul>\n<p>Formul\u00e1rios:<\/p>\n<ul>\n<li><a href=\"https:\/\/docs.google.com\/forms\/d\/e\/1FAIpQLSfl8EMMNeRny1pN8bc5g5OjFrdnr6YwiDw0uaahLz7bEGOkUg\/viewform?usp=sf_link\">Formul\u00e1rio para solicita\u00e7\u00e3o de demandas<\/a>.<\/li>\n<\/ul>\n<p>[\/vc_column_text][\/vc_tta_section][vc_tta_section title=&#8221;Patrim\u00f4nio&#8221; tab_id=&#8221;1653484636533-a2b6de17-df96&#8243;][vc_column_text]Organiza\u00e7\u00e3o, distribui\u00e7\u00e3o e controle de todos os bens tombados que comp\u00f5em o patrim\u00f4nio do Campus V\/UEPB.<\/p>\n<p>Atividades e compet\u00eancias:<\/p>\n<ul>\n<li>Organizar as solicita\u00e7\u00f5es referentes aos bens patrimoniais do Campus V, e encaminh\u00e1-las para os setores competentes junto \u00e0 Pr\u00f3-reitoria de Administra\u00e7\u00e3o \u2013 PROAD;<\/li>\n<li>Recebimento e direcionamento dos bens materiais solicitados pelos setores do Campus V;<\/li>\n<li>Recebimento de equipamentos doados ao Campus V;<\/li>\n<li>Envio de equipamentos com defeito para conserto;<\/li>\n<li>Devolu\u00e7\u00e3o de bens patrimoniais sem uso;<\/li>\n<li>Reloca\u00e7\u00e3o dos bens materiais entre os setores do Campus V;<\/li>\n<li>Atualiza\u00e7\u00e3o peri\u00f3dica de invent\u00e1rio local.<\/li>\n<\/ul>\n<p>Documentos e formul\u00e1rios:<\/p>\n<ul>\n<li><a href=\"https:\/\/centros.uepb.edu.br\/ccbsa\/download\/planilha-patrimonio-infraestrutura\/?wpdmdl=8457&amp;masterkey\">Planilha modelo para cadastramento (invent\u00e1rio) de patrim\u00f4nio;<\/a><\/li>\n<li><a href=\"https:\/\/centros.uepb.edu.br\/ccbsa\/download\/devolucao-de-equipamento-ao-centro\/?wpdmdl=8458&amp;masterkey\">Devolu\u00e7\u00e3o de equipamento ao centro<\/a>;<\/li>\n<li><a href=\"https:\/\/centros.uepb.edu.br\/ccbsa\/download\/termo-de-doacao-de-equipamento\/?wpdmdl=8459&amp;masterkey\">Termo de doa\u00e7\u00e3o de equipamento;<\/a><\/li>\n<li><a href=\"https:\/\/centros.uepb.edu.br\/ccbsa\/download\/envio-de-equipamento-para-conserto\/?wpdmdl=8460&amp;masterkey\">Envio de equipamento para conserto;<\/a><\/li>\n<li><a href=\"https:\/\/centros.uepb.edu.br\/ccbsa\/download\/termo-de-retirada-temporaria-de-equipamento\/?wpdmdl=8461&amp;masterkey\">Termo de retirada tempor\u00e1ria de equipamento.<\/a><\/li>\n<\/ul>\n<p>[\/vc_column_text][\/vc_tta_section][vc_tta_section title=&#8221;Almoxarifado&#8221; tab_id=&#8221;1653485034488-025c47bb-a492&#8243;][vc_column_text]Gest\u00e3o de todos materiais (expediente, limpeza, manuten\u00e7\u00e3o e outros) necess\u00e1rios ao funcionamento do Campus V\/UEPB.<\/p>\n<p>Atividades e compet\u00eancias:<\/p>\n<ul>\n<li>Solicitar, receber, armazenar, controlar e expedir os diversos tipos de materiais utilizados nas atividades desenvolvidas no Campus V;<\/li>\n<li>Controle de estoque;<\/li>\n<li>Distribui\u00e7\u00e3o di\u00e1ria de material de limpeza para equipe de limpeza;<\/li>\n<li>Distribui\u00e7\u00e3o e controle de devolu\u00e7\u00e3o di\u00e1ria de ferramentas para a equipe de manuten\u00e7\u00e3o;<\/li>\n<li>Distribui\u00e7\u00e3o de materiais de constru\u00e7\u00e3o \u00e0 equipe de manuten\u00e7\u00e3o;<\/li>\n<li>Distribui\u00e7\u00e3o mensal de material de expediente aos diversos setores do Campus V;<\/li>\n<li>Dosagem de produtos fracion\u00e1veis como (\u00f3leos, combust\u00edveis, \u00e1lcool, tintas, vernizes e solventes);<\/li>\n<li>Orientar os setores no sentido de solicitarem ao almoxarifado, com anteced\u00eancia, o material necess\u00e1rio para o bom desempenho dos trabalhos a serem realizados.<\/li>\n<\/ul>\n<p>Formul\u00e1rios:<\/p>\n<ul>\n<li><a href=\"https:\/\/centros.uepb.edu.br\/ccbsa\/download\/devolucao-de-material-de-expediente\/?wpdmdl=8462&amp;masterkey\">Devolu\u00e7\u00e3o de material de expediente<\/a><\/li>\n<li><a href=\"https:\/\/centros.uepb.edu.br\/ccbsa\/download\/doacao-de-material-de-expediente\/?wpdmdl=8463&amp;masterkey\">Doa\u00e7\u00e3o de material de expediente<\/a><\/li>\n<\/ul>\n<p>[\/vc_column_text][\/vc_tta_section][vc_tta_section title=&#8221;Gest\u00e3o de Compras, Servi\u00e7os e Contratos&#8221; tab_id=&#8221;1653485040967-30cc8873-b900&#8243;][vc_column_text]Gerenciamento dos contratos de compras e presta\u00e7\u00e3o de servi\u00e7os licitados no Campus\u00a0V-UEPB.<\/p>\n<p>Atividades e compet\u00eancias:<\/p>\n<ul>\n<li>Organizar e planejar os pedidos de compras e servi\u00e7os destinados ao Campus V;<\/li>\n<li>Fiscalizar contratos de compras e servi\u00e7os destinados ao campus V;<\/li>\n<li>Execu\u00e7\u00e3o do Suprimento de Fundos destinados para compras emergenciais de materiais de expediente (levantamento das necessidades, execu\u00e7\u00e3o e presta\u00e7\u00e3o de contas).<\/li>\n<\/ul>\n<p>Formul\u00e1rios<\/p>\n<ul>\n<li><a href=\"https:\/\/centros.uepb.edu.br\/ccbsa\/download\/solicitacao-de-compra-emergencial\/?wpdmdl=8464&amp;masterkey\">Solicita\u00e7\u00e3o de compra emergencial<\/a><\/li>\n<li><a href=\"https:\/\/centros.uepb.edu.br\/ccbsa\/download\/solicitacao-de-compra-proad\/?wpdmdl=8465&amp;masterkey\">Solicita\u00e7\u00e3o de compra (PROAD)<\/a><\/li>\n<li><a href=\"https:\/\/centros.uepb.edu.br\/ccbsa\/download\/solicitacao-contrato-de-servico-proad\/?wpdmdl=8466&amp;masterkey\">Solicita\u00e7\u00e3o de contrato de servi\u00e7o (PROAD)<\/a><\/li>\n<\/ul>\n<p>[\/vc_column_text][\/vc_tta_section][vc_tta_section title=&#8221;Limpeza e Controle de Pragas&#8221; tab_id=&#8221;1653485041625-8312b6ff-5cd1&#8243;][vc_column_text]Atividades e compet\u00eancias:<\/p>\n<ul>\n<li>Coordenar e fiscalizar as atividades de limpeza dos ambientes internos realizada por auxiliares de servi\u00e7os gerais terceirizados;<\/li>\n<li>Coordenar as atividades de jardinagem e limpeza das \u00e1reas externas realizadas pelos reeducandos do projeto Cidadania \u00e9 Liberdade;<\/li>\n<li>Planejar as atividades de capina, poda em \u00e1rvores e controle de pragas.<\/li>\n<\/ul>\n<p>[\/vc_column_text][\/vc_tta_section][vc_tta_section title=&#8221;Seguran\u00e7a&#8221; tab_id=&#8221;1653485042263-7358887b-7503&#8243;][vc_column_text]Atividades e compet\u00eancias:<\/p>\n<ul>\n<li>Coordenar e fiscalizar o trabalho de vigil\u00e2ncia terceirizada de maneira a garantir a seguran\u00e7a do patrim\u00f4nio da institui\u00e7\u00e3o;<\/li>\n<li>Manter atualizado o cadastro de ve\u00edculos da comunidade acad\u00eamica;<\/li>\n<li>Supervisionar o servi\u00e7o de monitoramento de c\u00e2mara e alarmes.<\/li>\n<\/ul>\n<p>Formul\u00e1rios:<\/p>\n<ul>\n<li><a href=\"https:\/\/centros.uepb.edu.br\/ccbsa\/download\/solicitacao-de-imagens-de-monitoramento\/?wpdmdl=8467&amp;masterkey\">Formul\u00e1rio para solicita\u00e7\u00e3o de imagens de monitoramento<\/a><\/li>\n<\/ul>\n<p>[\/vc_column_text][\/vc_tta_section][vc_tta_section title=&#8221;Distribui\u00e7\u00e3o e Controle de EPIS&#8221; tab_id=&#8221;1653485042942-94969c13-904d&#8221;][vc_column_text]<\/p>\n<ul>\n<li>Agrupar e encaminhar os pedidos de EPIs ao Setor de Seguran\u00e7a dos Trabalhadores;<\/li>\n<li>Receber, armazenar e entregar EPIs de acordo com as orienta\u00e7\u00f5es repassadas pelo Setor de Seguran\u00e7a dos Trabalhadores.<\/li>\n<\/ul>\n<p>[\/vc_column_text][\/vc_tta_section][\/vc_tta_accordion][\/vc_column][\/vc_row]<\/p>\n<\/div>","protected":false},"excerpt":{"rendered":"<p>[vc_row][vc_column][vc_row_inner gap=&#8221;30&#8243;][vc_column_inner width=&#8221;1\/3&#8243;][vc_column_text]O Setor de Infraestrutura do Centro de Ci\u00eancias Biol\u00f3gicas e Sociais Aplicadas (CCBSA) da Universidade Estadual da Para\u00edba (UEPB), vinculado \u00e0 Dire\u00e7\u00e3o do Centro e \u00e0 Pr\u00f3-reitora de Infraestrutura (PROINFRA), tem como finalidade a concentra\u00e7\u00e3o das atividades de manuten\u00e7\u00e3o predial e gest\u00e3o de materiais e equipamentos, de forma a garantir o bom desenvolvimento <a class=\"leiamais\" href=\"https:\/\/centros.uepb.edu.br\/ccbsa\/infraestrutura-ccbsa\/\">Leia Mais&#8230;<\/a><\/p>\n","protected":false},"author":18,"featured_media":0,"parent":0,"menu_order":7,"comment_status":"closed","ping_status":"closed","template":"","meta":{"footnotes":""},"class_list":["post-6999","page","type-page","status-publish","hentry"],"_links":{"self":[{"href":"https:\/\/centros.uepb.edu.br\/ccbsa\/wp-json\/wp\/v2\/pages\/6999","targetHints":{"allow":["GET"]}}],"collection":[{"href":"https:\/\/centros.uepb.edu.br\/ccbsa\/wp-json\/wp\/v2\/pages"}],"about":[{"href":"https:\/\/centros.uepb.edu.br\/ccbsa\/wp-json\/wp\/v2\/types\/page"}],"author":[{"embeddable":true,"href":"https:\/\/centros.uepb.edu.br\/ccbsa\/wp-json\/wp\/v2\/users\/18"}],"replies":[{"embeddable":true,"href":"https:\/\/centros.uepb.edu.br\/ccbsa\/wp-json\/wp\/v2\/comments?post=6999"}],"version-history":[{"count":1,"href":"https:\/\/centros.uepb.edu.br\/ccbsa\/wp-json\/wp\/v2\/pages\/6999\/revisions"}],"predecessor-version":[{"id":12332,"href":"https:\/\/centros.uepb.edu.br\/ccbsa\/wp-json\/wp\/v2\/pages\/6999\/revisions\/12332"}],"wp:attachment":[{"href":"https:\/\/centros.uepb.edu.br\/ccbsa\/wp-json\/wp\/v2\/media?parent=6999"}],"curies":[{"name":"wp","href":"https:\/\/api.w.org\/{rel}","templated":true}]}}