{"id":3738,"date":"2016-12-01T15:32:24","date_gmt":"2016-12-01T15:32:24","guid":{"rendered":"https:\/\/centros.uepb.edu.br\/ccbsa\/?page_id=3738"},"modified":"2023-10-26T20:10:46","modified_gmt":"2023-10-26T20:10:46","slug":"ascom-ccbsa","status":"publish","type":"page","link":"https:\/\/centros.uepb.edu.br\/ccbsa\/ascom-ccbsa\/","title":{"rendered":"ASCOM &#8211; CCBSA"},"content":{"rendered":"<div class=\"wpb-content-wrapper\"><p>[vc_row gap=&#8221;30&#8243;][vc_column width=&#8221;1\/2&#8243;][vc_column_text]A Assessoria de Comunica\u00e7\u00e3o Social do Centro de Ci\u00eancias Biol\u00f3gicas e Sociais Aplicadas da Universidade Estadual da Para\u00edba \u00e9 vinculada \u00e0 dire\u00e7\u00e3o do CCBSA e \u00e0 Coordenadoria de Comunica\u00e7\u00e3o da UEPB (CODECOM), tendo como fun\u00e7\u00e3o principal promover a divulga\u00e7\u00e3o de informa\u00e7\u00f5es relacionadas ao ensino, pesquisa e extens\u00e3o do Campus V junto aos diferentes meios de comunica\u00e7\u00e3o, de alcance local e nacional &#8211; jornais, revistas, r\u00e1dios, emissoras de televis\u00e3o e a m\u00eddia especializada da internet &#8211; com os quais a institui\u00e7\u00e3o mant\u00e9m permanente contato. As pesquisas, eventos, servi\u00e7os, projetos, programas e as atividades de extens\u00e3o tamb\u00e9m s\u00e3o divulgados atrav\u00e9s dos ve\u00edculos institucionais (site e p\u00e1gina nas redes sociais do CCBSA, site da UEPB, email) voltados para a comunica\u00e7\u00e3o interna e externa.[\/vc_column_text][vc_text_separator title=&#8221;Redes Sociais&#8221; title_align=&#8221;separator_align_left&#8221; css=&#8221;.vc_custom_1653483537782{margin-top: 20px !important;}&#8221;][vc_btn title=&#8221;Facebook&#8221; style=&#8221;classic&#8221; shape=&#8221;square&#8221; color=&#8221;primary&#8221; link=&#8221;url:https%3A%2F%2Fwww.facebook.com%2Fuepbcampusv|target:_blank&#8221;][vc_btn title=&#8221;Canal no Youtube&#8221; style=&#8221;classic&#8221; shape=&#8221;square&#8221; color=&#8221;primary&#8221; link=&#8221;url:https%3A%2F%2Fwww.youtube.com%2Fchannel%2FUCjlMwwm1sPZj65lFydHndIA%2Ffeatured%3Fview_as%3Dsubscriber|target:_blank&#8221;][vc_btn title=&#8221;Instagram&#8221; style=&#8221;classic&#8221; shape=&#8221;square&#8221; color=&#8221;primary&#8221; link=&#8221;url:https%3A%2F%2Fwww.instagram.com%2Fcampusvuepb.oficial%2F|target:_blank&#8221;][\/vc_column][vc_column width=&#8221;1\/2&#8243;][vc_text_separator title=&#8221;Acessora respons\u00e1vel&#8221; title_align=&#8221;separator_align_left&#8221;][vc_column_text]<\/p>\n<ul>\n<li><a href=\"http:\/\/lattes.cnpq.br\/8753486650287601\" target=\"_blank\" rel=\"noopener\">Juliana Marques<\/a><\/li>\n<li>imprensaccbsa@setor.uepb.edu.br<\/li>\n<li>(83) 99444-6087<\/li>\n<\/ul>\n<p>[\/vc_column_text][vc_text_separator title=&#8221;Documentos&#8221; title_align=&#8221;separator_align_left&#8221; css=&#8221;.vc_custom_1653483695439{margin-top: 30px !important;}&#8221;][vc_column_text]<\/p>\n<ul>\n<li><a href=\"https:\/\/centros.uepb.edu.br\/ccbsa\/download\/manual-de-divulgacao-ascom-2023\/\">Manual de procedimentos de divulga\u00e7\u00e3o<\/a><\/li>\n<li><a href=\"https:\/\/forms.gle\/b8WiUYd5kARotBzx6\">Formul\u00e1rio de solicita\u00e7\u00e3o de cobertura<\/a><\/li>\n<li><a href=\"http:\/\/www.uepb.edu.br\/download\/arquivos_para_download\/marcas-uepbs\/Marca-da-UEPB-Aplicacao-Colorida-em-PNG-1.png\">Marca da UEPB<\/a><\/li>\n<li><a href=\"https:\/\/centros.uepb.edu.br\/ccbsa\/download\/marca-do-ccbsa\/?wpdmdl=8470&amp;masterkey\">Marca do CCBSA<\/a><\/li>\n<\/ul>\n<p>[\/vc_column_text][\/vc_column][\/vc_row]<\/p>\n<\/div>","protected":false},"excerpt":{"rendered":"<p>[vc_row gap=&#8221;30&#8243;][vc_column width=&#8221;1\/2&#8243;][vc_column_text]A Assessoria de Comunica\u00e7\u00e3o Social do Centro de Ci\u00eancias Biol\u00f3gicas e Sociais Aplicadas da Universidade Estadual da Para\u00edba \u00e9 vinculada \u00e0 dire\u00e7\u00e3o do CCBSA e \u00e0 Coordenadoria de Comunica\u00e7\u00e3o da UEPB (CODECOM), tendo como fun\u00e7\u00e3o principal promover a divulga\u00e7\u00e3o de informa\u00e7\u00f5es relacionadas ao ensino, pesquisa e extens\u00e3o do Campus V junto aos diferentes <a class=\"leiamais\" href=\"https:\/\/centros.uepb.edu.br\/ccbsa\/ascom-ccbsa\/\">Leia Mais&#8230;<\/a><\/p>\n","protected":false},"author":8,"featured_media":0,"parent":0,"menu_order":19,"comment_status":"closed","ping_status":"closed","template":"","meta":{"footnotes":""},"class_list":["post-3738","page","type-page","status-publish","hentry"],"_links":{"self":[{"href":"https:\/\/centros.uepb.edu.br\/ccbsa\/wp-json\/wp\/v2\/pages\/3738","targetHints":{"allow":["GET"]}}],"collection":[{"href":"https:\/\/centros.uepb.edu.br\/ccbsa\/wp-json\/wp\/v2\/pages"}],"about":[{"href":"https:\/\/centros.uepb.edu.br\/ccbsa\/wp-json\/wp\/v2\/types\/page"}],"author":[{"embeddable":true,"href":"https:\/\/centros.uepb.edu.br\/ccbsa\/wp-json\/wp\/v2\/users\/8"}],"replies":[{"embeddable":true,"href":"https:\/\/centros.uepb.edu.br\/ccbsa\/wp-json\/wp\/v2\/comments?post=3738"}],"version-history":[{"count":0,"href":"https:\/\/centros.uepb.edu.br\/ccbsa\/wp-json\/wp\/v2\/pages\/3738\/revisions"}],"wp:attachment":[{"href":"https:\/\/centros.uepb.edu.br\/ccbsa\/wp-json\/wp\/v2\/media?parent=3738"}],"curies":[{"name":"wp","href":"https:\/\/api.w.org\/{rel}","templated":true}]}}