{"id":3365,"date":"2016-08-09T11:47:32","date_gmt":"2016-08-09T11:47:32","guid":{"rendered":"https:\/\/centros.uepb.edu.br\/ccbsa\/?page_id=3365"},"modified":"2020-03-03T23:53:09","modified_gmt":"2020-03-03T23:53:09","slug":"membros-de-conselhos-e-comissoes","status":"publish","type":"page","link":"https:\/\/centros.uepb.edu.br\/ccbsa\/membros-de-conselhos-e-comissoes\/","title":{"rendered":"Membros de Conselhos e Comiss\u00f5es"},"content":{"rendered":"<p><strong>CONSEPE<\/strong><\/p>\n<p style=\"padding-left: 30px\"><strong>Representantes docentes:<\/strong><\/p>\n<p style=\"padding-left: 30px\">\u00a0 \u00a0 \u00a0 Jos\u00e9 Wilker de Lima Silva (titular)<\/p>\n<p style=\"padding-left: 30px\">\u00a0 \u00a0 \u00a0 Manuela Eug\u00eanio Maia (Suplente)<\/p>\n<p style=\"padding-left: 30px\"><strong>Representantes das coordena\u00e7\u00f5es:<\/strong><\/p>\n<p style=\"padding-left: 60px\">Cleber Ibraim Salimon\u00a0(Titular);<\/p>\n<p style=\"padding-left: 60px\">Eliete Correia dos Santos (Suplente).<\/p>\n<p><strong>COMISS\u00c3O PR\u00d3PRIA DE AVALIA\u00c7\u00c3O<\/strong><\/p>\n<p style=\"padding-left: 30px\"><strong>Representante dos docentes: <\/strong><\/p>\n<p style=\"padding-left: 60px\">Cleber Ibraim Salimon<\/p>\n<p style=\"padding-left: 30px\"><strong>Representantes dos t\u00e9cnicos-administrativos:<\/strong><\/p>\n<p style=\"padding-left: 60px\">Alena Melo(titular)<\/p>\n<p style=\"padding-left: 60px\">Andr\u00e9 Gustavo (suplente).<\/p>\n<p><strong>OR\u00c7AMENTO PARTICIPATIVO<\/strong><\/p>\n<p style=\"padding-left: 30px\"><strong>Representante dos docentes: <\/strong><\/p>\n<p style=\"padding-left: 60px\">Daniela Pontes (Suplente)<\/p>\n<p style=\"padding-left: 30px\"><strong>Representantes dos t\u00e9cnicos-administrativos:<\/strong><\/p>\n<p style=\"padding-left: 60px\">Juliana Ferreira Marques (titular)<\/p>\n<p style=\"padding-left: 60px\">Andr\u00e9 Pordeus de Lucena (suplente).<\/p>\n<p style=\"padding-left: 30px\"><strong>Representantes dos discentes: <\/strong><\/p>\n<p style=\"padding-left: 60px\">Bruno Pereira de Lima (Titular)<\/p>\n<p style=\"padding-left: 60px\">Paulo Henrique Pereira de Lima (Suplente)<\/p>\n<p><strong>CPPD<\/strong><\/p>\n<p style=\"padding-left: 30px\"><strong>Representantes dos docentes:<\/strong><\/p>\n<p style=\"padding-left: 60px\">Prof\u00b0 Alexandre C\u00e9sar Cunha Leite (Suplente)<\/p>\n<p><strong>COMISS\u00c3O PERMANENTE PARA INSTALA\u00c7\u00c3O DO CAMPUS V<\/strong><\/p>\n<p style=\"padding-left: 30px\">Cleber Ibraim Salimon,<\/p>\n<p style=\"padding-left: 30px\">Ana L\u00facia Vendel,<\/p>\n<p style=\"padding-left: 30px\">Cristina Carvalho Pacheco<\/p>\n<p style=\"padding-left: 30px\">Raquel Bezerra Cavalcanti Leal de Melo<\/p>\n<p>&nbsp;<\/p>\n<p><strong>CHEFIA DA BIBLIOTECA SETORIAL<\/strong><\/p>\n<p style=\"padding-left: 30px\">Liliane Braga Rolim Holanda de Souza<\/p>\n<p><strong>COC<\/strong><\/p>\n<p style=\"padding-left: 30px\"><strong>Diretores: <\/strong><\/p>\n<p style=\"padding-left: 60px\">Jacqueline Echeverr\u00eda Barrancos<\/p>\n<p style=\"padding-left: 60px\">\u00canio Wocyli Dantas<\/p>\n<p style=\"padding-left: 30px\"><strong>Arquivologia: <\/strong><\/p>\n<p style=\"padding-left: 60px\">Esmeralda Porf\u00edrio Sales (Titular)<\/p>\n<p style=\"padding-left: 60px\">Henrique Elias Cabral Fran\u00e7a\u00a0(Suplente)<\/p>\n<p style=\"padding-left: 30px\"><strong>Ci\u00eancias Biol\u00f3gicas: <\/strong><\/p>\n<p style=\"padding-left: 60px\">Cleber Ibraim Salimon (Titular)<\/p>\n<p style=\"padding-left: 60px\">\u00a0Vancarder Brito Sousa (Suplente).<\/p>\n<p style=\"padding-left: 30px\"><strong>Rela\u00e7\u00f5es Internacionais: <\/strong><\/p>\n<p style=\"padding-left: 60px\">Filipe Reis (Titular)<\/p>\n<p style=\"padding-left: 60px\">Julio Cesar Cabrera Medina (Suplente).<\/p>\n<p style=\"padding-left: 30px\"><strong>Representantes dos T\u00e9cnicos:<\/strong><\/p>\n<p style=\"padding-left: 60px\">Viviane Ribeiro Coutinho (Titular)<\/p>\n<p style=\"padding-left: 60px\">Sandra Albuquerque Maranh\u00e3o\u00a0(Suplente)<\/p>\n<p style=\"padding-left: 60px\">\n","protected":false},"excerpt":{"rendered":"<p>CONSEPE Representantes docentes: \u00a0 \u00a0 \u00a0 Jos\u00e9 Wilker de Lima Silva (titular) \u00a0 \u00a0 \u00a0 Manuela Eug\u00eanio Maia (Suplente) Representantes das coordena\u00e7\u00f5es: Cleber Ibraim Salimon\u00a0(Titular); Eliete Correia dos Santos (Suplente). COMISS\u00c3O PR\u00d3PRIA DE AVALIA\u00c7\u00c3O Representante dos docentes: Cleber Ibraim Salimon Representantes dos t\u00e9cnicos-administrativos: Alena Melo(titular) Andr\u00e9 Gustavo (suplente). OR\u00c7AMENTO PARTICIPATIVO Representante dos docentes: Daniela Pontes <a class=\"leiamais\" href=\"https:\/\/centros.uepb.edu.br\/ccbsa\/membros-de-conselhos-e-comissoes\/\">Leia Mais&#8230;<\/a><\/p>\n","protected":false},"author":2,"featured_media":0,"parent":0,"menu_order":26,"comment_status":"closed","ping_status":"closed","template":"","meta":{"footnotes":""},"class_list":["post-3365","page","type-page","status-publish","hentry"],"_links":{"self":[{"href":"https:\/\/centros.uepb.edu.br\/ccbsa\/wp-json\/wp\/v2\/pages\/3365","targetHints":{"allow":["GET"]}}],"collection":[{"href":"https:\/\/centros.uepb.edu.br\/ccbsa\/wp-json\/wp\/v2\/pages"}],"about":[{"href":"https:\/\/centros.uepb.edu.br\/ccbsa\/wp-json\/wp\/v2\/types\/page"}],"author":[{"embeddable":true,"href":"https:\/\/centros.uepb.edu.br\/ccbsa\/wp-json\/wp\/v2\/users\/2"}],"replies":[{"embeddable":true,"href":"https:\/\/centros.uepb.edu.br\/ccbsa\/wp-json\/wp\/v2\/comments?post=3365"}],"version-history":[{"count":0,"href":"https:\/\/centros.uepb.edu.br\/ccbsa\/wp-json\/wp\/v2\/pages\/3365\/revisions"}],"wp:attachment":[{"href":"https:\/\/centros.uepb.edu.br\/ccbsa\/wp-json\/wp\/v2\/media?parent=3365"}],"curies":[{"name":"wp","href":"https:\/\/api.w.org\/{rel}","templated":true}]}}