{"id":3358,"date":"2016-08-09T10:37:30","date_gmt":"2016-08-09T10:37:30","guid":{"rendered":"https:\/\/centros.uepb.edu.br\/ccbsa\/?page_id=3358"},"modified":"2023-04-24T15:40:09","modified_gmt":"2023-04-24T15:40:09","slug":"ctic-ccbsa","status":"publish","type":"page","link":"https:\/\/centros.uepb.edu.br\/ccbsa\/ctic-ccbsa\/","title":{"rendered":"CTIC &#8211; CCBSA"},"content":{"rendered":"<div class=\"wpb-content-wrapper\"><p>[vc_row][vc_column][vc_text_separator title=&#8221;Coordenadoria de Tecnologia da Informa\u00e7\u00e3o e Comunica\u00e7\u00e3o&#8221; title_align=&#8221;separator_align_left&#8221;][\/vc_column][\/vc_row][vc_row gap=&#8221;30&#8243; equal_height=&#8221;yes&#8221;][vc_column width=&#8221;1\/3&#8243;][vc_text_separator title=&#8221;Servi\u00e7os&#8221; i_icon_fontawesome=&#8221;fas fa-tv&#8221; i_color=&#8221;custom&#8221; i_size=&#8221;sm&#8221; title_align=&#8221;separator_align_left&#8221; add_icon=&#8221;true&#8221; i_custom_color=&#8221;#2d95bf&#8221;][vc_column_text]<\/p>\n<ul>\n<li><a href=\"https:\/\/webmail.uepb.edu.br\/\" target=\"_blank\" rel=\"noopener\">Webmail<\/a><\/li>\n<li><a href=\"https:\/\/suap.uepb.edu.br\/\" target=\"_blank\" rel=\"noopener\">Abrir chamado para o suporte<\/a><\/li>\n<li><a href=\"https:\/\/suap.uepb.edu.br\/\" target=\"_blank\" rel=\"noopener\">Suporte t\u00e9cnico para web-confer\u00eancia<\/a><\/li>\n<li><a href=\"https:\/\/suap.uepb.edu.br\/\" target=\"_blank\" rel=\"noopener\">Solicite um email institucional<\/a><\/li>\n<li><a href=\"http:\/\/ctic.uepb.edu.br\/\" target=\"_blank\" rel=\"noopener\">Site do CTIC<\/a><\/li>\n<li><a href=\"https:\/\/centros.uepb.edu.br\/ccbsa\/download\/procedimentos-ctic-ccbsa\/?wpdmdl=8377&amp;masterkey\">Procedimentos para solicita\u00e7\u00e3o de suporte t\u00e9cnico<\/a><\/li>\n<\/ul>\n<p>[\/vc_column_text][\/vc_column][vc_column width=&#8221;1\/3&#8243;][vc_text_separator title=&#8221;Telefones&#8221; i_icon_fontawesome=&#8221;fas fa-phone-alt&#8221; i_color=&#8221;custom&#8221; i_size=&#8221;sm&#8221; title_align=&#8221;separator_align_left&#8221; add_icon=&#8221;true&#8221; i_custom_color=&#8221;#2d95bf&#8221;][vc_column_text](83) 99444-6087[\/vc_column_text][\/vc_column][vc_column width=&#8221;1\/3&#8243;][vc_text_separator title=&#8221;Equipe&#8221; i_icon_fontawesome=&#8221;fas fa-users&#8221; i_color=&#8221;custom&#8221; i_size=&#8221;sm&#8221; title_align=&#8221;separator_align_left&#8221; add_icon=&#8221;true&#8221; i_custom_color=&#8221;#2d95bf&#8221;][vc_column_text]<\/p>\n<ul>\n<li>Viviane Ribeiro Coutinho Freitas Oliveira<\/li>\n<li>Filipy Galiza Soares<\/li>\n<\/ul>\n<p>[\/vc_column_text][\/vc_column][\/vc_row]<\/p>\n<\/div>","protected":false},"excerpt":{"rendered":"<p>[vc_row][vc_column][vc_text_separator title=&#8221;Coordenadoria de Tecnologia da Informa\u00e7\u00e3o e Comunica\u00e7\u00e3o&#8221; title_align=&#8221;separator_align_left&#8221;][\/vc_column][\/vc_row][vc_row gap=&#8221;30&#8243; equal_height=&#8221;yes&#8221;][vc_column width=&#8221;1\/3&#8243;][vc_text_separator title=&#8221;Servi\u00e7os&#8221; i_icon_fontawesome=&#8221;fas fa-tv&#8221; i_color=&#8221;custom&#8221; i_size=&#8221;sm&#8221; title_align=&#8221;separator_align_left&#8221; add_icon=&#8221;true&#8221; i_custom_color=&#8221;#2d95bf&#8221;][vc_column_text] Webmail Abrir chamado para o suporte Suporte t\u00e9cnico para web-confer\u00eancia Solicite um email institucional Site do CTIC Procedimentos para solicita\u00e7\u00e3o de suporte t\u00e9cnico [\/vc_column_text][\/vc_column][vc_column width=&#8221;1\/3&#8243;][vc_text_separator title=&#8221;Telefones&#8221; i_icon_fontawesome=&#8221;fas fa-phone-alt&#8221; i_color=&#8221;custom&#8221; i_size=&#8221;sm&#8221; title_align=&#8221;separator_align_left&#8221; add_icon=&#8221;true&#8221; i_custom_color=&#8221;#2d95bf&#8221;][vc_column_text](83) 99444-6087[\/vc_column_text][\/vc_column][vc_column width=&#8221;1\/3&#8243;][vc_text_separator <a class=\"leiamais\" href=\"https:\/\/centros.uepb.edu.br\/ccbsa\/ctic-ccbsa\/\">Leia Mais&#8230;<\/a><\/p>\n","protected":false},"author":2,"featured_media":0,"parent":0,"menu_order":28,"comment_status":"closed","ping_status":"closed","template":"","meta":{"footnotes":""},"class_list":["post-3358","page","type-page","status-publish","hentry"],"_links":{"self":[{"href":"https:\/\/centros.uepb.edu.br\/ccbsa\/wp-json\/wp\/v2\/pages\/3358","targetHints":{"allow":["GET"]}}],"collection":[{"href":"https:\/\/centros.uepb.edu.br\/ccbsa\/wp-json\/wp\/v2\/pages"}],"about":[{"href":"https:\/\/centros.uepb.edu.br\/ccbsa\/wp-json\/wp\/v2\/types\/page"}],"author":[{"embeddable":true,"href":"https:\/\/centros.uepb.edu.br\/ccbsa\/wp-json\/wp\/v2\/users\/2"}],"replies":[{"embeddable":true,"href":"https:\/\/centros.uepb.edu.br\/ccbsa\/wp-json\/wp\/v2\/comments?post=3358"}],"version-history":[{"count":0,"href":"https:\/\/centros.uepb.edu.br\/ccbsa\/wp-json\/wp\/v2\/pages\/3358\/revisions"}],"wp:attachment":[{"href":"https:\/\/centros.uepb.edu.br\/ccbsa\/wp-json\/wp\/v2\/media?parent=3358"}],"curies":[{"name":"wp","href":"https:\/\/api.w.org\/{rel}","templated":true}]}}