{"id":33,"date":"2013-05-17T14:38:00","date_gmt":"2013-05-17T14:38:00","guid":{"rendered":"\/ccbsa\/?page_id=33"},"modified":"2025-06-12T13:49:50","modified_gmt":"2025-06-12T13:49:50","slug":"nucleo-de-linguas","status":"publish","type":"page","link":"https:\/\/centros.uepb.edu.br\/ccbsa\/nucleo-de-linguas\/","title":{"rendered":"N\u00facleo de L\u00ednguas"},"content":{"rendered":"<div class=\"wpb-content-wrapper\"><p>[vc_row][vc_column width=&#8221;2\/3&#8243;][vc_column_text]O N\u00facleo de L\u00ednguas da Universidade Estadual da Para\u00edba, sediado no C\u00e2mpus V, em Jo\u00e3o Pessoa, foi criado em 2006, inicialmente, para\u00a0atender\u00a0a demanda\u00a0da gradua\u00e7\u00e3o\u00a0em Rela\u00e7\u00f5es Internacionais, complementando a forma\u00e7\u00e3o dos estudantes do curso.<\/p>\n<p>Atualmente, o espa\u00e7o\u00a0disponibiliza\u00a0cursos de\u00a0l\u00edngua inglesa, francesa e\u00a0espanhola voltados, prioritariamente, a discentes de gradua\u00e7\u00e3o e p\u00f3s-gradua\u00e7\u00e3o do CCBSA, docentes e t\u00e9cnico-administrativos do C\u00e2mpus V da UEPB\u00a0e comunidade geral. A equipe de docentes que atua no Centro de L\u00ednguas \u00e9 composta por professores efetivos e substitutos da UEPB.<\/p>\n<p>A carga hor\u00e1ria dos cursos \u00e9 de 60 horas semestrais. As aulas ocorrem nos per\u00edodos da manh\u00e3, tarde\u00a0e\u00a0noite; de segunda \u00e0 sexta, em hor\u00e1rios\u00a0diversos. O ensino \u00e9 realizado em quatro n\u00edveis, que se configuram como iniciante, pr\u00e9-intermedi\u00e1rio, intermedi\u00e1rio e avan\u00e7ado, sendo\u00a0geralmente\u00a0dois semestres para\u00a0conclus\u00e3o de\u00a0cada n\u00edvel.<\/p>\n<p>[\/vc_column_text][vc_text_separator title=&#8221;Coordena\u00e7\u00e3o e Contatos&#8221; title_align=&#8221;separator_align_left&#8221; css=&#8221;.vc_custom_1653055915391{margin-top: 30px !important;}&#8221;][vc_column_text]<strong>Coordena\u00e7\u00e3o:<\/strong> \u00a0Jana\u00edne Rolim e Justo Lacerda.<\/p>\n<p><strong>Secret\u00e1rio: <\/strong>Charles Nascimento<br \/>\n<strong>e-mail:<\/strong>\u00a0nucleodelinguas.ccbsa@setor.uepb.edu.br<br \/>\n<strong>Telefone:<\/strong> (83) 99444-6087<\/p>\n<p><strong>RESULTADOS DE SELE\u00c7\u00d5ES<\/strong><\/p>\n<p><a href=\"https:\/\/centros.uepb.edu.br\/ccbsa\/download\/inscritos-proficiencia-nucleo-de-linguas-2025\/\">LISTA DE INSCRITOS &#8211; Exame de profici\u00eancia 2025<\/a><\/p>\n<p>Gabaritos profici\u00eancia 2025.1 em <a href=\"https:\/\/centros.uepb.edu.br\/ccbsa\/download\/gabarito-proficiencia-em-espanhol\/\">espanhol<\/a> e <a href=\"https:\/\/centros.uepb.edu.br\/ccbsa\/download\/gabarito-proficiencia-ingles-2025\/\">ingl\u00eas<\/a>.<\/p>\n<p>[\/vc_column_text][vc_text_separator title=&#8221;Redes Sociais&#8221; title_align=&#8221;separator_align_left&#8221; css=&#8221;.vc_custom_1653056046479{margin-top: 30px !important;}&#8221;][vc_btn title=&#8221;Facebook&#8221; style=&#8221;classic&#8221; shape=&#8221;square&#8221; color=&#8221;sky&#8221; link=&#8221;url:https%3A%2F%2Fwww.facebook.com%2Fnucleodelinguasuepbjp%2F|target:_blank&#8221;][vc_btn title=&#8221;Instagram&#8221; style=&#8221;classic&#8221; shape=&#8221;square&#8221; color=&#8221;sky&#8221; link=&#8221;url:http%3A%2F%2Fwww.instagram.com%2Fnucleodelinguasuepbjp|target:_blank&#8221;][\/vc_column][vc_column width=&#8221;1\/3&#8243;][vc_single_image image=&#8221;11018&#8243; img_size=&#8221;full&#8221; onclick=&#8221;link_image&#8221; css=&#8221;&#8221;][\/vc_column][\/vc_row][vc_row][vc_column][vc_text_separator title=&#8221;Corpo Docente&#8221; title_align=&#8221;separator_align_left&#8221; css=&#8221;.vc_custom_1721226563748{margin-top: 30px !important;}&#8221;][\/vc_column][\/vc_row][vc_row][vc_column width=&#8221;1\/3&#8243;][vc_column_text css=&#8221;&#8221;]<strong>Ingl\u00eas<\/strong><\/p>\n<p><a href=\"http:\/\/lattes.cnpq.br\/2834368497122609\">Prof\u00aa. Ma. Jana\u00edne dos Santos Rolim<\/a><br \/>\njanainerolim@servidor.uepb.edu.br<\/p>\n<p><a href=\"http:\/\/lattes.cnpq.br\/9814894825037581\" target=\"_blank\" rel=\"noopener noreferrer\">Prof. Dr. Jos\u00e9 Augusto de Oliveira Neto<\/a><br \/>\nzedeguga@servidor.uepb.edu.br<\/p>\n<p><a href=\"http:\/\/lattes.cnpq.br\/5764306762257857\" target=\"_blank\" rel=\"noopener noreferrer\">Prof. Me. Marcelo Amaro da Silva<\/a><br \/>\nmas@servidor.uepb.edu.br<\/p>\n<p><a href=\"http:\/\/lattes.cnpq.br\/4435322589135752\">Prof\u00aa. Ma. Francisca Raquel Alves Moreira<\/a><br \/>\nraquel.moreira@servidor.uepb.edu.br[\/vc_column_text][\/vc_column][vc_column width=&#8221;1\/3&#8243;][vc_column_text css=&#8221;&#8221;]<strong>Espanhol<\/strong><\/p>\n<p><a href=\"http:\/\/lattes.cnpq.br\/9895110270248835\" target=\"_blank\" rel=\"noopener noreferrer\">Prof\u00aa. Dra. Eneida Maria Gurgel de Ara\u00fajo<\/a><br \/>\neneida@servidor.uepb.edu.br<\/p>\n<p><a href=\"http:\/\/lattes.cnpq.br\/6883055363872440\">Prof. Dr.\u00a0Daniel Guillermo Gordillo Sanchez<\/a><br \/>\ndaniel.sanchez@servidor.uepb.edu.br<\/p>\n<p><a href=\"http:\/\/lattes.cnpq.br\/1427390987633620\" target=\"_blank\" rel=\"noopener noreferrer\">Prof\u00aa. Esp. Kariny Dias de Oliveira<\/a><br \/>\nkariny30@servidor.uepb.edu.br[\/vc_column_text][\/vc_column][vc_column width=&#8221;1\/3&#8243;][vc_column_text css=&#8221;&#8221;]<strong>Franc\u00eas<\/strong><\/p>\n<div><a href=\"http:\/\/lattes.cnpq.br\/0418577460059039\">Prof. Me. Anderson Gustavo Silva Macedo Pereira\u00a0\u00a0<\/a><\/div>\n<div>anderson.macedo@servidor.uepb.edu.br<\/div>\n<p>[\/vc_column_text][\/vc_column][\/vc_row]<\/p>\n<p><a href=\"https:\/\/centros.uepb.edu.br\/ccbsa\/download\/inscritos-proficiencia-nucleo-de-linguas-2025\/\">LISTA DE INSCRITOS &#8211; Exame de profici\u00eancia 2025<\/a><\/p>\n<\/div>","protected":false},"excerpt":{"rendered":"<p>[vc_row][vc_column width=&#8221;2\/3&#8243;][vc_column_text]O N\u00facleo de L\u00ednguas da Universidade Estadual da Para\u00edba, sediado no C\u00e2mpus V, em Jo\u00e3o Pessoa, foi criado em 2006, inicialmente, para\u00a0atender\u00a0a demanda\u00a0da gradua\u00e7\u00e3o\u00a0em Rela\u00e7\u00f5es Internacionais, complementando a forma\u00e7\u00e3o dos estudantes do curso. Atualmente, o espa\u00e7o\u00a0disponibiliza\u00a0cursos de\u00a0l\u00edngua inglesa, francesa e\u00a0espanhola voltados, prioritariamente, a discentes de gradua\u00e7\u00e3o e p\u00f3s-gradua\u00e7\u00e3o do CCBSA, docentes e t\u00e9cnico-administrativos do <a class=\"leiamais\" href=\"https:\/\/centros.uepb.edu.br\/ccbsa\/nucleo-de-linguas\/\">Leia Mais&#8230;<\/a><\/p>\n","protected":false},"author":26,"featured_media":0,"parent":0,"menu_order":39,"comment_status":"open","ping_status":"open","template":"","meta":{"footnotes":""},"class_list":["post-33","page","type-page","status-publish","hentry"],"_links":{"self":[{"href":"https:\/\/centros.uepb.edu.br\/ccbsa\/wp-json\/wp\/v2\/pages\/33","targetHints":{"allow":["GET"]}}],"collection":[{"href":"https:\/\/centros.uepb.edu.br\/ccbsa\/wp-json\/wp\/v2\/pages"}],"about":[{"href":"https:\/\/centros.uepb.edu.br\/ccbsa\/wp-json\/wp\/v2\/types\/page"}],"author":[{"embeddable":true,"href":"https:\/\/centros.uepb.edu.br\/ccbsa\/wp-json\/wp\/v2\/users\/26"}],"replies":[{"embeddable":true,"href":"https:\/\/centros.uepb.edu.br\/ccbsa\/wp-json\/wp\/v2\/comments?post=33"}],"version-history":[{"count":0,"href":"https:\/\/centros.uepb.edu.br\/ccbsa\/wp-json\/wp\/v2\/pages\/33\/revisions"}],"wp:attachment":[{"href":"https:\/\/centros.uepb.edu.br\/ccbsa\/wp-json\/wp\/v2\/media?parent=33"}],"curies":[{"name":"wp","href":"https:\/\/api.w.org\/{rel}","templated":true}]}}