{"id":1763,"date":"2014-04-24T18:49:26","date_gmt":"2014-04-24T18:49:26","guid":{"rendered":"\/ccbsa\/?page_id=1763"},"modified":"2023-06-02T13:56:39","modified_gmt":"2023-06-02T13:56:39","slug":"ca-relacoes-internacionais","status":"publish","type":"page","link":"https:\/\/centros.uepb.edu.br\/ccbsa\/ca-relacoes-internacionais\/","title":{"rendered":"CA Rela\u00e7\u00f5es Internacionais"},"content":{"rendered":"<div class=\"wpb-content-wrapper\"><p>[vc_row][vc_column][vc_column_text]O\u00a0<span class=\"il\">Centro<\/span>\u00a0<span class=\"il\">Acad\u00eamico<\/span>\u00a0(CA) \u00e9 uma entidade que representa todos os estudantes de um curso. Ele deve manter com seus estudantes um canal direto de contato, al\u00e9m de realizar discuss\u00f5es, debates, reuni\u00f5es e momentos de integra\u00e7\u00e3o estudantil da maneira mais democr\u00e1tica e aberta poss\u00edvel. A chapa Contra Hemisf\u00e9rio \u00e9 forjada pela luta dos movimentos sociais brasileiros e de estudantes progressistas de v\u00e1rias turmas da gradua\u00e7\u00e3o do Departamento de Rela\u00e7\u00f5es Internacionais da UEPB. Acredita-se que somente atrav\u00e9s da auto-organiza\u00e7\u00e3o e da luta coletiva dos estudantes ser\u00e1 poss\u00edvel construir uma universidade p\u00fablica popular, plural e igualit\u00e1ria.<\/p>\n<div dir=\"auto\"><strong>Coordenadoria geral:<\/strong> Safira Luz e Mateus Figueiredo<\/div>\n<div dir=\"auto\"><strong>E-mail:<\/strong> <a href=\"mailto:Cari.uepb5@gmail.com\" target=\"_blank\" rel=\"noopener\">cari.uepb5@gmail.com<\/a><\/div>\n<div dir=\"auto\"><strong>Instagram:<\/strong> <a href=\"https:\/\/www.instagram.com\/cari_uepb\/\">@Cari_uepb<\/a><\/div>\n<p>[\/vc_column_text][\/vc_column][\/vc_row]<\/p>\n<\/div>","protected":false},"excerpt":{"rendered":"<p>[vc_row][vc_column][vc_column_text]O\u00a0Centro\u00a0Acad\u00eamico\u00a0(CA) \u00e9 uma entidade que representa todos os estudantes de um curso. Ele deve manter com seus estudantes um canal direto de contato, al\u00e9m de realizar discuss\u00f5es, debates, reuni\u00f5es e momentos de integra\u00e7\u00e3o estudantil da maneira mais democr\u00e1tica e aberta poss\u00edvel. A chapa Contra Hemisf\u00e9rio \u00e9 forjada pela luta dos movimentos sociais brasileiros e de <a class=\"leiamais\" href=\"https:\/\/centros.uepb.edu.br\/ccbsa\/ca-relacoes-internacionais\/\">Leia Mais&#8230;<\/a><\/p>\n","protected":false},"author":26,"featured_media":0,"parent":0,"menu_order":32,"comment_status":"open","ping_status":"open","template":"","meta":{"footnotes":""},"class_list":["post-1763","page","type-page","status-publish","hentry"],"_links":{"self":[{"href":"https:\/\/centros.uepb.edu.br\/ccbsa\/wp-json\/wp\/v2\/pages\/1763","targetHints":{"allow":["GET"]}}],"collection":[{"href":"https:\/\/centros.uepb.edu.br\/ccbsa\/wp-json\/wp\/v2\/pages"}],"about":[{"href":"https:\/\/centros.uepb.edu.br\/ccbsa\/wp-json\/wp\/v2\/types\/page"}],"author":[{"embeddable":true,"href":"https:\/\/centros.uepb.edu.br\/ccbsa\/wp-json\/wp\/v2\/users\/26"}],"replies":[{"embeddable":true,"href":"https:\/\/centros.uepb.edu.br\/ccbsa\/wp-json\/wp\/v2\/comments?post=1763"}],"version-history":[{"count":0,"href":"https:\/\/centros.uepb.edu.br\/ccbsa\/wp-json\/wp\/v2\/pages\/1763\/revisions"}],"wp:attachment":[{"href":"https:\/\/centros.uepb.edu.br\/ccbsa\/wp-json\/wp\/v2\/media?parent=1763"}],"curies":[{"name":"wp","href":"https:\/\/api.w.org\/{rel}","templated":true}]}}