{"id":1753,"date":"2014-04-24T18:46:05","date_gmt":"2014-04-24T18:46:05","guid":{"rendered":"\/ccbsa\/?page_id=1753"},"modified":"2022-05-20T18:40:07","modified_gmt":"2022-05-20T18:40:07","slug":"ca-arquivologia","status":"publish","type":"page","link":"https:\/\/centros.uepb.edu.br\/ccbsa\/ca-arquivologia\/","title":{"rendered":"CA Arquivologia"},"content":{"rendered":"<div class=\"wpb-content-wrapper\"><p>[vc_row][vc_column][vc_column_text]O Centro Acad\u00eamico Br\u00edggida Louren\u00e7o, da Universidade Estadual da Para\u00edba, fundado em 24 de julho de 2014, \u00e9 o \u00f3rg\u00e3o de representa\u00e7\u00e3o estudantil do curso de Bacharelado em Arquivologia e recebe esse nome em homenagem \u00e0 professora do curso que foi v\u00edtima de feminic\u00eddio em junho de 2012. A\u00a0atual gest\u00e3o, intitulada \u201cAtividade e Luta\u201d (2016-2017), empossada em 31 de outubro de 2016, \u00e9 composta por 14 coordenadores, estudantes de diferentes per\u00edodos e turnos, comprometidos com a proposta de avan\u00e7o do curso, especialmente no que se refere \u00e0 garantia dos direitos dos estudantes e \u00e0 promo\u00e7\u00e3o de sua cidadania. Para isso, est\u00e3o sempre sendo viabilizadas atividades de cunho acad\u00eamico e social e tamb\u00e9m recrea\u00e7\u00f5es, sendo muitas dessas atividades realizadas em conjunto com a dire\u00e7\u00e3o do centro e com a coordena\u00e7\u00e3o do curso, bem como com os centros acad\u00eamicos dos demais cursos, refletindo o esp\u00edrito bilateral de uni\u00e3o e trabalho em equipe.<\/p>\n<p>Membros:<\/p>\n<ul>\n<li>Coordenadora Geral\u00a0&#8211;\u00a0Tereza Ludimila Cardoso.<\/li>\n<li>Coordenadores de Administra\u00e7\u00e3o e Representa\u00e7\u00e3o:\u00a0Bruno Pereira e J\u00fanior Figueiredo.<\/li>\n<li>Coordenadores de Organiza\u00e7\u00e3o, Patrim\u00f4nio e Finan\u00e7as: Cleber Ferreira Silva (secret\u00e1rio), Maria da Concei\u00e7\u00e3o da Silva (patrim\u00f4nio) e Vit\u00f3ria Carvalho (Tesoureira).<\/li>\n<li>Coordenadores de Assuntos Acad\u00eamicos: Jos\u00e9 Nailton Albuquerque e Vitor Hugo Teixeira.<\/li>\n<li>Coordenador de Articula\u00e7\u00e3o Pol\u00edtica &#8211; Demandas Sociais e Movimento Estudantil: Paulo Henrique Pereira.<\/li>\n<li>Coordenadores de Comunica\u00e7\u00e3o e Divulga\u00e7\u00e3o: Igor Vinicius de Sales e Tayn\u00e1 Rangel.<\/li>\n<li>Coordenadores de Cultura, Esportes e Eventos: Igor Barreto, Jowbert Santos e Zilm\u00e1rio Pitta J\u00fanior.<\/li>\n<\/ul>\n<p>Contato: ca.arquivologia2016.uepb@hotmail.com<br \/>\nFanpage: <a href=\"https:\/\/www.facebook.com\/ativarq\/\" target=\"_blank\" rel=\"noopener\">https:\/\/www.facebook.com\/ativarq\/<\/a>[\/vc_column_text][\/vc_column][\/vc_row]<\/p>\n<\/div>","protected":false},"excerpt":{"rendered":"<p>[vc_row][vc_column][vc_column_text]O Centro Acad\u00eamico Br\u00edggida Louren\u00e7o, da Universidade Estadual da Para\u00edba, fundado em 24 de julho de 2014, \u00e9 o \u00f3rg\u00e3o de representa\u00e7\u00e3o estudantil do curso de Bacharelado em Arquivologia e recebe esse nome em homenagem \u00e0 professora do curso que foi v\u00edtima de feminic\u00eddio em junho de 2012. A\u00a0atual gest\u00e3o, intitulada \u201cAtividade e Luta\u201d (2016-2017), <a class=\"leiamais\" href=\"https:\/\/centros.uepb.edu.br\/ccbsa\/ca-arquivologia\/\">Leia Mais&#8230;<\/a><\/p>\n","protected":false},"author":26,"featured_media":0,"parent":0,"menu_order":33,"comment_status":"open","ping_status":"open","template":"","meta":{"footnotes":""},"class_list":["post-1753","page","type-page","status-publish","hentry"],"_links":{"self":[{"href":"https:\/\/centros.uepb.edu.br\/ccbsa\/wp-json\/wp\/v2\/pages\/1753","targetHints":{"allow":["GET"]}}],"collection":[{"href":"https:\/\/centros.uepb.edu.br\/ccbsa\/wp-json\/wp\/v2\/pages"}],"about":[{"href":"https:\/\/centros.uepb.edu.br\/ccbsa\/wp-json\/wp\/v2\/types\/page"}],"author":[{"embeddable":true,"href":"https:\/\/centros.uepb.edu.br\/ccbsa\/wp-json\/wp\/v2\/users\/26"}],"replies":[{"embeddable":true,"href":"https:\/\/centros.uepb.edu.br\/ccbsa\/wp-json\/wp\/v2\/comments?post=1753"}],"version-history":[{"count":0,"href":"https:\/\/centros.uepb.edu.br\/ccbsa\/wp-json\/wp\/v2\/pages\/1753\/revisions"}],"wp:attachment":[{"href":"https:\/\/centros.uepb.edu.br\/ccbsa\/wp-json\/wp\/v2\/media?parent=1753"}],"curies":[{"name":"wp","href":"https:\/\/api.w.org\/{rel}","templated":true}]}}