{"id":171,"date":"2013-06-10T19:19:02","date_gmt":"2013-06-10T19:19:02","guid":{"rendered":"\/ccbsa\/?page_id=171"},"modified":"2013-06-19T17:59:00","modified_gmt":"2013-06-19T17:59:00","slug":"dce","status":"publish","type":"page","link":"https:\/\/centros.uepb.edu.br\/ccbsa\/dce\/","title":{"rendered":"DCE"},"content":{"rendered":"<p><strong>Coordenadores DCE Campus V<\/strong>:<br \/>\nLayane Marques (Arquivologia)<br \/>\nWallace Anderson (Rela\u00e7\u00f5es Internacionais)<\/p>\n<p>E-mail do DCE Campus V: dceuepbcampusv@gmail.com<br \/>\nCarteira estudantil: <a href=\"http:\/\/www.carteiraonline.com.br\">www.carteiraonline.com.br<\/a><br \/>\nSite do DCE: <a href=\"http:\/\/dceuepbnet.blogspot.com.br\/\">http:\/\/dceuepbnet.blogspot.com.br\/<\/a><br \/>\n<a href=\"https:\/\/www.facebook.com\/groups\/218104971654136\/228131003984866\/#!\/DceUepbCampusV?fref=ts\" target=\"_blank\">Fan page DCE Campus V<\/a><br \/>\n<a href=\"https:\/\/www.facebook.com\/groups\/218104971654136\/228131003984866\/#!\/pages\/O-Tempo-N%C3%A3o-Para\/1128269137314500?fref=ts\" target=\"_blank\">Fan Page gest\u00e3o central<\/a><\/p>\n<p>O Diret\u00f3rio Central dos Estudantes (DCE) \u00e9 uma entidade m\u00e1xima de representa\u00e7\u00e3o dos estudantes da Universidade Estadual da Para\u00edba (UEPB) perante a universidade e a sociedade em geral, tendo por finalidade defender os interesses dos estudantes e promover o movimento estudantil.\u00a0 A gest\u00e3o atual do DCE da UEPB \u00e9 \u201cO Tempo N\u00e3o Para\u201d (2012\/2013), eleita em outubro de 2012.<\/p>\n<p>No campus V da UEPB, em Jo\u00e3o Pessoa, o DCE \u00e9 constitu\u00eddo efetivamente por dois membros que fazem parte dos cursos de Rela\u00e7\u00f5es Internacionais e Arquivologia do turno da manh\u00e3. O diret\u00f3rio tem como incumb\u00eancia representar o conjunto dos estudantes do Campus V, ficando subordinado ao que chamamos de f\u00f3runs do movimento estudantil, como os Centros Acad\u00eamicos, que se re\u00fanem para discutir as pol\u00edticas, organizar as a\u00e7\u00f5es e reivindicar as pautas de cada curso. No momento o campus possui apenas o CA do curso de Ci\u00eancias Biol\u00f3gicas, uma das lutas do DCE ser\u00e1 a implementa\u00e7\u00e3o dos CA&#8217;s de Arquivologia e Rela\u00e7\u00f5es Internacionais.<\/p>\n","protected":false},"excerpt":{"rendered":"<p>Coordenadores DCE Campus V: Layane Marques (Arquivologia) Wallace Anderson (Rela\u00e7\u00f5es Internacionais) E-mail do DCE Campus V: dceuepbcampusv@gmail.com Carteira estudantil: www.carteiraonline.com.br Site do DCE: http:\/\/dceuepbnet.blogspot.com.br\/ Fan page DCE Campus V Fan Page gest\u00e3o central O Diret\u00f3rio Central dos Estudantes (DCE) \u00e9 uma entidade m\u00e1xima de representa\u00e7\u00e3o dos estudantes da Universidade Estadual da Para\u00edba (UEPB) perante a <a class=\"leiamais\" href=\"https:\/\/centros.uepb.edu.br\/ccbsa\/dce\/\">Leia Mais&#8230;<\/a><\/p>\n","protected":false},"author":1,"featured_media":0,"parent":0,"menu_order":37,"comment_status":"open","ping_status":"open","template":"","meta":{"footnotes":""},"class_list":["post-171","page","type-page","status-publish","hentry"],"_links":{"self":[{"href":"https:\/\/centros.uepb.edu.br\/ccbsa\/wp-json\/wp\/v2\/pages\/171","targetHints":{"allow":["GET"]}}],"collection":[{"href":"https:\/\/centros.uepb.edu.br\/ccbsa\/wp-json\/wp\/v2\/pages"}],"about":[{"href":"https:\/\/centros.uepb.edu.br\/ccbsa\/wp-json\/wp\/v2\/types\/page"}],"author":[{"embeddable":true,"href":"https:\/\/centros.uepb.edu.br\/ccbsa\/wp-json\/wp\/v2\/users\/1"}],"replies":[{"embeddable":true,"href":"https:\/\/centros.uepb.edu.br\/ccbsa\/wp-json\/wp\/v2\/comments?post=171"}],"version-history":[{"count":0,"href":"https:\/\/centros.uepb.edu.br\/ccbsa\/wp-json\/wp\/v2\/pages\/171\/revisions"}],"wp:attachment":[{"href":"https:\/\/centros.uepb.edu.br\/ccbsa\/wp-json\/wp\/v2\/media?parent=171"}],"curies":[{"name":"wp","href":"https:\/\/api.w.org\/{rel}","templated":true}]}}