{"id":12431,"date":"2026-03-20T17:40:31","date_gmt":"2026-03-20T17:40:31","guid":{"rendered":"https:\/\/centros.uepb.edu.br\/ccbsa\/?page_id=12431"},"modified":"2026-03-20T18:52:30","modified_gmt":"2026-03-20T18:52:30","slug":"restaurante-universitario","status":"publish","type":"page","link":"https:\/\/centros.uepb.edu.br\/ccbsa\/restaurante-universitario\/","title":{"rendered":"Restaurante Universit\u00e1rio"},"content":{"rendered":"<div class=\"wpb-content-wrapper\"><p>[vc_row][vc_column][vc_tta_tabs][vc_tta_section title=&#8221;Sobre o RU&#8221; tab_id=&#8221;1774032147383-a95daa14-37ec&#8221;][vc_column_text css=&#8221;.vc_custom_1774032660447{margin-top: 10px !important;}&#8221;]O <strong>Restaurante Universit\u00e1rio (RU)<\/strong> do Centro de Ci\u00eancias Biol\u00f3gicas e Sociais Aplicadas (CCBSA) da UEPB, foi implantado em 2023 como parte das pol\u00edticas de <em>assist\u00eancia e perman\u00eancia estudantil<\/em> da UEPB.<\/p>\n<p>O espa\u00e7o <em>tem como finalidade garantir o acesso \u00e0 alimenta\u00e7\u00e3o adequada, segura e nutricionalmente balanceada, contribuindo para a promo\u00e7\u00e3o da sa\u00fade, o bem-estar e o desempenho acad\u00eamico dos estudantes, al\u00e9m de favorecer melhores condi\u00e7\u00f5es para a perman\u00eancia na vida universit\u00e1ria.<\/em><\/p>\n<p>Atualmente, o Restaurante oferece refei\u00e7\u00f5es gratuitas aos estudantes contemplados pelo Programa de Restaurante Universit\u00e1rio da UEPB e tamb\u00e9m atende, \u00a0mediante pagamento, demais estudantes e servidores (docentes e t\u00e9cnicos-administrativos), dos turnos diurno e noturno.[\/vc_column_text][\/vc_tta_section][vc_tta_section title=&#8221;Equipe&#8221; tab_id=&#8221;1774032215540-e953eb90-570f&#8221;][vc_column_text css=&#8221;.vc_custom_1774032684546{margin-top: 10px !important;}&#8221;]A equipe do Restaurante Universit\u00e1rio \u00e9 composta por uma empresa terceirizada cujos profissionais respons\u00e1veis pela opera\u00e7\u00e3o do servi\u00e7o, atuam sob orienta\u00e7\u00e3o da nutricionista da UEPB, e supervis\u00e3o da dire\u00e7\u00e3o do CCBSA e da Pr\u00f3-reitoria Estudantil (PROEST).<\/p>\n<p>Nayara Massa \u2014 Nutricionista respons\u00e1vel pelo planejamento e acompanhamento da qualidade nutricional e sanit\u00e1ria das refei\u00e7\u00f5es servidas aos usu\u00e1rios.<\/p>\n<p>Gestores administrativos e assistenciais \u2014 que coordenam o atendimento, processos de sele\u00e7\u00e3o e integra\u00e7\u00e3o com pol\u00edticas de perman\u00eancia.<\/p>\n<p>Equipe operacional do restaurante \u2014 auxiliares de cozinha e atendimento.[\/vc_column_text][\/vc_tta_section][vc_tta_section title=&#8221;Contatos&#8221; tab_id=&#8221;1774032275584-cb4e9711-6a01&#8243;][vc_column_text css=&#8221;.vc_custom_1774032693164{margin-top: 10px !important;}&#8221;]Email: nayara_massa@servidor.uepb.edu.br[\/vc_column_text][\/vc_tta_section][vc_tta_section title=&#8221;Hor\u00e1rio de funcionamento&#8221; tab_id=&#8221;1774032300870-924b54a8-2d39&#8243;][vc_column_text css=&#8221;.vc_custom_1774032701044{margin-top: 10px !important;}&#8221;]O RU funcionar\u00e1 de segunda a sexta-feira, conforme calend\u00e1rio acad\u00eamico, nos seguintes hor\u00e1rios:<\/p>\n<ul>\n<li>Almo\u00e7o: 11:00h \u00e0s 13:00h<\/li>\n<li>Jantar: 17:00h \u00e0s 19:00h<\/li>\n<\/ul>\n<p>[\/vc_column_text][\/vc_tta_section][vc_tta_section title=&#8221;Valor das Refei\u00e7\u00f5es&#8221; tab_id=&#8221;1774032349785-11d3de3c-4b41&#8243;][vc_column_text css=&#8221;.vc_custom_1774032708294{margin-top: 10px !important;}&#8221;]Servidores da UEPB e visitantes:<\/p>\n<ul>\n<li>Almo\u00e7o: R$ 12,00<\/li>\n<\/ul>\n<p>[\/vc_column_text][\/vc_tta_section][vc_tta_section title=&#8221;Card\u00e1pio&#8221; tab_id=&#8221;1774032403218-4accc5aa-588e&#8221;][vc_column_text css=&#8221;.vc_custom_1774032715826{margin-top: 10px !important;}&#8221;]O card\u00e1pio do Restaurante Universit\u00e1rio do C\u00e2mpus V \u00e9 planejado para atender \u00e0s necessidades nutricionais dos estudantes, com foco em refei\u00e7\u00f5es nutritivas, balanceadas e de qualidade.[\/vc_column_text][\/vc_tta_section][vc_tta_section title=&#8221;Not\u00edcias&#8221; tab_id=&#8221;1774032444701-8cd8076b-34c0&#8243;][\/vc_tta_section][vc_tta_section title=&#8221;Editais&#8221; tab_id=&#8221;1774032510770-24497839-786d&#8221;][\/vc_tta_section][\/vc_tta_tabs][\/vc_column][\/vc_row]<\/p>\n<\/div>","protected":false},"excerpt":{"rendered":"<p>[vc_row][vc_column][vc_tta_tabs][vc_tta_section title=&#8221;Sobre o RU&#8221; tab_id=&#8221;1774032147383-a95daa14-37ec&#8221;][vc_column_text css=&#8221;.vc_custom_1774032660447{margin-top: 10px !important;}&#8221;]O Restaurante Universit\u00e1rio (RU) do Centro de Ci\u00eancias Biol\u00f3gicas e Sociais Aplicadas (CCBSA) da UEPB, foi implantado em 2023 como parte das pol\u00edticas de assist\u00eancia e perman\u00eancia estudantil da UEPB. O espa\u00e7o tem como finalidade garantir o acesso \u00e0 alimenta\u00e7\u00e3o adequada, segura e nutricionalmente balanceada, contribuindo para a <a class=\"leiamais\" href=\"https:\/\/centros.uepb.edu.br\/ccbsa\/restaurante-universitario\/\">Leia Mais&#8230;<\/a><\/p>\n","protected":false},"author":29,"featured_media":0,"parent":0,"menu_order":0,"comment_status":"closed","ping_status":"closed","template":"","meta":{"footnotes":""},"class_list":["post-12431","page","type-page","status-publish","hentry"],"_links":{"self":[{"href":"https:\/\/centros.uepb.edu.br\/ccbsa\/wp-json\/wp\/v2\/pages\/12431","targetHints":{"allow":["GET"]}}],"collection":[{"href":"https:\/\/centros.uepb.edu.br\/ccbsa\/wp-json\/wp\/v2\/pages"}],"about":[{"href":"https:\/\/centros.uepb.edu.br\/ccbsa\/wp-json\/wp\/v2\/types\/page"}],"author":[{"embeddable":true,"href":"https:\/\/centros.uepb.edu.br\/ccbsa\/wp-json\/wp\/v2\/users\/29"}],"replies":[{"embeddable":true,"href":"https:\/\/centros.uepb.edu.br\/ccbsa\/wp-json\/wp\/v2\/comments?post=12431"}],"version-history":[{"count":6,"href":"https:\/\/centros.uepb.edu.br\/ccbsa\/wp-json\/wp\/v2\/pages\/12431\/revisions"}],"predecessor-version":[{"id":12439,"href":"https:\/\/centros.uepb.edu.br\/ccbsa\/wp-json\/wp\/v2\/pages\/12431\/revisions\/12439"}],"wp:attachment":[{"href":"https:\/\/centros.uepb.edu.br\/ccbsa\/wp-json\/wp\/v2\/media?parent=12431"}],"curies":[{"name":"wp","href":"https:\/\/api.w.org\/{rel}","templated":true}]}}