{"id":11,"date":"2013-05-16T19:13:47","date_gmt":"2013-05-16T19:13:47","guid":{"rendered":"\/ccbsa\/?page_id=11"},"modified":"2026-03-05T16:27:17","modified_gmt":"2026-03-05T16:27:17","slug":"biblioteca","status":"publish","type":"page","link":"https:\/\/centros.uepb.edu.br\/ccbsa\/biblioteca\/","title":{"rendered":"Biblioteca"},"content":{"rendered":"<div class=\"wpb-content-wrapper\"><p>[vc_row][vc_column][vc_column_text css=&#8221;&#8221;]<strong>Bibliotec\u00e1rios<\/strong>: Ana L\u00facia Leite Santos, Kleber Trajano, Liliane Braga Holanda, Livaneide da Silva, Milena Borges, Maria Ivaneide Marcelino e Eslesb\u00e3o Santiago Neto.<br \/>\n<strong>Auxiliares de biblioteca<\/strong>: Erineu Pereira de Sousa, Josiglai Juvenal da Silva e J\u00fanio C\u00e2ndido<\/p>\n<p><strong>Endere\u00e7o<\/strong>: Rua Hor\u00e1cio Trajano de Oliveira, S\/N, Cristo Redentor, Jo\u00e3o Pessoa-PB, Cep: 58020-540<br \/>\n<strong>Hor\u00e1rio de Funcionamento:<\/strong> Segunda a sexta-feira, das 7h30min \u00e0s 21h00min<br \/>\n<strong>Telefone:<\/strong> (83) 99444-6087<br \/>\n<strong>Email<\/strong>: biblioteca.campus5@setor.uepb.edu.br<br \/>\n<strong>Instagram:<\/strong> @bsc5uepb<\/p>\n<p>A Biblioteca Setorial Afonso Pereira, com sede no Campus V Ministro Alcides Carneiro, faz parte do Sistema Integrado de Bibliotecas (SIB). Seus principais servi\u00e7os s\u00e3o a disponibiliza\u00e7\u00e3o de material informacional nos seus diversos formatos (bibliogr\u00e1ficos, audiovisuais e online), permitindo viabilizar as atividades de pesquisa, extens\u00e3o e ensino.<br \/>\nO setor conta com um total aproximado de 13.900 livros, por\u00e9m, o acervo completo\u00a0 (livros, peri\u00f3dicos, CDs, monografias e disserta\u00e7\u00f5es) compreende cerca de 15.500 pe\u00e7as, funcionando de segunda a sexta-feira, das 7h30min \u00e0s 21h30min. Possui uma \u00e1rea de 141,25m\u00b2, totalmente climatizada.<\/p>\n<p>Para mais informa\u00e7\u00f5es acesse o site do Sistema Integrado de Bibliotecas da UEPB: <a href=\"https:\/\/biblioteca.uepb.edu.br\/\">https:\/\/biblioteca.uepb.edu.br\/<\/a>.[\/vc_column_text][\/vc_column][\/vc_row]<\/p>\n<\/div>","protected":false},"excerpt":{"rendered":"<p>[vc_row][vc_column][vc_column_text css=&#8221;&#8221;]Bibliotec\u00e1rios: Ana L\u00facia Leite Santos, Kleber Trajano, Liliane Braga Holanda, Livaneide da Silva, Milena Borges, Maria Ivaneide Marcelino e Eslesb\u00e3o Santiago Neto. Auxiliares de biblioteca: Erineu Pereira de Sousa, Josiglai Juvenal da Silva e J\u00fanio C\u00e2ndido Endere\u00e7o: Rua Hor\u00e1cio Trajano de Oliveira, S\/N, Cristo Redentor, Jo\u00e3o Pessoa-PB, Cep: 58020-540 Hor\u00e1rio de Funcionamento: Segunda a <a class=\"leiamais\" href=\"https:\/\/centros.uepb.edu.br\/ccbsa\/biblioteca\/\">Leia Mais&#8230;<\/a><\/p>\n","protected":false},"author":8,"featured_media":9144,"parent":0,"menu_order":41,"comment_status":"open","ping_status":"open","template":"","meta":{"footnotes":""},"class_list":["post-11","page","type-page","status-publish","has-post-thumbnail","hentry"],"_links":{"self":[{"href":"https:\/\/centros.uepb.edu.br\/ccbsa\/wp-json\/wp\/v2\/pages\/11","targetHints":{"allow":["GET"]}}],"collection":[{"href":"https:\/\/centros.uepb.edu.br\/ccbsa\/wp-json\/wp\/v2\/pages"}],"about":[{"href":"https:\/\/centros.uepb.edu.br\/ccbsa\/wp-json\/wp\/v2\/types\/page"}],"author":[{"embeddable":true,"href":"https:\/\/centros.uepb.edu.br\/ccbsa\/wp-json\/wp\/v2\/users\/8"}],"replies":[{"embeddable":true,"href":"https:\/\/centros.uepb.edu.br\/ccbsa\/wp-json\/wp\/v2\/comments?post=11"}],"version-history":[{"count":2,"href":"https:\/\/centros.uepb.edu.br\/ccbsa\/wp-json\/wp\/v2\/pages\/11\/revisions"}],"predecessor-version":[{"id":12398,"href":"https:\/\/centros.uepb.edu.br\/ccbsa\/wp-json\/wp\/v2\/pages\/11\/revisions\/12398"}],"wp:featuredmedia":[{"embeddable":true,"href":"https:\/\/centros.uepb.edu.br\/ccbsa\/wp-json\/wp\/v2\/media\/9144"}],"wp:attachment":[{"href":"https:\/\/centros.uepb.edu.br\/ccbsa\/wp-json\/wp\/v2\/media?parent=11"}],"curies":[{"name":"wp","href":"https:\/\/api.w.org\/{rel}","templated":true}]}}