{"id":9,"date":"2022-05-10T16:00:32","date_gmt":"2022-05-10T16:00:32","guid":{"rendered":"\/ccbs\/?page_id=9"},"modified":"2022-05-25T17:47:06","modified_gmt":"2022-05-25T17:47:06","slug":"sobre","status":"publish","type":"page","link":"https:\/\/centros.uepb.edu.br\/ccbs\/sobre\/","title":{"rendered":"Sobre"},"content":{"rendered":"<div class=\"wpb-content-wrapper\"><p>[vc_row][vc_column][vc_text_separator title=&#8221;Bem-vindo ao CCBS&#8221; title_align=&#8221;separator_align_left&#8221;][\/vc_column][\/vc_row][vc_row gap=&#8221;30&#8243;][vc_column width=&#8221;2\/3&#8243;][vc_column_text]<span style=\"font-size: 14pt;\"><strong>Miss\u00e3o<\/strong><\/span><\/p>\n<p style=\"text-align: justify;\">A miss\u00e3o do Centro de Ci\u00eancias Biol\u00f3gicas e da Sa\u00fade &#8211; CCBS \u00e9 formar profissionais qualificados, cr\u00edticos e socialmente comprometidos nos Cursos de Enfermagem, Farm\u00e1cia, Fisioterapia, Odontologia, Biologia, Educa\u00e7\u00e3o F\u00edsica e Psicologia, atrav\u00e9s do ensino, da pesquisa e da extens\u00e3o. Al\u00e9m disso, oferece uma rede de aten\u00e7\u00e3o \u00e0 sa\u00fade atrav\u00e9s das cl\u00ednicas escola e laborat\u00f3rios que comp\u00f5em o CCBS, uma vez que servem tanto a comunidade da UEPB como a sociedade em geral.<\/p>\n<p>[\/vc_column_text][\/vc_column][vc_column width=&#8221;1\/3&#8243;][vc_single_image image=&#8221;1161066&#8243; img_size=&#8221;full&#8221; onclick=&#8221;link_image&#8221;][\/vc_column][\/vc_row]<\/p>\n<\/div>","protected":false},"excerpt":{"rendered":"<p>[vc_row][vc_column][vc_text_separator title=&#8221;Bem-vindo ao CCBS&#8221; title_align=&#8221;separator_align_left&#8221;][\/vc_column][\/vc_row][vc_row gap=&#8221;30&#8243;][vc_column width=&#8221;2\/3&#8243;][vc_column_text]Miss\u00e3o A miss\u00e3o do Centro de Ci\u00eancias Biol\u00f3gicas e da Sa\u00fade &#8211; CCBS \u00e9 formar profissionais qualificados, cr\u00edticos e socialmente comprometidos nos Cursos de Enfermagem, Farm\u00e1cia, Fisioterapia, Odontologia, Biologia, Educa\u00e7\u00e3o F\u00edsica e Psicologia, atrav\u00e9s do ensino, da pesquisa e da extens\u00e3o. Al\u00e9m disso, oferece uma rede de aten\u00e7\u00e3o \u00e0 <a class=\"leiamais\" href=\"https:\/\/centros.uepb.edu.br\/ccbs\/sobre\/\">Leia Mais&#8230;<\/a><\/p>\n","protected":false},"author":26,"featured_media":0,"parent":0,"menu_order":0,"comment_status":"open","ping_status":"open","template":"","meta":{"jetpack_post_was_ever_published":false,"footnotes":""},"class_list":["post-9","page","type-page","status-publish","hentry"],"jetpack_sharing_enabled":true,"jetpack_shortlink":"https:\/\/wp.me\/P7WTD4-9","_links":{"self":[{"href":"https:\/\/centros.uepb.edu.br\/ccbs\/wp-json\/wp\/v2\/pages\/9","targetHints":{"allow":["GET"]}}],"collection":[{"href":"https:\/\/centros.uepb.edu.br\/ccbs\/wp-json\/wp\/v2\/pages"}],"about":[{"href":"https:\/\/centros.uepb.edu.br\/ccbs\/wp-json\/wp\/v2\/types\/page"}],"author":[{"embeddable":true,"href":"https:\/\/centros.uepb.edu.br\/ccbs\/wp-json\/wp\/v2\/users\/26"}],"replies":[{"embeddable":true,"href":"https:\/\/centros.uepb.edu.br\/ccbs\/wp-json\/wp\/v2\/comments?post=9"}],"version-history":[{"count":0,"href":"https:\/\/centros.uepb.edu.br\/ccbs\/wp-json\/wp\/v2\/pages\/9\/revisions"}],"wp:attachment":[{"href":"https:\/\/centros.uepb.edu.br\/ccbs\/wp-json\/wp\/v2\/media?parent=9"}],"curies":[{"name":"wp","href":"https:\/\/api.w.org\/{rel}","templated":true}]}}