{"id":273,"date":"2016-04-26T14:29:08","date_gmt":"2016-04-26T14:29:08","guid":{"rendered":"https:\/\/centros.uepb.edu.br\/ccbs\/?page_id=273"},"modified":"2025-02-03T14:44:17","modified_gmt":"2025-02-03T14:44:17","slug":"direcao","status":"publish","type":"page","link":"https:\/\/centros.uepb.edu.br\/ccbs\/direcao\/","title":{"rendered":"Dire\u00e7\u00e3o"},"content":{"rendered":"<p><strong>Dire\u00e7\u00e3o de Centro<\/strong><\/p>\n<p>Prof\u00aa Dr\u00aa Giselda F\u00e9lix Coutinho<br \/>\n<strong>E-mail: <\/strong>giseldafc@servidor.uepb.edu.br<\/p>\n<p><strong>Dire\u00e7\u00e3o Adjunta de Centro<\/strong><\/p>\n<p>Prof\u00aa Dr\u00aa Eliana Maia Vieira<br \/>\n<strong>E-mail: <\/strong>eliana65@servidor.uepb.edu.br<\/p>\n<p><span style=\"font-size: 12pt\"><strong>Secret\u00e1ria<\/strong><\/span><\/p>\n<p><span style=\"font-size: 12pt\">Andr\u00e9a Karla Figueiredo de Sousa<\/span><\/p>\n<p><strong>E-mail: <\/strong>andreakarla@servidor.uepb.edu.br<\/p>\n<p>&nbsp;<\/p>\n","protected":false},"excerpt":{"rendered":"<p>Dire\u00e7\u00e3o de Centro Prof\u00aa Dr\u00aa Giselda F\u00e9lix Coutinho E-mail: giseldafc@servidor.uepb.edu.br Dire\u00e7\u00e3o Adjunta de Centro Prof\u00aa Dr\u00aa Eliana Maia Vieira E-mail: eliana65@servidor.uepb.edu.br Secret\u00e1ria Andr\u00e9a Karla Figueiredo de Sousa E-mail: andreakarla@servidor.uepb.edu.br &nbsp;<\/p>\n","protected":false},"author":26,"featured_media":0,"parent":0,"menu_order":0,"comment_status":"closed","ping_status":"closed","template":"","meta":{"jetpack_post_was_ever_published":false,"footnotes":""},"class_list":["post-273","page","type-page","status-publish","hentry"],"jetpack_sharing_enabled":true,"jetpack_shortlink":"https:\/\/wp.me\/P7WTD4-4p","_links":{"self":[{"href":"https:\/\/centros.uepb.edu.br\/ccbs\/wp-json\/wp\/v2\/pages\/273","targetHints":{"allow":["GET"]}}],"collection":[{"href":"https:\/\/centros.uepb.edu.br\/ccbs\/wp-json\/wp\/v2\/pages"}],"about":[{"href":"https:\/\/centros.uepb.edu.br\/ccbs\/wp-json\/wp\/v2\/types\/page"}],"author":[{"embeddable":true,"href":"https:\/\/centros.uepb.edu.br\/ccbs\/wp-json\/wp\/v2\/users\/26"}],"replies":[{"embeddable":true,"href":"https:\/\/centros.uepb.edu.br\/ccbs\/wp-json\/wp\/v2\/comments?post=273"}],"version-history":[{"count":0,"href":"https:\/\/centros.uepb.edu.br\/ccbs\/wp-json\/wp\/v2\/pages\/273\/revisions"}],"wp:attachment":[{"href":"https:\/\/centros.uepb.edu.br\/ccbs\/wp-json\/wp\/v2\/media?parent=273"}],"curies":[{"name":"wp","href":"https:\/\/api.w.org\/{rel}","templated":true}]}}