{"id":22,"date":"2013-08-19T19:54:51","date_gmt":"2013-08-19T19:54:51","guid":{"rendered":"\/ccbs\/?page_id=22"},"modified":"2025-10-01T14:44:55","modified_gmt":"2025-10-01T14:44:55","slug":"laboratorios","status":"publish","type":"page","link":"https:\/\/centros.uepb.edu.br\/ccbs\/laboratorios\/","title":{"rendered":"Laborat\u00f3rios"},"content":{"rendered":"<div class=\"wpb-content-wrapper\"><p>[vc_row gap=&#8221;30&#8243;][vc_column width=&#8221;1\/3&#8243;][vc_text_separator title=&#8221;Multiusu\u00e1rios&#8221; title_align=&#8221;separator_align_left&#8221;][vc_column_text]<\/p>\n<ul>\n<li>Microbiologia<\/li>\n<li>Anatomia<\/li>\n<li>Parasitologia<\/li>\n<li>Histologia e Embriologia<\/li>\n<\/ul>\n<p>[\/vc_column_text][\/vc_column][vc_column width=&#8221;2\/3&#8243;][vc_text_separator title=&#8221;Espec\u00edficos&#8221; title_align=&#8221;separator_align_left&#8221;][vc_row_inner][vc_column_inner width=&#8221;1\/2&#8243;][vc_column_text]Biologia<\/p>\n<ul>\n<li><a href=\"http:\/\/www.leveuepbsemiarido.blogspot.com.br\/\" target=\"_blank\" rel=\"noopener\">Laborat\u00f3rio de Ecologia Vegetal<\/a><\/li>\n<li>Laborat\u00f3rio de Biologia Marinha<\/li>\n<li>Laborat\u00f3rio de Bot\u00e3nica<\/li>\n<li>Laborat\u00f3rio de Ecologia de Benthos<\/li>\n<\/ul>\n<p>Odontologia<\/p>\n<ul>\n<li>Laborat\u00f3rio de Histopatologia<\/li>\n<li>Laborat\u00f3rio ( Banco de dentes)<\/li>\n<\/ul>\n<p>[\/vc_column_text][\/vc_column_inner][vc_column_inner width=&#8221;1\/2&#8243;][vc_column_text css=&#8221;&#8221;]Farm\u00e1cia<\/p>\n<ul>\n<li>CERTBIO ( Laborat\u00f3rio de Avalia\u00e7\u00e3o e Desenvolvimento de Biomateriais do Nordeste)<\/li>\n<li>Farm\u00e1cia Escola<\/li>\n<li>LAC ( Laborat\u00f3rio de An\u00e1lises Cl\u00ednicas)<\/li>\n<li>LABDEM ( Laborat\u00f3rio de Desenvolvimento e Ensaios de Medicamentos)<\/li>\n<\/ul>\n<p>&nbsp;<\/p>\n<p>LAC &#8211; Laborat\u00f3rio de An\u00e1lises Cl\u00ednicas<\/p>\n<p>Coordenadora do LAC<\/p>\n<ul>\n<li>Prof\u00aa Dr\u00aa Maria Auxiliadora Lins da Cunha<\/li>\n<li>auxiliadora@servidor.uepb.edu.br<\/li>\n<\/ul>\n<p>[\/vc_column_text][\/vc_column_inner][\/vc_row_inner][\/vc_column][\/vc_row]<\/p>\n<\/div>","protected":false},"excerpt":{"rendered":"<p>[vc_row gap=&#8221;30&#8243;][vc_column width=&#8221;1\/3&#8243;][vc_text_separator title=&#8221;Multiusu\u00e1rios&#8221; title_align=&#8221;separator_align_left&#8221;][vc_column_text] Microbiologia Anatomia Parasitologia Histologia e Embriologia [\/vc_column_text][\/vc_column][vc_column width=&#8221;2\/3&#8243;][vc_text_separator title=&#8221;Espec\u00edficos&#8221; title_align=&#8221;separator_align_left&#8221;][vc_row_inner][vc_column_inner width=&#8221;1\/2&#8243;][vc_column_text]Biologia Laborat\u00f3rio de Ecologia Vegetal Laborat\u00f3rio de Biologia Marinha Laborat\u00f3rio de Bot\u00e3nica Laborat\u00f3rio de Ecologia de Benthos Odontologia Laborat\u00f3rio de Histopatologia Laborat\u00f3rio ( Banco de dentes) [\/vc_column_text][\/vc_column_inner][vc_column_inner width=&#8221;1\/2&#8243;][vc_column_text css=&#8221;&#8221;]Farm\u00e1cia CERTBIO ( Laborat\u00f3rio de Avalia\u00e7\u00e3o e Desenvolvimento de Biomateriais do Nordeste) <a class=\"leiamais\" href=\"https:\/\/centros.uepb.edu.br\/ccbs\/laboratorios\/\">Leia Mais&#8230;<\/a><\/p>\n","protected":false},"author":14,"featured_media":0,"parent":0,"menu_order":0,"comment_status":"open","ping_status":"open","template":"","meta":{"jetpack_post_was_ever_published":false,"footnotes":""},"class_list":["post-22","page","type-page","status-publish","hentry"],"jetpack_sharing_enabled":true,"jetpack_shortlink":"https:\/\/wp.me\/P7WTD4-m","_links":{"self":[{"href":"https:\/\/centros.uepb.edu.br\/ccbs\/wp-json\/wp\/v2\/pages\/22","targetHints":{"allow":["GET"]}}],"collection":[{"href":"https:\/\/centros.uepb.edu.br\/ccbs\/wp-json\/wp\/v2\/pages"}],"about":[{"href":"https:\/\/centros.uepb.edu.br\/ccbs\/wp-json\/wp\/v2\/types\/page"}],"author":[{"embeddable":true,"href":"https:\/\/centros.uepb.edu.br\/ccbs\/wp-json\/wp\/v2\/users\/14"}],"replies":[{"embeddable":true,"href":"https:\/\/centros.uepb.edu.br\/ccbs\/wp-json\/wp\/v2\/comments?post=22"}],"version-history":[{"count":2,"href":"https:\/\/centros.uepb.edu.br\/ccbs\/wp-json\/wp\/v2\/pages\/22\/revisions"}],"predecessor-version":[{"id":1169143,"href":"https:\/\/centros.uepb.edu.br\/ccbs\/wp-json\/wp\/v2\/pages\/22\/revisions\/1169143"}],"wp:attachment":[{"href":"https:\/\/centros.uepb.edu.br\/ccbs\/wp-json\/wp\/v2\/media?parent=22"}],"curies":[{"name":"wp","href":"https:\/\/api.w.org\/{rel}","templated":true}]}}