{"id":172,"date":"2014-07-24T13:15:31","date_gmt":"2014-07-24T13:15:31","guid":{"rendered":"https:\/\/centros.uepb.edu.br\/ccbs\/?page_id=172"},"modified":"2014-07-24T13:15:31","modified_gmt":"2014-07-24T13:15:31","slug":"psicologia-desenvolvimento-e-educacao-cnpquepb","status":"publish","type":"page","link":"https:\/\/centros.uepb.edu.br\/ccbs\/psicologia-desenvolvimento-e-educacao-cnpquepb\/","title":{"rendered":"Psicologia, Desenvolvimento e Educa\u00e7\u00e3o \u2013 CNPq\/UEPB"},"content":{"rendered":"<p>Status do grupo: Certificado<\/p>\n<p>\u00c1rea Predominante: Psicologia<\/p>\n<p>Institui\u00e7\u00e3o: UEPB Universidade Estadual da Para\u00edba<\/p>\n<p>Ano de Cria\u00e7\u00e3o: 2007<\/p>\n<p>L\u00edder(es):<\/p>\n<ul>\n<li>La\u00e9rcia Maria Bertulina de Medeiros<\/li>\n<li>Ana Cristina Rabelo Loureiro<\/li>\n<\/ul>\n<p>O Grupo de Pesquisa Psicologia, Desenvolvimento e Educa\u00e7\u00e3o \u00e9 composto por professores que atuam na \u00e1rea de Psicologia Educacional e na \u00e1rea de Educa\u00e7\u00e3o, alguns em n\u00edvel de doutorado, outros em n\u00edvel de mestrado. Uma dos principais objetivos do grupo \u00e9 o aprimoramento te\u00f3rico e metodol\u00f3gico no trato com a pesquisa cient\u00edfica e sua consequente correla\u00e7\u00e3o com as demandas sociais emergentes.<\/p>\n<p>O grupo vem desenvolvendo desde 2007atividades de pesquisa e extens\u00e3o junto aos alunos de gradua\u00e7\u00e3o no Departamento de Psicologia( vinculadas \u00e0 componentes curriculares de Pesquisa, Extens\u00e3o, Est\u00e1gios e Trabalhos de Conclus\u00e3o de Curso) que contribuem para a produ\u00e7\u00e3o de artigos, participa\u00e7\u00e3o em eventos nacionais e internacionais. Foram realizados tamb\u00e9m alguns semin\u00e1rios e encontros, no \u00e2mbito da Universidade Estadual da Para\u00edba, voltados para profissionais e estudantes envolvidos com a tem\u00e1tica Psicologia, Desenvolvimento e Educa\u00e7\u00e3o. Todas as atividades do grupo contemplam, portanto, a Educa\u00e7\u00e3o Infantil,Forma\u00e7\u00e3o de Educadores, Subjetividade Humana, Pol\u00edticas P\u00fablicas de Educa\u00e7\u00e3o, Desenvolvimento Humano e Promo\u00e7\u00e3o da Sa\u00fade.<\/p>\n<p>Conta-se tamb\u00e9m com a participa\u00e7\u00e3o de alguns docentes do Departamento de Educa\u00e7\u00e3o e Educa\u00e7\u00e3o a Dist\u00e2ncia, ministrando componentes curriculares como: Psicologia e Educa\u00e7\u00e3o, Psicologia, Desenvolvimento e Aprendizagem, Orienta\u00e7\u00e3o Sexual, Hist\u00f3ria da Educa\u00e7\u00e3o, Educa\u00e7\u00e3o a Dist\u00e2ncia.<\/p>\n<p>Pesquisadores:<\/p>\n<ul>\n<li>Ana Cristina Rabelo Loureiro<\/li>\n<li>Carolina Cavalcanti Bezerra<\/li>\n<li>Jos\u00e9 Andrade Costa Filho<\/li>\n<li>Laercia Maria Bertulina de Medeiros<\/li>\n<li>Sebastian Sanchez Martin<\/li>\n<\/ul>\n<p>&nbsp;<\/p>\n","protected":false},"excerpt":{"rendered":"<p>Status do grupo: Certificado \u00c1rea Predominante: Psicologia Institui\u00e7\u00e3o: UEPB Universidade Estadual da Para\u00edba Ano de Cria\u00e7\u00e3o: 2007 L\u00edder(es): La\u00e9rcia Maria Bertulina de Medeiros Ana Cristina Rabelo Loureiro O Grupo de Pesquisa Psicologia, Desenvolvimento e Educa\u00e7\u00e3o \u00e9 composto por professores que atuam na \u00e1rea de Psicologia Educacional e na \u00e1rea de Educa\u00e7\u00e3o, alguns em n\u00edvel de <a class=\"leiamais\" href=\"https:\/\/centros.uepb.edu.br\/ccbs\/psicologia-desenvolvimento-e-educacao-cnpquepb\/\">Leia Mais&#8230;<\/a><\/p>\n","protected":false},"author":1,"featured_media":0,"parent":0,"menu_order":0,"comment_status":"open","ping_status":"open","template":"","meta":{"footnotes":""},"class_list":["post-172","page","type-page","status-publish","hentry"],"jetpack_sharing_enabled":true,"jetpack_shortlink":"https:\/\/wp.me\/P7WTD4-2M","_links":{"self":[{"href":"https:\/\/centros.uepb.edu.br\/ccbs\/wp-json\/wp\/v2\/pages\/172","targetHints":{"allow":["GET"]}}],"collection":[{"href":"https:\/\/centros.uepb.edu.br\/ccbs\/wp-json\/wp\/v2\/pages"}],"about":[{"href":"https:\/\/centros.uepb.edu.br\/ccbs\/wp-json\/wp\/v2\/types\/page"}],"author":[{"embeddable":true,"href":"https:\/\/centros.uepb.edu.br\/ccbs\/wp-json\/wp\/v2\/users\/1"}],"replies":[{"embeddable":true,"href":"https:\/\/centros.uepb.edu.br\/ccbs\/wp-json\/wp\/v2\/comments?post=172"}],"version-history":[{"count":0,"href":"https:\/\/centros.uepb.edu.br\/ccbs\/wp-json\/wp\/v2\/pages\/172\/revisions"}],"wp:attachment":[{"href":"https:\/\/centros.uepb.edu.br\/ccbs\/wp-json\/wp\/v2\/media?parent=172"}],"curies":[{"name":"wp","href":"https:\/\/api.w.org\/{rel}","templated":true}]}}