{"id":17,"date":"2013-08-19T19:52:37","date_gmt":"2013-08-19T19:52:37","guid":{"rendered":"\/ccbs\/?page_id=17"},"modified":"2025-10-01T14:40:16","modified_gmt":"2025-10-01T14:40:16","slug":"cursos","status":"publish","type":"page","link":"https:\/\/centros.uepb.edu.br\/ccbs\/cursos\/","title":{"rendered":"Cursos"},"content":{"rendered":"<div class=\"wpb-content-wrapper\"><p>[vc_row][vc_column][vc_tta_accordion c_icon=&#8221;triangle&#8221; active_section=&#8221;&#8221; collapsible_all=&#8221;true&#8221;][vc_tta_section title=&#8221;Farm\u00e1cia \u2013 Bacharelado&#8221; tab_id=&#8221;1653499677678-5c8fd601-88fe&#8221;][vc_column_text css=&#8221;&#8221;]Coordenadora do Curso<\/p>\n<ul>\n<li>Prof\u00aa Dr\u00aa Maria do Socorro Rocha Melo Peixoto<\/li>\n<li>socorrorocha@servidor.uepb.edu.br<\/li>\n<\/ul>\n<p>Coordenadora Adjunta<\/p>\n<ul>\n<li>Prof\u00aa Ms Zilka Nanes Lima<\/li>\n<li>profa_zilka@servidor.uepb.edu.br<\/li>\n<\/ul>\n<p>Chefe do Departamento<\/p>\n<ul>\n<li>Prof\u00aa Dr\u00aa Maricelma Ribeiro Morais<\/li>\n<li>maricelma.ribeiro@servidor.uepb.edu.br<\/li>\n<\/ul>\n<p>Chefe Adjunta do Departamento<\/p>\n<ul>\n<li>Prof\u00aa Dr\u00aa Ivana Maria Fechine<\/li>\n<li>ivana.fechine@servidor.uepb.edu.br<\/li>\n<\/ul>\n<p>[\/vc_column_text][\/vc_tta_section][vc_tta_section title=&#8221;Ci\u00eancias Biol\u00f3gicas \u2013 Licenciatura (Noturno e Diurno) e Bacharelado (Diurno)&#8221; tab_id=&#8221;1653499677686-8544e328-8897&#8243;][vc_column_text css=&#8221;&#8221;]<strong>Coordena\u00e7\u00e3o curso &#8211; Bacharelado em Ci\u00eancias Biol\u00f3gicas<\/strong><\/p>\n<ul>\n<li>coord.bach.biologia.ccbs@setor.uepb.edu.br<\/li>\n<\/ul>\n<p>Coordenadora do Curso de Biologia &#8211; Bacharelado<\/p>\n<ul>\n<li>Prof\u00aa Dr\u00aa Shirley Rangel Germano<\/li>\n<li>srangel@servidor.uepb.edu.br<\/li>\n<\/ul>\n<p>Coordenador Adjunto do Curso de Biologia &#8211; Bacharelado<\/p>\n<ul>\n<li>Prof\u00ba Dr\u00ba Thiago de Oliveira Assis<\/li>\n<li>thiago.anatomia@servidor.uepb.edu.br<\/li>\n<\/ul>\n<p><strong>Coordena\u00e7\u00e3o curso &#8211; Licenciatura em Ci\u00eancias Biol\u00f3gicas<\/strong><\/p>\n<ul>\n<li>coord.lic.biologia.ccbs@setor.uepb.br<\/li>\n<\/ul>\n<p>Coordenador do Curso de Biologia &#8211; Licenciatura<\/p>\n<ul>\n<li>Prof\u00ba\u00a0 Dr\u00ba Mathias Weller<\/li>\n<li>mathias_weller@servidor.uepb.edu.br<\/li>\n<\/ul>\n<p>Coordenador Adjunto do Curso de Biologia &#8211; Licenciatura<\/p>\n<ul>\n<li>Prof\u00ba\u00a0 Dr\u00ba Sim\u00e3o Lindozo de Souza<\/li>\n<li>simao@servidor.uepb.edu.br<\/li>\n<\/ul>\n<p>Chefe do Departamento de Biologia<\/p>\n<ul>\n<li>Prof\u00aa Dr\u00aa Aline dos Santos de Maman<\/li>\n<li>alinedemaman@servidor.uepb.edu.br<\/li>\n<\/ul>\n<p>Chefe Adjunto do Departamento de Biologia<\/p>\n<ul>\n<li>Prof\u00ba Dr\u00ba Andr\u00e9 Luiz Machado Pessanha<\/li>\n<li>andrepessanha@servidor.uepb.edu.br<\/li>\n<\/ul>\n<p>[\/vc_column_text][\/vc_tta_section][vc_tta_section title=&#8221;Odontologia \u2013 Bacharelado&#8221; tab_id=&#8221;1653499750870-5cb6c9de-9bdf&#8221;][vc_column_text css=&#8221;&#8221;]Coordenadora do curso de Odontologia<\/p>\n<ul>\n<li>Prof \u00aa Dr\u00aa Carmem L\u00facia Soares Gomes de Medeiros<\/li>\n<li>profcarmen@servidor.uepb.edu.br<\/li>\n<\/ul>\n<p>Coordenadora Adjunta do curso de Odontologia<\/p>\n<ul>\n<li><\/li>\n<\/ul>\n<p>Chefe do Departamento de Odontologia<\/p>\n<ul>\n<li>Prof\u00aa Esp Mouna Noujaim Habib<\/li>\n<li>mouna@servidor.uepb.edu.br<\/li>\n<\/ul>\n<p>Chefe Adjunto do Departamento de Odontologia<\/p>\n<ul>\n<li>Prof\u00ba Dr\u00ba S\u00e9rgio Davila Lins Bezerra Cavalcanti<\/li>\n<li>davila@servidor.uepb.edu.br<\/li>\n<\/ul>\n<p>Coordenadora da cl\u00ednica<\/p>\n<ul>\n<li>Prof\u00aa Dr\u00aa Maria Helena Chaves de Vasconcelos Cat\u00e3o<\/li>\n<li>mhelenact@servidor.uepb.edu.br<\/li>\n<\/ul>\n<p>[\/vc_column_text][\/vc_tta_section][vc_tta_section title=&#8221;Fisioterapia \u2013 Bacharelado&#8221; tab_id=&#8221;1653499753654-d627e36b-f78e&#8221;][vc_column_text css=&#8221;&#8221;]Chefe do Departamento de Fisioterapia<\/p>\n<ul>\n<li>Prof\u00aa Dr\u00aa Alecsandra Ferreira Tomaz<\/li>\n<li>alecsandra.tomaz@servidor.uepb.edu.br<\/li>\n<\/ul>\n<p>Chefe Adjunta do Departamento de Fisioterapia<\/p>\n<ul>\n<li>Prof\u00aa Dr\u00aa Ana Tereza do Nascimento Sales Figueiredo Fernandes<\/li>\n<li>anaterezafernandes@servidor.uepb.edu.br<\/li>\n<\/ul>\n<p>Coordenador do Curso de Fisioterapia<\/p>\n<ul>\n<li>Prof\u00ba D\u00e1sio Jos\u00e9 de Ara\u00fajo Pereira<\/li>\n<li>dasiojose@servidor.uepb.edu.br<\/li>\n<\/ul>\n<p>Coordenador Adjunto do curso de Fisioterapia<\/p>\n<ul>\n<li>Prof\u00ba Dr\u00ba Danilo de Almeida Vasconcelos<\/li>\n<li>danilovasconcelos@servidor.uepb.edu.br<\/li>\n<\/ul>\n<p>Coordenadora da cl\u00ednica de Fisioterapia<\/p>\n<ul>\n<li>Prof\u00aa Dr\u00aa Ana J\u00e9ssica dos Santos Sousa<\/li>\n<li>ana.jessica@servidor.uepb.edu.br<\/li>\n<\/ul>\n<p>[\/vc_column_text][\/vc_tta_section][vc_tta_section title=&#8221;Educa\u00e7\u00e3o F\u00edsica&#8221; tab_id=&#8221;1653499754660-cded9008-188a&#8221;][vc_column_text]Cria\u00e7\u00e3o: Resolu\u00e7\u00e3o CONSEPE \u2013 N.\u00ba 11\/78 \u2013 Data: 26\/05\/78<\/p>\n<p>Reconhecimento: Portaria MEC N.\u00ba 436\/84 \u2013 Data: 25\/10\/84[\/vc_column_text][vc_row_inner gap=&#8221;30&#8243;][vc_column_inner width=&#8221;1\/2&#8243;][vc_text_separator title=&#8221;Modalidade: Licenciatura Plena&#8221; title_align=&#8221;separator_align_left&#8221;][vc_column_text css=&#8221;&#8221;]Estrutura Curricular:<\/p>\n<p>Forma\u00e7\u00e3o Ampliada:<\/p>\n<ul>\n<li>Conhecimento do Ser Humano-Sociedade<\/li>\n<li>Conhecimento Biol\u00f3gico do Corpo Humano<\/li>\n<li>Produ\u00e7\u00e3o do Conhecimento Cient\u00edfico e Tecnol\u00f3gico<\/li>\n<\/ul>\n<p>Forma\u00e7\u00e3o Espec\u00edfica<\/p>\n<ul>\n<li>Conhecimentos Culturais do Movimento Humano<\/li>\n<li>Conhecimento T\u00e9cnico-Instrumental<\/li>\n<li>Conhecimento Did\u00e1tico-Pedag\u00f3gico<\/li>\n<\/ul>\n<p>Linhas de Pesquisa\/Extens\u00e3o<\/p>\n<ul>\n<li>Atividade F\u00edsica Adaptada<\/li>\n<li>Atividade F\u00edsica e Sa\u00fade<\/li>\n<li>Pol\u00edticas P\u00fablicas de Esporte e Lazer<\/li>\n<li>Pensamento Pedag\u00f3gico da Educa\u00e7\u00e3o F\u00edsica Brasileira<\/li>\n<\/ul>\n<p>Coordenador do Curso de Educa\u00e7\u00e3o F\u00edsica<\/p>\n<ul>\n<li>Prof\u00ba Dr\u00ba Eduardo Ribeiro Dantas<\/li>\n<li>dudadantas@servidor.uepb.edu.br<\/li>\n<\/ul>\n<p>Coordenador Adjunto do Curso de Educa\u00e7\u00e3o F\u00edsica<\/p>\n<ul>\n<li>Prof\u00ba\u00a0 Me. Jose Eugenio Eloi Moura<\/li>\n<li>eugeniomoura@servidor.uepb.edu.br<\/li>\n<\/ul>\n<p>Chefe do Departamento de Educa\u00e7\u00e3o F\u00edsica<\/p>\n<ul>\n<li>Prof\u00aa Dr\u00aa Maria Goretti da Cunha Lisboa<\/li>\n<li>gorettilisboa@servidor.uepb.edu.br<\/li>\n<\/ul>\n<p>Chefe Adjunta do Departamento de Educa\u00e7\u00e3o F\u00edsica<\/p>\n<ul>\n<li>Prof\u00aa Dr\u00aa Jozilma de Medeiros Gonzaga<\/li>\n<li>jozilmam@servidor.uepb.edu.br<\/li>\n<\/ul>\n<p>Email: coord.lic.edfisica.ccbs@setor.uepb.edu.br[\/vc_column_text][\/vc_column_inner][vc_column_inner width=&#8221;1\/2&#8243;][vc_text_separator title=&#8221;Modalidade: Bacharelado&#8221; title_align=&#8221;separator_align_left&#8221;][vc_column_text]Coordenador do curso<\/p>\n<ul>\n<li>Prof\u00ba Dr\u00ba Josenaldo Lopes Dias<\/li>\n<li>josenaldold@servidor.uepb.edu.br<\/li>\n<\/ul>\n<p>Coordenador Adjunto<\/p>\n<ul>\n<li>Prof\u00ba Dr\u00ba Adjailson Fernandes Coutinho<\/li>\n<li>adjailson.fc@servidor.uepb.edu.br<\/li>\n<\/ul>\n<p>Email: coord.bac.edfisica.ccbs@setor.uepb.edu.br<\/p>\n<p>Contatos:<\/p>\n<ul>\n<li>3315-3456 ( Coordena\u00e7\u00e3o)<\/li>\n<li>3315-3455 ( Secretaria)<\/li>\n<li>3315-3454 ( Chefia)<\/li>\n<\/ul>\n<p>[\/vc_column_text][\/vc_column_inner][\/vc_row_inner][\/vc_tta_section][vc_tta_section title=&#8221;Psicologia \u2013 Bacharelado&#8221; tab_id=&#8221;1653499755363-8deef20e-767e&#8221;][vc_row_inner gap=&#8221;30&#8243; css=&#8221;.vc_custom_1653500239571{margin-top: 20px !important;}&#8221;][vc_column_inner width=&#8221;1\/2&#8243;][vc_text_separator title=&#8221;Corpo Docente&#8221; title_align=&#8221;separator_align_left&#8221; align=&#8221;align_left&#8221;][vc_column_text]<\/p>\n<ul>\n<li><a href=\"http:\/\/lattes.cnpq.br\/4566726149678540\" target=\"_blank\" rel=\"noopener\">Aline Lobato Costa<\/a><\/li>\n<li><a href=\"http:\/\/lattes.cnpq.br\/9727939560853050\" target=\"_blank\" rel=\"noopener\">Antonio Guedes Rangel Junior<\/a><\/li>\n<li><a href=\"http:\/\/lattes.cnpq.br\/5226610546283365\" target=\"_blank\" rel=\"noopener\">Carla de Santana Brand\u00e3o Costa<\/a><\/li>\n<li><a href=\"http:\/\/lattes.cnpq.br\/2593620066613335\" target=\"_blank\" rel=\"noopener\">Cristina Miyuki Hashizume<\/a><\/li>\n<li><a href=\"http:\/\/lattes.cnpq.br\/4320349542612074\" target=\"_blank\" rel=\"noopener\">Edil Ferreira da Silva<\/a><\/li>\n<li><a href=\"http:\/\/lattes.cnpq.br\/8697801918046472\" target=\"_blank\" rel=\"noopener\">Francinaldo do Monte Pinto<\/a><\/li>\n<li><a href=\"http:\/\/lattes.cnpq.br\/6804856806310214\" target=\"_blank\" rel=\"noopener\">Gilvan de Melo Santos<\/a><\/li>\n<li><a href=\"http:\/\/lattes.cnpq.br\/4267026825056917\" target=\"_blank\" rel=\"noopener\">Jadcely Rodrigues Vieira<\/a><\/li>\n<li><a href=\"http:\/\/lattes.cnpq.br\/4474554035848865\" target=\"_blank\" rel=\"noopener\">Jailma Souto Oliveira da Silva<\/a><\/li>\n<li><a href=\"http:\/\/lattes.cnpq.br\/8978875064604208\" target=\"_blank\" rel=\"noopener\">Jorge Dellane da Silva Brito<\/a><\/li>\n<li><a href=\"http:\/\/lattes.cnpq.br\/4409771813007092\" target=\"_blank\" rel=\"noopener\">Jos\u00e9 Andrade Costa Filho<\/a><\/li>\n<li>Jos\u00e9 Pereira da Silva<\/li>\n<li><a href=\"http:\/\/lattes.cnpq.br\/3334886715789820\" target=\"_blank\" rel=\"noopener\">Josevania da Silva<\/a><\/li>\n<li><a href=\"http:\/\/lattes.cnpq.br\/0511016611621696\" target=\"_blank\" rel=\"noopener\">La\u00e9rcia Maria Bertulino de Medeiros<\/a><\/li>\n<li><a href=\"http:\/\/lattes.cnpq.br\/9170402201579780\" target=\"_blank\" rel=\"noopener\">Maria L\u00edgia de Aquino Gouveia<\/a><\/li>\n<li>Nelson Aleixo da Silva Junior<\/li>\n<li>Regina Celi Sales n. De Santana<\/li>\n<li><a href=\"http:\/\/lattes.cnpq.br\/4445866434237408\" target=\"_blank\" rel=\"noopener\">Sibelle Maria Martins de Barros<\/a><\/li>\n<li><a href=\"http:\/\/lattes.cnpq.br\/2486108351700966\" target=\"_blank\" rel=\"noopener\">Silvania da Cruz Barbosa<\/a><\/li>\n<li>Wilmar Roberto Gai\u00e3o<\/li>\n<\/ul>\n<p>\u00canfases<\/p>\n<p>\u00canfase 1: Sa\u00fade, Pol\u00edticas P\u00fablicas e Qualidade de Vida;<\/p>\n<p>\u00canfase 2: Desenvolvimento Humano e Processos Educativos;<\/p>\n<p>\u00canfase 3: Gest\u00e3o com Pessoas, Processos Subjetivos e Intersubjetivos no Mundo do Trabalho;<\/p>\n<p>\u00canfase 4: Pol\u00edticas P\u00fablicas, Rela\u00e7\u00f5es Comunit\u00e1rias e Cidadania.<\/p>\n<p>[\/vc_column_text][\/vc_column_inner][vc_column_inner width=&#8221;1\/2&#8243;][vc_text_separator title=&#8221;Professores supervisores e \u00e1reas de est\u00e1gio em Psicologia&#8221; title_align=&#8221;separator_align_left&#8221; align=&#8221;align_left&#8221;][vc_column_text]<\/p>\n<ul>\n<li>Dr\u00aa. Carla Sant\u2019Ana Brand\u00e3o Costa \u2013 \u00e1rea: Abordagem Centrada na Pessoa ACP<\/li>\n<li>Dr\u00aa Cristina Miyuki Hashizume \u2013 \u00e1rea: Psicologia do Trabalho e Organizacional<\/li>\n<li>Dr\u00ba Gilvan de Melo Santos \u2013 \u00e1rea: Logoterapia (An\u00e1lise Existencial)<\/li>\n<li>Dr\u00aa. Jailma Belarmino Souto \u2013 \u00e1rea: Psican\u00e1lise adolescente\/adulto<\/li>\n<li>Ms. Regina Celi S. N. de Santana \u2013 \u00e1rea: Psican\u00e1lise Infantil\/adolescente<\/li>\n<li>Dr\u00aa Sibelle Maria Martins de Barros<\/li>\n<li>Prof\u00aa Val\u00e9ria Morais da Silveira Sousa<\/li>\n<li>Prof\u00aa Raisa Fernandes Mariz Sim\u00f5es<\/li>\n<li>Prof\u00ba Thiago Silva Fernandes<\/li>\n<\/ul>\n<p>[\/vc_column_text][vc_text_separator title=&#8221;Links de interesse&#8221; title_align=&#8221;separator_align_left&#8221; align=&#8221;align_left&#8221; css=&#8221;.vc_custom_1653500256611{margin-top: 30px !important;}&#8221;][vc_column_text]<\/p>\n<ul>\n<li><a href=\"https:\/\/www.sbponline.org.br\/\/\">Sociedade Brasileira de Psicologia<\/a><\/li>\n<li><a href=\"http:\/\/site.cfp.org.br\/\" target=\"_blank\" rel=\"noopener\">Conselho Federal de Psicologia<\/a><\/li>\n<li><a href=\"http:\/\/www.crp13.org.br\/\" target=\"_blank\" rel=\"noopener\">Conselho Regional de Psicologia<\/a><\/li>\n<li><a href=\"http:\/\/pos-graduacao.uepb.edu.br\/ppgps\/\">Programa de P\u00f3s Gradua\u00e7\u00e3o em Psicologia da Sa\u00fade<\/a><\/li>\n<li><a href=\"http:\/\/portal.mec.gov.br\/sesu\/arquivos\/pdf\/psicologia.pdf\" target=\"_blank\" rel=\"noopener\">Minist\u00e9rio da Educa\u00e7\u00e3o \u2013 Legisla\u00e7\u00e3o Sobre o curso de Psicologia<\/a><\/li>\n<\/ul>\n<p>[\/vc_column_text][vc_text_separator title=&#8221;Grupos de Pesquisa&#8221; title_align=&#8221;separator_align_left&#8221; align=&#8221;align_left&#8221; css=&#8221;.vc_custom_1653500262252{margin-top: 30px !important;}&#8221;][vc_column_text]<\/p>\n<ul>\n<li><a href=\"https:\/\/centros.uepb.edu.br\/ccbs\/trabalho-saude-e-subjetividade\/\">Trabalho, Sa\u00fade e Subjetividade \u2013 CNPq\/UEPB<\/a><\/li>\n<li>Psicologia da Sa\u00fade \u2013 CNPq\/UEPB<\/li>\n<li>Psican\u00e1lise e Sa\u00fade Mental \u2013 Departamento de Psicologia<\/li>\n<li>Grupo de Estudos e Pesquisas em Envelhecimento e Sa\u00fade (GEPES) \u2013 CNPq\/UEPB<\/li>\n<li>D\u00c9J\u00c0 VU \u2013 Artes, Sonhos e Imagens (Grupo de pesquisa e extens\u00e3o em Sa\u00fade Mental) \u2013 CNPq\/UEPB<\/li>\n<li><a href=\"https:\/\/centros.uepb.edu.br\/ccbs\/psicologia-desenvolvimento-e-educacao-cnpquepb\/\">Psicologia, Desenvolvimento e Educa\u00e7\u00e3o \u2013 CNPq\/UEPB<\/a><\/li>\n<li><strong>LongeViver &#8211; Laborat\u00f3rio de Pesquisas em Envelhecimento Humano e Tecnologias em Sa\u00fade<\/strong><\/li>\n<li>NEPSEA &#8211; N\u00facleo de estudos em Psican\u00e1lise na Sa\u00fade, Educa\u00e7\u00e3o e Artes<\/li>\n<li>N\u00facleo de Pesquisa e Estudos Interdisciplinares em Desenvolvimento Humano.<\/li>\n<\/ul>\n<p>[\/vc_column_text][\/vc_column_inner][\/vc_row_inner][vc_separator][vc_row_inner gap=&#8221;30&#8243;][vc_column_inner width=&#8221;1\/2&#8243;][vc_column_text css=&#8221;&#8221;]Coordenadora da Cl\u00ednica de\u00a0 Psicologia<\/p>\n<ul>\n<li>Prof\u00ba Dr\u00ba Gilvan de Melo Santos<\/li>\n<li>gilvanmelo@servidor.uepb.edu.br<\/li>\n<\/ul>\n<p>Coordenador do Curso de Psicologia<\/p>\n<ul>\n<li>Prof\u00ba Dr\u00ba Nelson Aleixo da Silva J\u00fanior<\/li>\n<li>Nelson.junior@servidor.uepb.edu.br<\/li>\n<\/ul>\n<p>Coordenador Adjunto do Curso de Psicologia<\/p>\n<ul>\n<li>Prof\u00ba Dr\u00ba Jorge Dellane da Silva Brito<\/li>\n<li>jorgedellane@servidor.uepb.edu.br<\/li>\n<\/ul>\n<p>[\/vc_column_text][\/vc_column_inner][vc_column_inner width=&#8221;1\/2&#8243;][vc_column_text css=&#8221;&#8221;]Chefe do Departamento de Psicologia<\/p>\n<ul>\n<li>Prof\u00ba Dr\u00ba Wilmar Roberto Gai\u00e3o<\/li>\n<li>wilmar.roberto@servidor.uepb.edu.br<\/li>\n<\/ul>\n<p>Chefe Adjunto do Departamento de Psicologia<\/p>\n<ul>\n<li>Prof\u00ba Dr\u00ba Jos\u00e9 Pereira da Silva<\/li>\n<li>pereiracg@servidor.uepb.edu.br<\/li>\n<\/ul>\n<p>[\/vc_column_text][\/vc_column_inner][\/vc_row_inner][\/vc_tta_section][vc_tta_section title=&#8221;Enfermagem \u2013 Bacharelado&#8221; tab_id=&#8221;1653500590071-65d00d81-8004&#8243;][vc_column_text css=&#8221;&#8221;]Hor\u00e1rio de funcionamento da Coordena\u00e7\u00e3o de Enfermagem: 7h \u00e0s 13h<\/p>\n<p>Coordenadora da Cl\u00ednica Escola<\/p>\n<ul>\n<li>Prof\u00aa Dr\u00aa Fabiola de Ara\u00fajo Leite Medeiros<\/li>\n<li>profabiolaenf@servidor.uepb.edu.br<\/li>\n<\/ul>\n<p>Coordenadora do Curso de Enfermagem<\/p>\n<ul>\n<li>Prof\u00aa Dr\u00aa Ana Carolina Dantas Rocha Cerqueira<\/li>\n<li>ana.cerqueira@servidor.uepb.edu.br<\/li>\n<\/ul>\n<p>Coordenadora Adjunta do Curso de Enfermagem<\/p>\n<ul>\n<li>Prof\u00aa Ms. Sueli Aparecida Albuquerque de Almeida<\/li>\n<li>suelialbuquerque@servidor.uepb.edu.br<\/li>\n<\/ul>\n<p>Chefe do Departamento de Enfermagem<\/p>\n<ul>\n<li>Prof\u00aa Dr\u00aa Michelinne Oliveira Machado<\/li>\n<li>michelinne.dutra@servidor.uepb.edu.br<\/li>\n<\/ul>\n<p>Chefe Adjunta do Departamento de Enfermagem<\/p>\n<ul>\n<li>Prof\u00aa Dr\u00aa Maria Jos\u00e9 Gomes<\/li>\n<li>deinhamorais@servidor.uepb.edu.br<\/li>\n<\/ul>\n<p>[\/vc_column_text][\/vc_tta_section][\/vc_tta_accordion][\/vc_column][\/vc_row][vc_row][vc_column][\/vc_column][\/vc_row]<\/p>\n<\/div>","protected":false},"excerpt":{"rendered":"<p>[vc_row][vc_column][vc_tta_accordion c_icon=&#8221;triangle&#8221; active_section=&#8221;&#8221; collapsible_all=&#8221;true&#8221;][vc_tta_section title=&#8221;Farm\u00e1cia \u2013 Bacharelado&#8221; tab_id=&#8221;1653499677678-5c8fd601-88fe&#8221;][vc_column_text css=&#8221;&#8221;]Coordenadora do Curso Prof\u00aa Dr\u00aa Maria do Socorro Rocha Melo Peixoto socorrorocha@servidor.uepb.edu.br Coordenadora Adjunta Prof\u00aa Ms Zilka Nanes Lima profa_zilka@servidor.uepb.edu.br Chefe do Departamento Prof\u00aa Dr\u00aa Maricelma Ribeiro Morais maricelma.ribeiro@servidor.uepb.edu.br Chefe Adjunta do Departamento Prof\u00aa Dr\u00aa Ivana Maria Fechine ivana.fechine@servidor.uepb.edu.br [\/vc_column_text][\/vc_tta_section][vc_tta_section title=&#8221;Ci\u00eancias Biol\u00f3gicas \u2013 Licenciatura (Noturno e Diurno) <a class=\"leiamais\" href=\"https:\/\/centros.uepb.edu.br\/ccbs\/cursos\/\">Leia Mais&#8230;<\/a><\/p>\n","protected":false},"author":14,"featured_media":0,"parent":0,"menu_order":0,"comment_status":"open","ping_status":"open","template":"","meta":{"footnotes":""},"class_list":["post-17","page","type-page","status-publish","hentry"],"jetpack_sharing_enabled":true,"jetpack_shortlink":"https:\/\/wp.me\/P7WTD4-h","_links":{"self":[{"href":"https:\/\/centros.uepb.edu.br\/ccbs\/wp-json\/wp\/v2\/pages\/17","targetHints":{"allow":["GET"]}}],"collection":[{"href":"https:\/\/centros.uepb.edu.br\/ccbs\/wp-json\/wp\/v2\/pages"}],"about":[{"href":"https:\/\/centros.uepb.edu.br\/ccbs\/wp-json\/wp\/v2\/types\/page"}],"author":[{"embeddable":true,"href":"https:\/\/centros.uepb.edu.br\/ccbs\/wp-json\/wp\/v2\/users\/14"}],"replies":[{"embeddable":true,"href":"https:\/\/centros.uepb.edu.br\/ccbs\/wp-json\/wp\/v2\/comments?post=17"}],"version-history":[{"count":9,"href":"https:\/\/centros.uepb.edu.br\/ccbs\/wp-json\/wp\/v2\/pages\/17\/revisions"}],"predecessor-version":[{"id":1169141,"href":"https:\/\/centros.uepb.edu.br\/ccbs\/wp-json\/wp\/v2\/pages\/17\/revisions\/1169141"}],"wp:attachment":[{"href":"https:\/\/centros.uepb.edu.br\/ccbs\/wp-json\/wp\/v2\/media?parent=17"}],"curies":[{"name":"wp","href":"https:\/\/api.w.org\/{rel}","templated":true}]}}