{"id":1166112,"date":"2022-05-25T17:50:02","date_gmt":"2022-05-25T17:50:02","guid":{"rendered":"https:\/\/centros.uepb.edu.br\/ccbs\/?page_id=1166112"},"modified":"2022-05-25T18:24:52","modified_gmt":"2022-05-25T18:24:52","slug":"home","status":"publish","type":"page","link":"https:\/\/centros.uepb.edu.br\/ccbs\/","title":{"rendered":"Home"},"content":{"rendered":"<div class=\"wpb-content-wrapper\"><p>[vc_row][vc_column]<div class=\"mdl-grid\"><div class=\"mdl-cell--4-col mdl-cell--6-col-tablet mdl-cell--12-col-phone bloco-noticias\"><div class=\"titulo-noticia-widget\"><a href=\"https:\/\/uepb.edu.br\/departamento-de-farmacia-da-inicio-as-atividades-do-curso-de-extensao-sobre-orientacoes-basicas-em-libras\/\" target=\"_blank\"><h3 class=\"titulo-destaque-noticia\">Departamento de Farm\u00e1cia d\u00e1 in\u00edcio \u00e0s atividades do curso de extens\u00e3o sobre orienta\u00e7\u00f5es b\u00e1sicas em Libras<\/h3><\/a><\/div><div class=\"titulo-noticia-widget\"><a href=\"https:\/\/uepb.edu.br\/edicao-2026-da-campanha-abril-verde-promove-acoes-de-conscientizacao-sobre-saude-e-seguranca-no-ambiente-laboral\/\" target=\"_blank\"><h3 class=\"titulo-destaque-noticia\">Edi\u00e7\u00e3o 2026 da Campanha Abril Verde promove a\u00e7\u00f5es de conscientiza\u00e7\u00e3o sobre sa\u00fade e seguran\u00e7a no ambiente laboral<\/h3><\/a><\/div><div class=\"titulo-noticia-widget\"><a href=\"https:\/\/uepb.edu.br\/parceria-entre-uepb-e-ministerio-da-saude-impulsiona-inovacao-tecnologica-e-modernizacao-do-sus\/\" target=\"_blank\"><h3 class=\"titulo-destaque-noticia\">Parceria entre UEPB e Minist\u00e9rio da Sa\u00fade impulsiona inova\u00e7\u00e3o tecnol\u00f3gica e moderniza\u00e7\u00e3o do SUS<\/h3><\/a><\/div><\/div><div class=\"mdl-cell--4-col mdl-cell--6-col-tablet mdl-cell--12-col-phone bloco-noticias\"><div class=\"titulo-noticia-widget\"><a href=\"https:\/\/uepb.edu.br\/universidade-estadual-abre-inscricoes-para-especializacao-em-logoterapia-e-saude-da-familia-na-modalidade-ead\/\" target=\"_blank\"><h3 class=\"titulo-destaque-noticia\">Universidade Estadual abre inscri\u00e7\u00f5es para Especializa\u00e7\u00e3o em Logoterapia e Sa\u00fade da Fam\u00edlia, na modalidade EaD<\/h3><\/a><\/div><div class=\"titulo-noticia-widget\"><a href=\"https:\/\/uepb.edu.br\/laboratorio-de-animais-peconhentos-reune-especies-que-causam-acidentes-em-seres-humanos\/\" target=\"_blank\"><h3 class=\"titulo-destaque-noticia\">Laborat\u00f3rio de Animais Pe\u00e7onhentos re\u00fane esp\u00e9cies que causam acidentes em seres humanos<\/h3><\/a><\/div><div class=\"titulo-noticia-widget\"><a href=\"https:\/\/uepb.edu.br\/webinario-reabilitador-chega-a-39a-edicao-e-abordara-estrategia-no-manejo-da-dor-relacionada-a-dtm\/\" target=\"_blank\"><h3 class=\"titulo-destaque-noticia\">Webin\u00e1rio ReabilitaDOR chega a 39\u00aa edi\u00e7\u00e3o e abordar\u00e1 estrat\u00e9gia no manejo da dor relacionada \u00e0 DTM<\/h3><\/a><\/div><\/div><div class=\"mdl-cell--4-col mdl-cell--6-col-tablet mdl-cell--12-col-phone bloco-noticias\"><div class=\"titulo-noticia-widget\"><a href=\"https:\/\/uepb.edu.br\/universidade-estadual-inicia-primeira-turma-da-residencia-multiprofissional-em-atencao-a-saude-da-mulher\/\" target=\"_blank\"><h3 class=\"titulo-destaque-noticia\">Universidade Estadual inicia primeira turma da Resid\u00eancia Multiprofissional em Aten\u00e7\u00e3o \u00e0 Sa\u00fade da Mulher<\/h3><\/a><\/div><div class=\"titulo-noticia-widget\"><a href=\"https:\/\/uepb.edu.br\/uepb-celebra-carta-patente-para-dispositivo-e-deposito-de-software-sobre-mortalidade-infantil-e-acidentes-de-transito\/\" target=\"_blank\"><h3 class=\"titulo-destaque-noticia\">UEPB celebra carta patente para dispositivo e dep\u00f3sito de software sobre mortalidade infantil e acidentes de tr\u00e2nsito<\/h3><\/a><\/div><div class=\"titulo-noticia-widget\"><a href=\"https:\/\/uepb.edu.br\/estudantes-de-fisioterapia-desenvolvem-atividades-praticas-sobre-arteterapia-para-alunos-da-uama\/\" target=\"_blank\"><h3 class=\"titulo-destaque-noticia\">Estudantes de Fisioterapia desenvolvem atividades pr\u00e1ticas sobre Arteterapia para alunos da UAMA<\/h3><\/a><\/div><\/div><\/div>[\/vc_column][\/vc_row]<\/p>\n<\/div>","protected":false},"excerpt":{"rendered":"<p>[vc_row][vc_column][\/vc_column][\/vc_row]<\/p>\n","protected":false},"author":29,"featured_media":0,"parent":0,"menu_order":0,"comment_status":"closed","ping_status":"closed","template":"","meta":{"jetpack_post_was_ever_published":false,"footnotes":""},"class_list":["post-1166112","page","type-page","status-publish","hentry"],"jetpack_sharing_enabled":true,"jetpack_shortlink":"https:\/\/wp.me\/P7WTD4-4Tmg","_links":{"self":[{"href":"https:\/\/centros.uepb.edu.br\/ccbs\/wp-json\/wp\/v2\/pages\/1166112","targetHints":{"allow":["GET"]}}],"collection":[{"href":"https:\/\/centros.uepb.edu.br\/ccbs\/wp-json\/wp\/v2\/pages"}],"about":[{"href":"https:\/\/centros.uepb.edu.br\/ccbs\/wp-json\/wp\/v2\/types\/page"}],"author":[{"embeddable":true,"href":"https:\/\/centros.uepb.edu.br\/ccbs\/wp-json\/wp\/v2\/users\/29"}],"replies":[{"embeddable":true,"href":"https:\/\/centros.uepb.edu.br\/ccbs\/wp-json\/wp\/v2\/comments?post=1166112"}],"version-history":[{"count":0,"href":"https:\/\/centros.uepb.edu.br\/ccbs\/wp-json\/wp\/v2\/pages\/1166112\/revisions"}],"wp:attachment":[{"href":"https:\/\/centros.uepb.edu.br\/ccbs\/wp-json\/wp\/v2\/media?parent=1166112"}],"curies":[{"name":"wp","href":"https:\/\/api.w.org\/{rel}","templated":true}]}}