{"id":1160411,"date":"2022-05-10T18:18:22","date_gmt":"2022-05-10T18:18:22","guid":{"rendered":"https:\/\/centros.uepb.edu.br\/ccbs\/?page_id=1160411"},"modified":"2024-05-24T15:18:09","modified_gmt":"2024-05-24T15:18:09","slug":"contatos","status":"publish","type":"page","link":"https:\/\/centros.uepb.edu.br\/ccbs\/contatos\/","title":{"rendered":"Contatos"},"content":{"rendered":"<div class=\"wpb-content-wrapper\"><p>[vc_row][vc_column][vc_column_text css=&#8221;&#8221;]<\/p>\n<table style=\"border-collapse: collapse;width: 100%;height: 220px\">\n<tbody>\n<tr style=\"height: 22px\">\n<td style=\"width: 44.5389%;height: 22px;text-align: left\"><strong>Setor<\/strong><\/td>\n<td style=\"width: 24.7866%;height: 22px;text-align: left\"><strong>Fone<\/strong><\/td>\n<td style=\"width: 30.5295%;height: 22px\"><strong>E-mail<\/strong><\/td>\n<\/tr>\n<tr style=\"height: 22px\">\n<td style=\"width: 44.5389%;height: 22px;text-align: left\">Dire\u00e7\u00e3o CCBS<\/td>\n<td style=\"width: 24.7866%;height: 22px\">(83) 3315-3318<\/td>\n<td style=\"width: 30.5295%;height: 22px\">direcao.ccbs@setor.uepb.edu.br<\/td>\n<\/tr>\n<tr style=\"height: 22px\">\n<td style=\"width: 44.5389%;height: 22px text-align: left\">Secretaria CCBS<\/td>\n<td style=\"width: 24.7866%;height: 22px\">(83) 3315-3319<\/td>\n<td style=\"width: 30.5295%;height: 22px\">direcao.ccbs@setor.uepb.edu.br<\/td>\n<\/tr>\n<tr style=\"height: 22px\">\n<td style=\"width: 44.5389%;height: 22px;text-align: left\">Coordena\u00e7\u00e3o de Curso de Biologia<\/td>\n<td style=\"width: 24.7866%;height: 22px\">(83) 3315-3364<\/td>\n<td style=\"width: 30.5295%;height: 22px\">coord.biologia.ccbs@setor.uepb.edu.br<\/td>\n<\/tr>\n<tr style=\"height: 22px\">\n<td style=\"width: 44.5389%;height: 22px;text-align: left\">Coordena\u00e7\u00e3o Curso &#8211; Lic em Ed. F\u00edsica<\/td>\n<td style=\"width: 24.7866%;height: 22px\">(83) 3315-3456<\/td>\n<td style=\"width: 30.5295%;height: 22px\">coord.lic.edfisica.ccbs@setor.uepb.edu.br<\/td>\n<\/tr>\n<tr style=\"height: 22px\">\n<td style=\"width: 44.5389%;height: 22px;text-align: left\">Coordena\u00e7\u00e3o Curso &#8211; Bach em Ed. F\u00edsica<\/td>\n<td style=\"width: 24.7866%;height: 22px\">(83) 3315-3456<\/td>\n<td style=\"width: 30.5295%;height: 22px\">coord.bac.edfisica.ccbs@setor.uepb.edu.br<\/td>\n<\/tr>\n<tr style=\"height: 22px\">\n<td style=\"width: 44.5389%;height: 22px;text-align: left\">Coordena\u00e7\u00e3o do Curso de Enfermagem<\/td>\n<td style=\"width: 24.7866%;height: 22px\">(83) 3315-3312<\/td>\n<td style=\"width: 30.5295%;height: 22px\">coord.enfermagem.ccbs@setor.uepb.edu.br<\/td>\n<\/tr>\n<tr style=\"height: 22px\">\n<td style=\"width: 44.5389%;height: 22px;text-align: left\">Coordena\u00e7\u00e3o do Curso de Farm\u00e1cia<\/td>\n<td style=\"width: 24.7866%;height: 22px\">(83) 3315-3321 \/ 3496<\/td>\n<td style=\"width: 30.5295%;height: 22px\">coord.farmacia.ccbs@setor.uepb.edu.br<\/td>\n<\/tr>\n<tr style=\"height: 22px\">\n<td style=\"width: 44.5389%;height: 22px;text-align: left\">Coordena\u00e7\u00e3o do Curso de Fisioterapia<\/td>\n<td style=\"width: 24.7866%;height: 22px\">(83) 3315-3337<\/td>\n<td style=\"width: 30.5295%;height: 22px\">coord.fisioterapia.ccbs@setor.uepb.edu.br<\/td>\n<\/tr>\n<tr style=\"height: 22px\">\n<td style=\"width: 44.5389%;height: 22px;text-align: left\">Coordena\u00e7\u00e3o do Curso de Odontologia<\/td>\n<td style=\"width: 24.7866%;height: 22px\">(83) 3315-3325<\/td>\n<td style=\"width: 30.5295%;height: 22px\">coord.odontologia.ccbs@setor.uepb.edu.br<\/td>\n<\/tr>\n<tr>\n<td style=\"width: 44.5389%;text-align: left\">Coordena\u00e7\u00e3o do Curso de Psicologia<\/td>\n<td style=\"width: 24.7866%\">(83) 3315-3474<\/td>\n<td style=\"width: 30.5295%\">coord.psicologia.ccbs@setor.uepb.edu.br<\/td>\n<\/tr>\n<\/tbody>\n<\/table>\n<p>[\/vc_column_text][\/vc_column][\/vc_row][vc_row gap=&#8221;30&#8243; css=&#8221;.vc_custom_1653499386871{margin-top: 30px !important;}&#8221;][vc_column width=&#8221;1\/2&#8243;][vc_text_separator title=&#8221;Hor\u00e1rio de funcionamento Dire\u00e7\u00e3o do CCBS:&#8221; title_align=&#8221;separator_align_left&#8221; css=&#8221;&#8221;][vc_column_text css=&#8221;&#8221;]de segunda-feira a sexta-feira<\/p>\n<ul>\n<li>8h \u00e0s 14h ( presencial)<\/li>\n<li>15h \u00e0s 17h ( remoto)<\/li>\n<\/ul>\n<p>[\/vc_column_text][\/vc_column][vc_column width=&#8221;1\/2&#8243;][vc_text_separator title=&#8221;Localiza\u00e7\u00e3o&#8221; title_align=&#8221;separator_align_left&#8221;][vc_column_text]Centro de Ci\u00eancias Biol\u00f3gicas e da Sa\u00fade \u2013 CCBS<br \/>\nRua: Domitila Cabral de Castro S\/N, Campus Universit\u00e1rio,<br \/>\nBairro: Bodocong\u00f3 \u2013 CEP: 58.429-600<br \/>\nCidade: Campina Grande \u2013 PB[\/vc_column_text][\/vc_column][\/vc_row]<\/p>\n<\/div>","protected":false},"excerpt":{"rendered":"<p>[vc_row][vc_column][vc_column_text css=&#8221;&#8221;] Setor Fone E-mail Dire\u00e7\u00e3o CCBS (83) 3315-3318 direcao.ccbs@setor.uepb.edu.br Secretaria CCBS (83) 3315-3319 direcao.ccbs@setor.uepb.edu.br Coordena\u00e7\u00e3o de Curso de Biologia (83) 3315-3364 coord.biologia.ccbs@setor.uepb.edu.br Coordena\u00e7\u00e3o Curso &#8211; Lic em Ed. F\u00edsica (83) 3315-3456 coord.lic.edfisica.ccbs@setor.uepb.edu.br Coordena\u00e7\u00e3o Curso &#8211; Bach em Ed. F\u00edsica (83) 3315-3456 coord.bac.edfisica.ccbs@setor.uepb.edu.br Coordena\u00e7\u00e3o do Curso de Enfermagem (83) 3315-3312 coord.enfermagem.ccbs@setor.uepb.edu.br Coordena\u00e7\u00e3o do Curso de <a class=\"leiamais\" href=\"https:\/\/centros.uepb.edu.br\/ccbs\/contatos\/\">Leia Mais&#8230;<\/a><\/p>\n","protected":false},"author":55,"featured_media":0,"parent":0,"menu_order":0,"comment_status":"closed","ping_status":"closed","template":"","meta":{"jetpack_post_was_ever_published":false,"footnotes":""},"class_list":["post-1160411","page","type-page","status-publish","hentry"],"jetpack_sharing_enabled":true,"jetpack_shortlink":"https:\/\/wp.me\/P7WTD4-4RSj","_links":{"self":[{"href":"https:\/\/centros.uepb.edu.br\/ccbs\/wp-json\/wp\/v2\/pages\/1160411","targetHints":{"allow":["GET"]}}],"collection":[{"href":"https:\/\/centros.uepb.edu.br\/ccbs\/wp-json\/wp\/v2\/pages"}],"about":[{"href":"https:\/\/centros.uepb.edu.br\/ccbs\/wp-json\/wp\/v2\/types\/page"}],"author":[{"embeddable":true,"href":"https:\/\/centros.uepb.edu.br\/ccbs\/wp-json\/wp\/v2\/users\/55"}],"replies":[{"embeddable":true,"href":"https:\/\/centros.uepb.edu.br\/ccbs\/wp-json\/wp\/v2\/comments?post=1160411"}],"version-history":[{"count":0,"href":"https:\/\/centros.uepb.edu.br\/ccbs\/wp-json\/wp\/v2\/pages\/1160411\/revisions"}],"wp:attachment":[{"href":"https:\/\/centros.uepb.edu.br\/ccbs\/wp-json\/wp\/v2\/media?parent=1160411"}],"curies":[{"name":"wp","href":"https:\/\/api.w.org\/{rel}","templated":true}]}}