{"id":948,"date":"2022-06-15T15:08:03","date_gmt":"2022-06-15T18:08:03","guid":{"rendered":"https:\/\/centros.uepb.edu.br\/ccaa\/?page_id=948"},"modified":"2022-06-15T15:50:11","modified_gmt":"2022-06-15T18:50:11","slug":"home","status":"publish","type":"page","link":"https:\/\/centros.uepb.edu.br\/ccaa\/","title":{"rendered":"Home"},"content":{"rendered":"<div class=\"wpb-content-wrapper\"><p>[vc_row gap=&#8221;30&#8243; equal_height=&#8221;yes&#8221;][vc_column width=&#8221;3\/4&#8243; el_class=&#8221;conf-azul&#8221;][vc_text_separator title=&#8221;Not\u00edcias&#8221; i_icon_fontawesome=&#8221;fas fa-newspaper&#8221; i_color=&#8221;custom&#8221; i_size=&#8221;sm&#8221; title_align=&#8221;separator_align_left&#8221; add_icon=&#8221;true&#8221; i_custom_color=&#8221;#2d95bf&#8221;]<div class=\"mdl-grid\"><div class=\"mdl-cell--12-col bloco-noticias\"><div class=\"titulo-noticia-widget\"><a href=\"https:\/\/uepb.edu.br\/edicao-2026-da-campanha-abril-verde-promove-acoes-de-conscientizacao-sobre-saude-e-seguranca-no-ambiente-laboral\/\" target=\"_blank\"><h3 class=\"titulo-destaque-noticia\">Edi\u00e7\u00e3o 2026 da Campanha Abril Verde promove a\u00e7\u00f5es de conscientiza\u00e7\u00e3o sobre sa\u00fade e seguran\u00e7a no ambiente laboral<\/h3><\/a><\/div><div class=\"titulo-noticia-widget\"><a href=\"https:\/\/uepb.edu.br\/uepb-60-segundo-episodio-do-podcast-destaca-sustentabilidade-e-pesquisa-aplicada-na-agricultura-familiar\/\" target=\"_blank\"><h3 class=\"titulo-destaque-noticia\">UEPB 60+: segundo epis\u00f3dio do podcast destaca sustentabilidade e pesquisa aplicada na agricultura familiar<\/h3><\/a><\/div><div class=\"titulo-noticia-widget\"><a href=\"https:\/\/uepb.edu.br\/proad-inicia-visitas-nos-centros-de-ensino-e-explica-sobre-procedimentos-administrativos\/\" target=\"_blank\"><h3 class=\"titulo-destaque-noticia\">PROAD inicia visitas nos Centros de Ensino e explica sobre procedimentos administrativos<\/h3><\/a><\/div><div class=\"titulo-noticia-widget\"><a href=\"https:\/\/uepb.edu.br\/escola-agricola-assis-chateaubriand-informa-sobre-pre-matricula-para-cursos-em-agropecuaria-e-agroindustria\/\" target=\"_blank\"><h3 class=\"titulo-destaque-noticia\">Escola Agr\u00edcola Assis Chateaubriand informa sobre pr\u00e9-matr\u00edcula para cursos em Agropecu\u00e1ria e Agroind\u00fastria<\/h3><\/a><\/div><div class=\"titulo-noticia-widget\"><a href=\"https:\/\/uepb.edu.br\/pos-graduacao-em-ciencias-agrarias-abre-processo-seletivo-com-vaga-de-bolsa-para-pos-doutorado\/\" target=\"_blank\"><h3 class=\"titulo-destaque-noticia\">P\u00f3s-gradua\u00e7\u00e3o em Ci\u00eancias Agr\u00e1rias abre processo seletivo com vaga de bolsa para P\u00f3s-Doutorado<\/h3><\/a><\/div><div class=\"titulo-noticia-widget\"><a href=\"https:\/\/uepb.edu.br\/uepb-lanca-primeiro-periodico-nacional-com-dedicacao-no-campo-dos-estudos-culturais-em-educacao\/\" target=\"_blank\"><h3 class=\"titulo-destaque-noticia\">UEPB lan\u00e7a primeiro peri\u00f3dico nacional com dedica\u00e7\u00e3o no campo dos Estudos Culturais em Educa\u00e7\u00e3o<\/h3><\/a><\/div><\/div><\/div>[\/vc_column][vc_column width=&#8221;1\/4&#8243; el_class=&#8221;conf-azul&#8221;][vc_text_separator title=&#8221;Acesso R\u00e1pido&#8221; i_icon_fontawesome=&#8221;fas fa-newspaper&#8221; i_color=&#8221;custom&#8221; i_size=&#8221;sm&#8221; title_align=&#8221;separator_align_left&#8221; add_icon=&#8221;true&#8221; i_custom_color=&#8221;#2d95bf&#8221;][vc_column_text]<\/p>\n<ul>\n<li><a href=\"https:\/\/agroecologia.org.br\/\" target=\"_blank\" rel=\"noopener\">Agroecologia<\/a><\/li>\n<li><a href=\"https:\/\/www.ambientebrasil.com.br\/\" target=\"_blank\" rel=\"noopener\">Ambiente Brasil<\/a><\/li>\n<li><a href=\"https:\/\/biblioteca.uepb.edu.br\/\" target=\"_blank\" rel=\"noopener\">Biblioteca<\/a><\/li>\n<li><a href=\"https:\/\/www-periodicos-capes-gov-br.ez121.periodicos.capes.gov.br\/index.php?\" target=\"_blank\" rel=\"noopener\">Periodicos<\/a><\/li>\n<li><a href=\"http:\/\/portal.mec.gov.br\/pronatec\" target=\"_blank\" rel=\"noopener\">Pronatec<\/a><\/li>\n<li><a href=\"https:\/\/webmail.uepb.edu.br\/\" target=\"_blank\" rel=\"noopener\">Webmail<\/a><\/li>\n<\/ul>\n<p>[\/vc_column_text][\/vc_column][\/vc_row]<\/p>\n<\/div>","protected":false},"excerpt":{"rendered":"<p>[vc_row gap=&#8221;30&#8243; equal_height=&#8221;yes&#8221;][vc_column width=&#8221;3\/4&#8243; el_class=&#8221;conf-azul&#8221;][vc_text_separator title=&#8221;Not\u00edcias&#8221; i_icon_fontawesome=&#8221;fas fa-newspaper&#8221; i_color=&#8221;custom&#8221; i_size=&#8221;sm&#8221; title_align=&#8221;separator_align_left&#8221; add_icon=&#8221;true&#8221; i_custom_color=&#8221;#2d95bf&#8221;][\/vc_column][vc_column width=&#8221;1\/4&#8243; el_class=&#8221;conf-azul&#8221;][vc_text_separator title=&#8221;Acesso R\u00e1pido&#8221; i_icon_fontawesome=&#8221;fas fa-newspaper&#8221; i_color=&#8221;custom&#8221; i_size=&#8221;sm&#8221; title_align=&#8221;separator_align_left&#8221; add_icon=&#8221;true&#8221; i_custom_color=&#8221;#2d95bf&#8221;][vc_column_text] Agroecologia Ambiente Brasil Biblioteca Periodicos Pronatec Webmail [\/vc_column_text][\/vc_column][\/vc_row]<\/p>\n","protected":false},"author":29,"featured_media":0,"parent":0,"menu_order":0,"comment_status":"closed","ping_status":"closed","template":"","meta":{"jetpack_post_was_ever_published":false,"footnotes":""},"class_list":["post-948","page","type-page","status-publish","hentry"],"jetpack_sharing_enabled":true,"jetpack_shortlink":"https:\/\/wp.me\/P7WTGC-fi","_links":{"self":[{"href":"https:\/\/centros.uepb.edu.br\/ccaa\/wp-json\/wp\/v2\/pages\/948","targetHints":{"allow":["GET"]}}],"collection":[{"href":"https:\/\/centros.uepb.edu.br\/ccaa\/wp-json\/wp\/v2\/pages"}],"about":[{"href":"https:\/\/centros.uepb.edu.br\/ccaa\/wp-json\/wp\/v2\/types\/page"}],"author":[{"embeddable":true,"href":"https:\/\/centros.uepb.edu.br\/ccaa\/wp-json\/wp\/v2\/users\/29"}],"replies":[{"embeddable":true,"href":"https:\/\/centros.uepb.edu.br\/ccaa\/wp-json\/wp\/v2\/comments?post=948"}],"version-history":[{"count":0,"href":"https:\/\/centros.uepb.edu.br\/ccaa\/wp-json\/wp\/v2\/pages\/948\/revisions"}],"wp:attachment":[{"href":"https:\/\/centros.uepb.edu.br\/ccaa\/wp-json\/wp\/v2\/media?parent=948"}],"curies":[{"name":"wp","href":"https:\/\/api.w.org\/{rel}","templated":true}]}}