{"id":7,"date":"2014-08-06T11:18:20","date_gmt":"2014-08-06T14:18:20","guid":{"rendered":"https:\/\/centros.uepb.edu.br\/ccaa\/?page_id=7"},"modified":"2026-04-08T13:26:14","modified_gmt":"2026-04-08T16:26:14","slug":"apresentacao","status":"publish","type":"page","link":"https:\/\/centros.uepb.edu.br\/ccaa\/apresentacao\/","title":{"rendered":"Apresenta\u00e7\u00e3o"},"content":{"rendered":"<div class=\"wpb-content-wrapper\"><p>[vc_row][vc_column][vc_column_text css=&#8221;&#8221;]<\/p>\n<p style=\"text-align: justify\">O Centro de Ci\u00eancias Agr\u00e1rias e Ambientais da Universidade Estadual da Para\u00edba foi criado no Campus II no munic\u00edpio de Lagoa Seca, PB, \u00a0em 07 de fevereiro de 2007 atrav\u00e9s da RESOLU\u00c7\u00c3O\/UEPB\/CONSUNI\/004\/2007.<\/p>\n<p style=\"text-align: justify\">Focado na produ\u00e7\u00e3o agroecol\u00f3gica, o centro atua junto a produtores, ONG\u2019s, institui\u00e7\u00f5es governamentais e principalmente estudantes que tem como premissa sua forma\u00e7\u00e3o acad\u00eamica pautada na sustentabilidade dos agroecossistemas.<\/p>\n<p style=\"text-align: justify\">Mantido pela UEPB, o CCAA comporta cursos de n\u00edvel superior (Bacharelado em Agronomia) e de n\u00edvel t\u00e9cnico (T\u00e9cnico em Agropecu\u00e1ria e T\u00e9cnico em Agroind\u00fastria)<\/p>\n<p style=\"text-align: justify\"><strong>MISS\u00c3O<\/strong><\/p>\n<p style=\"text-align: justify\">Formar profissionais qualificados, capazes de serem protagonistas de suas a\u00e7\u00f5es pessoais e acad\u00eamicas, como tamb\u00e9m cr\u00edticos, socialmente comprometidos com as Ci\u00eancias Agr\u00e1rias e Ambientais e tamb\u00e9m com os demais campos cient\u00edficos afins, atrav\u00e9s das atividades de ensino, pesquisa e extens\u00e3o, de modo a contribuir para a sustentabilidade de nossos ecossistemas e com o desenvolvimento educacional, econ\u00f4mico, social e cultural do Brasil, particularmente do Estado da Para\u00edba.<\/p>\n<p style=\"text-align: justify\"><strong>VIS\u00c3O<\/strong><\/p>\n<p style=\"text-align: justify\">\u201cSer refer\u00eancia no ensino, pesquisa e extens\u00e3o de a\u00e7\u00f5es para a expans\u00e3o da agroecologia e agropecu\u00e1ria.\u201d<\/p>\n<p style=\"text-align: justify\"><strong>P\u00daBLICO<\/strong><\/p>\n<p style=\"text-align: justify\">\u201cEstudantes, agricultores, t\u00e9cnicos, educadores, consumidores e representantes de organiza\u00e7\u00f5es p\u00fablicas e privadas com responsabilidade na produ\u00e7\u00e3o e consumo sustent\u00e1veis.\u201d<\/p>\n<p>[\/vc_column_text][\/vc_column][\/vc_row]<\/p>\n<\/div>","protected":false},"excerpt":{"rendered":"<p>[vc_row][vc_column][vc_column_text css=&#8221;&#8221;] O Centro de Ci\u00eancias Agr\u00e1rias e Ambientais da Universidade Estadual da Para\u00edba foi criado no Campus II no munic\u00edpio de Lagoa Seca, PB, \u00a0em 07 de fevereiro de 2007 atrav\u00e9s da RESOLU\u00c7\u00c3O\/UEPB\/CONSUNI\/004\/2007. Focado na produ\u00e7\u00e3o agroecol\u00f3gica, o centro atua junto a produtores, ONG\u2019s, institui\u00e7\u00f5es governamentais e principalmente estudantes que tem como premissa sua <a class=\"leiamais\" href=\"https:\/\/centros.uepb.edu.br\/ccaa\/apresentacao\/\">Leia Mais&#8230;<\/a><\/p>\n","protected":false},"author":18,"featured_media":0,"parent":0,"menu_order":0,"comment_status":"open","ping_status":"open","template":"","meta":{"jetpack_post_was_ever_published":false,"footnotes":""},"class_list":["post-7","page","type-page","status-publish","hentry"],"jetpack_sharing_enabled":true,"jetpack_shortlink":"https:\/\/wp.me\/P7WTGC-7","_links":{"self":[{"href":"https:\/\/centros.uepb.edu.br\/ccaa\/wp-json\/wp\/v2\/pages\/7","targetHints":{"allow":["GET"]}}],"collection":[{"href":"https:\/\/centros.uepb.edu.br\/ccaa\/wp-json\/wp\/v2\/pages"}],"about":[{"href":"https:\/\/centros.uepb.edu.br\/ccaa\/wp-json\/wp\/v2\/types\/page"}],"author":[{"embeddable":true,"href":"https:\/\/centros.uepb.edu.br\/ccaa\/wp-json\/wp\/v2\/users\/18"}],"replies":[{"embeddable":true,"href":"https:\/\/centros.uepb.edu.br\/ccaa\/wp-json\/wp\/v2\/comments?post=7"}],"version-history":[{"count":2,"href":"https:\/\/centros.uepb.edu.br\/ccaa\/wp-json\/wp\/v2\/pages\/7\/revisions"}],"predecessor-version":[{"id":1264,"href":"https:\/\/centros.uepb.edu.br\/ccaa\/wp-json\/wp\/v2\/pages\/7\/revisions\/1264"}],"wp:attachment":[{"href":"https:\/\/centros.uepb.edu.br\/ccaa\/wp-json\/wp\/v2\/media?parent=7"}],"curies":[{"name":"wp","href":"https:\/\/api.w.org\/{rel}","templated":true}]}}