{"id":31,"date":"2014-08-21T10:37:58","date_gmt":"2014-08-21T13:37:58","guid":{"rendered":"https:\/\/centros.uepb.edu.br\/ccaa\/?page_id=31"},"modified":"2026-03-20T09:38:12","modified_gmt":"2026-03-20T12:38:12","slug":"corpo-docente","status":"publish","type":"page","link":"https:\/\/centros.uepb.edu.br\/ccaa\/corpo-docente\/","title":{"rendered":"Corpo Docente"},"content":{"rendered":"<div class=\"wpb-content-wrapper\"><p>[vc_row][vc_column][vc_column_text css=&#8221;&#8221;]<\/p>\n<table style=\"border-collapse: collapse;width: 556,52pt\" border=\"0\" width=\"742\" cellspacing=\"0\" cellpadding=\"0\">\n<tbody>\n<tr style=\"height: 16,50pt\">\n<td class=\"et2\" style=\"text-align: center\" width=\"277\" height=\"22\"><strong><span class=\"font3\">NOME<\/span><\/strong><\/td>\n<td class=\"et3\" style=\"text-align: center\" width=\"296\"><strong><span class=\"font3\">E-MAIL INSTITUCIONAL<\/span><\/strong><\/td>\n<td class=\"et4\" style=\"text-align: center\" width=\"169\"><strong><span class=\"font3\">FUN\u00c7\u00c3O<\/span><\/strong><\/td>\n<\/tr>\n<tr style=\"height: 16,50pt\">\n<td class=\"et5\" style=\"height: 16,50pt;width: 208,00pt\" width=\"277\" height=\"22\"><span class=\"font4\">Alde Cleber Lima Silva<\/span><\/td>\n<td class=\"et5\" style=\"width: 222,00pt\" width=\"296\"><span class=\"font4\">alde.cleber@servidor.uepb.edu.br<\/span><\/td>\n<td class=\"et6\" style=\"width: 127,00pt\" width=\"169\"><span class=\"font4\">Prof. M. Sc. T40<\/span><\/td>\n<\/tr>\n<tr style=\"height: 16,50pt\">\n<td class=\"et5\" style=\"height: 16,50pt;width: 208,00pt\" width=\"277\" height=\"22\"><span class=\"font4\">Alexandre Costa Le\u00e3o<\/span><\/td>\n<td class=\"et5\" style=\"width: 222,00pt\" width=\"296\"><span class=\"font4\">acostaleao@servidor.uepb.edu.br<\/span><\/td>\n<td class=\"et6\" style=\"width: 127,00pt\" width=\"169\"><span class=\"font4\">Prof. M. Sc. T40<\/span><\/td>\n<\/tr>\n<tr style=\"height: 16,50pt\">\n<td class=\"et5\" style=\"height: 16,50pt;width: 208,00pt\" width=\"277\" height=\"22\"><span class=\"font4\">Camila Firmino de Azevedo<\/span><\/td>\n<td class=\"et5\" style=\"width: 222,00pt\" width=\"296\"><span class=\"font4\">cfdeazevedo@servidor.uepb.edu.br<\/span><\/td>\n<td class=\"et6\" style=\"width: 127,00pt\" width=\"169\"><span class=\"font4\">Profa. Dra. T40<\/span><\/td>\n<\/tr>\n<tr style=\"height: 16,50pt\">\n<td class=\"et5\" style=\"height: 16,50pt;width: 208,00pt\" width=\"277\" height=\"22\"><span class=\"font4\">Cl\u00e1udio Silva Soares<\/span><\/td>\n<td class=\"et5\" style=\"width: 222,00pt\" width=\"296\"><span class=\"font4\">claudio@servidor.uepb.edu.br<\/span><\/td>\n<td class=\"et6\" style=\"width: 127,00pt\" width=\"169\"><span class=\"font4\">Prof. Dr. T40<\/span><\/td>\n<\/tr>\n<tr style=\"height: 16,50pt\">\n<td class=\"et5\" style=\"height: 16,50pt;width: 208,00pt\" width=\"277\" height=\"22\"><span class=\"font4\">Dalmo Marcello de Brito Primo<\/span><\/td>\n<td class=\"et5\" style=\"width: 222,00pt\" width=\"296\"><span class=\"font4\">dalmobrito@servidor.uepb.edu.br<\/span><\/td>\n<td class=\"et6\" style=\"width: 127,00pt\" width=\"169\"><span class=\"font4\">Prof. Subst. Dr. T40<\/span><\/td>\n<\/tr>\n<tr style=\"height: 16,50pt\">\n<td class=\"et5\" style=\"height: 16,50pt;width: 208,00pt\" width=\"277\" height=\"22\"><span class=\"font4\">Deise Souza de Castro<\/span><\/td>\n<td class=\"et5\" style=\"width: 222,00pt\" width=\"296\"><span class=\"font4\">deise.castro@servidor.uepb.edu.br<\/span><\/td>\n<td class=\"et6\" style=\"width: 127,00pt\" width=\"169\"><span class=\"font4\">Profa. Dra. T40<\/span><\/td>\n<\/tr>\n<tr style=\"height: 16,50pt\">\n<td class=\"et5\" style=\"height: 16,50pt;width: 208,00pt\" width=\"277\" height=\"22\"><span class=\"font4\">Diogo Gon\u00e7alves Neder<\/span><\/td>\n<td class=\"et5\" style=\"width: 222,00pt\" width=\"296\"><span class=\"font4\">dgneder@servidor.uepb.edu.br<\/span><\/td>\n<td class=\"et6\" style=\"width: 127,00pt\" width=\"169\"><span class=\"font4\">Prof. Dr. T40<\/span><\/td>\n<\/tr>\n<tr style=\"height: 16,50pt\">\n<td class=\"et5\" style=\"height: 16,50pt;width: 208,00pt\" width=\"277\" height=\"22\"><span class=\"font4\">Edem Ribeiro da Costa<\/span><\/td>\n<td class=\"et5\" style=\"width: 222,00pt\" width=\"296\"><span class=\"font4\">edemrcosta@servidor.uepb.edu.br<\/span><\/td>\n<td class=\"et6\" style=\"width: 127,00pt\" width=\"169\"><span class=\"font4\">Profa. M. Sc. T40<\/span><\/td>\n<\/tr>\n<tr style=\"height: 16,50pt\">\n<td class=\"et5\" style=\"height: 16,50pt;width: 208,00pt\" width=\"277\" height=\"22\"><span class=\"font4\">\u00c9lida Barbosa Corr\u00eaa<\/span><\/td>\n<td class=\"et5\" style=\"width: 222,00pt\" width=\"296\"><span class=\"font4\">elida@servidor.uepb.edu.br<\/span><\/td>\n<td class=\"et6\" style=\"width: 127,00pt\" width=\"169\"><span class=\"font4\">Profa. Dra. T40<\/span><\/td>\n<\/tr>\n<tr style=\"height: 16,50pt\">\n<td class=\"et5\" style=\"height: 16,50pt;width: 208,00pt\" width=\"277\" height=\"22\"><span class=\"font4\">F\u00e1bio Agra de Medeiros N\u00e1poles<\/span><\/td>\n<td class=\"et5\" style=\"width: 222,00pt\" width=\"296\"><span class=\"font4\">fabioagramedeiros@servidor.uepbedu.br<\/span><\/td>\n<td class=\"et6\" style=\"width: 127,00pt\" width=\"169\"><span class=\"font4\">Prof. Dr. T40<\/span><\/td>\n<\/tr>\n<tr style=\"height: 16,50pt\">\n<td class=\"et5\" style=\"height: 16,50pt;width: 208,00pt\" width=\"277\" height=\"22\"><span class=\"font4\">Francisco Jos\u00e9 Loureiro Marinho<\/span><\/td>\n<td class=\"et5\" style=\"width: 222,00pt\" width=\"296\"><span class=\"font4\">chico.hare@servidor.uepb.edu.br<\/span><\/td>\n<td class=\"et6\" style=\"width: 127,00pt\" width=\"169\"><span class=\"font4\">Prof. Dr. T40<\/span><\/td>\n<\/tr>\n<tr style=\"height: 16,50pt\">\n<td class=\"et5\" style=\"height: 16,50pt;width: 208,00pt\" width=\"277\" height=\"22\"><span class=\"font4\">Henrique Valentim Moura<\/span><\/td>\n<td class=\"et5\" style=\"width: 222,00pt\" width=\"296\"><span class=\"font4\">henrique.valentim@servidor.uepb.edu.br<\/span><\/td>\n<td class=\"et6\" style=\"width: 127,00pt\" width=\"169\"><span class=\"font4\">Prof. Subst. Dr. T40<\/span><\/td>\n<\/tr>\n<tr style=\"height: 16,50pt\">\n<td class=\"et5\" style=\"height: 16,50pt;width: 208,00pt\" width=\"277\" height=\"22\"><span class=\"font4\">Jana\u00edna Mendon\u00e7a Soares<\/span><\/td>\n<td class=\"et5\" style=\"width: 222,00pt\" width=\"296\"><span class=\"font4\">janaina.soares@servidor.uepb.edu.br<\/span><\/td>\n<td class=\"et6\" style=\"width: 127,00pt\" width=\"169\"><span class=\"font4\">Profa. Subst. Dr. T40<\/span><\/td>\n<\/tr>\n<tr style=\"height: 16,50pt\">\n<td class=\"et5\" style=\"height: 16,50pt;width: 208,00pt\" width=\"277\" height=\"22\"><span class=\"font4\">J\u00e9ssica Karina da Silva Pach\u00fa<\/span><\/td>\n<td class=\"et5\" style=\"width: 222,00pt\" width=\"296\"><span class=\"font4\">jessicapachu@servidor.uepb.edu.br<\/span><\/td>\n<td class=\"et6\" style=\"width: 127,00pt\" width=\"169\"><span class=\"font4\">Profa. Subst. Dr. T40<\/span><\/td>\n<\/tr>\n<tr style=\"height: 16,50pt\">\n<td class=\"et5\" style=\"height: 16,50pt;width: 208,00pt\" width=\"277\" height=\"22\"><span class=\"font4\">Jorge Flavio Case Braga da Costa Silva<\/span><\/td>\n<td class=\"et5\" style=\"width: 222,00pt\" width=\"296\"><span class=\"font4\">jorge.case@servidor.uepb.edu.br<\/span><\/td>\n<td class=\"et6\" style=\"width: 127,00pt\" width=\"169\"><span class=\"font4\">Prof. Subst. Dr. T20<\/span><\/td>\n<\/tr>\n<tr style=\"height: 16,50pt\">\n<td class=\"et5\" style=\"height: 16,50pt;width: 208,00pt\" width=\"277\" height=\"22\"><span class=\"font4\">Jos\u00e9 F\u00e9lix de Brito Neto<\/span><\/td>\n<td class=\"et5\" style=\"width: 222,00pt\" width=\"296\"><span class=\"font4\">felix.brito@servidor.uepb.edu.br<\/span><\/td>\n<td class=\"et6\" style=\"width: 127,00pt\" width=\"169\"><span class=\"font4\">Prof. Dr. T40<\/span><\/td>\n<\/tr>\n<tr style=\"height: 16,50pt\">\n<td class=\"et5\" style=\"height: 16,50pt;width: 208,00pt\" width=\"277\" height=\"22\"><span class=\"font4\">Leandro Oliveira de Andrade<\/span><\/td>\n<td class=\"et5\" style=\"width: 222,00pt\" width=\"296\"><span class=\"font4\">leandro@servidor.uepb.edu.br<\/span><\/td>\n<td class=\"et6\" style=\"width: 127,00pt\" width=\"169\"><span class=\"font4\">Prof. Dr. T40<\/span><\/td>\n<\/tr>\n<tr style=\"height: 16,50pt\">\n<td class=\"et5\" style=\"height: 16,50pt;width: 208,00pt\" width=\"277\" height=\"22\"><span class=\"font4\">Luana de F\u00e1tima Damasceno dos Santos<\/span><\/td>\n<td class=\"et5\" style=\"width: 222,00pt\" width=\"296\"><span class=\"font4\">luana.santos@servidor.uepb.edu.br<\/span><\/td>\n<td class=\"et6\" style=\"width: 127,00pt\" width=\"169\"><span class=\"font4\">Profa. Subst. Dr. T40<\/span><\/td>\n<\/tr>\n<tr style=\"height: 16,50pt\">\n<td class=\"et5\" style=\"height: 16,50pt;width: 208,00pt\" width=\"277\" height=\"22\"><span class=\"font4\">Magna Celi Tavares Bispo<\/span><\/td>\n<td class=\"et5\" style=\"width: 222,00pt\" width=\"296\"><span class=\"font4\">tavares.bispo@servidor.uepb.edu.br<\/span><\/td>\n<td class=\"et6\" style=\"width: 127,00pt\" width=\"169\"><span class=\"font4\">Profa. Subst. Dr. T20<\/span><\/td>\n<\/tr>\n<tr style=\"height: 16,50pt\">\n<td class=\"et5\" style=\"height: 16,50pt;width: 208,00pt\" width=\"277\" height=\"22\"><span class=\"font4\">M\u00e1rcia Rejane Queiroz Almeida Azevedo<\/span><\/td>\n<td class=\"et5\" style=\"width: 222,00pt\" width=\"296\"><span class=\"font4\">mazevedo@servidor.uepb.edu.br<\/span><\/td>\n<td class=\"et6\" style=\"width: 127,00pt\" width=\"169\"><span class=\"font4\">Profa. Dra. T40<\/span><\/td>\n<\/tr>\n<tr style=\"height: 16,50pt\">\n<td class=\"et5\" style=\"height: 16,50pt;width: 208,00pt\" width=\"277\" height=\"22\"><span class=\"font4\">Marcia Paloma da Silva Leal<\/span><\/td>\n<td class=\"et5\" style=\"width: 222,00pt\" width=\"296\"><span class=\"font4\">marcia.paloma@servidor.uepb.edu.br<\/span><\/td>\n<td class=\"et6\" style=\"width: 127,00pt\" width=\"169\"><span class=\"font4\">Profa. Subst. Dr. T40<\/span><\/td>\n<\/tr>\n<tr style=\"height: 16,50pt\">\n<td class=\"et5\" style=\"height: 16,50pt;width: 208,00pt\" width=\"277\" height=\"22\"><span class=\"font4\">Maria do Socorro Bezerra Duarte<\/span><\/td>\n<td class=\"et5\" style=\"width: 222,00pt\" width=\"296\"><span class=\"font4\">socorroduarte@servidor.uepb.edu.br<\/span><\/td>\n<td class=\"et6\" style=\"width: 127,00pt\" width=\"169\"><span class=\"font4\">Profa. M. Sc. T40<\/span><\/td>\n<\/tr>\n<tr style=\"height: 16,50pt\">\n<td class=\"et5\" style=\"height: 16,50pt;width: 208,00pt\" width=\"277\" height=\"22\"><span class=\"font4\">Maria Vit\u00f3ria Dias Carneiro<\/span><\/td>\n<td class=\"et5\" style=\"width: 222,00pt\" width=\"296\"><span class=\"font4\">vtrmdias@servidor.uepb.edu.br<\/span><\/td>\n<td class=\"et6\" style=\"width: 127,00pt\" width=\"169\"><span class=\"font4\">Profa. Dra. T40<\/span><\/td>\n<\/tr>\n<tr style=\"height: 16,50pt\">\n<td class=\"et5\" style=\"height: 16,50pt;width: 208,00pt\" width=\"277\" height=\"22\"><span class=\"font4\">Mario Sergio de Araujo<\/span><\/td>\n<td class=\"et5\" style=\"width: 222,00pt\" width=\"296\"><span class=\"font4\">mariosergiodearaujo@servidor.uepb.edu.br<\/span><\/td>\n<td class=\"et6\" style=\"width: 127,00pt\" width=\"169\"><span class=\"font4\">Prof. Dr. T40<\/span><\/td>\n<\/tr>\n<tr style=\"height: 16,50pt\">\n<td class=\"et5\" style=\"height: 16,50pt;width: 208,00pt\" width=\"277\" height=\"22\"><span class=\"font4\">Ma\u00edza Ara\u00fajo Cord\u00e3o<\/span><\/td>\n<td class=\"et5\" style=\"width: 222,00pt\" width=\"296\"><span class=\"font4\">maiza.cordao@servidor.uepb.edu.br<\/span><\/td>\n<td class=\"et6\" style=\"width: 127,00pt\" width=\"169\"><span class=\"font4\">Profa. Dra. T40<\/span><\/td>\n<\/tr>\n<tr style=\"height: 16,50pt\">\n<td class=\"et5\" style=\"height: 16,50pt;width: 208,00pt\" width=\"277\" height=\"22\"><span class=\"font4\">Messias Firmino Queiroz<\/span><\/td>\n<td class=\"et5\" style=\"width: 222,00pt\" width=\"296\"><span class=\"font4\">messiasfq@servidor.uepb.edu.br<\/span><\/td>\n<td class=\"et6\" style=\"width: 127,00pt\" width=\"169\"><span class=\"font4\">Prof. Dr. T40<\/span><\/td>\n<\/tr>\n<tr style=\"height: 16,50pt\">\n<td class=\"et5\" style=\"height: 16,50pt;width: 208,00pt\" width=\"277\" height=\"22\"><span class=\"font4\">Patr\u00edcia M. de Ara\u00fajo Gomes<\/span><\/td>\n<td class=\"et5\" style=\"width: 222,00pt\" width=\"296\"><span class=\"font4\">patriciagomes@servidor.uepbedu.br<\/span><\/td>\n<td class=\"et6\" style=\"width: 127,00pt\" width=\"169\"><span class=\"font4\">Profa. Dra. T40<\/span><\/td>\n<\/tr>\n<tr style=\"height: 16,50pt\">\n<td class=\"et5\" style=\"height: 16,50pt;width: 208,00pt\" width=\"277\" height=\"22\"><span class=\"font4\">Rener Luciano de Souza Ferraz<\/span><\/td>\n<td class=\"et5\" style=\"width: 222,00pt\" width=\"296\"><span class=\"font4\">rener.ferraz@servidor.uepb.edu.br<\/span><\/td>\n<td class=\"et6\" style=\"width: 127,00pt\" width=\"169\"><span class=\"font4\">Prof. Dr. T40<\/span><\/td>\n<\/tr>\n<tr style=\"height: 16,50pt\">\n<td class=\"et5\" style=\"height: 16,50pt;width: 208,00pt\" width=\"277\" height=\"22\"><span class=\"font4\">Shirley Santos Monteiro<\/span><\/td>\n<td class=\"et5\" style=\"width: 222,00pt\" width=\"296\"><span class=\"font4\">monteiro.shirley@servidor.uepb.edu.br<\/span><\/td>\n<td class=\"et6\" style=\"width: 127,00pt\" width=\"169\"><span class=\"font4\">Profa. Subst. Dr. T40<\/span><\/td>\n<\/tr>\n<tr style=\"height: 16,50pt\">\n<td class=\"et5\" style=\"height: 16,50pt;width: 208,00pt\" width=\"277\" height=\"22\"><span class=\"font4\">Shirleyde Alves dos Santos<\/span><\/td>\n<td class=\"et5\" style=\"width: 222,00pt\" width=\"296\"><span class=\"font4\">shirleyde.santos@servidor.uepb.edu.br<\/span><\/td>\n<td class=\"et6\" style=\"width: 127,00pt\" width=\"169\"><span class=\"font4\">Profa. M. Sc. T40<\/span><\/td>\n<\/tr>\n<tr style=\"height: 16,50pt\">\n<td class=\"et5\" style=\"height: 16,50pt;width: 208,00pt\" width=\"277\" height=\"22\"><span class=\"font4\">Suenildo J\u00f3semo Oliveira<\/span><\/td>\n<td class=\"et5\" style=\"width: 222,00pt\" width=\"296\"><span class=\"font4\">suenildo@servidor.uepb.edu.br<\/span><\/td>\n<td class=\"et6\" style=\"width: 127,00pt\" width=\"169\"><span class=\"font4\">Prof. Dr. T40<\/span><\/td>\n<\/tr>\n<tr style=\"height: 16,50pt\">\n<td class=\"et5\" style=\"height: 16,50pt;width: 208,00pt\" width=\"277\" height=\"22\"><span class=\"font4\">Thamirys Lorrane Santos Lima<\/span><\/td>\n<td class=\"et5\" style=\"width: 222,00pt\" width=\"296\"><span class=\"font4\">thamiryslorranne@servidor.uepb.edu.br<\/span><\/td>\n<td class=\"et6\" style=\"width: 127,00pt\" width=\"169\"><span class=\"font4\">Profa. Subst. M. Sc. T40<\/span><\/td>\n<\/tr>\n<\/tbody>\n<\/table>\n<p>[\/vc_column_text][\/vc_column][\/vc_row]<\/p>\n<\/div>","protected":false},"excerpt":{"rendered":"<p>[vc_row][vc_column][vc_column_text css=&#8221;&#8221;] NOME E-MAIL INSTITUCIONAL FUN\u00c7\u00c3O Alde Cleber Lima Silva alde.cleber@servidor.uepb.edu.br Prof. M. Sc. T40 Alexandre Costa Le\u00e3o acostaleao@servidor.uepb.edu.br Prof. M. Sc. T40 Camila Firmino de Azevedo cfdeazevedo@servidor.uepb.edu.br Profa. Dra. T40 Cl\u00e1udio Silva Soares claudio@servidor.uepb.edu.br Prof. Dr. T40 Dalmo Marcello de Brito Primo dalmobrito@servidor.uepb.edu.br Prof. Subst. Dr. T40 Deise Souza de Castro deise.castro@servidor.uepb.edu.br Profa. Dra. <a class=\"leiamais\" href=\"https:\/\/centros.uepb.edu.br\/ccaa\/corpo-docente\/\">Leia Mais&#8230;<\/a><\/p>\n","protected":false},"author":18,"featured_media":0,"parent":0,"menu_order":0,"comment_status":"open","ping_status":"open","template":"","meta":{"jetpack_post_was_ever_published":false,"footnotes":""},"class_list":["post-31","page","type-page","status-publish","hentry"],"jetpack_sharing_enabled":true,"jetpack_shortlink":"https:\/\/wp.me\/P7WTGC-v","_links":{"self":[{"href":"https:\/\/centros.uepb.edu.br\/ccaa\/wp-json\/wp\/v2\/pages\/31","targetHints":{"allow":["GET"]}}],"collection":[{"href":"https:\/\/centros.uepb.edu.br\/ccaa\/wp-json\/wp\/v2\/pages"}],"about":[{"href":"https:\/\/centros.uepb.edu.br\/ccaa\/wp-json\/wp\/v2\/types\/page"}],"author":[{"embeddable":true,"href":"https:\/\/centros.uepb.edu.br\/ccaa\/wp-json\/wp\/v2\/users\/18"}],"replies":[{"embeddable":true,"href":"https:\/\/centros.uepb.edu.br\/ccaa\/wp-json\/wp\/v2\/comments?post=31"}],"version-history":[{"count":1,"href":"https:\/\/centros.uepb.edu.br\/ccaa\/wp-json\/wp\/v2\/pages\/31\/revisions"}],"predecessor-version":[{"id":1258,"href":"https:\/\/centros.uepb.edu.br\/ccaa\/wp-json\/wp\/v2\/pages\/31\/revisions\/1258"}],"wp:attachment":[{"href":"https:\/\/centros.uepb.edu.br\/ccaa\/wp-json\/wp\/v2\/media?parent=31"}],"curies":[{"name":"wp","href":"https:\/\/api.w.org\/{rel}","templated":true}]}}