{"id":28,"date":"2014-08-21T10:37:09","date_gmt":"2014-08-21T13:37:09","guid":{"rendered":"https:\/\/centros.uepb.edu.br\/ccaa\/?page_id=28"},"modified":"2026-03-20T10:12:26","modified_gmt":"2026-03-20T13:12:26","slug":"departamento-de-agroecologia-e-agropecuaria-daa","status":"publish","type":"page","link":"https:\/\/centros.uepb.edu.br\/ccaa\/departamento-de-agroecologia-e-agropecuaria-daa\/","title":{"rendered":"Departamento de Ci\u00eancias Agr\u00e1rias e Ambientais \u2013 DCAA"},"content":{"rendered":"<div class=\"wpb-content-wrapper\"><p>[vc_row][vc_column][vc_column_text css=&#8221;&#8221;]<\/p>\n<p align=\"justify\"><span style=\"font-family: Liberation Serif, serif\"><b><strong><span style=\"font-size: large\">Curso Bacharelado em Agronomia<\/span><\/strong> <\/b><\/span><\/p>\n<p align=\"justify\"><span style=\"font-family: Liberation Serif, serif\"><span style=\"font-size: medium\"><b>Objetivo: <\/b>o Bacharelado em Agronomia com \u00eanfase em Agroecologia, visa formar profissionais para atuarem em atividades de pesquisa, extens\u00e3o rural inova\u00e7\u00e3o tecnol\u00f3gica, empreendedorismo, responsabilidades t\u00e9cnicas de pequenas e grandes empresas ou ensino t\u00e9cnico e superior.<\/span><\/span><\/p>\n<p align=\"justify\"><span style=\"font-family: Liberation Serif, serif\"><span style=\"font-size: medium\"><b>\u00c1reas de atua\u00e7\u00e3o: <\/b>Manejo e explora\u00e7\u00e3o de culturas vegetais, produ\u00e7\u00e3o de sementes e mudas; doen\u00e7as e pragas das plantas cultivadas; paisagismo; silvicultura; controle integrado de doen\u00e7as de plantas, plantas daninhas e pragas; classifica\u00e7\u00e3o e levantamento de solos; manejo e conserva\u00e7\u00e3o do solo, mecaniza\u00e7\u00e3o e implementos agr\u00edcolas; irriga\u00e7\u00e3o e drenagem e produ\u00e7\u00e3o animal (manejo e reprodu\u00e7\u00e3o).<\/span><\/span><\/p>\n<p align=\"justify\"><span style=\"font-family: Liberation Serif, serif\"><strong><span style=\"font-size: large\">Curso T\u00e9cnico em Agropecu\u00e1ria<\/span><\/strong><\/span><\/p>\n<p align=\"justify\"><span style=\"color: #000000\"><span style=\"font-family: Liberation Serif, serif\"><span style=\"font-size: medium\"><b>Objetivo: <\/b>Formar profissionais capacitados para atuar em todas as etapas da produ\u00e7\u00e3o agropecu\u00e1ria de forma sustent\u00e1vel e eficiente, incluindo o planejamento, execu\u00e7\u00e3o, controle e a aplica\u00e7\u00e3o de tecnologias no campo, tanto na agricultura quanto na pecu\u00e1ria.<\/span><\/span><\/span><\/p>\n<p align=\"justify\"><span style=\"color: #000000\"><span style=\"font-family: Liberation Serif, serif\"><span style=\"font-size: medium\"><b>\u00c1reas de atua\u00e7\u00e3o: <\/b>Planejamento e a execu\u00e7\u00e3o de atividades agr\u00edcolas, aplica\u00e7\u00e3o de t\u00e9cnicas de irriga\u00e7\u00e3o, controle de pragas e doen\u00e7as, e manejo sustent\u00e1vel dos recursos naturais, operar e manter m\u00e1quinas e equipamentos agr\u00edcolas, manejo e cuidado de rebanhos (bovinocultura, ovinocaprinocultura, suinocultura, avicultura, equinocultura, Aquicultura, cunicultura), alimenta\u00e7\u00e3o animal e manejo de pastagens.<\/span><\/span><\/span><\/p>\n<p align=\"justify\"><span style=\"font-family: Liberation Serif, serif\"><strong><span style=\"color: #000000\"><span style=\"font-size: large\">Curso T\u00e9cnico em <\/span><\/span><\/strong><strong><span style=\"color: #000000\"><span style=\"font-size: large\">Agroind\u00fastria<\/span><\/span><\/strong><\/span><\/p>\n<p align=\"justify\"><span style=\"font-family: Liberation Serif, serif\"><strong><span style=\"color: #000000\"><span style=\"font-size: medium\"><b>Objetivo: <\/b><\/span><\/span><\/strong><span style=\"color: #000000\"><span style=\"font-size: medium\">Capacitar profissionais para <\/span><\/span><span style=\"color: #000000\"><span style=\"font-size: medium\">processar mat\u00e9rias-primas agropecu\u00e1rias em produtos aliment\u00edcios. O curso abrange o processamento de produtos de origem animal (leite, carne) e vegetal (frutas, gr\u00e3os), controle de qualidade, gest\u00e3o e legisla\u00e7\u00e3o, e atua na sustentabilidade e na redu\u00e7\u00e3o do impacto ambiental. <\/span><\/span><\/span><\/p>\n<p align=\"justify\"><span style=\"font-family: Liberation Serif, serif\"><span style=\"font-size: medium\"><span style=\"color: #000000\"><b>\u00c1reas de atua\u00e7\u00e3o: <\/b><\/span><span style=\"color: #000000\">Agroind\u00fastrias, laborat\u00f3rios de controle de qualidade de alimentos; operacionaliza\u00e7\u00e3o e processamento de alimentos de origem animal e vegetal; controle de qualidade do processamento agroindustrial; aux\u00edlio a pesquisa e desenvolvimento de embalagens e novos produtos; planejamento, projeto, gest\u00e3o e administra\u00e7\u00e3o de atividades agroindustriais.<\/span><\/span><\/span><\/p>\n<p>[\/vc_column_text][\/vc_column][\/vc_row]<\/p>\n<\/div>","protected":false},"excerpt":{"rendered":"<p>[vc_row][vc_column][vc_column_text css=&#8221;&#8221;] Curso Bacharelado em Agronomia Objetivo: o Bacharelado em Agronomia com \u00eanfase em Agroecologia, visa formar profissionais para atuarem em atividades de pesquisa, extens\u00e3o rural inova\u00e7\u00e3o tecnol\u00f3gica, empreendedorismo, responsabilidades t\u00e9cnicas de pequenas e grandes empresas ou ensino t\u00e9cnico e superior. \u00c1reas de atua\u00e7\u00e3o: Manejo e explora\u00e7\u00e3o de culturas vegetais, produ\u00e7\u00e3o de sementes e mudas; <a class=\"leiamais\" href=\"https:\/\/centros.uepb.edu.br\/ccaa\/departamento-de-agroecologia-e-agropecuaria-daa\/\">Leia Mais&#8230;<\/a><\/p>\n","protected":false},"author":18,"featured_media":0,"parent":0,"menu_order":0,"comment_status":"open","ping_status":"open","template":"","meta":{"jetpack_post_was_ever_published":false,"footnotes":""},"class_list":["post-28","page","type-page","status-publish","hentry"],"jetpack_sharing_enabled":true,"jetpack_shortlink":"https:\/\/wp.me\/P7WTGC-s","_links":{"self":[{"href":"https:\/\/centros.uepb.edu.br\/ccaa\/wp-json\/wp\/v2\/pages\/28","targetHints":{"allow":["GET"]}}],"collection":[{"href":"https:\/\/centros.uepb.edu.br\/ccaa\/wp-json\/wp\/v2\/pages"}],"about":[{"href":"https:\/\/centros.uepb.edu.br\/ccaa\/wp-json\/wp\/v2\/types\/page"}],"author":[{"embeddable":true,"href":"https:\/\/centros.uepb.edu.br\/ccaa\/wp-json\/wp\/v2\/users\/18"}],"replies":[{"embeddable":true,"href":"https:\/\/centros.uepb.edu.br\/ccaa\/wp-json\/wp\/v2\/comments?post=28"}],"version-history":[{"count":3,"href":"https:\/\/centros.uepb.edu.br\/ccaa\/wp-json\/wp\/v2\/pages\/28\/revisions"}],"predecessor-version":[{"id":1259,"href":"https:\/\/centros.uepb.edu.br\/ccaa\/wp-json\/wp\/v2\/pages\/28\/revisions\/1259"}],"wp:attachment":[{"href":"https:\/\/centros.uepb.edu.br\/ccaa\/wp-json\/wp\/v2\/media?parent=28"}],"curies":[{"name":"wp","href":"https:\/\/api.w.org\/{rel}","templated":true}]}}